{"id":1691,"date":"2021-09-21T09:53:13","date_gmt":"2021-09-21T07:53:13","guid":{"rendered":"https:\/\/svarunica.com\/?page_id=1691"},"modified":"2023-10-09T11:36:40","modified_gmt":"2023-10-09T09:36:40","slug":"skupnost","status":"publish","type":"page","link":"https:\/\/svarunica.com\/sl\/skupnost\/","title":{"rendered":"Skupnost"},"content":{"rendered":"<pre id=\"tw-target-text\" class=\"wp-block-preformatted\">\n\u017divljenje v sklopu starih obi\u010dajev, tradicij, pogledov na svet, vse prilagojeno za dandana\u0161nji \u010das, je tisto, kar nas pribli\u017euje prvinski vezi z materjo naravo in notranjim jazom.\r\nZgolj informacije ne zado\u0161\u010dajo. \u017diveti z dolo\u010denimi vrednotami v vsakdanjem \u017eivljenju je tudi usmerjanje na\u0161ih otrok na pot ustrezne osebne rasti.\r\nZato za nas \"staroverje\" ni zgolj informacija o znanstvenih dognanjih, kot so zgodovina, arheologija, etnologija, marve\u010d smo mnenja, da je znanost zgolj podlaga, na kateri osnujemo vsakdanje \u017eivljenje, ki mu vdihnemo ustreznega duha ter nadaljujemo po poti tistih, ki so hodili pred nami.\r\n\r\nSkupnost za blagovno znamko izdelkov SVARUNICA je \"VELES\", ki organizira dogodke po vsej Sloveniji in zdru\u017euje ljudi, ki \u0161tirikrat na leto praznujejo staroslovenske tradicionalne praznike, seveda pa v iskanju odgovorov vedno pokukamo tudi izven svojih meja na skupne korenine Evrope.\r\n\r\nSpremljajte nas tudi na FB, na straneh veles in Svarunica.\r\n\r\nVe\u010d o na\u0161em delovanju - kronolo\u0161ko, pa je na voljo na <a href=\"https:\/\/svarunica.com\/sl\/o-nas\/\">TEJ POVEZAVI<\/a>.\r\n\r\nSe sre\u010damo!\n<\/pre>","protected":false},"excerpt":{"rendered":"<p>\u017divljenje v sklopu starih obi\u010dajev, tradicij, pogledov na svet, vse prilagojeno za dandana\u0161nji \u010das, je tisto, kar nas pribli\u017euje prvinski vezi z materjo naravo in notranjim jazom. Zgolj informacije ne zado\u0161\u010dajo. \u017diveti z dolo\u010denimi vrednotami v vsakdanjem \u017eivljenju je tudi usmerjanje na\u0161ih otrok na pot ustrezne osebne rasti. Zato za nas &#8220;staroverje&#8221; ni zgolj informacija [&hellip;]<\/p>\n","protected":false},"author":1,"featured_media":0,"parent":0,"menu_order":0,"comment_status":"closed","ping_status":"closed","template":"","meta":{"footnotes":""},"class_list":["post-1691","page","type-page","status-publish","hentry"],"yoast_head":"<!-- This site is optimized with the Yoast SEO plugin v23.9 - https:\/\/yoast.com\/wordpress\/plugins\/seo\/ -->\n<title>Skupnost - Svarunica<\/title>\n<meta name=\"robots\" content=\"index, follow, max-snippet:-1, max-image-preview:large, max-video-preview:-1\" \/>\n<link rel=\"canonical\" href=\"https:\/\/svarunica.com\/sl\/skupnost\/\" \/>\n<meta property=\"og:locale\" content=\"sl_SI\" \/>\n<meta property=\"og:type\" content=\"article\" \/>\n<meta property=\"og:title\" content=\"Skupnost - Svarunica\" \/>\n<meta property=\"og:description\" content=\"\u017divljenje v sklopu starih obi\u010dajev, tradicij, pogledov na svet, vse prilagojeno za dandana\u0161nji \u010das, je tisto, kar nas pribli\u017euje prvinski vezi z materjo naravo in notranjim jazom. Zgolj informacije ne zado\u0161\u010dajo. \u017diveti z dolo\u010denimi vrednotami v vsakdanjem \u017eivljenju je tudi usmerjanje na\u0161ih otrok na pot ustrezne osebne rasti. Zato za nas &quot;staroverje&quot; ni zgolj informacija [&hellip;]\" \/>\n<meta property=\"og:url\" content=\"https:\/\/svarunica.com\/sl\/skupnost\/\" \/>\n<meta property=\"og:site_name\" content=\"Svarunica\" \/>\n<meta property=\"article:modified_time\" content=\"2023-10-09T09:36:40+00:00\" \/>\n<meta name=\"twitter:card\" content=\"summary_large_image\" \/>\n<meta name=\"twitter:label1\" content=\"Est. reading time\" \/>\n\t<meta name=\"twitter:data1\" content=\"1 minuta\" \/>\n<script type=\"application\/ld+json\" class=\"yoast-schema-graph\">{\"@context\":\"https:\/\/schema.org\",\"@graph\":[{\"@type\":\"WebPage\",\"@id\":\"https:\/\/svarunica.com\/sl\/skupnost\/\",\"url\":\"https:\/\/svarunica.com\/sl\/skupnost\/\",\"name\":\"Skupnost - Svarunica\",\"isPartOf\":{\"@id\":\"https:\/\/svarunica.com\/#website\"},\"datePublished\":\"2021-09-21T07:53:13+00:00\",\"dateModified\":\"2023-10-09T09:36:40+00:00\",\"breadcrumb\":{\"@id\":\"https:\/\/svarunica.com\/sl\/skupnost\/#breadcrumb\"},\"inLanguage\":\"sl-SI\",\"potentialAction\":[{\"@type\":\"ReadAction\",\"target\":[\"https:\/\/svarunica.com\/sl\/skupnost\/\"]}]},{\"@type\":\"BreadcrumbList\",\"@id\":\"https:\/\/svarunica.com\/sl\/skupnost\/#breadcrumb\",\"itemListElement\":[{\"@type\":\"ListItem\",\"position\":1,\"name\":\"Home\",\"item\":\"https:\/\/svarunica.com\/sl\/\"},{\"@type\":\"ListItem\",\"position\":2,\"name\":\"Skupnost\"}]},{\"@type\":\"WebSite\",\"@id\":\"https:\/\/svarunica.com\/#website\",\"url\":\"https:\/\/svarunica.com\/\",\"name\":\"Svarunica\",\"description\":\"\",\"publisher\":{\"@id\":\"https:\/\/svarunica.com\/#organization\"},\"potentialAction\":[{\"@type\":\"SearchAction\",\"target\":{\"@type\":\"EntryPoint\",\"urlTemplate\":\"https:\/\/svarunica.com\/?s={search_term_string}\"},\"query-input\":{\"@type\":\"PropertyValueSpecification\",\"valueRequired\":true,\"valueName\":\"search_term_string\"}}],\"inLanguage\":\"sl-SI\"},{\"@type\":\"Organization\",\"@id\":\"https:\/\/svarunica.com\/#organization\",\"name\":\"Svarunica\",\"url\":\"https:\/\/svarunica.com\/\",\"logo\":{\"@type\":\"ImageObject\",\"inLanguage\":\"sl-SI\",\"@id\":\"https:\/\/svarunica.com\/#\/schema\/logo\/image\/\",\"url\":\"https:\/\/svarunica.com\/wp-content\/uploads\/2021\/07\/cropped-cropped-svarunica-text-2.png\",\"contentUrl\":\"https:\/\/svarunica.com\/wp-content\/uploads\/2021\/07\/cropped-cropped-svarunica-text-2.png\",\"width\":676,\"height\":179,\"caption\":\"Svarunica\"},\"image\":{\"@id\":\"https:\/\/svarunica.com\/#\/schema\/logo\/image\/\"}}]}<\/script>\n<!-- \/ Yoast SEO plugin. -->","yoast_head_json":{"title":"Skupnost - Svarunica","robots":{"index":"index","follow":"follow","max-snippet":"max-snippet:-1","max-image-preview":"max-image-preview:large","max-video-preview":"max-video-preview:-1"},"canonical":"https:\/\/svarunica.com\/sl\/skupnost\/","og_locale":"sl_SI","og_type":"article","og_title":"Skupnost - Svarunica","og_description":"\u017divljenje v sklopu starih obi\u010dajev, tradicij, pogledov na svet, vse prilagojeno za dandana\u0161nji \u010das, je tisto, kar nas pribli\u017euje prvinski vezi z materjo naravo in notranjim jazom. Zgolj informacije ne zado\u0161\u010dajo. \u017diveti z dolo\u010denimi vrednotami v vsakdanjem \u017eivljenju je tudi usmerjanje na\u0161ih otrok na pot ustrezne osebne rasti. Zato za nas \"staroverje\" ni zgolj informacija [&hellip;]","og_url":"https:\/\/svarunica.com\/sl\/skupnost\/","og_site_name":"Svarunica","article_modified_time":"2023-10-09T09:36:40+00:00","twitter_card":"summary_large_image","twitter_misc":{"Est. reading time":"1 minuta"},"schema":{"@context":"https:\/\/schema.org","@graph":[{"@type":"WebPage","@id":"https:\/\/svarunica.com\/sl\/skupnost\/","url":"https:\/\/svarunica.com\/sl\/skupnost\/","name":"Skupnost - Svarunica","isPartOf":{"@id":"https:\/\/svarunica.com\/#website"},"datePublished":"2021-09-21T07:53:13+00:00","dateModified":"2023-10-09T09:36:40+00:00","breadcrumb":{"@id":"https:\/\/svarunica.com\/sl\/skupnost\/#breadcrumb"},"inLanguage":"sl-SI","potentialAction":[{"@type":"ReadAction","target":["https:\/\/svarunica.com\/sl\/skupnost\/"]}]},{"@type":"BreadcrumbList","@id":"https:\/\/svarunica.com\/sl\/skupnost\/#breadcrumb","itemListElement":[{"@type":"ListItem","position":1,"name":"Home","item":"https:\/\/svarunica.com\/sl\/"},{"@type":"ListItem","position":2,"name":"Skupnost"}]},{"@type":"WebSite","@id":"https:\/\/svarunica.com\/#website","url":"https:\/\/svarunica.com\/","name":"Svarunica","description":"","publisher":{"@id":"https:\/\/svarunica.com\/#organization"},"potentialAction":[{"@type":"SearchAction","target":{"@type":"EntryPoint","urlTemplate":"https:\/\/svarunica.com\/?s={search_term_string}"},"query-input":{"@type":"PropertyValueSpecification","valueRequired":true,"valueName":"search_term_string"}}],"inLanguage":"sl-SI"},{"@type":"Organization","@id":"https:\/\/svarunica.com\/#organization","name":"Svarunica","url":"https:\/\/svarunica.com\/","logo":{"@type":"ImageObject","inLanguage":"sl-SI","@id":"https:\/\/svarunica.com\/#\/schema\/logo\/image\/","url":"https:\/\/svarunica.com\/wp-content\/uploads\/2021\/07\/cropped-cropped-svarunica-text-2.png","contentUrl":"https:\/\/svarunica.com\/wp-content\/uploads\/2021\/07\/cropped-cropped-svarunica-text-2.png","width":676,"height":179,"caption":"Svarunica"},"image":{"@id":"https:\/\/svarunica.com\/#\/schema\/logo\/image\/"}}]}},"_links":{"self":[{"href":"https:\/\/svarunica.com\/sl\/wp-json\/wp\/v2\/pages\/1691","targetHints":{"allow":["GET"]}}],"collection":[{"href":"https:\/\/svarunica.com\/sl\/wp-json\/wp\/v2\/pages"}],"about":[{"href":"https:\/\/svarunica.com\/sl\/wp-json\/wp\/v2\/types\/page"}],"author":[{"embeddable":true,"href":"https:\/\/svarunica.com\/sl\/wp-json\/wp\/v2\/users\/1"}],"replies":[{"embeddable":true,"href":"https:\/\/svarunica.com\/sl\/wp-json\/wp\/v2\/comments?post=1691"}],"version-history":[{"count":3,"href":"https:\/\/svarunica.com\/sl\/wp-json\/wp\/v2\/pages\/1691\/revisions"}],"predecessor-version":[{"id":9430,"href":"https:\/\/svarunica.com\/sl\/wp-json\/wp\/v2\/pages\/1691\/revisions\/9430"}],"wp:attachment":[{"href":"https:\/\/svarunica.com\/sl\/wp-json\/wp\/v2\/media?parent=1691"}],"curies":[{"name":"wp","href":"https:\/\/api.w.org\/{rel}","templated":true}]}}