{"id":1706,"date":"2021-09-21T11:50:12","date_gmt":"2021-09-21T09:50:12","guid":{"rendered":"https:\/\/svarunica.com\/?page_id=1706"},"modified":"2026-01-29T10:22:28","modified_gmt":"2026-01-29T09:22:28","slug":"dostava-in-stroski-dostave","status":"publish","type":"page","link":"https:\/\/svarunica.com\/sl\/dostava-in-stroski-dostave\/","title":{"rendered":"Dostava, stro\u0161ki dostave in prevzemi"},"content":{"rendered":"<p><strong>Obra\u010dun stro\u0161kov v spletni trgovini<\/strong><br>Dostava naro\u010denega blaga v na\u0161i trgovini je vklju\u010dena posebej na na\u0161em izdanem ra\u010dunu.<br>V spletni trgovini so navedene cene za sam izdelek, stro\u0161ki po\u0161iljanja se izra\u010dunajo lo\u010deno. Kon\u010dni znesek naro\u010dila je tako viden v predzadnjem koraku oddaje naro\u010dila.<br><br><strong>Te\u017ea izdelka in obra\u010dun<\/strong><br>Gramatura izdelka skupaj z ovojnino je vidna ob vsakem posami\u010dnem izdelku v na\u0161i trgovini, tako, da ste o te\u017ei nakupa informirani \u0161e pred oddanim naro\u010dilom.<br>Sistem spletne trgovine obra\u010dunava po\u0161tni stro\u0161ek avtomatsko glede na te\u017eo izdelkov skupaj z ovojnino.<br>Manj\u0161i paket kot je npr. nakit je po ve\u010dini te\u017ee do 100g, letni, stenski koledar tehta 450 g.<br>Popusti, kuponi, ugodnosti veljajo za nakup izdelkov v va\u0161i ko\u0161arici in ne za celoten nakup s po\u0161tnino.<\/p><p><strong>Na\u010din po\u0161iljanja<\/strong><br>A) blagovno pismo s sledenjem (stro\u0161ek po\u0161iljanja obra\u010dunan ob oddanem naro\u010dilu s pla\u010dilom po predra\u010dunu ali paypalu)<br>B) blagovno pismo s sledenjem s storitvijo<br>To\u010dka B pomeni, da pla\u010date za nakup ob prevzemu (po povzetju)  po\u0161tarju z gotovino. Stro\u0161ek po\u0161iljanja z na\u0161e strani je viden v tabeli, po\u0161tar pa vam za svojo storitev nato obra\u010duna \u0161e dodatni stro\u0161ek.<br><br><strong>Obdelava naro\u010dil in \u010das do po\u0161iljanja<\/strong><br>Naro\u010dila, prejeta med delavniki do 16. ure bodo obdelana v 24 urah, dostava pa je odvisna od zaloge ali razpolo\u017eljivosti. Nekatere izdelke imamo na zalogi, majice z na\u0161imi avtorskimi grafikami pa izdelujemo po sistemu \u00bbprint on demand\u00ab, sicer v Sloveniji, kar lahko vseeno traja ve\u010d delovnih dni. Vsak kupec je obve\u0161\u010den o predvidenem roku proizvodnje, obve\u0161\u010den je tudi, ko gre po\u0161iljka na po\u0161to.<br>Obi\u010dajno so naro\u010dila odposlana naslednji delovni dan po prejetju naro\u010dila oz. pla\u010dila v primeru, da je izdelek na zalogi.<br>Pridru\u017eujemo si pravico do podalj\u0161anja roka za oddajo, o \u010demer pa bo naro\u010dnik obve\u0161\u010den.<\/p><p><strong>Na\u010din dostave<\/strong><br>Na\u0161e po\u0161iljke dostavlja <strong>Po\u0161ta Slovenije d.o.o.<\/strong><br>V stro\u0161ek po\u0161iljanja sta vklju\u010deni po\u0161tnina in ovojnina.<br><strong>\u010ce menite, da kurir potrebuje dodatne podatke za dostavo po\u0161iljke, za informacije o dostavi uporabite polje \u00bbOpomba\u00ab<\/strong> v postopku oddaje naro\u010dila.<\/p><p><strong>Osebni prevzem<\/strong><br>Po dogovoru lahko izdelke iz na\u0161e trgovine prevzamete tudi na na\u0161em naslovu Magajnova ulica 1, 1231 Ljubljana \u010crnu\u010de. V primeru osebnega prevzema bo ponudnik kupca po elektronski po\u0161ti obvestil, kdaj je blago pripravljeno za prevzem in v kak\u0161nih rokih jih lahko prevzame.<br><strong>OBJEKT, V KATEREM SE NAHAJA NA\u0160A SPLETNA TRGOVINA JE \u0160E VEDNO V PRENOVI IN TRENUTNO DELUJE BREZ LASTNIH PROSTOROV.<\/strong> S POMLADJO 2026, MORDA OB IZTEKU 2025, BO SVARUNICA DELOVALA V MANJ\u0160I PISARNI POLEG DVORI\u0160\u010cA. KER SMO \u0160E VEDNO NA GRADBI\u0160\u010cU IN JE PARKIRANJE MARSIKDAJ ONEMOGO\u010cENO, TRENUTNO PREDAMO NARO\u010cENO BLAGO NA TELEFONSKI POZIV KAR ZUNAJ NA ULICI. ZAHVALJUJEMO SE ZA POTRPE\u017dLJIVOST IN RAZUMEVANJE.<\/p><figure class=\"wp-block-image size-full\"><img loading=\"lazy\" decoding=\"async\" width=\"766\" height=\"798\" src=\"https:\/\/svarunica.com\/wp-content\/uploads\/2026\/01\/image.png\" alt=\"\" class=\"wp-image-17073\" srcset=\"https:\/\/svarunica.com\/wp-content\/uploads\/2026\/01\/image.png 766w, https:\/\/svarunica.com\/wp-content\/uploads\/2026\/01\/image-288x300.png 288w, https:\/\/svarunica.com\/wp-content\/uploads\/2026\/01\/image-600x625.png 600w\" sizes=\"auto, (max-width: 766px) 100vw, 766px\" \/><\/figure>","protected":false},"excerpt":{"rendered":"<p>Obra\u010dun stro\u0161kov v spletni trgoviniDostava naro\u010denega blaga v na\u0161i trgovini je vklju\u010dena posebej na na\u0161em izdanem ra\u010dunu.V spletni trgovini so navedene cene za sam izdelek, stro\u0161ki po\u0161iljanja se izra\u010dunajo lo\u010deno. Kon\u010dni znesek naro\u010dila je tako viden v predzadnjem koraku oddaje naro\u010dila. Te\u017ea izdelka in obra\u010dunGramatura izdelka skupaj z ovojnino je vidna ob vsakem posami\u010dnem izdelku [&hellip;]<\/p>\n","protected":false},"author":1,"featured_media":0,"parent":0,"menu_order":0,"comment_status":"closed","ping_status":"closed","template":"","meta":{"footnotes":""},"class_list":["post-1706","page","type-page","status-publish","hentry"],"yoast_head":"<!-- This site is optimized with the Yoast SEO plugin v23.9 - https:\/\/yoast.com\/wordpress\/plugins\/seo\/ -->\n<title>Dostava, stro\u0161ki dostave in prevzemi - Svarunica<\/title>\n<meta name=\"robots\" content=\"index, follow, max-snippet:-1, max-image-preview:large, max-video-preview:-1\" \/>\n<link rel=\"canonical\" href=\"https:\/\/svarunica.com\/sl\/dostava-in-stroski-dostave\/\" \/>\n<meta property=\"og:locale\" content=\"sl_SI\" \/>\n<meta property=\"og:type\" content=\"article\" \/>\n<meta property=\"og:title\" content=\"Dostava, stro\u0161ki dostave in prevzemi - Svarunica\" \/>\n<meta property=\"og:description\" content=\"Obra\u010dun stro\u0161kov v spletni trgoviniDostava naro\u010denega blaga v na\u0161i trgovini je vklju\u010dena posebej na na\u0161em izdanem ra\u010dunu.V spletni trgovini so navedene cene za sam izdelek, stro\u0161ki po\u0161iljanja se izra\u010dunajo lo\u010deno. Kon\u010dni znesek naro\u010dila je tako viden v predzadnjem koraku oddaje naro\u010dila. Te\u017ea izdelka in obra\u010dunGramatura izdelka skupaj z ovojnino je vidna ob vsakem posami\u010dnem izdelku [&hellip;]\" \/>\n<meta property=\"og:url\" content=\"https:\/\/svarunica.com\/sl\/dostava-in-stroski-dostave\/\" \/>\n<meta property=\"og:site_name\" content=\"Svarunica\" \/>\n<meta property=\"article:modified_time\" content=\"2026-01-29T09:22:28+00:00\" \/>\n<meta property=\"og:image\" content=\"https:\/\/svarunica.com\/wp-content\/uploads\/2026\/01\/image.png\" \/>\n\t<meta property=\"og:image:width\" content=\"766\" \/>\n\t<meta property=\"og:image:height\" content=\"798\" \/>\n\t<meta property=\"og:image:type\" content=\"image\/png\" \/>\n<meta name=\"twitter:card\" content=\"summary_large_image\" \/>\n<meta name=\"twitter:label1\" content=\"Est. reading time\" \/>\n\t<meta name=\"twitter:data1\" content=\"3 minute\" \/>\n<script type=\"application\/ld+json\" class=\"yoast-schema-graph\">{\"@context\":\"https:\/\/schema.org\",\"@graph\":[{\"@type\":\"WebPage\",\"@id\":\"https:\/\/svarunica.com\/sl\/dostava-in-stroski-dostave\/\",\"url\":\"https:\/\/svarunica.com\/sl\/dostava-in-stroski-dostave\/\",\"name\":\"Dostava, stro\u0161ki dostave in prevzemi - Svarunica\",\"isPartOf\":{\"@id\":\"https:\/\/svarunica.com\/#website\"},\"primaryImageOfPage\":{\"@id\":\"https:\/\/svarunica.com\/sl\/dostava-in-stroski-dostave\/#primaryimage\"},\"image\":{\"@id\":\"https:\/\/svarunica.com\/sl\/dostava-in-stroski-dostave\/#primaryimage\"},\"thumbnailUrl\":\"https:\/\/svarunica.com\/wp-content\/uploads\/2026\/01\/image.png\",\"datePublished\":\"2021-09-21T09:50:12+00:00\",\"dateModified\":\"2026-01-29T09:22:28+00:00\",\"breadcrumb\":{\"@id\":\"https:\/\/svarunica.com\/sl\/dostava-in-stroski-dostave\/#breadcrumb\"},\"inLanguage\":\"sl-SI\",\"potentialAction\":[{\"@type\":\"ReadAction\",\"target\":[\"https:\/\/svarunica.com\/sl\/dostava-in-stroski-dostave\/\"]}]},{\"@type\":\"ImageObject\",\"inLanguage\":\"sl-SI\",\"@id\":\"https:\/\/svarunica.com\/sl\/dostava-in-stroski-dostave\/#primaryimage\",\"url\":\"https:\/\/svarunica.com\/wp-content\/uploads\/2026\/01\/image.png\",\"contentUrl\":\"https:\/\/svarunica.com\/wp-content\/uploads\/2026\/01\/image.png\"},{\"@type\":\"BreadcrumbList\",\"@id\":\"https:\/\/svarunica.com\/sl\/dostava-in-stroski-dostave\/#breadcrumb\",\"itemListElement\":[{\"@type\":\"ListItem\",\"position\":1,\"name\":\"Home\",\"item\":\"https:\/\/svarunica.com\/sl\/\"},{\"@type\":\"ListItem\",\"position\":2,\"name\":\"Dostava, stro\u0161ki dostave in prevzemi\"}]},{\"@type\":\"WebSite\",\"@id\":\"https:\/\/svarunica.com\/#website\",\"url\":\"https:\/\/svarunica.com\/\",\"name\":\"Svarunica\",\"description\":\"\",\"publisher\":{\"@id\":\"https:\/\/svarunica.com\/#organization\"},\"potentialAction\":[{\"@type\":\"SearchAction\",\"target\":{\"@type\":\"EntryPoint\",\"urlTemplate\":\"https:\/\/svarunica.com\/?s={search_term_string}\"},\"query-input\":{\"@type\":\"PropertyValueSpecification\",\"valueRequired\":true,\"valueName\":\"search_term_string\"}}],\"inLanguage\":\"sl-SI\"},{\"@type\":\"Organization\",\"@id\":\"https:\/\/svarunica.com\/#organization\",\"name\":\"Svarunica\",\"url\":\"https:\/\/svarunica.com\/\",\"logo\":{\"@type\":\"ImageObject\",\"inLanguage\":\"sl-SI\",\"@id\":\"https:\/\/svarunica.com\/#\/schema\/logo\/image\/\",\"url\":\"https:\/\/svarunica.com\/wp-content\/uploads\/2021\/07\/cropped-cropped-svarunica-text-2.png\",\"contentUrl\":\"https:\/\/svarunica.com\/wp-content\/uploads\/2021\/07\/cropped-cropped-svarunica-text-2.png\",\"width\":676,\"height\":179,\"caption\":\"Svarunica\"},\"image\":{\"@id\":\"https:\/\/svarunica.com\/#\/schema\/logo\/image\/\"}}]}<\/script>\n<!-- \/ Yoast SEO plugin. -->","yoast_head_json":{"title":"Dostava, stro\u0161ki dostave in prevzemi - Svarunica","robots":{"index":"index","follow":"follow","max-snippet":"max-snippet:-1","max-image-preview":"max-image-preview:large","max-video-preview":"max-video-preview:-1"},"canonical":"https:\/\/svarunica.com\/sl\/dostava-in-stroski-dostave\/","og_locale":"sl_SI","og_type":"article","og_title":"Dostava, stro\u0161ki dostave in prevzemi - Svarunica","og_description":"Obra\u010dun stro\u0161kov v spletni trgoviniDostava naro\u010denega blaga v na\u0161i trgovini je vklju\u010dena posebej na na\u0161em izdanem ra\u010dunu.V spletni trgovini so navedene cene za sam izdelek, stro\u0161ki po\u0161iljanja se izra\u010dunajo lo\u010deno. Kon\u010dni znesek naro\u010dila je tako viden v predzadnjem koraku oddaje naro\u010dila. Te\u017ea izdelka in obra\u010dunGramatura izdelka skupaj z ovojnino je vidna ob vsakem posami\u010dnem izdelku [&hellip;]","og_url":"https:\/\/svarunica.com\/sl\/dostava-in-stroski-dostave\/","og_site_name":"Svarunica","article_modified_time":"2026-01-29T09:22:28+00:00","og_image":[{"width":766,"height":798,"url":"https:\/\/svarunica.com\/wp-content\/uploads\/2026\/01\/image.png","type":"image\/png"}],"twitter_card":"summary_large_image","twitter_misc":{"Est. reading time":"3 minute"},"schema":{"@context":"https:\/\/schema.org","@graph":[{"@type":"WebPage","@id":"https:\/\/svarunica.com\/sl\/dostava-in-stroski-dostave\/","url":"https:\/\/svarunica.com\/sl\/dostava-in-stroski-dostave\/","name":"Dostava, stro\u0161ki dostave in prevzemi - Svarunica","isPartOf":{"@id":"https:\/\/svarunica.com\/#website"},"primaryImageOfPage":{"@id":"https:\/\/svarunica.com\/sl\/dostava-in-stroski-dostave\/#primaryimage"},"image":{"@id":"https:\/\/svarunica.com\/sl\/dostava-in-stroski-dostave\/#primaryimage"},"thumbnailUrl":"https:\/\/svarunica.com\/wp-content\/uploads\/2026\/01\/image.png","datePublished":"2021-09-21T09:50:12+00:00","dateModified":"2026-01-29T09:22:28+00:00","breadcrumb":{"@id":"https:\/\/svarunica.com\/sl\/dostava-in-stroski-dostave\/#breadcrumb"},"inLanguage":"sl-SI","potentialAction":[{"@type":"ReadAction","target":["https:\/\/svarunica.com\/sl\/dostava-in-stroski-dostave\/"]}]},{"@type":"ImageObject","inLanguage":"sl-SI","@id":"https:\/\/svarunica.com\/sl\/dostava-in-stroski-dostave\/#primaryimage","url":"https:\/\/svarunica.com\/wp-content\/uploads\/2026\/01\/image.png","contentUrl":"https:\/\/svarunica.com\/wp-content\/uploads\/2026\/01\/image.png"},{"@type":"BreadcrumbList","@id":"https:\/\/svarunica.com\/sl\/dostava-in-stroski-dostave\/#breadcrumb","itemListElement":[{"@type":"ListItem","position":1,"name":"Home","item":"https:\/\/svarunica.com\/sl\/"},{"@type":"ListItem","position":2,"name":"Dostava, stro\u0161ki dostave in prevzemi"}]},{"@type":"WebSite","@id":"https:\/\/svarunica.com\/#website","url":"https:\/\/svarunica.com\/","name":"Svarunica","description":"","publisher":{"@id":"https:\/\/svarunica.com\/#organization"},"potentialAction":[{"@type":"SearchAction","target":{"@type":"EntryPoint","urlTemplate":"https:\/\/svarunica.com\/?s={search_term_string}"},"query-input":{"@type":"PropertyValueSpecification","valueRequired":true,"valueName":"search_term_string"}}],"inLanguage":"sl-SI"},{"@type":"Organization","@id":"https:\/\/svarunica.com\/#organization","name":"Svarunica","url":"https:\/\/svarunica.com\/","logo":{"@type":"ImageObject","inLanguage":"sl-SI","@id":"https:\/\/svarunica.com\/#\/schema\/logo\/image\/","url":"https:\/\/svarunica.com\/wp-content\/uploads\/2021\/07\/cropped-cropped-svarunica-text-2.png","contentUrl":"https:\/\/svarunica.com\/wp-content\/uploads\/2021\/07\/cropped-cropped-svarunica-text-2.png","width":676,"height":179,"caption":"Svarunica"},"image":{"@id":"https:\/\/svarunica.com\/#\/schema\/logo\/image\/"}}]}},"_links":{"self":[{"href":"https:\/\/svarunica.com\/sl\/wp-json\/wp\/v2\/pages\/1706","targetHints":{"allow":["GET"]}}],"collection":[{"href":"https:\/\/svarunica.com\/sl\/wp-json\/wp\/v2\/pages"}],"about":[{"href":"https:\/\/svarunica.com\/sl\/wp-json\/wp\/v2\/types\/page"}],"author":[{"embeddable":true,"href":"https:\/\/svarunica.com\/sl\/wp-json\/wp\/v2\/users\/1"}],"replies":[{"embeddable":true,"href":"https:\/\/svarunica.com\/sl\/wp-json\/wp\/v2\/comments?post=1706"}],"version-history":[{"count":18,"href":"https:\/\/svarunica.com\/sl\/wp-json\/wp\/v2\/pages\/1706\/revisions"}],"predecessor-version":[{"id":17081,"href":"https:\/\/svarunica.com\/sl\/wp-json\/wp\/v2\/pages\/1706\/revisions\/17081"}],"wp:attachment":[{"href":"https:\/\/svarunica.com\/sl\/wp-json\/wp\/v2\/media?parent=1706"}],"curies":[{"name":"wp","href":"https:\/\/api.w.org\/{rel}","templated":true}]}}