{"id":1714,"date":"2021-09-21T14:07:21","date_gmt":"2021-09-21T12:07:21","guid":{"rendered":"https:\/\/svarunica.com\/?page_id=1714"},"modified":"2025-11-26T14:56:42","modified_gmt":"2025-11-26T13:56:42","slug":"placila","status":"publish","type":"page","link":"https:\/\/svarunica.com\/sl\/placila\/","title":{"rendered":"Pla\u010dila"},"content":{"rendered":"<h4 class=\"wp-block-heading\"><strong>Na\u010din pla\u010dila, potrditev pla\u010dila in ra\u010dun<\/strong>, <strong>nepla\u010dana naro\u010dila<\/strong><\/h4><p><br><strong>Fizi\u010dno blago<\/strong><br>Na\u010din pla\u010dila za nakup fizi\u010dnega blaga v spletni trgovini v Sloveniji je mo\u017een po predra\u010dunu, PayPalu ali s pla\u010dilom po povzetju (kar pa ne velja za tujino).<br>Kupoprodajna pogodba je sklenjena v trenutku, ko kupec klikne gumb \u00bbPotrdi naro\u010dilo\u00ab. Po pla\u010dilu po predra\u010dunu ali s sistemom PayPal ustvarimo ra\u010dun, ki ga po\u0161ljemo, ko je naro\u010dilo zaklju\u010deno-odposlano. Kupec prejme ra\u010dun za nakup blaga v roku nekaj dni po po\u0161iljanju.<br>Zaradi varstva narave po\u0161ljemo ra\u010dun izklju\u010dno v elektronski obliki in se izogibamo poslovanju s papirji.<br>\u010ce se kupec odlo\u010di za pla\u010dilo po povzetju v Sloveniji, skupaj s po\u0161iljko prejme ustrezen ra\u010dun.<br>Po predhodnem dogovoru lahko kupec kupi blago na sede\u017eu upravitelja spletne trgovine na naslovu Magajnova ulica 1, 1231 Ljubljana \u010crnu\u010de in pla\u010da z gotovino. V tem primeru naj ozna\u010di predra\u010dun in osebni prevzem ter v prostor za opombe napi\u0161e da pla\u010da na licu mesta. Za prevzem se \u010dasovno uskladimo in se prilagodimo v najve\u010dji mo\u017eni meri.<br>Za zdaj pla\u010dila s kreditno ali debetno kartico, tako na spletu kot osebno, \u0161e niso mogo\u010da.<\/p><p>Stranke naro\u010dijo fizi\u010dno blago, zato ga za njih hranimo do pla\u010dila.<br>Naro\u010dniki naro\u010dijo izdelke, nato pa dolgo \u010dasa ne zaklju\u010dijo naro\u010dila kjer nastane te\u017eava, saj sistem spletne trgovine vodi zalogo, kot da izdelek, ki je naro\u010den, ni pa \u0161e pla\u010dan &#8211; ni ve\u010d na voljo. Ob tem nastane nerodna situacija, saj si nekdo specifi\u010dnega izdelka \u017eeli in bi ga tudi nemudoma kupil s poljubnim na\u010dinom pla\u010dila, vendar izdelka ni na zalogi, ker nekdo drug naro\u010dila ne zaklju\u010di.<br>Zato ob naro\u010dilu brez pla\u010dila hranimo na zalogi izdelek za naro\u010dnika 10 dni, v \u010dasu od 1. do 31. decembra pa 3 dni. Pred iztekom tega roka naro\u010dnika obvestimo o nezaklju\u010denem naro\u010dilu. \u010ce predra\u010dun, ki ga stranka prejme preko vmesnika, \u0161e vedno ni pla\u010dan v roku 2 delovnih dni, bo naro\u010dilo v celoti odpovedano.<br>V primeru, da naro\u010dnik izdelek naro\u010di in ga tudi pla\u010da, ga pa ne prevzame, hranimo izdelek1 mesec od pla\u010dila.<br>Stranka je obve\u0161\u010dena pred iztekom roka. Po izteku roka naro\u010dniku vrnemo kupnino na enak trr, od koder je bilo pla\u010dilo prejeto, izdelek pa gre nazaj v prodajo.<\/p><p><strong>Elektronski izdelek<\/strong><br>Nakup je mo\u017een le s pla\u010dilom po predra\u010dunu. Rok za pla\u010dilo naro\u010dene storitve je 8 dni po prejemu predra\u010duna.<br>Po prejemu pla\u010dila vam bomo poslali ra\u010dun v elektronski obliki in dostop do \u017eelenega izdelka.<br>Dogodki v \u017eivo ali na spletu:<br>Rok za pla\u010dilo kotizacije za prijavljene udele\u017eence (prijava na dogodek) je pred izobra\u017eevanjem. Roki so podani za vsak dogodek posebej.<br>Po pla\u010dilu zneska kupec po e-po\u0161ti prejme ra\u010dun in vse kon\u010dne podatke o udele\u017ebi.<br>Pri poslovanju z javnim sektorjem se izda e-ra\u010dun.<\/p><p>Cena in vsi stro\u0161ki, povezani z nakupom, so zapisani na ra\u010dunu. Kupec je dol\u017ean pred oddajo naro\u010dila preveriti pravilnost podatkov na ra\u010dunu. Kupec je dol\u017ean preveriti pravilnost podatkov na ra\u010dunu in ponudnika o morebitnih napakah obvestiti najkasneje v 8 delovnih dneh. Naknadnih ugovorov glede pravilnosti izdanih ra\u010dunov trgovina ne upo\u0161teva.<\/p>","protected":false},"excerpt":{"rendered":"<p>Na\u010din pla\u010dila, potrditev pla\u010dila in ra\u010dun, nepla\u010dana naro\u010dila Fizi\u010dno blagoNa\u010din pla\u010dila za nakup fizi\u010dnega blaga v spletni trgovini v Sloveniji je mo\u017een po predra\u010dunu, PayPalu ali s pla\u010dilom po povzetju (kar pa ne velja za tujino).Kupoprodajna pogodba je sklenjena v trenutku, ko kupec klikne gumb \u00bbPotrdi naro\u010dilo\u00ab. Po pla\u010dilu po predra\u010dunu ali s sistemom PayPal [&hellip;]<\/p>\n","protected":false},"author":1,"featured_media":0,"parent":0,"menu_order":0,"comment_status":"closed","ping_status":"closed","template":"","meta":{"footnotes":""},"class_list":["post-1714","page","type-page","status-publish","hentry"],"yoast_head":"<!-- This site is optimized with the Yoast SEO plugin v23.9 - https:\/\/yoast.com\/wordpress\/plugins\/seo\/ -->\n<title>Pla\u010dila - Svarunica<\/title>\n<meta name=\"robots\" content=\"index, follow, max-snippet:-1, max-image-preview:large, max-video-preview:-1\" \/>\n<link rel=\"canonical\" href=\"https:\/\/svarunica.com\/sl\/placila\/\" \/>\n<meta property=\"og:locale\" content=\"sl_SI\" \/>\n<meta property=\"og:type\" content=\"article\" \/>\n<meta property=\"og:title\" content=\"Pla\u010dila - Svarunica\" \/>\n<meta property=\"og:description\" content=\"Na\u010din pla\u010dila, potrditev pla\u010dila in ra\u010dun, nepla\u010dana naro\u010dila Fizi\u010dno blagoNa\u010din pla\u010dila za nakup fizi\u010dnega blaga v spletni trgovini v Sloveniji je mo\u017een po predra\u010dunu, PayPalu ali s pla\u010dilom po povzetju (kar pa ne velja za tujino).Kupoprodajna pogodba je sklenjena v trenutku, ko kupec klikne gumb \u00bbPotrdi naro\u010dilo\u00ab. Po pla\u010dilu po predra\u010dunu ali s sistemom PayPal [&hellip;]\" \/>\n<meta property=\"og:url\" content=\"https:\/\/svarunica.com\/sl\/placila\/\" \/>\n<meta property=\"og:site_name\" content=\"Svarunica\" \/>\n<meta property=\"article:modified_time\" content=\"2025-11-26T13:56:42+00:00\" \/>\n<meta name=\"twitter:card\" content=\"summary_large_image\" \/>\n<meta name=\"twitter:label1\" content=\"Est. reading time\" \/>\n\t<meta name=\"twitter:data1\" content=\"3 minute\" \/>\n<script type=\"application\/ld+json\" class=\"yoast-schema-graph\">{\"@context\":\"https:\/\/schema.org\",\"@graph\":[{\"@type\":\"WebPage\",\"@id\":\"https:\/\/svarunica.com\/sl\/placila\/\",\"url\":\"https:\/\/svarunica.com\/sl\/placila\/\",\"name\":\"Pla\u010dila - Svarunica\",\"isPartOf\":{\"@id\":\"https:\/\/svarunica.com\/#website\"},\"datePublished\":\"2021-09-21T12:07:21+00:00\",\"dateModified\":\"2025-11-26T13:56:42+00:00\",\"breadcrumb\":{\"@id\":\"https:\/\/svarunica.com\/sl\/placila\/#breadcrumb\"},\"inLanguage\":\"sl-SI\",\"potentialAction\":[{\"@type\":\"ReadAction\",\"target\":[\"https:\/\/svarunica.com\/sl\/placila\/\"]}]},{\"@type\":\"BreadcrumbList\",\"@id\":\"https:\/\/svarunica.com\/sl\/placila\/#breadcrumb\",\"itemListElement\":[{\"@type\":\"ListItem\",\"position\":1,\"name\":\"Home\",\"item\":\"https:\/\/svarunica.com\/sl\/\"},{\"@type\":\"ListItem\",\"position\":2,\"name\":\"Pla\u010dila\"}]},{\"@type\":\"WebSite\",\"@id\":\"https:\/\/svarunica.com\/#website\",\"url\":\"https:\/\/svarunica.com\/\",\"name\":\"Svarunica\",\"description\":\"\",\"publisher\":{\"@id\":\"https:\/\/svarunica.com\/#organization\"},\"potentialAction\":[{\"@type\":\"SearchAction\",\"target\":{\"@type\":\"EntryPoint\",\"urlTemplate\":\"https:\/\/svarunica.com\/?s={search_term_string}\"},\"query-input\":{\"@type\":\"PropertyValueSpecification\",\"valueRequired\":true,\"valueName\":\"search_term_string\"}}],\"inLanguage\":\"sl-SI\"},{\"@type\":\"Organization\",\"@id\":\"https:\/\/svarunica.com\/#organization\",\"name\":\"Svarunica\",\"url\":\"https:\/\/svarunica.com\/\",\"logo\":{\"@type\":\"ImageObject\",\"inLanguage\":\"sl-SI\",\"@id\":\"https:\/\/svarunica.com\/#\/schema\/logo\/image\/\",\"url\":\"https:\/\/svarunica.com\/wp-content\/uploads\/2021\/07\/cropped-cropped-svarunica-text-2.png\",\"contentUrl\":\"https:\/\/svarunica.com\/wp-content\/uploads\/2021\/07\/cropped-cropped-svarunica-text-2.png\",\"width\":676,\"height\":179,\"caption\":\"Svarunica\"},\"image\":{\"@id\":\"https:\/\/svarunica.com\/#\/schema\/logo\/image\/\"}}]}<\/script>\n<!-- \/ Yoast SEO plugin. -->","yoast_head_json":{"title":"Pla\u010dila - Svarunica","robots":{"index":"index","follow":"follow","max-snippet":"max-snippet:-1","max-image-preview":"max-image-preview:large","max-video-preview":"max-video-preview:-1"},"canonical":"https:\/\/svarunica.com\/sl\/placila\/","og_locale":"sl_SI","og_type":"article","og_title":"Pla\u010dila - Svarunica","og_description":"Na\u010din pla\u010dila, potrditev pla\u010dila in ra\u010dun, nepla\u010dana naro\u010dila Fizi\u010dno blagoNa\u010din pla\u010dila za nakup fizi\u010dnega blaga v spletni trgovini v Sloveniji je mo\u017een po predra\u010dunu, PayPalu ali s pla\u010dilom po povzetju (kar pa ne velja za tujino).Kupoprodajna pogodba je sklenjena v trenutku, ko kupec klikne gumb \u00bbPotrdi naro\u010dilo\u00ab. Po pla\u010dilu po predra\u010dunu ali s sistemom PayPal [&hellip;]","og_url":"https:\/\/svarunica.com\/sl\/placila\/","og_site_name":"Svarunica","article_modified_time":"2025-11-26T13:56:42+00:00","twitter_card":"summary_large_image","twitter_misc":{"Est. reading time":"3 minute"},"schema":{"@context":"https:\/\/schema.org","@graph":[{"@type":"WebPage","@id":"https:\/\/svarunica.com\/sl\/placila\/","url":"https:\/\/svarunica.com\/sl\/placila\/","name":"Pla\u010dila - Svarunica","isPartOf":{"@id":"https:\/\/svarunica.com\/#website"},"datePublished":"2021-09-21T12:07:21+00:00","dateModified":"2025-11-26T13:56:42+00:00","breadcrumb":{"@id":"https:\/\/svarunica.com\/sl\/placila\/#breadcrumb"},"inLanguage":"sl-SI","potentialAction":[{"@type":"ReadAction","target":["https:\/\/svarunica.com\/sl\/placila\/"]}]},{"@type":"BreadcrumbList","@id":"https:\/\/svarunica.com\/sl\/placila\/#breadcrumb","itemListElement":[{"@type":"ListItem","position":1,"name":"Home","item":"https:\/\/svarunica.com\/sl\/"},{"@type":"ListItem","position":2,"name":"Pla\u010dila"}]},{"@type":"WebSite","@id":"https:\/\/svarunica.com\/#website","url":"https:\/\/svarunica.com\/","name":"Svarunica","description":"","publisher":{"@id":"https:\/\/svarunica.com\/#organization"},"potentialAction":[{"@type":"SearchAction","target":{"@type":"EntryPoint","urlTemplate":"https:\/\/svarunica.com\/?s={search_term_string}"},"query-input":{"@type":"PropertyValueSpecification","valueRequired":true,"valueName":"search_term_string"}}],"inLanguage":"sl-SI"},{"@type":"Organization","@id":"https:\/\/svarunica.com\/#organization","name":"Svarunica","url":"https:\/\/svarunica.com\/","logo":{"@type":"ImageObject","inLanguage":"sl-SI","@id":"https:\/\/svarunica.com\/#\/schema\/logo\/image\/","url":"https:\/\/svarunica.com\/wp-content\/uploads\/2021\/07\/cropped-cropped-svarunica-text-2.png","contentUrl":"https:\/\/svarunica.com\/wp-content\/uploads\/2021\/07\/cropped-cropped-svarunica-text-2.png","width":676,"height":179,"caption":"Svarunica"},"image":{"@id":"https:\/\/svarunica.com\/#\/schema\/logo\/image\/"}}]}},"_links":{"self":[{"href":"https:\/\/svarunica.com\/sl\/wp-json\/wp\/v2\/pages\/1714","targetHints":{"allow":["GET"]}}],"collection":[{"href":"https:\/\/svarunica.com\/sl\/wp-json\/wp\/v2\/pages"}],"about":[{"href":"https:\/\/svarunica.com\/sl\/wp-json\/wp\/v2\/types\/page"}],"author":[{"embeddable":true,"href":"https:\/\/svarunica.com\/sl\/wp-json\/wp\/v2\/users\/1"}],"replies":[{"embeddable":true,"href":"https:\/\/svarunica.com\/sl\/wp-json\/wp\/v2\/comments?post=1714"}],"version-history":[{"count":6,"href":"https:\/\/svarunica.com\/sl\/wp-json\/wp\/v2\/pages\/1714\/revisions"}],"predecessor-version":[{"id":16899,"href":"https:\/\/svarunica.com\/sl\/wp-json\/wp\/v2\/pages\/1714\/revisions\/16899"}],"wp:attachment":[{"href":"https:\/\/svarunica.com\/sl\/wp-json\/wp\/v2\/media?parent=1714"}],"curies":[{"name":"wp","href":"https:\/\/api.w.org\/{rel}","templated":true}]}}