{"id":1725,"date":"2021-09-21T15:03:28","date_gmt":"2021-09-21T13:03:28","guid":{"rendered":"https:\/\/svarunica.com\/?page_id=1725"},"modified":"2021-09-21T15:03:30","modified_gmt":"2021-09-21T13:03:30","slug":"delovni-cas-in-kontakt","status":"publish","type":"page","link":"https:\/\/svarunica.com\/sl\/delovni-cas-in-kontakt\/","title":{"rendered":"Delovni \u010das in kontakt"},"content":{"rendered":"<p><strong>Spletna trgovina<\/strong><br>je odprta vsak dan, 24 ur na dan. Zaradi razli\u010dnih tehni\u010dnih razlogov poslovanje prek spletne trgovine ali celo dostop do trgovine v\u010dasih ni mogo\u010d. Zato si ponudnik pridr\u017euje pravico, da za dolo\u010den ali nedolo\u010den \u010das omeji ali popolnoma ustavi dostop do strani spletne trgovine. Ponudnik ne prevzema odgovornosti za nedelovanje trgovine zaradi nepoznavanja uporabe, kakr\u0161nih koli posledic zlorabe spletne trgovine, nedelovanja storitve zaradi izpada omre\u017eja, izpada elektri\u010dne energije ali drugih tehni\u010dnih motenj, ki bi lahko za\u010dasno ali dolgo \u010dasa motijo \u200b\u200buporabo.<\/p><p><strong>Pisarna v Ljubljani:<\/strong><br>po predhodnem dogovoru lahko pridete k nam na naslov: Magajnova ulica 1, 1231 Ljubljana \u010crnu\u010de, ali nas pokli\u010dete od ponedeljka do petka med 8. in 15.30, ob \u010detrtkih od 8. do 18. ure.<br>Vsako prvo soboto v mesecu imamo na sede\u017eu Svarunice stojnico s svojimi izdelki, hkrati pa poteka izmenjava rabljenih obla\u010dil, \u010devljev, igra\u010d, knjig, dodatkov itd.<br>V primeru, da dogodek odpade zaradi vi\u0161je sile ( bolezen, vladni odloki, zelo slabo vreme, &#8230;), bomo dodali obvestilo na vstopno stran.<\/p><p><strong>Stiki:<\/strong><br>splo\u0161ne informacije, naro\u010danje posameznih dizajnov, posebne informacije v zvezi z vsebino, kontakt za organizacijo dogodkov: <strong>irena.svarunica@gmail.com<\/strong>.<br>Naro\u010dila, informacije, nabava in tehni\u010dna pomo\u010d glede uporabe spletne trgovine: <strong>svarunica.market@gmail.com<\/strong><br>Telefon: <strong>+386 41 936 688<\/strong><\/p>","protected":false},"excerpt":{"rendered":"<p>Spletna trgovinaje odprta vsak dan, 24 ur na dan. Zaradi razli\u010dnih tehni\u010dnih razlogov poslovanje prek spletne trgovine ali celo dostop do trgovine v\u010dasih ni mogo\u010d. Zato si ponudnik pridr\u017euje pravico, da za dolo\u010den ali nedolo\u010den \u010das omeji ali popolnoma ustavi dostop do strani spletne trgovine. Ponudnik ne prevzema odgovornosti za nedelovanje trgovine zaradi nepoznavanja uporabe, [&hellip;]<\/p>\n","protected":false},"author":1,"featured_media":0,"parent":0,"menu_order":0,"comment_status":"closed","ping_status":"closed","template":"","meta":{"footnotes":""},"class_list":["post-1725","page","type-page","status-publish","hentry"],"yoast_head":"<!-- This site is optimized with the Yoast SEO plugin v23.9 - https:\/\/yoast.com\/wordpress\/plugins\/seo\/ -->\n<title>Delovni \u010das in kontakt - Svarunica<\/title>\n<meta name=\"robots\" content=\"index, follow, max-snippet:-1, max-image-preview:large, max-video-preview:-1\" \/>\n<link rel=\"canonical\" href=\"https:\/\/svarunica.com\/sl\/delovni-cas-in-kontakt\/\" \/>\n<meta property=\"og:locale\" content=\"sl_SI\" \/>\n<meta property=\"og:type\" content=\"article\" \/>\n<meta property=\"og:title\" content=\"Delovni \u010das in kontakt - Svarunica\" \/>\n<meta property=\"og:description\" content=\"Spletna trgovinaje odprta vsak dan, 24 ur na dan. Zaradi razli\u010dnih tehni\u010dnih razlogov poslovanje prek spletne trgovine ali celo dostop do trgovine v\u010dasih ni mogo\u010d. Zato si ponudnik pridr\u017euje pravico, da za dolo\u010den ali nedolo\u010den \u010das omeji ali popolnoma ustavi dostop do strani spletne trgovine. Ponudnik ne prevzema odgovornosti za nedelovanje trgovine zaradi nepoznavanja uporabe, [&hellip;]\" \/>\n<meta property=\"og:url\" content=\"https:\/\/svarunica.com\/sl\/delovni-cas-in-kontakt\/\" \/>\n<meta property=\"og:site_name\" content=\"Svarunica\" \/>\n<meta property=\"article:modified_time\" content=\"2021-09-21T13:03:30+00:00\" \/>\n<meta name=\"twitter:card\" content=\"summary_large_image\" \/>\n<meta name=\"twitter:label1\" content=\"Est. reading time\" \/>\n\t<meta name=\"twitter:data1\" content=\"1 minuta\" \/>\n<script type=\"application\/ld+json\" class=\"yoast-schema-graph\">{\"@context\":\"https:\/\/schema.org\",\"@graph\":[{\"@type\":\"WebPage\",\"@id\":\"https:\/\/svarunica.com\/sl\/delovni-cas-in-kontakt\/\",\"url\":\"https:\/\/svarunica.com\/sl\/delovni-cas-in-kontakt\/\",\"name\":\"Delovni \u010das in kontakt - Svarunica\",\"isPartOf\":{\"@id\":\"https:\/\/svarunica.com\/#website\"},\"datePublished\":\"2021-09-21T13:03:28+00:00\",\"dateModified\":\"2021-09-21T13:03:30+00:00\",\"breadcrumb\":{\"@id\":\"https:\/\/svarunica.com\/sl\/delovni-cas-in-kontakt\/#breadcrumb\"},\"inLanguage\":\"sl-SI\",\"potentialAction\":[{\"@type\":\"ReadAction\",\"target\":[\"https:\/\/svarunica.com\/sl\/delovni-cas-in-kontakt\/\"]}]},{\"@type\":\"BreadcrumbList\",\"@id\":\"https:\/\/svarunica.com\/sl\/delovni-cas-in-kontakt\/#breadcrumb\",\"itemListElement\":[{\"@type\":\"ListItem\",\"position\":1,\"name\":\"Home\",\"item\":\"https:\/\/svarunica.com\/sl\/\"},{\"@type\":\"ListItem\",\"position\":2,\"name\":\"Delovni \u010das in kontakt\"}]},{\"@type\":\"WebSite\",\"@id\":\"https:\/\/svarunica.com\/#website\",\"url\":\"https:\/\/svarunica.com\/\",\"name\":\"Svarunica\",\"description\":\"\",\"publisher\":{\"@id\":\"https:\/\/svarunica.com\/#organization\"},\"potentialAction\":[{\"@type\":\"SearchAction\",\"target\":{\"@type\":\"EntryPoint\",\"urlTemplate\":\"https:\/\/svarunica.com\/?s={search_term_string}\"},\"query-input\":{\"@type\":\"PropertyValueSpecification\",\"valueRequired\":true,\"valueName\":\"search_term_string\"}}],\"inLanguage\":\"sl-SI\"},{\"@type\":\"Organization\",\"@id\":\"https:\/\/svarunica.com\/#organization\",\"name\":\"Svarunica\",\"url\":\"https:\/\/svarunica.com\/\",\"logo\":{\"@type\":\"ImageObject\",\"inLanguage\":\"sl-SI\",\"@id\":\"https:\/\/svarunica.com\/#\/schema\/logo\/image\/\",\"url\":\"https:\/\/svarunica.com\/wp-content\/uploads\/2021\/07\/cropped-cropped-svarunica-text-2.png\",\"contentUrl\":\"https:\/\/svarunica.com\/wp-content\/uploads\/2021\/07\/cropped-cropped-svarunica-text-2.png\",\"width\":676,\"height\":179,\"caption\":\"Svarunica\"},\"image\":{\"@id\":\"https:\/\/svarunica.com\/#\/schema\/logo\/image\/\"}}]}<\/script>\n<!-- \/ Yoast SEO plugin. -->","yoast_head_json":{"title":"Delovni \u010das in kontakt - Svarunica","robots":{"index":"index","follow":"follow","max-snippet":"max-snippet:-1","max-image-preview":"max-image-preview:large","max-video-preview":"max-video-preview:-1"},"canonical":"https:\/\/svarunica.com\/sl\/delovni-cas-in-kontakt\/","og_locale":"sl_SI","og_type":"article","og_title":"Delovni \u010das in kontakt - Svarunica","og_description":"Spletna trgovinaje odprta vsak dan, 24 ur na dan. Zaradi razli\u010dnih tehni\u010dnih razlogov poslovanje prek spletne trgovine ali celo dostop do trgovine v\u010dasih ni mogo\u010d. Zato si ponudnik pridr\u017euje pravico, da za dolo\u010den ali nedolo\u010den \u010das omeji ali popolnoma ustavi dostop do strani spletne trgovine. Ponudnik ne prevzema odgovornosti za nedelovanje trgovine zaradi nepoznavanja uporabe, [&hellip;]","og_url":"https:\/\/svarunica.com\/sl\/delovni-cas-in-kontakt\/","og_site_name":"Svarunica","article_modified_time":"2021-09-21T13:03:30+00:00","twitter_card":"summary_large_image","twitter_misc":{"Est. reading time":"1 minuta"},"schema":{"@context":"https:\/\/schema.org","@graph":[{"@type":"WebPage","@id":"https:\/\/svarunica.com\/sl\/delovni-cas-in-kontakt\/","url":"https:\/\/svarunica.com\/sl\/delovni-cas-in-kontakt\/","name":"Delovni \u010das in kontakt - Svarunica","isPartOf":{"@id":"https:\/\/svarunica.com\/#website"},"datePublished":"2021-09-21T13:03:28+00:00","dateModified":"2021-09-21T13:03:30+00:00","breadcrumb":{"@id":"https:\/\/svarunica.com\/sl\/delovni-cas-in-kontakt\/#breadcrumb"},"inLanguage":"sl-SI","potentialAction":[{"@type":"ReadAction","target":["https:\/\/svarunica.com\/sl\/delovni-cas-in-kontakt\/"]}]},{"@type":"BreadcrumbList","@id":"https:\/\/svarunica.com\/sl\/delovni-cas-in-kontakt\/#breadcrumb","itemListElement":[{"@type":"ListItem","position":1,"name":"Home","item":"https:\/\/svarunica.com\/sl\/"},{"@type":"ListItem","position":2,"name":"Delovni \u010das in kontakt"}]},{"@type":"WebSite","@id":"https:\/\/svarunica.com\/#website","url":"https:\/\/svarunica.com\/","name":"Svarunica","description":"","publisher":{"@id":"https:\/\/svarunica.com\/#organization"},"potentialAction":[{"@type":"SearchAction","target":{"@type":"EntryPoint","urlTemplate":"https:\/\/svarunica.com\/?s={search_term_string}"},"query-input":{"@type":"PropertyValueSpecification","valueRequired":true,"valueName":"search_term_string"}}],"inLanguage":"sl-SI"},{"@type":"Organization","@id":"https:\/\/svarunica.com\/#organization","name":"Svarunica","url":"https:\/\/svarunica.com\/","logo":{"@type":"ImageObject","inLanguage":"sl-SI","@id":"https:\/\/svarunica.com\/#\/schema\/logo\/image\/","url":"https:\/\/svarunica.com\/wp-content\/uploads\/2021\/07\/cropped-cropped-svarunica-text-2.png","contentUrl":"https:\/\/svarunica.com\/wp-content\/uploads\/2021\/07\/cropped-cropped-svarunica-text-2.png","width":676,"height":179,"caption":"Svarunica"},"image":{"@id":"https:\/\/svarunica.com\/#\/schema\/logo\/image\/"}}]}},"_links":{"self":[{"href":"https:\/\/svarunica.com\/sl\/wp-json\/wp\/v2\/pages\/1725","targetHints":{"allow":["GET"]}}],"collection":[{"href":"https:\/\/svarunica.com\/sl\/wp-json\/wp\/v2\/pages"}],"about":[{"href":"https:\/\/svarunica.com\/sl\/wp-json\/wp\/v2\/types\/page"}],"author":[{"embeddable":true,"href":"https:\/\/svarunica.com\/sl\/wp-json\/wp\/v2\/users\/1"}],"replies":[{"embeddable":true,"href":"https:\/\/svarunica.com\/sl\/wp-json\/wp\/v2\/comments?post=1725"}],"version-history":[{"count":1,"href":"https:\/\/svarunica.com\/sl\/wp-json\/wp\/v2\/pages\/1725\/revisions"}],"predecessor-version":[{"id":1726,"href":"https:\/\/svarunica.com\/sl\/wp-json\/wp\/v2\/pages\/1725\/revisions\/1726"}],"wp:attachment":[{"href":"https:\/\/svarunica.com\/sl\/wp-json\/wp\/v2\/media?parent=1725"}],"curies":[{"name":"wp","href":"https:\/\/api.w.org\/{rel}","templated":true}]}}