{"id":1856,"date":"2021-09-21T19:18:11","date_gmt":"2021-09-21T17:18:11","guid":{"rendered":"https:\/\/svarunica.com\/?page_id=1856"},"modified":"2025-12-23T08:38:57","modified_gmt":"2025-12-23T07:38:57","slug":"zacetna","status":"publish","type":"page","link":"https:\/\/svarunica.com\/sl\/","title":{"rendered":"Domov"},"content":{"rendered":"<div id=\"witch-feature-cols-block_60ddf96c97fb8\" class=\"witch-feature-cols witch-feature-columns container-fluid\">\n\t<div class=\"row\">\n\t\t<div class=\"col-sm card text-center my-2 my-sm-0 mr-sm-2 py-3 shadow-sm border\">\n\t\t\t<i class=\"fa fa-shopping-cart fa-3x\"><\/i>\n\t\t\t<div class=\"card-body\">\n\t\t\t\t<h5 class=\"card-title\">Super izdelki<\/h5>\n\t\t\t\t<p class=\"card-text\">Majice, igre, koledarji, obeski z mitolo\u0161ko motiviko in starimi simboli, ki o\u017eivljajo slovensko in vseslovansko dedi\u0161\u010dino na\u0161ih prednikov.<\/p>\n\t\t\t<\/div>\n\t\t<\/div>\n\t\t<div class=\"col-sm card text-center my-2 my-sm-0 mx-sm-2 py-3 shadow-sm border\">\n\t\t\t<i class=\"fa fa-users fa-3x\"><\/i>\n\t\t\t<div class=\"card-body\">\n\t\t\t\t<h5 class=\"card-title\">Skupnost<\/h5>\n\t\t\t\t<p class=\"card-text\">Gradimo skupnost, kjer se lahko u\u010dimo drug od drugega in najdemo na\u010dine, kako stare modrosti prenesti na svoje otroke.<\/p>\n\t\t\t<\/div>\n\t\t<\/div>\n\t\t<div class=\"col-sm card text-center my-2 my-sm-0 ml-sm-2 py-3 shadow-sm border\">\n\t\t\t<i class=\"fa fa-book fa-3x\"><\/i>\n\t\t\t<div class=\"card-body\">\n\t\t\t\t<h5 class=\"card-title\">U\u010denje<\/h5>\n\t\t\t\t<p class=\"card-text\">\u0160tevilni \u010dlanki in videoposnetki ponujajo globok vpogled v na\u0161e rodne tradicije in na\u010dine kako jih vklju\u010diti v na\u0161e vsakdanje \u017eivljenje.<\/p>\n\t\t\t<\/div>\n\t\t<\/div>\n\t<\/div>\n<\/div><div id=\"witch-feature-container-block_60ddfa0897fb9\" class=\"witch-feature-container container-fluid witch-feature-container\">\n\t<div class=\"flex-md-row bg-gray-900 flex-column row my-4 shadow-sm border\">\n\t\t<div class=\"col p-3 d-flex align-content-center justify-content-center\">\n\t\t\t<img loading=\"lazy\" decoding=\"async\" width=\"1417\" height=\"992\" src=\"https:\/\/svarunica.com\/wp-content\/uploads\/2021\/07\/shop-svarunica-items.jpg\" class=\"witch-feature-container-image\" alt=\"\" srcset=\"https:\/\/svarunica.com\/wp-content\/uploads\/2021\/07\/shop-svarunica-items.jpg 1417w, https:\/\/svarunica.com\/wp-content\/uploads\/2021\/07\/shop-svarunica-items-300x210.jpg 300w, https:\/\/svarunica.com\/wp-content\/uploads\/2021\/07\/shop-svarunica-items-1024x717.jpg 1024w, https:\/\/svarunica.com\/wp-content\/uploads\/2021\/07\/shop-svarunica-items-768x538.jpg 768w, https:\/\/svarunica.com\/wp-content\/uploads\/2021\/07\/shop-svarunica-items-600x420.jpg 600w\" sizes=\"auto, (max-width: 1417px) 100vw, 1417px\" \/>\t\t<\/div>\n\t\t<div class=\"col pt-1 pb-3 py-md-5 px-4 mr-lg-1\">\n\t\t\t<h2 class=\"witch-feature-title\">Trgovina<\/h2>\n\t\t\t<p>Na\u0161a spletna trgovina Svarunica je edinstvena. Prav vsak produkt nosi \u010darobno zgodbo na\u0161ih prednikov. S temi zgodbami \u017eivimo vsak dan posebej, ljubezen do starih izro\u010dil pa v okviru na\u0161e osrednjeslovenske skupnosti \u0161irimo \u017ee od leta 2012.\r\n<\/p>\n\t\t\t<a href=\"\/sl\/trgovina\"><button type=\"button\" class=\" button-secondary btn mb-3 font-weight-bold\"> Vstopi v trgovino\t\t\t\t<\/button><\/a>\n\t\t<\/div>\n\t<\/div>\n<\/div><div id=\"witch-feature-container-block_617b9d3460552\" class=\"witch-feature-container container-fluid witch-feature-container\">\n\t<div class=\"flex-md-row bg-secondary flex-column row my-4 shadow-sm border\">\n\t\t<div class=\"col p-3 d-flex align-content-center justify-content-center\">\n\t\t\t<img loading=\"lazy\" decoding=\"async\" width=\"1200\" height=\"675\" src=\"https:\/\/svarunica.com\/wp-content\/uploads\/2025\/10\/carovnice-na-slovenskem-koledar-2026_trgovina-svarunica-2.jpg\" class=\"witch-feature-container-image\" alt=\"\" srcset=\"https:\/\/svarunica.com\/wp-content\/uploads\/2025\/10\/carovnice-na-slovenskem-koledar-2026_trgovina-svarunica-2.jpg 1200w, https:\/\/svarunica.com\/wp-content\/uploads\/2025\/10\/carovnice-na-slovenskem-koledar-2026_trgovina-svarunica-2-300x169.jpg 300w, https:\/\/svarunica.com\/wp-content\/uploads\/2025\/10\/carovnice-na-slovenskem-koledar-2026_trgovina-svarunica-2-1024x576.jpg 1024w, https:\/\/svarunica.com\/wp-content\/uploads\/2025\/10\/carovnice-na-slovenskem-koledar-2026_trgovina-svarunica-2-768x432.jpg 768w, https:\/\/svarunica.com\/wp-content\/uploads\/2025\/10\/carovnice-na-slovenskem-koledar-2026_trgovina-svarunica-2-600x338.jpg 600w\" sizes=\"auto, (max-width: 1200px) 100vw, 1200px\" \/>\t\t<\/div>\n\t\t<div class=\"col pt-1 pb-3 py-md-5 px-4 mr-lg-1\">\n\t\t\t<h2 class=\"witch-feature-title\">KOLEDAR 2026: &quot;\u010carovnice&quot; na Slovenskem<\/h2>\n\t\t\t<p>Letos smo za vas pripravili prav poseben koledar, ki prikazuje 13 obto\u017eenk \u010darovni\u0161tva pri nas, katere so upodobile &#8220;\u010darovnice&#8221; dana\u0161njega \u010dasa.\r\n\r\n\r\n<\/p>\n\t\t\t<a href=\"https:\/\/svarunica.com\/sl\/kategorija-izdelka\/03-koledar-2026\/\"><button type=\"button\" class=\" button-gray-900 btn mb-3 font-weight-bold\"> Poglej koledar\t\t\t\t<\/button><\/a>\n\t\t<\/div>\n\t<\/div>\n<\/div><div id=\"witch-feature-container-block_68dff8666b660\" class=\"witch-feature-container container-fluid witch-feature-container\">\n\t<div class=\"flex-md-row bg-secondary flex-column row my-4 shadow-sm border\">\n\t\t<div class=\"col p-3 d-flex align-content-center justify-content-center\">\n\t\t\t<img loading=\"lazy\" decoding=\"async\" width=\"1500\" height=\"1058\" src=\"https:\/\/svarunica.com\/wp-content\/uploads\/2025\/11\/svarunica-koledar-druzinski-vodic_2_web.jpg\" class=\"witch-feature-container-image\" alt=\"\" srcset=\"https:\/\/svarunica.com\/wp-content\/uploads\/2025\/11\/svarunica-koledar-druzinski-vodic_2_web.jpg 1500w, https:\/\/svarunica.com\/wp-content\/uploads\/2025\/11\/svarunica-koledar-druzinski-vodic_2_web-300x212.jpg 300w, https:\/\/svarunica.com\/wp-content\/uploads\/2025\/11\/svarunica-koledar-druzinski-vodic_2_web-1024x722.jpg 1024w, https:\/\/svarunica.com\/wp-content\/uploads\/2025\/11\/svarunica-koledar-druzinski-vodic_2_web-768x542.jpg 768w, https:\/\/svarunica.com\/wp-content\/uploads\/2025\/11\/svarunica-koledar-druzinski-vodic_2_web-600x423.jpg 600w\" sizes=\"auto, (max-width: 1500px) 100vw, 1500px\" \/>\t\t<\/div>\n\t\t<div class=\"col pt-1 pb-3 py-md-5 px-4 mr-lg-1\">\n\t\t\t<h2 class=\"witch-feature-title\">Domorodni koledar 2026<\/h2>\n\t\t\t<p>Tudi letos, \u017ee 18. leto, smo pripravili in izdali koledar v povezavi z na\u0161imi mitolo\u0161kimi izro\u010dili ter obredji skozi leto, kjer je vsebina predstavljena na izjemno preprost na\u010din in namenjena v najve\u010dji meri otrokom in star\u0161em, da skupaj dru\u017einsko obujajo stare obi\u010daje in znanja.\r\n\r\n\r\n<\/p>\n\t\t\t<a href=\"https:\/\/svarunica.com\/sl\/izdelek\/druzinski-domorodni-koledar2026\/\"><button type=\"button\" class=\" button-gray-200 btn mb-3 font-weight-bold\"> Ogled in nakup izdelka\t\t\t\t<\/button><\/a>\n\t\t<\/div>\n\t<\/div>\n<\/div><div id=\"witch-feature-container-block_694a437952d51\" class=\"witch-feature-container container-fluid witch-feature-container\">\n\t<div class=\"flex-md-row bg-gray-900 flex-column row my-4 shadow-sm border\">\n\t\t<div class=\"col p-3 d-flex align-content-center justify-content-center\">\n\t\t\t<img loading=\"lazy\" decoding=\"async\" width=\"800\" height=\"505\" src=\"https:\/\/svarunica.com\/wp-content\/uploads\/2025\/12\/video-svarozic-predogled-1.jpg\" class=\"witch-feature-container-image\" alt=\"\" srcset=\"https:\/\/svarunica.com\/wp-content\/uploads\/2025\/12\/video-svarozic-predogled-1.jpg 800w, https:\/\/svarunica.com\/wp-content\/uploads\/2025\/12\/video-svarozic-predogled-1-300x189.jpg 300w, https:\/\/svarunica.com\/wp-content\/uploads\/2025\/12\/video-svarozic-predogled-1-768x485.jpg 768w, https:\/\/svarunica.com\/wp-content\/uploads\/2025\/12\/video-svarozic-predogled-1-600x379.jpg 600w\" sizes=\"auto, (max-width: 800px) 100vw, 800px\" \/>\t\t<\/div>\n\t\t<div class=\"col pt-1 pb-3 py-md-5 px-4 mr-lg-1\">\n\t\t\t<h2 class=\"witch-feature-title\">Aktualni video prispevek &#8211; zima<\/h2>\n\t\t\t<p>Vabljeni k ogledu video-prispevka o ozadju bo\u017ei\u010dnega praznika v rodni tradiciji.\r\n\r\n\r\n<\/p>\n\t\t\t<a href=\"https:\/\/www.youtube.com\/watch?v=cnVw_5QNm-4\"><button type=\"button\" class=\" button-secondary btn mb-3 font-weight-bold\"> Oglej si video\t\t\t\t<\/button><\/a>\n\t\t<\/div>\n\t<\/div>\n<\/div><div id=\"witch-feature-container-block_615f2f6b208d8\" class=\"witch-feature-container container-fluid witch-feature-container\">\n\t<div class=\"flex-md-row bg-secondary flex-column row my-4 shadow-sm border\">\n\t\t<div class=\"col p-3 d-flex align-content-center justify-content-center\">\n\t\t\t<img loading=\"lazy\" decoding=\"async\" width=\"1000\" height=\"750\" src=\"https:\/\/svarunica.com\/wp-content\/uploads\/2021\/10\/svarunica-vedezevanje-1.jpg\" class=\"witch-feature-container-image\" alt=\"slavic card of the week\" srcset=\"https:\/\/svarunica.com\/wp-content\/uploads\/2021\/10\/svarunica-vedezevanje-1.jpg 1000w, https:\/\/svarunica.com\/wp-content\/uploads\/2021\/10\/svarunica-vedezevanje-1-300x225.jpg 300w, https:\/\/svarunica.com\/wp-content\/uploads\/2021\/10\/svarunica-vedezevanje-1-768x576.jpg 768w, https:\/\/svarunica.com\/wp-content\/uploads\/2021\/10\/svarunica-vedezevanje-1-600x450.jpg 600w\" sizes=\"auto, (max-width: 1000px) 100vw, 1000px\" \/>\t\t<\/div>\n\t\t<div class=\"col pt-1 pb-3 py-md-5 px-4 mr-lg-1\">\n\t\t\t<h2 class=\"witch-feature-title\">Branje iz kart<\/h2>\n\t\t\t<p>Iz avtorskega seta kart, s slovensko in vseslovansko mitolo\u0161ko simboliko, vam na podlagi zastavljenih vpra\u0161anj lahko svetujemo z osnovnim branjem ali kompleksnimi odgovori.\r\nKart ne prodajamo kot samostojen izdelek, nudimo pa uslugo branja.\r\nosnovno: https:\/\/svarunica.com\/sl\/izdelek\/branje-kart-osnovno\/\r\nkompleksno: https:\/\/svarunica.com\/sl\/izdelek\/branje-kart\/<\/p>\n\t\t\t<a href=\"https:\/\/svarunica.com\/sl\/izdelek\/branje-kart-osnovno\/\"><button type=\"button\" class=\" button-gray-900 btn mb-3 font-weight-bold\"> naro\u010di branje\t\t\t\t<\/button><\/a>\n\t\t<\/div>\n\t<\/div>\n<\/div><div id=\"witch-feature-container-block_60ddfa9a97fba\" class=\"witch-feature-container container-fluid witch-feature-container\">\n\t<div class=\"flex-md-row bg-gray-100 flex-column row my-4 shadow-sm border\">\n\t\t<div class=\"col p-3 d-flex align-content-center justify-content-center\">\n\t\t\t<img loading=\"lazy\" decoding=\"async\" width=\"1134\" height=\"756\" src=\"https:\/\/svarunica.com\/wp-content\/uploads\/2021\/07\/community_veles.jpg\" class=\"witch-feature-container-image\" alt=\"veles community with svarunica store - Slovenia\" srcset=\"https:\/\/svarunica.com\/wp-content\/uploads\/2021\/07\/community_veles.jpg 1134w, https:\/\/svarunica.com\/wp-content\/uploads\/2021\/07\/community_veles-300x200.jpg 300w, https:\/\/svarunica.com\/wp-content\/uploads\/2021\/07\/community_veles-1024x683.jpg 1024w, https:\/\/svarunica.com\/wp-content\/uploads\/2021\/07\/community_veles-768x512.jpg 768w, https:\/\/svarunica.com\/wp-content\/uploads\/2021\/07\/community_veles-600x400.jpg 600w\" sizes=\"auto, (max-width: 1134px) 100vw, 1134px\" \/>\t\t<\/div>\n\t\t<div class=\"col pt-1 pb-3 py-md-5 px-4 mr-lg-1\">\n\t\t\t<h2 class=\"witch-feature-title\">Skupnost<\/h2>\n\t\t\t<p>V na\u0161i osrednjeslovenski skupnosti se zbiramo na letnih obredih po starih obi\u010dajih v osrednji Sloveniji ter za druge prilo\u017enosti.\r\nNa\u0161a dru\u017eenja potekajo v sklopu na\u0161ega centra lokalno \u017ee od l. 2011.\r\nVabljeni, da se nam pridru\u017eite &#8211; pi\u0161ite nam na drustvo.veles@gmail.com oz. irena@svarunica.com oz. se prijavite na na\u0161e novice preko vmesnika.\r\n<\/p>\n\t\t\t<a href=\"\/sl\/skupnost\"><button type=\"button\" class=\" button-secondary btn mb-3 font-weight-bold\"> Preberi ve\u010d\t\t\t\t<\/button><\/a>\n\t\t<\/div>\n\t<\/div>\n<\/div>","protected":false},"excerpt":{"rendered":"","protected":false},"author":1,"featured_media":0,"parent":0,"menu_order":0,"comment_status":"closed","ping_status":"closed","template":"","meta":{"footnotes":""},"class_list":["post-1856","page","type-page","status-publish","hentry"],"yoast_head":"<!-- This site is optimized with the Yoast SEO plugin v23.9 - https:\/\/yoast.com\/wordpress\/plugins\/seo\/ -->\n<title>Domov - Svarunica<\/title>\n<meta name=\"robots\" content=\"index, follow, max-snippet:-1, max-image-preview:large, max-video-preview:-1\" \/>\n<link rel=\"canonical\" href=\"https:\/\/svarunica.com\/sl\/\" \/>\n<meta property=\"og:locale\" content=\"sl_SI\" \/>\n<meta property=\"og:type\" content=\"article\" \/>\n<meta property=\"og:title\" content=\"Domov - Svarunica\" \/>\n<meta property=\"og:url\" content=\"https:\/\/svarunica.com\/sl\/\" \/>\n<meta property=\"og:site_name\" content=\"Svarunica\" \/>\n<meta property=\"article:modified_time\" content=\"2025-12-23T07:38:57+00:00\" \/>\n<meta name=\"twitter:card\" content=\"summary_large_image\" \/>\n<script type=\"application\/ld+json\" class=\"yoast-schema-graph\">{\"@context\":\"https:\/\/schema.org\",\"@graph\":[{\"@type\":\"WebPage\",\"@id\":\"https:\/\/svarunica.com\/sl\/\",\"url\":\"https:\/\/svarunica.com\/sl\/\",\"name\":\"Domov - Svarunica\",\"isPartOf\":{\"@id\":\"https:\/\/svarunica.com\/#website\"},\"datePublished\":\"2021-09-21T17:18:11+00:00\",\"dateModified\":\"2025-12-23T07:38:57+00:00\",\"breadcrumb\":{\"@id\":\"https:\/\/svarunica.com\/sl\/#breadcrumb\"},\"inLanguage\":\"sl-SI\",\"potentialAction\":[{\"@type\":\"ReadAction\",\"target\":[\"https:\/\/svarunica.com\/sl\/\"]}]},{\"@type\":\"BreadcrumbList\",\"@id\":\"https:\/\/svarunica.com\/sl\/#breadcrumb\",\"itemListElement\":[{\"@type\":\"ListItem\",\"position\":1,\"name\":\"Home\",\"item\":\"https:\/\/svarunica.com\/sl\/\"},{\"@type\":\"ListItem\",\"position\":2,\"name\":\"Domov\"}]},{\"@type\":\"WebSite\",\"@id\":\"https:\/\/svarunica.com\/#website\",\"url\":\"https:\/\/svarunica.com\/\",\"name\":\"Svarunica\",\"description\":\"\",\"publisher\":{\"@id\":\"https:\/\/svarunica.com\/#organization\"},\"potentialAction\":[{\"@type\":\"SearchAction\",\"target\":{\"@type\":\"EntryPoint\",\"urlTemplate\":\"https:\/\/svarunica.com\/?s={search_term_string}\"},\"query-input\":{\"@type\":\"PropertyValueSpecification\",\"valueRequired\":true,\"valueName\":\"search_term_string\"}}],\"inLanguage\":\"sl-SI\"},{\"@type\":\"Organization\",\"@id\":\"https:\/\/svarunica.com\/#organization\",\"name\":\"Svarunica\",\"url\":\"https:\/\/svarunica.com\/\",\"logo\":{\"@type\":\"ImageObject\",\"inLanguage\":\"sl-SI\",\"@id\":\"https:\/\/svarunica.com\/#\/schema\/logo\/image\/\",\"url\":\"https:\/\/svarunica.com\/wp-content\/uploads\/2021\/07\/cropped-cropped-svarunica-text-2.png\",\"contentUrl\":\"https:\/\/svarunica.com\/wp-content\/uploads\/2021\/07\/cropped-cropped-svarunica-text-2.png\",\"width\":676,\"height\":179,\"caption\":\"Svarunica\"},\"image\":{\"@id\":\"https:\/\/svarunica.com\/#\/schema\/logo\/image\/\"}}]}<\/script>\n<!-- \/ Yoast SEO plugin. -->","yoast_head_json":{"title":"Domov - Svarunica","robots":{"index":"index","follow":"follow","max-snippet":"max-snippet:-1","max-image-preview":"max-image-preview:large","max-video-preview":"max-video-preview:-1"},"canonical":"https:\/\/svarunica.com\/sl\/","og_locale":"sl_SI","og_type":"article","og_title":"Domov - Svarunica","og_url":"https:\/\/svarunica.com\/sl\/","og_site_name":"Svarunica","article_modified_time":"2025-12-23T07:38:57+00:00","twitter_card":"summary_large_image","schema":{"@context":"https:\/\/schema.org","@graph":[{"@type":"WebPage","@id":"https:\/\/svarunica.com\/sl\/","url":"https:\/\/svarunica.com\/sl\/","name":"Domov - Svarunica","isPartOf":{"@id":"https:\/\/svarunica.com\/#website"},"datePublished":"2021-09-21T17:18:11+00:00","dateModified":"2025-12-23T07:38:57+00:00","breadcrumb":{"@id":"https:\/\/svarunica.com\/sl\/#breadcrumb"},"inLanguage":"sl-SI","potentialAction":[{"@type":"ReadAction","target":["https:\/\/svarunica.com\/sl\/"]}]},{"@type":"BreadcrumbList","@id":"https:\/\/svarunica.com\/sl\/#breadcrumb","itemListElement":[{"@type":"ListItem","position":1,"name":"Home","item":"https:\/\/svarunica.com\/sl\/"},{"@type":"ListItem","position":2,"name":"Domov"}]},{"@type":"WebSite","@id":"https:\/\/svarunica.com\/#website","url":"https:\/\/svarunica.com\/","name":"Svarunica","description":"","publisher":{"@id":"https:\/\/svarunica.com\/#organization"},"potentialAction":[{"@type":"SearchAction","target":{"@type":"EntryPoint","urlTemplate":"https:\/\/svarunica.com\/?s={search_term_string}"},"query-input":{"@type":"PropertyValueSpecification","valueRequired":true,"valueName":"search_term_string"}}],"inLanguage":"sl-SI"},{"@type":"Organization","@id":"https:\/\/svarunica.com\/#organization","name":"Svarunica","url":"https:\/\/svarunica.com\/","logo":{"@type":"ImageObject","inLanguage":"sl-SI","@id":"https:\/\/svarunica.com\/#\/schema\/logo\/image\/","url":"https:\/\/svarunica.com\/wp-content\/uploads\/2021\/07\/cropped-cropped-svarunica-text-2.png","contentUrl":"https:\/\/svarunica.com\/wp-content\/uploads\/2021\/07\/cropped-cropped-svarunica-text-2.png","width":676,"height":179,"caption":"Svarunica"},"image":{"@id":"https:\/\/svarunica.com\/#\/schema\/logo\/image\/"}}]}},"_links":{"self":[{"href":"https:\/\/svarunica.com\/sl\/wp-json\/wp\/v2\/pages\/1856","targetHints":{"allow":["GET"]}}],"collection":[{"href":"https:\/\/svarunica.com\/sl\/wp-json\/wp\/v2\/pages"}],"about":[{"href":"https:\/\/svarunica.com\/sl\/wp-json\/wp\/v2\/types\/page"}],"author":[{"embeddable":true,"href":"https:\/\/svarunica.com\/sl\/wp-json\/wp\/v2\/users\/1"}],"replies":[{"embeddable":true,"href":"https:\/\/svarunica.com\/sl\/wp-json\/wp\/v2\/comments?post=1856"}],"version-history":[{"count":200,"href":"https:\/\/svarunica.com\/sl\/wp-json\/wp\/v2\/pages\/1856\/revisions"}],"predecessor-version":[{"id":17040,"href":"https:\/\/svarunica.com\/sl\/wp-json\/wp\/v2\/pages\/1856\/revisions\/17040"}],"wp:attachment":[{"href":"https:\/\/svarunica.com\/sl\/wp-json\/wp\/v2\/media?parent=1856"}],"curies":[{"name":"wp","href":"https:\/\/api.w.org\/{rel}","templated":true}]}}