{"id":4162,"date":"2022-06-07T13:14:10","date_gmt":"2022-06-07T11:14:10","guid":{"rendered":"https:\/\/svarunica.com\/?page_id=4162"},"modified":"2022-06-08T13:02:16","modified_gmt":"2022-06-08T11:02:16","slug":"poletno-kresovanje-po-starem-2022","status":"publish","type":"page","link":"https:\/\/svarunica.com\/sl\/poletno-kresovanje-po-starem-2022\/","title":{"rendered":"Poletno kresovanje po starem 2022"},"content":{"rendered":"<p class=\"has-text-align-center\">Gori, gori, svetli Kres,<br>\u0161vigaj plamen do nebes,<br>tukaj ima\u0161 prostor svoj,<br>z nami se raduj nocoj.<\/p><figure class=\"wp-block-image size-full\"><img loading=\"lazy\" decoding=\"async\" width=\"1000\" height=\"868\" src=\"https:\/\/svarunica.com\/wp-content\/uploads\/2022\/06\/vabilo-kres-x.jpg\" alt=\"\" class=\"wp-image-4165\" srcset=\"https:\/\/svarunica.com\/wp-content\/uploads\/2022\/06\/vabilo-kres-x.jpg 1000w, https:\/\/svarunica.com\/wp-content\/uploads\/2022\/06\/vabilo-kres-x-300x260.jpg 300w, https:\/\/svarunica.com\/wp-content\/uploads\/2022\/06\/vabilo-kres-x-768x667.jpg 768w, https:\/\/svarunica.com\/wp-content\/uploads\/2022\/06\/vabilo-kres-x-600x521.jpg 600w\" sizes=\"auto, (max-width: 1000px) 100vw, 1000px\" \/><\/figure><p>Sr\u010dno vas vabimo na na\u0161&nbsp;<strong>osrednjeslovenski kres<\/strong>&nbsp;po starem, ki neprekinjeno gori na ta poseben praznik na na\u0161i posesti \u00bbHru\u0161ovje\u00ab pod Limbarsko goro \u017ee vse od leta 2011.<br>\u017de dolgo negujemo stara izro\u010dila, poleg raziskovanj in poljudne promocije skozi razli\u010dne projekte tudi tako, da nadaljujemo tradicijo prednikov, smotrno z razvojem \u010dasa, s praznovanjem in po\u010dastitvijo letnih mejnikov, vklju\u010dujo\u010d avtohtone elemente in zna\u010dilne ljudske pesmi.<\/p><p><\/p><p><strong>V na\u0161 krog vas vabimo v petek \u2013 24.6.2022 ob 17h<\/strong>:<\/p><p>Po tem, ko bomo vsi zbrani, gremo na kraj\u0161i sprehod do \u201cvotlega kamna\u201d, katerega omenja tudi etnolog Zmago \u0160mitek.<br>Na sprehodu bomo nabrali praprot in drugo rastlinje za ustvarjanje naglavnih ven\u010dkov ter za obredni krog.<br>\u017denski del dru\u017ebe bo spletal ven\u010dke, mo\u0161ki del pa pripravil vse potrebno za\u00a0kres.<br>\u010ce bo med nami tudi ve\u010dje \u0161tevilo otrok, bomo naredili mini bralni krog s pravljico o Kresniku, prav tako pa bomo priredili lov na zaklad.<br>Odrasli se med tem podru\u017eimo in poklepetamo. Kdor \u017eeli, se lahko preizkusi\u00a0tudi v streljanju z lokom.<br>Okvirno med 19.30 in 19. uro\u00a0se posedemo\u00a0v krog, sledi uvodni nagovor nato pa skupna debata o pomembnosti vpletanja starodavnih znanj v vsakdanje \u017eivljenje, ki se prelije v sam obred.<br>\u010ce kaj ustvarjate, prinesite s seboj in predstavite svoje delo ter njegov pomen delite z vsemi nami.<\/p><p>Za\u017eeleno je, da smo oble\u010deni v belo barvo, ki jo lahko kombiniramo belo\/rde\u010de\/\u010drno.<\/p><p>Obred pri\u010dnemo s kajenjem prostora, vklju\u010dujemo tradicionalne pesmi, daritve, zahvale, pripro\u0161nje\u00a0in tipi\u010dne geste ob ognju, za\u017eig kolesa in tradicionalno preskakovanje ognja za zdravje in utrditev vezi.<br>Za\u017eeleno je, da vsak prinese\u00a0<strong>kaj za pod zob in za po grlu<\/strong>, in se nato dru\u017eimo ob ognju \u0161e v no\u010d v\u00a0<strong>skupni gostiji.<\/strong><br><strong>S seboj prinesite tudi nekaj sve\u017ee vode.<\/strong><br><br><strong>Veselimo se kresovanja po starem, na sveti ve\u010der poroke med nebom in zemljo z vsemi vami, ki duha prednikov ne \u010dutite kot zgolj spo\u0161tovanje preteklosti marve\u010d v njem vidite predvsem temelj za izgradnjo\u00a0bolj\u0161e prihodnosti.<\/strong><\/p><p><\/p><p>Navodila za pot najdete na<a href=\"https:\/\/svarunica.com\/sl\/navodila-za-pot-in-druge-info-kres-2022\/\"> TEJ POVEZAVI<\/a>, kot tudi dodatne informacije &#8211; o posesti, kaj prinesti s seboj itd.<\/p><p><\/p><p>\u010ce bi se nam radi pridru\u017eili in niste na\u0161li ustreznih informacij, ki vas zanimajo, nam pi\u0161ite na&nbsp;<strong>drustvo.veles@gmail.com<\/strong>  <\/p><figure class=\"wp-block-image size-full\"><img loading=\"lazy\" decoding=\"async\" width=\"1000\" height=\"868\" src=\"https:\/\/svarunica.com\/wp-content\/uploads\/2022\/06\/vabilo-kres-1x.jpg\" alt=\"kres 2022 zupa veles\" class=\"wp-image-4163\" srcset=\"https:\/\/svarunica.com\/wp-content\/uploads\/2022\/06\/vabilo-kres-1x.jpg 1000w, https:\/\/svarunica.com\/wp-content\/uploads\/2022\/06\/vabilo-kres-1x-300x260.jpg 300w, https:\/\/svarunica.com\/wp-content\/uploads\/2022\/06\/vabilo-kres-1x-768x667.jpg 768w, https:\/\/svarunica.com\/wp-content\/uploads\/2022\/06\/vabilo-kres-1x-600x521.jpg 600w\" sizes=\"auto, (max-width: 1000px) 100vw, 1000px\" \/><\/figure>","protected":false},"excerpt":{"rendered":"<p>Gori, gori, svetli Kres,\u0161vigaj plamen do nebes,tukaj ima\u0161 prostor svoj,z nami se raduj nocoj. Sr\u010dno vas vabimo na na\u0161&nbsp;osrednjeslovenski kres&nbsp;po starem, ki neprekinjeno gori na ta poseben praznik na na\u0161i posesti \u00bbHru\u0161ovje\u00ab pod Limbarsko goro \u017ee vse od leta 2011.\u017de dolgo negujemo stara izro\u010dila, poleg raziskovanj in poljudne promocije skozi razli\u010dne projekte tudi tako, da [&hellip;]<\/p>\n","protected":false},"author":1,"featured_media":0,"parent":0,"menu_order":0,"comment_status":"closed","ping_status":"closed","template":"","meta":{"footnotes":""},"class_list":["post-4162","page","type-page","status-publish","hentry"],"yoast_head":"<!-- This site is optimized with the Yoast SEO plugin v23.9 - https:\/\/yoast.com\/wordpress\/plugins\/seo\/ -->\n<title>Poletno kresovanje po starem 2022 - Svarunica<\/title>\n<meta name=\"robots\" content=\"index, follow, max-snippet:-1, max-image-preview:large, max-video-preview:-1\" \/>\n<link rel=\"canonical\" href=\"https:\/\/svarunica.com\/sl\/poletno-kresovanje-po-starem-2022\/\" \/>\n<meta property=\"og:locale\" content=\"sl_SI\" \/>\n<meta property=\"og:type\" content=\"article\" \/>\n<meta property=\"og:title\" content=\"Poletno kresovanje po starem 2022 - Svarunica\" \/>\n<meta property=\"og:description\" content=\"Gori, gori, svetli Kres,\u0161vigaj plamen do nebes,tukaj ima\u0161 prostor svoj,z nami se raduj nocoj. Sr\u010dno vas vabimo na na\u0161&nbsp;osrednjeslovenski kres&nbsp;po starem, ki neprekinjeno gori na ta poseben praznik na na\u0161i posesti \u00bbHru\u0161ovje\u00ab pod Limbarsko goro \u017ee vse od leta 2011.\u017de dolgo negujemo stara izro\u010dila, poleg raziskovanj in poljudne promocije skozi razli\u010dne projekte tudi tako, da [&hellip;]\" \/>\n<meta property=\"og:url\" content=\"https:\/\/svarunica.com\/sl\/poletno-kresovanje-po-starem-2022\/\" \/>\n<meta property=\"og:site_name\" content=\"Svarunica\" \/>\n<meta property=\"article:modified_time\" content=\"2022-06-08T11:02:16+00:00\" \/>\n<meta property=\"og:image\" content=\"https:\/\/svarunica.com\/wp-content\/uploads\/2022\/06\/vabilo-kres-x.jpg\" \/>\n<meta name=\"twitter:card\" content=\"summary_large_image\" \/>\n<meta name=\"twitter:label1\" content=\"Est. reading time\" \/>\n\t<meta name=\"twitter:data1\" content=\"3 minute\" \/>\n<script type=\"application\/ld+json\" class=\"yoast-schema-graph\">{\"@context\":\"https:\/\/schema.org\",\"@graph\":[{\"@type\":\"WebPage\",\"@id\":\"https:\/\/svarunica.com\/sl\/poletno-kresovanje-po-starem-2022\/\",\"url\":\"https:\/\/svarunica.com\/sl\/poletno-kresovanje-po-starem-2022\/\",\"name\":\"Poletno kresovanje po starem 2022 - Svarunica\",\"isPartOf\":{\"@id\":\"https:\/\/svarunica.com\/#website\"},\"primaryImageOfPage\":{\"@id\":\"https:\/\/svarunica.com\/sl\/poletno-kresovanje-po-starem-2022\/#primaryimage\"},\"image\":{\"@id\":\"https:\/\/svarunica.com\/sl\/poletno-kresovanje-po-starem-2022\/#primaryimage\"},\"thumbnailUrl\":\"https:\/\/svarunica.com\/wp-content\/uploads\/2022\/06\/vabilo-kres-x.jpg\",\"datePublished\":\"2022-06-07T11:14:10+00:00\",\"dateModified\":\"2022-06-08T11:02:16+00:00\",\"breadcrumb\":{\"@id\":\"https:\/\/svarunica.com\/sl\/poletno-kresovanje-po-starem-2022\/#breadcrumb\"},\"inLanguage\":\"sl-SI\",\"potentialAction\":[{\"@type\":\"ReadAction\",\"target\":[\"https:\/\/svarunica.com\/sl\/poletno-kresovanje-po-starem-2022\/\"]}]},{\"@type\":\"ImageObject\",\"inLanguage\":\"sl-SI\",\"@id\":\"https:\/\/svarunica.com\/sl\/poletno-kresovanje-po-starem-2022\/#primaryimage\",\"url\":\"https:\/\/svarunica.com\/wp-content\/uploads\/2022\/06\/vabilo-kres-x.jpg\",\"contentUrl\":\"https:\/\/svarunica.com\/wp-content\/uploads\/2022\/06\/vabilo-kres-x.jpg\"},{\"@type\":\"BreadcrumbList\",\"@id\":\"https:\/\/svarunica.com\/sl\/poletno-kresovanje-po-starem-2022\/#breadcrumb\",\"itemListElement\":[{\"@type\":\"ListItem\",\"position\":1,\"name\":\"Home\",\"item\":\"https:\/\/svarunica.com\/sl\/\"},{\"@type\":\"ListItem\",\"position\":2,\"name\":\"Poletno kresovanje po starem 2022\"}]},{\"@type\":\"WebSite\",\"@id\":\"https:\/\/svarunica.com\/#website\",\"url\":\"https:\/\/svarunica.com\/\",\"name\":\"Svarunica\",\"description\":\"\",\"publisher\":{\"@id\":\"https:\/\/svarunica.com\/#organization\"},\"potentialAction\":[{\"@type\":\"SearchAction\",\"target\":{\"@type\":\"EntryPoint\",\"urlTemplate\":\"https:\/\/svarunica.com\/?s={search_term_string}\"},\"query-input\":{\"@type\":\"PropertyValueSpecification\",\"valueRequired\":true,\"valueName\":\"search_term_string\"}}],\"inLanguage\":\"sl-SI\"},{\"@type\":\"Organization\",\"@id\":\"https:\/\/svarunica.com\/#organization\",\"name\":\"Svarunica\",\"url\":\"https:\/\/svarunica.com\/\",\"logo\":{\"@type\":\"ImageObject\",\"inLanguage\":\"sl-SI\",\"@id\":\"https:\/\/svarunica.com\/#\/schema\/logo\/image\/\",\"url\":\"https:\/\/svarunica.com\/wp-content\/uploads\/2021\/07\/cropped-cropped-svarunica-text-2.png\",\"contentUrl\":\"https:\/\/svarunica.com\/wp-content\/uploads\/2021\/07\/cropped-cropped-svarunica-text-2.png\",\"width\":676,\"height\":179,\"caption\":\"Svarunica\"},\"image\":{\"@id\":\"https:\/\/svarunica.com\/#\/schema\/logo\/image\/\"}}]}<\/script>\n<!-- \/ Yoast SEO plugin. -->","yoast_head_json":{"title":"Poletno kresovanje po starem 2022 - Svarunica","robots":{"index":"index","follow":"follow","max-snippet":"max-snippet:-1","max-image-preview":"max-image-preview:large","max-video-preview":"max-video-preview:-1"},"canonical":"https:\/\/svarunica.com\/sl\/poletno-kresovanje-po-starem-2022\/","og_locale":"sl_SI","og_type":"article","og_title":"Poletno kresovanje po starem 2022 - Svarunica","og_description":"Gori, gori, svetli Kres,\u0161vigaj plamen do nebes,tukaj ima\u0161 prostor svoj,z nami se raduj nocoj. Sr\u010dno vas vabimo na na\u0161&nbsp;osrednjeslovenski kres&nbsp;po starem, ki neprekinjeno gori na ta poseben praznik na na\u0161i posesti \u00bbHru\u0161ovje\u00ab pod Limbarsko goro \u017ee vse od leta 2011.\u017de dolgo negujemo stara izro\u010dila, poleg raziskovanj in poljudne promocije skozi razli\u010dne projekte tudi tako, da [&hellip;]","og_url":"https:\/\/svarunica.com\/sl\/poletno-kresovanje-po-starem-2022\/","og_site_name":"Svarunica","article_modified_time":"2022-06-08T11:02:16+00:00","og_image":[{"url":"https:\/\/svarunica.com\/wp-content\/uploads\/2022\/06\/vabilo-kres-x.jpg"}],"twitter_card":"summary_large_image","twitter_misc":{"Est. reading time":"3 minute"},"schema":{"@context":"https:\/\/schema.org","@graph":[{"@type":"WebPage","@id":"https:\/\/svarunica.com\/sl\/poletno-kresovanje-po-starem-2022\/","url":"https:\/\/svarunica.com\/sl\/poletno-kresovanje-po-starem-2022\/","name":"Poletno kresovanje po starem 2022 - Svarunica","isPartOf":{"@id":"https:\/\/svarunica.com\/#website"},"primaryImageOfPage":{"@id":"https:\/\/svarunica.com\/sl\/poletno-kresovanje-po-starem-2022\/#primaryimage"},"image":{"@id":"https:\/\/svarunica.com\/sl\/poletno-kresovanje-po-starem-2022\/#primaryimage"},"thumbnailUrl":"https:\/\/svarunica.com\/wp-content\/uploads\/2022\/06\/vabilo-kres-x.jpg","datePublished":"2022-06-07T11:14:10+00:00","dateModified":"2022-06-08T11:02:16+00:00","breadcrumb":{"@id":"https:\/\/svarunica.com\/sl\/poletno-kresovanje-po-starem-2022\/#breadcrumb"},"inLanguage":"sl-SI","potentialAction":[{"@type":"ReadAction","target":["https:\/\/svarunica.com\/sl\/poletno-kresovanje-po-starem-2022\/"]}]},{"@type":"ImageObject","inLanguage":"sl-SI","@id":"https:\/\/svarunica.com\/sl\/poletno-kresovanje-po-starem-2022\/#primaryimage","url":"https:\/\/svarunica.com\/wp-content\/uploads\/2022\/06\/vabilo-kres-x.jpg","contentUrl":"https:\/\/svarunica.com\/wp-content\/uploads\/2022\/06\/vabilo-kres-x.jpg"},{"@type":"BreadcrumbList","@id":"https:\/\/svarunica.com\/sl\/poletno-kresovanje-po-starem-2022\/#breadcrumb","itemListElement":[{"@type":"ListItem","position":1,"name":"Home","item":"https:\/\/svarunica.com\/sl\/"},{"@type":"ListItem","position":2,"name":"Poletno kresovanje po starem 2022"}]},{"@type":"WebSite","@id":"https:\/\/svarunica.com\/#website","url":"https:\/\/svarunica.com\/","name":"Svarunica","description":"","publisher":{"@id":"https:\/\/svarunica.com\/#organization"},"potentialAction":[{"@type":"SearchAction","target":{"@type":"EntryPoint","urlTemplate":"https:\/\/svarunica.com\/?s={search_term_string}"},"query-input":{"@type":"PropertyValueSpecification","valueRequired":true,"valueName":"search_term_string"}}],"inLanguage":"sl-SI"},{"@type":"Organization","@id":"https:\/\/svarunica.com\/#organization","name":"Svarunica","url":"https:\/\/svarunica.com\/","logo":{"@type":"ImageObject","inLanguage":"sl-SI","@id":"https:\/\/svarunica.com\/#\/schema\/logo\/image\/","url":"https:\/\/svarunica.com\/wp-content\/uploads\/2021\/07\/cropped-cropped-svarunica-text-2.png","contentUrl":"https:\/\/svarunica.com\/wp-content\/uploads\/2021\/07\/cropped-cropped-svarunica-text-2.png","width":676,"height":179,"caption":"Svarunica"},"image":{"@id":"https:\/\/svarunica.com\/#\/schema\/logo\/image\/"}}]}},"_links":{"self":[{"href":"https:\/\/svarunica.com\/sl\/wp-json\/wp\/v2\/pages\/4162","targetHints":{"allow":["GET"]}}],"collection":[{"href":"https:\/\/svarunica.com\/sl\/wp-json\/wp\/v2\/pages"}],"about":[{"href":"https:\/\/svarunica.com\/sl\/wp-json\/wp\/v2\/types\/page"}],"author":[{"embeddable":true,"href":"https:\/\/svarunica.com\/sl\/wp-json\/wp\/v2\/users\/1"}],"replies":[{"embeddable":true,"href":"https:\/\/svarunica.com\/sl\/wp-json\/wp\/v2\/comments?post=4162"}],"version-history":[{"count":6,"href":"https:\/\/svarunica.com\/sl\/wp-json\/wp\/v2\/pages\/4162\/revisions"}],"predecessor-version":[{"id":4195,"href":"https:\/\/svarunica.com\/sl\/wp-json\/wp\/v2\/pages\/4162\/revisions\/4195"}],"wp:attachment":[{"href":"https:\/\/svarunica.com\/sl\/wp-json\/wp\/v2\/media?parent=4162"}],"curies":[{"name":"wp","href":"https:\/\/api.w.org\/{rel}","templated":true}]}}