{"id":6591,"date":"2022-11-28T11:34:40","date_gmt":"2022-11-28T10:34:40","guid":{"rendered":"https:\/\/svarunica.com\/?page_id=6591"},"modified":"2022-11-28T11:46:32","modified_gmt":"2022-11-28T10:46:32","slug":"koledar-2023-bozanskost-zelezne-dobe-in-sveto-rastlinje-v-nasih-krajih","status":"publish","type":"page","link":"https:\/\/svarunica.com\/sl\/koledar-2023-bozanskost-zelezne-dobe-in-sveto-rastlinje-v-nasih-krajih\/","title":{"rendered":"Koledar 2023: Bo\u017eanskost \u017eelezne dobe in sveto rastlinje v na\u0161ih krajih"},"content":{"rendered":"<figure class=\"wp-block-image size-full is-resized\"><img loading=\"lazy\" decoding=\"async\" src=\"https:\/\/svarunica.com\/wp-content\/uploads\/2022\/11\/IMG_20221127_132640-\u2013-kopija.jpg\" alt=\"calendar svarunica iron age \" class=\"wp-image-6578\" width=\"560\" height=\"417\"\/><\/figure><p>Tokrat praznujemo 15. obletnico izdajanja na\u0161ih<br>tradicionalnih stenskih koledarjev!<br>Veseli, ponosni smo, da nam je zopet uspelo in so<br>vam zopet na razpolago, da v domove ponesejo<br>kan\u010dek na\u0161e \u010dudovite, bogate preteklosti, ki nas vzpodbuja,<br>da \u017eivimo lep\u0161e, bolj zdravo, bolj povezano tudi dandanes.<br><br>Edinstveni, letni, stenski koledarji,<br>z vpogledom v kulturno preteklost,<br>mitolo\u0161ki in obredni svet na\u0161ih prednikov, so<br>narejeni s sr\u010dno predanostjo.<\/p><figure class=\"wp-block-image size-full is-resized\"><img loading=\"lazy\" decoding=\"async\" src=\"https:\/\/svarunica.com\/wp-content\/uploads\/2022\/11\/IMG_20221127_133644.jpg\" alt=\"calendar iron age svarunica\" class=\"wp-image-6584\" width=\"558\" height=\"417\"\/><\/figure><p>Tokrat so posebni, ker gremo \u0161e dlje nazaj v \u010das.<br>V bo\u017eanskost \u017eelezne dobe.<br>Tja dale\u010d nazaj v prvo tiso\u010dletje pred na\u0161im \u0161tetjem, <br>kjer raziskujemo izvore in nadalnji razvoj duhovnega sveta prednikov.<\/p><p>Koledar vsebuje avtorske ilustracije, spremne opise<br>in \u0161tevil\u010dnico z ozna\u010denimi tako aktualnimi, dr\u017eavnimi, kot<br>domorodnimi prazniki ter luninimi menami.<\/p><p>Koledar spremlja tudi novo izdana knjiga v e-obliki<br>z enakim naslovom v obsegu 110 strani.<br>V njej je najti raz\u0161irjene informacije<br>o starodavnih bo\u017eanstvih in njihovem razvoju.<br>V manj\u0161i meri so na voljo tudi opisi zdravilnih in<br>magi\u010dnih zeli v na\u0161ih krajih, ki jih povezujemo z<br>doti\u010dnimi bo\u017eanstvi v knjigi in koledarju.<\/p><figure class=\"wp-block-image size-full is-resized\"><img loading=\"lazy\" decoding=\"async\" src=\"https:\/\/svarunica.com\/wp-content\/uploads\/2022\/11\/IMG_20221127_133211-\u2013-kopija.jpg\" alt=\"\" class=\"wp-image-6580\" width=\"557\" height=\"417\" srcset=\"https:\/\/svarunica.com\/wp-content\/uploads\/2022\/11\/IMG_20221127_133211-\u2013-kopija.jpg 1000w, https:\/\/svarunica.com\/wp-content\/uploads\/2022\/11\/IMG_20221127_133211-\u2013-kopija-300x225.jpg 300w, https:\/\/svarunica.com\/wp-content\/uploads\/2022\/11\/IMG_20221127_133211-\u2013-kopija-768x576.jpg 768w, https:\/\/svarunica.com\/wp-content\/uploads\/2022\/11\/IMG_20221127_133211-\u2013-kopija-600x450.jpg 600w\" sizes=\"auto, (max-width: 557px) 100vw, 557px\" \/><\/figure><figure class=\"wp-block-image size-full is-resized\"><img loading=\"lazy\" decoding=\"async\" src=\"https:\/\/svarunica.com\/wp-content\/uploads\/2022\/11\/IMG_20221127_133532-\u2013-kopija.jpg\" alt=\"\" class=\"wp-image-6582\" width=\"557\" height=\"416\"\/><\/figure><p>12 bo\u017eanstev v koledarju in knjigi:<br>Baba, Kurent, Tana, Vidas, Noreja, Kresnik (porimljanjeni Jupiter Depulsor), Reitija, Istra, Belin, Ekorna, Labur, Trimu\u017ejat.<br>Cena koledarja je 19,50 eur.<\/p><p><br>Koledar lahko dobite v kompletu z na\u0161o knjigo, kjer najdete raz\u0161irjeno vsebino na\u0161ega koledarja, kjer je vsako bo\u017eanstvo, \u0161e iz \u010dasa pred na\u0161im \u0161tetjem, izpri\u010dano na nekaj straneh z dodatkom rastline, ki jo z njim povezujemo.<br>Pri naro\u010dilu kompleta boste prihranili 4 eure.<br><\/p><p>Nakup koledarja v na\u0161i trgovinici (klikni):<\/p><figure class=\"wp-block-image size-full is-resized\"><img loading=\"lazy\" decoding=\"async\" src=\"https:\/\/svarunica.com\/wp-content\/uploads\/2022\/11\/IMG_20221127_132640-\u2013-kopija.jpg\" alt=\"calendar svarunica iron age \" class=\"wp-image-6578\" width=\"287\" height=\"215\" srcset=\"https:\/\/svarunica.com\/wp-content\/uploads\/2022\/11\/IMG_20221127_132640-\u2013-kopija.jpg 1000w, https:\/\/svarunica.com\/wp-content\/uploads\/2022\/11\/IMG_20221127_132640-\u2013-kopija-300x225.jpg 300w, https:\/\/svarunica.com\/wp-content\/uploads\/2022\/11\/IMG_20221127_132640-\u2013-kopija-768x576.jpg 768w, https:\/\/svarunica.com\/wp-content\/uploads\/2022\/11\/IMG_20221127_132640-\u2013-kopija-600x450.jpg 600w\" sizes=\"auto, (max-width: 287px) 100vw, 287px\" \/><\/figure><p>Nakup knjige:<\/p><p>Nakup kompleta:<\/p><p>Nakup ponatisa koledarja za 2023: Staroslovanski svet mitologije in \u010darobnih, zdravilnih rastlin:<\/p><figure class=\"wp-block-image size-full is-resized\"><img loading=\"lazy\" decoding=\"async\" src=\"https:\/\/svarunica.com\/wp-content\/uploads\/2022\/11\/IMG_20221127_130025.jpg\" alt=\"\" class=\"wp-image-6595\" width=\"285\" height=\"213\" srcset=\"https:\/\/svarunica.com\/wp-content\/uploads\/2022\/11\/IMG_20221127_130025.jpg 1000w, https:\/\/svarunica.com\/wp-content\/uploads\/2022\/11\/IMG_20221127_130025-300x225.jpg 300w, https:\/\/svarunica.com\/wp-content\/uploads\/2022\/11\/IMG_20221127_130025-768x576.jpg 768w, https:\/\/svarunica.com\/wp-content\/uploads\/2022\/11\/IMG_20221127_130025-600x450.jpg 600w\" sizes=\"auto, (max-width: 285px) 100vw, 285px\" \/><\/figure>","protected":false},"excerpt":{"rendered":"<p>Tokrat praznujemo 15. obletnico izdajanja na\u0161ihtradicionalnih stenskih koledarjev!Veseli, ponosni smo, da nam je zopet uspelo in sovam zopet na razpolago, da v domove ponesejokan\u010dek na\u0161e \u010dudovite, bogate preteklosti, ki nas vzpodbuja,da \u017eivimo lep\u0161e, bolj zdravo, bolj povezano tudi dandanes. Edinstveni, letni, stenski koledarji,z vpogledom v kulturno preteklost,mitolo\u0161ki in obredni svet na\u0161ih prednikov, sonarejeni s sr\u010dno [&hellip;]<\/p>\n","protected":false},"author":1,"featured_media":0,"parent":0,"menu_order":0,"comment_status":"closed","ping_status":"closed","template":"","meta":{"footnotes":""},"class_list":["post-6591","page","type-page","status-publish","hentry"],"yoast_head":"<!-- This site is optimized with the Yoast SEO plugin v23.9 - https:\/\/yoast.com\/wordpress\/plugins\/seo\/ -->\n<title>Koledar 2023: Bo\u017eanskost \u017eelezne dobe in sveto rastlinje v na\u0161ih krajih - Svarunica<\/title>\n<meta name=\"description\" content=\"koledar 2023, mitolo\u0161ki koledar, \u017eelezna doba, slovanska mitologija, slovenski bogovi, \u017eeleznodobna duhovnost, \u017eelezna doba obredja, stara obredja, poganstvo\" \/>\n<meta name=\"robots\" content=\"index, follow, max-snippet:-1, max-image-preview:large, max-video-preview:-1\" \/>\n<link rel=\"canonical\" href=\"https:\/\/svarunica.com\/sl\/koledar-2023-bozanskost-zelezne-dobe-in-sveto-rastlinje-v-nasih-krajih\/\" \/>\n<meta property=\"og:locale\" content=\"sl_SI\" \/>\n<meta property=\"og:type\" content=\"article\" \/>\n<meta property=\"og:title\" content=\"Koledar 2023: Bo\u017eanskost \u017eelezne dobe in sveto rastlinje v na\u0161ih krajih - Svarunica\" \/>\n<meta property=\"og:description\" content=\"koledar 2023, mitolo\u0161ki koledar, \u017eelezna doba, slovanska mitologija, slovenski bogovi, \u017eeleznodobna duhovnost, \u017eelezna doba obredja, stara obredja, poganstvo\" \/>\n<meta property=\"og:url\" content=\"https:\/\/svarunica.com\/sl\/koledar-2023-bozanskost-zelezne-dobe-in-sveto-rastlinje-v-nasih-krajih\/\" \/>\n<meta property=\"og:site_name\" content=\"Svarunica\" \/>\n<meta property=\"article:modified_time\" content=\"2022-11-28T10:46:32+00:00\" \/>\n<meta property=\"og:image\" content=\"https:\/\/svarunica.com\/wp-content\/uploads\/2022\/11\/IMG_20221127_132640-\u2013-kopija.jpg\" \/>\n<meta name=\"twitter:card\" content=\"summary_large_image\" \/>\n<meta name=\"twitter:label1\" content=\"Est. reading time\" \/>\n\t<meta name=\"twitter:data1\" content=\"3 minute\" \/>\n<script type=\"application\/ld+json\" class=\"yoast-schema-graph\">{\"@context\":\"https:\/\/schema.org\",\"@graph\":[{\"@type\":\"WebPage\",\"@id\":\"https:\/\/svarunica.com\/sl\/koledar-2023-bozanskost-zelezne-dobe-in-sveto-rastlinje-v-nasih-krajih\/\",\"url\":\"https:\/\/svarunica.com\/sl\/koledar-2023-bozanskost-zelezne-dobe-in-sveto-rastlinje-v-nasih-krajih\/\",\"name\":\"Koledar 2023: Bo\u017eanskost \u017eelezne dobe in sveto rastlinje v na\u0161ih krajih - Svarunica\",\"isPartOf\":{\"@id\":\"https:\/\/svarunica.com\/#website\"},\"primaryImageOfPage\":{\"@id\":\"https:\/\/svarunica.com\/sl\/koledar-2023-bozanskost-zelezne-dobe-in-sveto-rastlinje-v-nasih-krajih\/#primaryimage\"},\"image\":{\"@id\":\"https:\/\/svarunica.com\/sl\/koledar-2023-bozanskost-zelezne-dobe-in-sveto-rastlinje-v-nasih-krajih\/#primaryimage\"},\"thumbnailUrl\":\"https:\/\/svarunica.com\/wp-content\/uploads\/2022\/11\/IMG_20221127_133644.jpg\",\"datePublished\":\"2022-11-28T10:34:40+00:00\",\"dateModified\":\"2022-11-28T10:46:32+00:00\",\"description\":\"koledar 2023, mitolo\u0161ki koledar, \u017eelezna doba, slovanska mitologija, slovenski bogovi, \u017eeleznodobna duhovnost, \u017eelezna doba obredja, stara obredja, poganstvo\",\"breadcrumb\":{\"@id\":\"https:\/\/svarunica.com\/sl\/koledar-2023-bozanskost-zelezne-dobe-in-sveto-rastlinje-v-nasih-krajih\/#breadcrumb\"},\"inLanguage\":\"sl-SI\",\"potentialAction\":[{\"@type\":\"ReadAction\",\"target\":[\"https:\/\/svarunica.com\/sl\/koledar-2023-bozanskost-zelezne-dobe-in-sveto-rastlinje-v-nasih-krajih\/\"]}]},{\"@type\":\"ImageObject\",\"inLanguage\":\"sl-SI\",\"@id\":\"https:\/\/svarunica.com\/sl\/koledar-2023-bozanskost-zelezne-dobe-in-sveto-rastlinje-v-nasih-krajih\/#primaryimage\",\"url\":\"https:\/\/svarunica.com\/wp-content\/uploads\/2022\/11\/IMG_20221127_133644.jpg\",\"contentUrl\":\"https:\/\/svarunica.com\/wp-content\/uploads\/2022\/11\/IMG_20221127_133644.jpg\"},{\"@type\":\"BreadcrumbList\",\"@id\":\"https:\/\/svarunica.com\/sl\/koledar-2023-bozanskost-zelezne-dobe-in-sveto-rastlinje-v-nasih-krajih\/#breadcrumb\",\"itemListElement\":[{\"@type\":\"ListItem\",\"position\":1,\"name\":\"Home\",\"item\":\"https:\/\/svarunica.com\/sl\/\"},{\"@type\":\"ListItem\",\"position\":2,\"name\":\"Koledar 2023: Bo\u017eanskost \u017eelezne dobe in sveto rastlinje v na\u0161ih krajih\"}]},{\"@type\":\"WebSite\",\"@id\":\"https:\/\/svarunica.com\/#website\",\"url\":\"https:\/\/svarunica.com\/\",\"name\":\"Svarunica\",\"description\":\"\",\"publisher\":{\"@id\":\"https:\/\/svarunica.com\/#organization\"},\"potentialAction\":[{\"@type\":\"SearchAction\",\"target\":{\"@type\":\"EntryPoint\",\"urlTemplate\":\"https:\/\/svarunica.com\/?s={search_term_string}\"},\"query-input\":{\"@type\":\"PropertyValueSpecification\",\"valueRequired\":true,\"valueName\":\"search_term_string\"}}],\"inLanguage\":\"sl-SI\"},{\"@type\":\"Organization\",\"@id\":\"https:\/\/svarunica.com\/#organization\",\"name\":\"Svarunica\",\"url\":\"https:\/\/svarunica.com\/\",\"logo\":{\"@type\":\"ImageObject\",\"inLanguage\":\"sl-SI\",\"@id\":\"https:\/\/svarunica.com\/#\/schema\/logo\/image\/\",\"url\":\"https:\/\/svarunica.com\/wp-content\/uploads\/2021\/07\/cropped-cropped-svarunica-text-2.png\",\"contentUrl\":\"https:\/\/svarunica.com\/wp-content\/uploads\/2021\/07\/cropped-cropped-svarunica-text-2.png\",\"width\":676,\"height\":179,\"caption\":\"Svarunica\"},\"image\":{\"@id\":\"https:\/\/svarunica.com\/#\/schema\/logo\/image\/\"}}]}<\/script>\n<!-- \/ Yoast SEO plugin. -->","yoast_head_json":{"title":"Koledar 2023: Bo\u017eanskost \u017eelezne dobe in sveto rastlinje v na\u0161ih krajih - Svarunica","description":"koledar 2023, mitolo\u0161ki koledar, \u017eelezna doba, slovanska mitologija, slovenski bogovi, \u017eeleznodobna duhovnost, \u017eelezna doba obredja, stara obredja, poganstvo","robots":{"index":"index","follow":"follow","max-snippet":"max-snippet:-1","max-image-preview":"max-image-preview:large","max-video-preview":"max-video-preview:-1"},"canonical":"https:\/\/svarunica.com\/sl\/koledar-2023-bozanskost-zelezne-dobe-in-sveto-rastlinje-v-nasih-krajih\/","og_locale":"sl_SI","og_type":"article","og_title":"Koledar 2023: Bo\u017eanskost \u017eelezne dobe in sveto rastlinje v na\u0161ih krajih - Svarunica","og_description":"koledar 2023, mitolo\u0161ki koledar, \u017eelezna doba, slovanska mitologija, slovenski bogovi, \u017eeleznodobna duhovnost, \u017eelezna doba obredja, stara obredja, poganstvo","og_url":"https:\/\/svarunica.com\/sl\/koledar-2023-bozanskost-zelezne-dobe-in-sveto-rastlinje-v-nasih-krajih\/","og_site_name":"Svarunica","article_modified_time":"2022-11-28T10:46:32+00:00","og_image":[{"url":"https:\/\/svarunica.com\/wp-content\/uploads\/2022\/11\/IMG_20221127_132640-\u2013-kopija.jpg"}],"twitter_card":"summary_large_image","twitter_misc":{"Est. reading time":"3 minute"},"schema":{"@context":"https:\/\/schema.org","@graph":[{"@type":"WebPage","@id":"https:\/\/svarunica.com\/sl\/koledar-2023-bozanskost-zelezne-dobe-in-sveto-rastlinje-v-nasih-krajih\/","url":"https:\/\/svarunica.com\/sl\/koledar-2023-bozanskost-zelezne-dobe-in-sveto-rastlinje-v-nasih-krajih\/","name":"Koledar 2023: Bo\u017eanskost \u017eelezne dobe in sveto rastlinje v na\u0161ih krajih - Svarunica","isPartOf":{"@id":"https:\/\/svarunica.com\/#website"},"primaryImageOfPage":{"@id":"https:\/\/svarunica.com\/sl\/koledar-2023-bozanskost-zelezne-dobe-in-sveto-rastlinje-v-nasih-krajih\/#primaryimage"},"image":{"@id":"https:\/\/svarunica.com\/sl\/koledar-2023-bozanskost-zelezne-dobe-in-sveto-rastlinje-v-nasih-krajih\/#primaryimage"},"thumbnailUrl":"https:\/\/svarunica.com\/wp-content\/uploads\/2022\/11\/IMG_20221127_133644.jpg","datePublished":"2022-11-28T10:34:40+00:00","dateModified":"2022-11-28T10:46:32+00:00","description":"koledar 2023, mitolo\u0161ki koledar, \u017eelezna doba, slovanska mitologija, slovenski bogovi, \u017eeleznodobna duhovnost, \u017eelezna doba obredja, stara obredja, poganstvo","breadcrumb":{"@id":"https:\/\/svarunica.com\/sl\/koledar-2023-bozanskost-zelezne-dobe-in-sveto-rastlinje-v-nasih-krajih\/#breadcrumb"},"inLanguage":"sl-SI","potentialAction":[{"@type":"ReadAction","target":["https:\/\/svarunica.com\/sl\/koledar-2023-bozanskost-zelezne-dobe-in-sveto-rastlinje-v-nasih-krajih\/"]}]},{"@type":"ImageObject","inLanguage":"sl-SI","@id":"https:\/\/svarunica.com\/sl\/koledar-2023-bozanskost-zelezne-dobe-in-sveto-rastlinje-v-nasih-krajih\/#primaryimage","url":"https:\/\/svarunica.com\/wp-content\/uploads\/2022\/11\/IMG_20221127_133644.jpg","contentUrl":"https:\/\/svarunica.com\/wp-content\/uploads\/2022\/11\/IMG_20221127_133644.jpg"},{"@type":"BreadcrumbList","@id":"https:\/\/svarunica.com\/sl\/koledar-2023-bozanskost-zelezne-dobe-in-sveto-rastlinje-v-nasih-krajih\/#breadcrumb","itemListElement":[{"@type":"ListItem","position":1,"name":"Home","item":"https:\/\/svarunica.com\/sl\/"},{"@type":"ListItem","position":2,"name":"Koledar 2023: Bo\u017eanskost \u017eelezne dobe in sveto rastlinje v na\u0161ih krajih"}]},{"@type":"WebSite","@id":"https:\/\/svarunica.com\/#website","url":"https:\/\/svarunica.com\/","name":"Svarunica","description":"","publisher":{"@id":"https:\/\/svarunica.com\/#organization"},"potentialAction":[{"@type":"SearchAction","target":{"@type":"EntryPoint","urlTemplate":"https:\/\/svarunica.com\/?s={search_term_string}"},"query-input":{"@type":"PropertyValueSpecification","valueRequired":true,"valueName":"search_term_string"}}],"inLanguage":"sl-SI"},{"@type":"Organization","@id":"https:\/\/svarunica.com\/#organization","name":"Svarunica","url":"https:\/\/svarunica.com\/","logo":{"@type":"ImageObject","inLanguage":"sl-SI","@id":"https:\/\/svarunica.com\/#\/schema\/logo\/image\/","url":"https:\/\/svarunica.com\/wp-content\/uploads\/2021\/07\/cropped-cropped-svarunica-text-2.png","contentUrl":"https:\/\/svarunica.com\/wp-content\/uploads\/2021\/07\/cropped-cropped-svarunica-text-2.png","width":676,"height":179,"caption":"Svarunica"},"image":{"@id":"https:\/\/svarunica.com\/#\/schema\/logo\/image\/"}}]}},"_links":{"self":[{"href":"https:\/\/svarunica.com\/sl\/wp-json\/wp\/v2\/pages\/6591","targetHints":{"allow":["GET"]}}],"collection":[{"href":"https:\/\/svarunica.com\/sl\/wp-json\/wp\/v2\/pages"}],"about":[{"href":"https:\/\/svarunica.com\/sl\/wp-json\/wp\/v2\/types\/page"}],"author":[{"embeddable":true,"href":"https:\/\/svarunica.com\/sl\/wp-json\/wp\/v2\/users\/1"}],"replies":[{"embeddable":true,"href":"https:\/\/svarunica.com\/sl\/wp-json\/wp\/v2\/comments?post=6591"}],"version-history":[{"count":4,"href":"https:\/\/svarunica.com\/sl\/wp-json\/wp\/v2\/pages\/6591\/revisions"}],"predecessor-version":[{"id":6599,"href":"https:\/\/svarunica.com\/sl\/wp-json\/wp\/v2\/pages\/6591\/revisions\/6599"}],"wp:attachment":[{"href":"https:\/\/svarunica.com\/sl\/wp-json\/wp\/v2\/media?parent=6591"}],"curies":[{"name":"wp","href":"https:\/\/api.w.org\/{rel}","templated":true}]}}