{"id":6609,"date":"2022-11-28T13:38:55","date_gmt":"2022-11-28T12:38:55","guid":{"rendered":"https:\/\/svarunica.com\/?page_id=6609"},"modified":"2022-11-28T13:47:22","modified_gmt":"2022-11-28T12:47:22","slug":"e-knjiga-bozanskost-zelezne-dobe-in-sveto-rastlinje-v-nasih-krajih","status":"publish","type":"page","link":"https:\/\/svarunica.com\/sl\/e-knjiga-bozanskost-zelezne-dobe-in-sveto-rastlinje-v-nasih-krajih\/","title":{"rendered":"E- knjiga: Bo\u017eanskost \u017eelezne dobe in sveto rastlinje v na\u0161ih krajih"},"content":{"rendered":"<p>Knjiga, ki jo lahko kupite v kompletu s koledarjem za 2023 &#8211; z enako vsebino, se razprostira na 110 straneh in nam prika\u017ee nekdanji pogled na svet duhovnosti, bogov in simbolike obredij v \u010dasu predvsem v prvem tiso\u010dletju pred na\u0161im \u0161tetjem in \u0161e malce kasneje, ko so stari Rimljani \u017ee mnogo staroselskih, domorodnih, staroverskih bo\u017eanstev, dodobra asimilirali v svoj panteon na podro\u010dju na\u0161e de\u017eele in zamejstva. Bogovom so nadeli druga imena in v\u010dasih pridevnike lokalne izvornosti. Tako v starih in preimenovanih bo\u017eanstvih i\u0161\u010demo njihove zna\u010dilnosti, vloge, simbolnost, ki odseva tudi v kasnej\u0161a stoletja razvoja na\u0161e kulturne dedi\u0161\u010dine.<br><\/p><p>Zagotovo so deli in delci teh ve\u010d tiso\u010dletnih izro\u010dil pre\u017eiveli \u0161e vse do danes v duhovnih praksah in zavesti na\u0161ega prostora. Nekatera bo\u017eanstva, obredja v zvezi z njimi in njihova vloga v vsakdanjem \u017eivljenju ljudi, je v\u010dasih bolj jasna, drugi\u010d pa je ve\u010d vpra\u0161anj kot odgovorov, ki vodijo k nadaljnjemu raziskovanju.<br>Vsakemu bo\u017eanstvu je namenjeno nekaj strani, v ilustraciji pa je prikazano tudi s svojo sveto rastlino. Ponekod so povezave jasne, celo izpri\u010dane, ponekod pa je, po logi\u010dni presoji in povezavi s prostori \u010da\u0161\u010denja, rastlina, s svojimi zdravilnimi in magi\u010dnimi lastnostmi, prikazana z dolo\u010deno boginjo ali bogom.<\/p><p><br>Knjiga je velikosti A5. Vsebuje avtorske ilustracije \u017eeleznodobnih bo\u017eanstev dolgoletne oblikovalke in vodje spletne trgovinice Svarunica: Irene Petri\u010d.<\/p><p><br>Na koncu je na dveh straneh dodana iz\u010drpna tabela na\u0161ih tradicionalnih, starodavnih praznikov, katere v prirejeni obliki \u2013 a vklju\u010dujo\u010d prvotne elemente in simbolnosti \u2013 praznujemo \u0161e dandanes. V tabeli je najti opise oz. ozadje praznika in kako se je tradicija vendarle \u0161e vedno ohranila skozi kr\u0161\u010dansko vero.<br>Knjiga je zaenkrat izdana zgolj v digitalnem zapisku, kot e-knjiga.<br>V primeru ve\u010djega zanimanja bomo naknadno knjigo zalo\u017eili tudi v tiskani obliki.<\/p><p><br>Ko opravite nakup knjige, boste prejeli datoteko, ki je namenjena zgolj za uporabo naro\u010dnika. Knjiga je za\u0161\u010ditena tako, da se besedil ne da kopirati obenem pa je lahko na voljo zgolj na eni napravi. Napro\u0161amo vas, da spo\u0161tujete avtorstvo, \u010das in trud, ki sta vlo\u017eena v izdelek, ga niti delno, niti v celoti ne kopirate in distribuirate brez dovoljenja.<br>Sicer pa vas vabimo k branju \u010dlankov na na\u0161i strani in k ogledu video prispevkov, ki so brezpla\u010dno na voljo vsem, ki jih zanimajo mitologija, zgodovina, duhovnost na\u0161ega prostora in kako \u017eiveti po starodavnih smernicah dandanes.<\/p><p>Cena e-knjige je simboli\u010dnih 8 eur.<\/p><p>Cena stenskega koledarja z enako vsebino in ilustracijami, ki vsebuje 12 avtorskih stvaritev, kratke opise, \u0161tevil\u010dnice z dr\u017eavnimi prazniki, opomniki na tradicionalne, staroverske praznike in lunine mene je 19,50 eur.<br>\u010ce kupite koledar in knjigo v kompletu, cena ni ve\u010d 27,50 eur, marve\u010d je cena kompleta 24,50 eur. Obenem pa prejmete kupon za 10% popust, ki ga vnov\u010dite pri naslednjem nakupu v na\u0161i trgovinici.<\/p><p>Knjigo kupite v na\u0161i trgovinici na strani:<br><a href=\"https:\/\/svarunica.com\/sl\/izdelek\/e-knjiga-bozanskost-zelezne-dobe-in-sveto-rastlinje-v-nasih-krajih\/\">https:\/\/svarunica.com\/sl\/izdelek\/e-knjiga-bozanskost-zelezne-dobe-in-sveto-rastlinje-v-nasih-krajih\/<\/a><\/p>","protected":false},"excerpt":{"rendered":"<p>Knjiga, ki jo lahko kupite v kompletu s koledarjem za 2023 &#8211; z enako vsebino, se razprostira na 110 straneh in nam prika\u017ee nekdanji pogled na svet duhovnosti, bogov in simbolike obredij v \u010dasu predvsem v prvem tiso\u010dletju pred na\u0161im \u0161tetjem in \u0161e malce kasneje, ko so stari Rimljani \u017ee mnogo staroselskih, domorodnih, staroverskih bo\u017eanstev, [&hellip;]<\/p>\n","protected":false},"author":1,"featured_media":0,"parent":0,"menu_order":0,"comment_status":"closed","ping_status":"closed","template":"","meta":{"footnotes":""},"class_list":["post-6609","page","type-page","status-publish","hentry"],"yoast_head":"<!-- This site is optimized with the Yoast SEO plugin v23.9 - https:\/\/yoast.com\/wordpress\/plugins\/seo\/ -->\n<title>E- knjiga: Bo\u017eanskost \u017eelezne dobe in sveto rastlinje v na\u0161ih krajih - Svarunica<\/title>\n<meta name=\"robots\" content=\"index, follow, max-snippet:-1, max-image-preview:large, max-video-preview:-1\" \/>\n<link rel=\"canonical\" href=\"https:\/\/svarunica.com\/sl\/e-knjiga-bozanskost-zelezne-dobe-in-sveto-rastlinje-v-nasih-krajih\/\" \/>\n<meta property=\"og:locale\" content=\"sl_SI\" \/>\n<meta property=\"og:type\" content=\"article\" \/>\n<meta property=\"og:title\" content=\"E- knjiga: Bo\u017eanskost \u017eelezne dobe in sveto rastlinje v na\u0161ih krajih - Svarunica\" \/>\n<meta property=\"og:description\" content=\"Knjiga, ki jo lahko kupite v kompletu s koledarjem za 2023 &#8211; z enako vsebino, se razprostira na 110 straneh in nam prika\u017ee nekdanji pogled na svet duhovnosti, bogov in simbolike obredij v \u010dasu predvsem v prvem tiso\u010dletju pred na\u0161im \u0161tetjem in \u0161e malce kasneje, ko so stari Rimljani \u017ee mnogo staroselskih, domorodnih, staroverskih bo\u017eanstev, [&hellip;]\" \/>\n<meta property=\"og:url\" content=\"https:\/\/svarunica.com\/sl\/e-knjiga-bozanskost-zelezne-dobe-in-sveto-rastlinje-v-nasih-krajih\/\" \/>\n<meta property=\"og:site_name\" content=\"Svarunica\" \/>\n<meta property=\"article:modified_time\" content=\"2022-11-28T12:47:22+00:00\" \/>\n<meta name=\"twitter:card\" content=\"summary_large_image\" \/>\n<meta name=\"twitter:label1\" content=\"Est. reading time\" \/>\n\t<meta name=\"twitter:data1\" content=\"2 minuti\" \/>\n<script type=\"application\/ld+json\" class=\"yoast-schema-graph\">{\"@context\":\"https:\/\/schema.org\",\"@graph\":[{\"@type\":\"WebPage\",\"@id\":\"https:\/\/svarunica.com\/sl\/e-knjiga-bozanskost-zelezne-dobe-in-sveto-rastlinje-v-nasih-krajih\/\",\"url\":\"https:\/\/svarunica.com\/sl\/e-knjiga-bozanskost-zelezne-dobe-in-sveto-rastlinje-v-nasih-krajih\/\",\"name\":\"E- knjiga: Bo\u017eanskost \u017eelezne dobe in sveto rastlinje v na\u0161ih krajih - Svarunica\",\"isPartOf\":{\"@id\":\"https:\/\/svarunica.com\/#website\"},\"datePublished\":\"2022-11-28T12:38:55+00:00\",\"dateModified\":\"2022-11-28T12:47:22+00:00\",\"breadcrumb\":{\"@id\":\"https:\/\/svarunica.com\/sl\/e-knjiga-bozanskost-zelezne-dobe-in-sveto-rastlinje-v-nasih-krajih\/#breadcrumb\"},\"inLanguage\":\"sl-SI\",\"potentialAction\":[{\"@type\":\"ReadAction\",\"target\":[\"https:\/\/svarunica.com\/sl\/e-knjiga-bozanskost-zelezne-dobe-in-sveto-rastlinje-v-nasih-krajih\/\"]}]},{\"@type\":\"BreadcrumbList\",\"@id\":\"https:\/\/svarunica.com\/sl\/e-knjiga-bozanskost-zelezne-dobe-in-sveto-rastlinje-v-nasih-krajih\/#breadcrumb\",\"itemListElement\":[{\"@type\":\"ListItem\",\"position\":1,\"name\":\"Home\",\"item\":\"https:\/\/svarunica.com\/sl\/\"},{\"@type\":\"ListItem\",\"position\":2,\"name\":\"E- knjiga: Bo\u017eanskost \u017eelezne dobe in sveto rastlinje v na\u0161ih krajih\"}]},{\"@type\":\"WebSite\",\"@id\":\"https:\/\/svarunica.com\/#website\",\"url\":\"https:\/\/svarunica.com\/\",\"name\":\"Svarunica\",\"description\":\"\",\"publisher\":{\"@id\":\"https:\/\/svarunica.com\/#organization\"},\"potentialAction\":[{\"@type\":\"SearchAction\",\"target\":{\"@type\":\"EntryPoint\",\"urlTemplate\":\"https:\/\/svarunica.com\/?s={search_term_string}\"},\"query-input\":{\"@type\":\"PropertyValueSpecification\",\"valueRequired\":true,\"valueName\":\"search_term_string\"}}],\"inLanguage\":\"sl-SI\"},{\"@type\":\"Organization\",\"@id\":\"https:\/\/svarunica.com\/#organization\",\"name\":\"Svarunica\",\"url\":\"https:\/\/svarunica.com\/\",\"logo\":{\"@type\":\"ImageObject\",\"inLanguage\":\"sl-SI\",\"@id\":\"https:\/\/svarunica.com\/#\/schema\/logo\/image\/\",\"url\":\"https:\/\/svarunica.com\/wp-content\/uploads\/2021\/07\/cropped-cropped-svarunica-text-2.png\",\"contentUrl\":\"https:\/\/svarunica.com\/wp-content\/uploads\/2021\/07\/cropped-cropped-svarunica-text-2.png\",\"width\":676,\"height\":179,\"caption\":\"Svarunica\"},\"image\":{\"@id\":\"https:\/\/svarunica.com\/#\/schema\/logo\/image\/\"}}]}<\/script>\n<!-- \/ Yoast SEO plugin. -->","yoast_head_json":{"title":"E- knjiga: Bo\u017eanskost \u017eelezne dobe in sveto rastlinje v na\u0161ih krajih - Svarunica","robots":{"index":"index","follow":"follow","max-snippet":"max-snippet:-1","max-image-preview":"max-image-preview:large","max-video-preview":"max-video-preview:-1"},"canonical":"https:\/\/svarunica.com\/sl\/e-knjiga-bozanskost-zelezne-dobe-in-sveto-rastlinje-v-nasih-krajih\/","og_locale":"sl_SI","og_type":"article","og_title":"E- knjiga: Bo\u017eanskost \u017eelezne dobe in sveto rastlinje v na\u0161ih krajih - Svarunica","og_description":"Knjiga, ki jo lahko kupite v kompletu s koledarjem za 2023 &#8211; z enako vsebino, se razprostira na 110 straneh in nam prika\u017ee nekdanji pogled na svet duhovnosti, bogov in simbolike obredij v \u010dasu predvsem v prvem tiso\u010dletju pred na\u0161im \u0161tetjem in \u0161e malce kasneje, ko so stari Rimljani \u017ee mnogo staroselskih, domorodnih, staroverskih bo\u017eanstev, [&hellip;]","og_url":"https:\/\/svarunica.com\/sl\/e-knjiga-bozanskost-zelezne-dobe-in-sveto-rastlinje-v-nasih-krajih\/","og_site_name":"Svarunica","article_modified_time":"2022-11-28T12:47:22+00:00","twitter_card":"summary_large_image","twitter_misc":{"Est. reading time":"2 minuti"},"schema":{"@context":"https:\/\/schema.org","@graph":[{"@type":"WebPage","@id":"https:\/\/svarunica.com\/sl\/e-knjiga-bozanskost-zelezne-dobe-in-sveto-rastlinje-v-nasih-krajih\/","url":"https:\/\/svarunica.com\/sl\/e-knjiga-bozanskost-zelezne-dobe-in-sveto-rastlinje-v-nasih-krajih\/","name":"E- knjiga: Bo\u017eanskost \u017eelezne dobe in sveto rastlinje v na\u0161ih krajih - Svarunica","isPartOf":{"@id":"https:\/\/svarunica.com\/#website"},"datePublished":"2022-11-28T12:38:55+00:00","dateModified":"2022-11-28T12:47:22+00:00","breadcrumb":{"@id":"https:\/\/svarunica.com\/sl\/e-knjiga-bozanskost-zelezne-dobe-in-sveto-rastlinje-v-nasih-krajih\/#breadcrumb"},"inLanguage":"sl-SI","potentialAction":[{"@type":"ReadAction","target":["https:\/\/svarunica.com\/sl\/e-knjiga-bozanskost-zelezne-dobe-in-sveto-rastlinje-v-nasih-krajih\/"]}]},{"@type":"BreadcrumbList","@id":"https:\/\/svarunica.com\/sl\/e-knjiga-bozanskost-zelezne-dobe-in-sveto-rastlinje-v-nasih-krajih\/#breadcrumb","itemListElement":[{"@type":"ListItem","position":1,"name":"Home","item":"https:\/\/svarunica.com\/sl\/"},{"@type":"ListItem","position":2,"name":"E- knjiga: Bo\u017eanskost \u017eelezne dobe in sveto rastlinje v na\u0161ih krajih"}]},{"@type":"WebSite","@id":"https:\/\/svarunica.com\/#website","url":"https:\/\/svarunica.com\/","name":"Svarunica","description":"","publisher":{"@id":"https:\/\/svarunica.com\/#organization"},"potentialAction":[{"@type":"SearchAction","target":{"@type":"EntryPoint","urlTemplate":"https:\/\/svarunica.com\/?s={search_term_string}"},"query-input":{"@type":"PropertyValueSpecification","valueRequired":true,"valueName":"search_term_string"}}],"inLanguage":"sl-SI"},{"@type":"Organization","@id":"https:\/\/svarunica.com\/#organization","name":"Svarunica","url":"https:\/\/svarunica.com\/","logo":{"@type":"ImageObject","inLanguage":"sl-SI","@id":"https:\/\/svarunica.com\/#\/schema\/logo\/image\/","url":"https:\/\/svarunica.com\/wp-content\/uploads\/2021\/07\/cropped-cropped-svarunica-text-2.png","contentUrl":"https:\/\/svarunica.com\/wp-content\/uploads\/2021\/07\/cropped-cropped-svarunica-text-2.png","width":676,"height":179,"caption":"Svarunica"},"image":{"@id":"https:\/\/svarunica.com\/#\/schema\/logo\/image\/"}}]}},"_links":{"self":[{"href":"https:\/\/svarunica.com\/sl\/wp-json\/wp\/v2\/pages\/6609","targetHints":{"allow":["GET"]}}],"collection":[{"href":"https:\/\/svarunica.com\/sl\/wp-json\/wp\/v2\/pages"}],"about":[{"href":"https:\/\/svarunica.com\/sl\/wp-json\/wp\/v2\/types\/page"}],"author":[{"embeddable":true,"href":"https:\/\/svarunica.com\/sl\/wp-json\/wp\/v2\/users\/1"}],"replies":[{"embeddable":true,"href":"https:\/\/svarunica.com\/sl\/wp-json\/wp\/v2\/comments?post=6609"}],"version-history":[{"count":3,"href":"https:\/\/svarunica.com\/sl\/wp-json\/wp\/v2\/pages\/6609\/revisions"}],"predecessor-version":[{"id":6614,"href":"https:\/\/svarunica.com\/sl\/wp-json\/wp\/v2\/pages\/6609\/revisions\/6614"}],"wp:attachment":[{"href":"https:\/\/svarunica.com\/sl\/wp-json\/wp\/v2\/media?parent=6609"}],"curies":[{"name":"wp","href":"https:\/\/api.w.org\/{rel}","templated":true}]}}