{"id":7294,"date":"2023-01-19T10:49:41","date_gmt":"2023-01-19T09:49:41","guid":{"rendered":"https:\/\/svarunica.com\/?page_id=7294"},"modified":"2023-01-19T10:49:41","modified_gmt":"2023-01-19T09:49:41","slug":"prijava-na-nase-novicke-2","status":"publish","type":"page","link":"https:\/\/svarunica.com\/sl\/prijava-na-nase-novicke-2\/","title":{"rendered":"Prijava na na\u0161e novi\u010dke"},"content":{"rendered":"<p>Vabimo vas, da se naro\u010dite na na\u0161e novice, kjer vas obve\u0161\u010damo o novostih v na\u0161i trgovini, spremembah, posebnih ponudbah.<br>Obve\u0161\u010damo vas tudi o novih dodanih brezpla\u010dnih \u010dlankih na na\u0161i spletni strani in novih video prispevkih, ki so vsem na voljo na na\u0161em Youtube kanalu.<br>Obve\u0161\u010damo vas tudi o dogodkih, ki jih organiziramo v Sloveniji in na spletu.<br>Vabimo vas tudi na vse dogodke, ki se nam zdijo zanimivi in \u200b\u200bso povezani tudi z na\u0161im lastnim poslanstvom.<\/p><p>\u010ce po dolo\u010denem \u010dasu ne \u017eelite ve\u010d prejemati novic, se enostavno odjavite.<\/p><p>Izpolnite ta obrazec:<\/p><div class=\"wpforms-container wpforms-container-full wpforms-block\" id=\"wpforms-7287\"><form id=\"wpforms-form-7287\" class=\"wpforms-validate wpforms-form wpforms-ajax-form\" data-formid=\"7287\" method=\"post\" enctype=\"multipart\/form-data\" action=\"\/sl\/wp-json\/wp\/v2\/pages\/7294\" data-token=\"8a7d524db70b522203a59e4b5ec28fd4\" data-token-time=\"1778878341\"><noscript class=\"wpforms-error-noscript\">Please enable JavaScript in your browser to complete this form.<\/noscript><div class=\"wpforms-field-container\"><div id=\"wpforms-7287-field_1-container\" class=\"wpforms-field wpforms-field-name\" data-field-id=\"1\"><label class=\"wpforms-field-label\" for=\"wpforms-7287-field_1\">Va\u0161e ime <span class=\"wpforms-required-label\">*<\/span><\/label><input type=\"text\" id=\"wpforms-7287-field_1\" class=\"wpforms-field-medium wpforms-field-required\" name=\"wpforms[fields][1]\" required><\/div><div id=\"wpforms-7287-field_2-container\" class=\"wpforms-field wpforms-field-email\" data-field-id=\"2\"><label class=\"wpforms-field-label\" for=\"wpforms-7287-field_2\">Email <span class=\"wpforms-required-label\">*<\/span><\/label><input type=\"email\" id=\"wpforms-7287-field_2\" class=\"wpforms-field-medium wpforms-field-required\" name=\"wpforms[fields][2]\" spellcheck=\"false\" required><\/div><div id=\"wpforms-7287-field_3-container\" class=\"wpforms-field wpforms-field-checkbox\" data-field-id=\"3\"><label class=\"wpforms-field-label\">Izpolni <span class=\"wpforms-required-label\">*<\/span><\/label><ul id=\"wpforms-7287-field_3\" class=\"wpforms-field-required\"><li class=\"choice-1 depth-1\"><input type=\"checkbox\" id=\"wpforms-7287-field_3_1\" name=\"wpforms[fields][3][]\" value=\"Strinjam se s po\u0161iljanjem obvestil\" required ><label class=\"wpforms-field-label-inline\" for=\"wpforms-7287-field_3_1\">Strinjam se s po\u0161iljanjem obvestil<\/label><\/li><\/ul><div class=\"wpforms-field-description\">Strinjam se, da Svarunica (ki jo vodi Klub Veles) zbira in uporablja moje podatke preko tega obrazca za namene obve\u0161\u010danja o novostih v trgovini, \u010dlankih, videih in dogodkih.<\/div><\/div><\/div><!-- .wpforms-field-container --><div class=\"wpforms-submit-container\" ><input type=\"hidden\" name=\"wpforms[id]\" value=\"7287\"><input type=\"hidden\" name=\"page_title\" value=\"\"><input type=\"hidden\" name=\"page_url\" value=\"https:\/\/svarunica.com\/sl\/wp-json\/wp\/v2\/pages\/7294\"><button type=\"submit\" name=\"wpforms[submit]\" id=\"wpforms-submit-7287\" class=\"wpforms-submit\" data-alt-text=\"Po\u0161iljamo...\" data-submit-text=\"Po\u0161lji\" aria-live=\"assertive\" value=\"wpforms-submit\">Po\u0161lji<\/button><img loading=\"lazy\" decoding=\"async\" src=\"https:\/\/svarunica.com\/wp-content\/plugins\/wpforms-lite\/assets\/images\/submit-spin.svg\" class=\"wpforms-submit-spinner\" style=\"display: none;\" width=\"26\" height=\"26\" alt=\"Loading\"><\/div><\/form><\/div>  <!-- .wpforms-container -->","protected":false},"excerpt":{"rendered":"<p>Vabimo vas, da se naro\u010dite na na\u0161e novice, kjer vas obve\u0161\u010damo o novostih v na\u0161i trgovini, spremembah, posebnih ponudbah.Obve\u0161\u010damo vas tudi o novih dodanih brezpla\u010dnih \u010dlankih na na\u0161i spletni strani in novih video prispevkih, ki so vsem na voljo na na\u0161em Youtube kanalu.Obve\u0161\u010damo vas tudi o dogodkih, ki jih organiziramo v Sloveniji in na spletu.Vabimo [&hellip;]<\/p>\n","protected":false},"author":1,"featured_media":0,"parent":0,"menu_order":0,"comment_status":"closed","ping_status":"closed","template":"","meta":{"footnotes":""},"class_list":["post-7294","page","type-page","status-publish","hentry"],"yoast_head":"<!-- This site is optimized with the Yoast SEO plugin v23.9 - https:\/\/yoast.com\/wordpress\/plugins\/seo\/ -->\n<title>Prijava na na\u0161e novi\u010dke - Svarunica<\/title>\n<meta name=\"robots\" content=\"index, follow, max-snippet:-1, max-image-preview:large, max-video-preview:-1\" \/>\n<link rel=\"canonical\" href=\"https:\/\/svarunica.com\/sl\/prijava-na-nase-novicke-2\/\" \/>\n<meta property=\"og:locale\" content=\"sl_SI\" \/>\n<meta property=\"og:type\" content=\"article\" \/>\n<meta property=\"og:title\" content=\"Prijava na na\u0161e novi\u010dke - Svarunica\" \/>\n<meta property=\"og:description\" content=\"Vabimo vas, da se naro\u010dite na na\u0161e novice, kjer vas obve\u0161\u010damo o novostih v na\u0161i trgovini, spremembah, posebnih ponudbah.Obve\u0161\u010damo vas tudi o novih dodanih brezpla\u010dnih \u010dlankih na na\u0161i spletni strani in novih video prispevkih, ki so vsem na voljo na na\u0161em Youtube kanalu.Obve\u0161\u010damo vas tudi o dogodkih, ki jih organiziramo v Sloveniji in na spletu.Vabimo [&hellip;]\" \/>\n<meta property=\"og:url\" content=\"https:\/\/svarunica.com\/sl\/prijava-na-nase-novicke-2\/\" \/>\n<meta property=\"og:site_name\" content=\"Svarunica\" \/>\n<meta name=\"twitter:card\" content=\"summary_large_image\" \/>\n<meta name=\"twitter:label1\" content=\"Est. reading time\" \/>\n\t<meta name=\"twitter:data1\" content=\"1 minuta\" \/>\n<script type=\"application\/ld+json\" class=\"yoast-schema-graph\">{\"@context\":\"https:\/\/schema.org\",\"@graph\":[{\"@type\":\"WebPage\",\"@id\":\"https:\/\/svarunica.com\/sl\/prijava-na-nase-novicke-2\/\",\"url\":\"https:\/\/svarunica.com\/sl\/prijava-na-nase-novicke-2\/\",\"name\":\"Prijava na na\u0161e novi\u010dke - Svarunica\",\"isPartOf\":{\"@id\":\"https:\/\/svarunica.com\/#website\"},\"datePublished\":\"2023-01-19T09:49:41+00:00\",\"dateModified\":\"2023-01-19T09:49:41+00:00\",\"breadcrumb\":{\"@id\":\"https:\/\/svarunica.com\/sl\/prijava-na-nase-novicke-2\/#breadcrumb\"},\"inLanguage\":\"sl-SI\",\"potentialAction\":[{\"@type\":\"ReadAction\",\"target\":[\"https:\/\/svarunica.com\/sl\/prijava-na-nase-novicke-2\/\"]}]},{\"@type\":\"BreadcrumbList\",\"@id\":\"https:\/\/svarunica.com\/sl\/prijava-na-nase-novicke-2\/#breadcrumb\",\"itemListElement\":[{\"@type\":\"ListItem\",\"position\":1,\"name\":\"Home\",\"item\":\"https:\/\/svarunica.com\/sl\/\"},{\"@type\":\"ListItem\",\"position\":2,\"name\":\"Prijava na na\u0161e novi\u010dke\"}]},{\"@type\":\"WebSite\",\"@id\":\"https:\/\/svarunica.com\/#website\",\"url\":\"https:\/\/svarunica.com\/\",\"name\":\"Svarunica\",\"description\":\"\",\"publisher\":{\"@id\":\"https:\/\/svarunica.com\/#organization\"},\"potentialAction\":[{\"@type\":\"SearchAction\",\"target\":{\"@type\":\"EntryPoint\",\"urlTemplate\":\"https:\/\/svarunica.com\/?s={search_term_string}\"},\"query-input\":{\"@type\":\"PropertyValueSpecification\",\"valueRequired\":true,\"valueName\":\"search_term_string\"}}],\"inLanguage\":\"sl-SI\"},{\"@type\":\"Organization\",\"@id\":\"https:\/\/svarunica.com\/#organization\",\"name\":\"Svarunica\",\"url\":\"https:\/\/svarunica.com\/\",\"logo\":{\"@type\":\"ImageObject\",\"inLanguage\":\"sl-SI\",\"@id\":\"https:\/\/svarunica.com\/#\/schema\/logo\/image\/\",\"url\":\"https:\/\/svarunica.com\/wp-content\/uploads\/2021\/07\/cropped-cropped-svarunica-text-2.png\",\"contentUrl\":\"https:\/\/svarunica.com\/wp-content\/uploads\/2021\/07\/cropped-cropped-svarunica-text-2.png\",\"width\":676,\"height\":179,\"caption\":\"Svarunica\"},\"image\":{\"@id\":\"https:\/\/svarunica.com\/#\/schema\/logo\/image\/\"}}]}<\/script>\n<!-- \/ Yoast SEO plugin. -->","yoast_head_json":{"title":"Prijava na na\u0161e novi\u010dke - Svarunica","robots":{"index":"index","follow":"follow","max-snippet":"max-snippet:-1","max-image-preview":"max-image-preview:large","max-video-preview":"max-video-preview:-1"},"canonical":"https:\/\/svarunica.com\/sl\/prijava-na-nase-novicke-2\/","og_locale":"sl_SI","og_type":"article","og_title":"Prijava na na\u0161e novi\u010dke - Svarunica","og_description":"Vabimo vas, da se naro\u010dite na na\u0161e novice, kjer vas obve\u0161\u010damo o novostih v na\u0161i trgovini, spremembah, posebnih ponudbah.Obve\u0161\u010damo vas tudi o novih dodanih brezpla\u010dnih \u010dlankih na na\u0161i spletni strani in novih video prispevkih, ki so vsem na voljo na na\u0161em Youtube kanalu.Obve\u0161\u010damo vas tudi o dogodkih, ki jih organiziramo v Sloveniji in na spletu.Vabimo [&hellip;]","og_url":"https:\/\/svarunica.com\/sl\/prijava-na-nase-novicke-2\/","og_site_name":"Svarunica","twitter_card":"summary_large_image","twitter_misc":{"Est. reading time":"1 minuta"},"schema":{"@context":"https:\/\/schema.org","@graph":[{"@type":"WebPage","@id":"https:\/\/svarunica.com\/sl\/prijava-na-nase-novicke-2\/","url":"https:\/\/svarunica.com\/sl\/prijava-na-nase-novicke-2\/","name":"Prijava na na\u0161e novi\u010dke - Svarunica","isPartOf":{"@id":"https:\/\/svarunica.com\/#website"},"datePublished":"2023-01-19T09:49:41+00:00","dateModified":"2023-01-19T09:49:41+00:00","breadcrumb":{"@id":"https:\/\/svarunica.com\/sl\/prijava-na-nase-novicke-2\/#breadcrumb"},"inLanguage":"sl-SI","potentialAction":[{"@type":"ReadAction","target":["https:\/\/svarunica.com\/sl\/prijava-na-nase-novicke-2\/"]}]},{"@type":"BreadcrumbList","@id":"https:\/\/svarunica.com\/sl\/prijava-na-nase-novicke-2\/#breadcrumb","itemListElement":[{"@type":"ListItem","position":1,"name":"Home","item":"https:\/\/svarunica.com\/sl\/"},{"@type":"ListItem","position":2,"name":"Prijava na na\u0161e novi\u010dke"}]},{"@type":"WebSite","@id":"https:\/\/svarunica.com\/#website","url":"https:\/\/svarunica.com\/","name":"Svarunica","description":"","publisher":{"@id":"https:\/\/svarunica.com\/#organization"},"potentialAction":[{"@type":"SearchAction","target":{"@type":"EntryPoint","urlTemplate":"https:\/\/svarunica.com\/?s={search_term_string}"},"query-input":{"@type":"PropertyValueSpecification","valueRequired":true,"valueName":"search_term_string"}}],"inLanguage":"sl-SI"},{"@type":"Organization","@id":"https:\/\/svarunica.com\/#organization","name":"Svarunica","url":"https:\/\/svarunica.com\/","logo":{"@type":"ImageObject","inLanguage":"sl-SI","@id":"https:\/\/svarunica.com\/#\/schema\/logo\/image\/","url":"https:\/\/svarunica.com\/wp-content\/uploads\/2021\/07\/cropped-cropped-svarunica-text-2.png","contentUrl":"https:\/\/svarunica.com\/wp-content\/uploads\/2021\/07\/cropped-cropped-svarunica-text-2.png","width":676,"height":179,"caption":"Svarunica"},"image":{"@id":"https:\/\/svarunica.com\/#\/schema\/logo\/image\/"}}]}},"_links":{"self":[{"href":"https:\/\/svarunica.com\/sl\/wp-json\/wp\/v2\/pages\/7294","targetHints":{"allow":["GET"]}}],"collection":[{"href":"https:\/\/svarunica.com\/sl\/wp-json\/wp\/v2\/pages"}],"about":[{"href":"https:\/\/svarunica.com\/sl\/wp-json\/wp\/v2\/types\/page"}],"author":[{"embeddable":true,"href":"https:\/\/svarunica.com\/sl\/wp-json\/wp\/v2\/users\/1"}],"replies":[{"embeddable":true,"href":"https:\/\/svarunica.com\/sl\/wp-json\/wp\/v2\/comments?post=7294"}],"version-history":[{"count":1,"href":"https:\/\/svarunica.com\/sl\/wp-json\/wp\/v2\/pages\/7294\/revisions"}],"predecessor-version":[{"id":7295,"href":"https:\/\/svarunica.com\/sl\/wp-json\/wp\/v2\/pages\/7294\/revisions\/7295"}],"wp:attachment":[{"href":"https:\/\/svarunica.com\/sl\/wp-json\/wp\/v2\/media?parent=7294"}],"curies":[{"name":"wp","href":"https:\/\/api.w.org\/{rel}","templated":true}]}}