{"id":10068,"date":"2023-12-11T16:20:27","date_gmt":"2023-12-11T15:20:27","guid":{"rendered":"https:\/\/svarunica.com\/?post_type=product&#038;p=10068"},"modified":"2025-12-23T20:36:23","modified_gmt":"2025-12-23T19:36:23","slug":"komplet-slovenski-domorodni-koledar-angleska-brosura","status":"publish","type":"product","link":"https:\/\/svarunica.com\/sl\/izdelek\/komplet-slovenski-domorodni-koledar-angleska-brosura\/","title":{"rendered":"komplet: Slovenski domorodni koledar 2024 + angle\u0161ka bro\u0161ura"},"content":{"rendered":"<p>Koledar je pokon\u010dni A3 format, 297\u00d7420 mm, vsebuje 13 listov.<br \/>\nBro\u0161ura je prav tako formata A3 &#8211; vsebuje 1 list.<br \/>\nKoledar je izdelan je na 150g premaznem papirju, spet s kovinsko spiralo.<br \/>\nKoledarje tiskamo v omejenih nakladah in ponatisnemo glede na odziv.<\/p>\n<p>Mo\u017enosti pla\u010dila in prevzema:<br \/>\n1. pla\u010dilo po predra\u010dunu + po\u0161ta<br \/>\n2. pla\u010dilo po predra\u010dunu + osebni prevzem pred objektom po predhodnem dogovoru<br \/>\n3. po\u0161iljanje s pla\u010dilom ob prevzemu (odkupnina)<br \/>\n4.\u00a0<strong>ZARADI OBNOVE OBJEKTA VSTOP VANJ NI MO\u017dEN ZATO PLA\u010cILO Z GOTOVINO Z OSEBNIM PREVZEMOM V LETO\u0160NJI SEZONI NI OMOGO\u010cENO<\/strong><\/p>\n","protected":false},"excerpt":{"rendered":"<p>Tokratni koledar je \u017ee kar 16. po vrsti in vsebuje predkr\u0161\u010danske zgodbe iz ve\u010dinoma zahodnega dela na\u0161e de\u017eele, z omenjenimi paralelami vseslovenskega prostora in \u0161ir\u0161e.<br \/>\nZapisi slu\u017eijo kot ustvarjalni navdih, zato so grafike plod umetni\u0161ke svobode, vsak mesec pa nosi sr\u010dico doti\u010dne tematike. Koledar podaja strnjene informacije v nekaj odstavkih, vezane na obredja v letu, ki so ob\u010di javnosti \u0161e manj znana, v stavku ali dveh pa so omenjene tudi tipi\u010dne obredne jedi v \u010dasu praznikov.<\/p>\n<p>Stenski koledar A3 vam podaja bogato slikovno opremo, spremna, pou\u010dna besedila, \u0161tevil\u010dnica pa ima zapisane dr\u017eavne in dela proste praznike, vidnej\u0161e svetovne dneve, opomnike na staroverske praznike, opomnike s sli\u010dicami slovenske zastave \u2013 kdaj jo izobesimo ter lunine mene vklju\u010dujo\u010d krajce, saj obstajajo tudi obredja vezana na krajce. Okenca v \u0161tevil\u010dnici pa so \u0161e vedno dovolj velika, da si lahko zabele\u017eite delovne in zasebne obveznosti.<\/p>\n<p>Za vse prijatelje v tujini smo pripravili bro\u0161uro v kompletu s koledarjem, kjer je celotna vsebina prevedena v angle\u0161ki jezik, da tradicionalno slovensko duhovno zapu\u0161\u010dino lahko ob\u010dudujejo ter se od nje u\u010dijo po vsem svetu. \u010ce vzamete komplet, dobite bro\u0161uro po polovi\u010dni ceni.<br \/>\nBro\u0161ura je odprte dimenzije A3 (1 list), obojestransko barvno potiskana.<\/p>\n<p>V na\u0161i trgovinici dobite ta komplet ali posami\u010dni koledar ali pa zgolj angle\u0161ko bro\u0161uro.<\/p>\n<p>&nbsp;<\/p>\n<p>&nbsp;<\/p>\n","protected":false},"featured_media":10069,"template":"","meta":[],"product_cat":[1007],"product_tag":[1005,999,1004,1003,682,1000,1002,1001],"class_list":{"0":"post-10068","1":"product","2":"type-product","3":"status-publish","4":"has-post-thumbnail","6":"product_cat-arhivski-koledarji","7":"product_tag-irena-petric-sl","8":"product_tag-koledar-2024","9":"product_tag-obredna-hrana-v-staroverju","10":"product_tag-poganski-duhovi-slovenije","11":"product_tag-slovanski-koledar","12":"product_tag-slovenski-poganski-koledar","13":"product_tag-staroverje-v-zahodni-sloveniji","14":"product_tag-staroverski-koledar","16":"first","17":"outofstock","18":"sale","19":"purchasable","20":"product-type-simple"},"yoast_head":"<!-- This site is optimized with the Yoast SEO plugin v23.9 - https:\/\/yoast.com\/wordpress\/plugins\/seo\/ -->\n<title>komplet: Slovenski domorodni koledar 2024 + angle\u0161ka bro\u0161ura - Svarunica<\/title>\n<meta name=\"robots\" content=\"index, follow, max-snippet:-1, max-image-preview:large, max-video-preview:-1\" \/>\n<link rel=\"canonical\" href=\"https:\/\/svarunica.com\/sl\/izdelek\/komplet-slovenski-domorodni-koledar-angleska-brosura\/\" \/>\n<meta property=\"og:locale\" content=\"sl_SI\" \/>\n<meta property=\"og:type\" content=\"article\" \/>\n<meta property=\"og:title\" content=\"komplet: Slovenski domorodni koledar 2024 + angle\u0161ka bro\u0161ura - Svarunica\" \/>\n<meta property=\"og:description\" content=\"Tokratni koledar je \u017ee kar 16. po vrsti in vsebuje predkr\u0161\u010danske zgodbe iz ve\u010dinoma zahodnega dela na\u0161e de\u017eele, z omenjenimi paralelami vseslovenskega prostora in \u0161ir\u0161e. Zapisi slu\u017eijo kot ustvarjalni navdih, zato so grafike plod umetni\u0161ke svobode, vsak mesec pa nosi sr\u010dico doti\u010dne tematike. Koledar podaja strnjene informacije v nekaj odstavkih, vezane na obredja v letu, ki so ob\u010di javnosti \u0161e manj znana, v stavku ali dveh pa so omenjene tudi tipi\u010dne obredne jedi v \u010dasu praznikov.  Stenski koledar A3 vam podaja bogato slikovno opremo, spremna, pou\u010dna besedila, \u0161tevil\u010dnica pa ima zapisane dr\u017eavne in dela proste praznike, vidnej\u0161e svetovne dneve, opomnike na staroverske praznike, opomnike s sli\u010dicami slovenske zastave \u2013 kdaj jo izobesimo ter lunine mene vklju\u010dujo\u010d krajce, saj obstajajo tudi obredja vezana na krajce. Okenca v \u0161tevil\u010dnici pa so \u0161e vedno dovolj velika, da si lahko zabele\u017eite delovne in zasebne obveznosti.  Za vse prijatelje v tujini smo pripravili bro\u0161uro v kompletu s koledarjem, kjer je celotna vsebina prevedena v angle\u0161ki jezik, da tradicionalno slovensko duhovno zapu\u0161\u010dino lahko ob\u010dudujejo ter se od nje u\u010dijo po vsem svetu. \u010ce vzamete komplet, dobite bro\u0161uro po polovi\u010dni ceni. Bro\u0161ura je odprte dimenzije A3 (1 list), obojestransko barvno potiskana.  V na\u0161i trgovinici dobite ta komplet ali posami\u010dni koledar ali pa zgolj angle\u0161ko bro\u0161uro.  &nbsp;  &nbsp;\" \/>\n<meta property=\"og:url\" content=\"https:\/\/svarunica.com\/sl\/izdelek\/komplet-slovenski-domorodni-koledar-angleska-brosura\/\" \/>\n<meta property=\"og:site_name\" content=\"Svarunica\" \/>\n<meta property=\"article:modified_time\" content=\"2025-12-23T19:36:23+00:00\" \/>\n<meta property=\"og:image\" content=\"https:\/\/svarunica.com\/wp-content\/uploads\/2023\/12\/koledar-irena_reklama-brosure.jpg\" \/>\n\t<meta property=\"og:image:width\" content=\"1200\" \/>\n\t<meta property=\"og:image:height\" content=\"675\" \/>\n\t<meta property=\"og:image:type\" content=\"image\/jpeg\" \/>\n<meta name=\"twitter:card\" content=\"summary_large_image\" \/>\n<meta name=\"twitter:label1\" content=\"Est. reading time\" \/>\n\t<meta name=\"twitter:data1\" content=\"1 minuta\" \/>\n<script type=\"application\/ld+json\" class=\"yoast-schema-graph\">{\"@context\":\"https:\/\/schema.org\",\"@graph\":[{\"@type\":\"WebPage\",\"@id\":\"https:\/\/svarunica.com\/sl\/izdelek\/komplet-slovenski-domorodni-koledar-angleska-brosura\/\",\"url\":\"https:\/\/svarunica.com\/sl\/izdelek\/komplet-slovenski-domorodni-koledar-angleska-brosura\/\",\"name\":\"komplet: Slovenski domorodni koledar 2024 + angle\u0161ka bro\u0161ura - Svarunica\",\"isPartOf\":{\"@id\":\"https:\/\/svarunica.com\/#website\"},\"primaryImageOfPage\":{\"@id\":\"https:\/\/svarunica.com\/sl\/izdelek\/komplet-slovenski-domorodni-koledar-angleska-brosura\/#primaryimage\"},\"image\":{\"@id\":\"https:\/\/svarunica.com\/sl\/izdelek\/komplet-slovenski-domorodni-koledar-angleska-brosura\/#primaryimage\"},\"thumbnailUrl\":\"https:\/\/svarunica.com\/wp-content\/uploads\/2023\/12\/koledar-irena_reklama-brosure.jpg\",\"datePublished\":\"2023-12-11T15:20:27+00:00\",\"dateModified\":\"2025-12-23T19:36:23+00:00\",\"breadcrumb\":{\"@id\":\"https:\/\/svarunica.com\/sl\/izdelek\/komplet-slovenski-domorodni-koledar-angleska-brosura\/#breadcrumb\"},\"inLanguage\":\"sl-SI\",\"potentialAction\":[{\"@type\":\"ReadAction\",\"target\":[\"https:\/\/svarunica.com\/sl\/izdelek\/komplet-slovenski-domorodni-koledar-angleska-brosura\/\"]}]},{\"@type\":\"ImageObject\",\"inLanguage\":\"sl-SI\",\"@id\":\"https:\/\/svarunica.com\/sl\/izdelek\/komplet-slovenski-domorodni-koledar-angleska-brosura\/#primaryimage\",\"url\":\"https:\/\/svarunica.com\/wp-content\/uploads\/2023\/12\/koledar-irena_reklama-brosure.jpg\",\"contentUrl\":\"https:\/\/svarunica.com\/wp-content\/uploads\/2023\/12\/koledar-irena_reklama-brosure.jpg\",\"width\":1200,\"height\":675},{\"@type\":\"BreadcrumbList\",\"@id\":\"https:\/\/svarunica.com\/sl\/izdelek\/komplet-slovenski-domorodni-koledar-angleska-brosura\/#breadcrumb\",\"itemListElement\":[{\"@type\":\"ListItem\",\"position\":1,\"name\":\"Home\",\"item\":\"https:\/\/svarunica.com\/sl\/\"},{\"@type\":\"ListItem\",\"position\":2,\"name\":\"Trgovina\",\"item\":\"https:\/\/svarunica.com\/sl\/trgovina\/\"},{\"@type\":\"ListItem\",\"position\":3,\"name\":\"komplet: Slovenski domorodni koledar 2024 + angle\u0161ka bro\u0161ura\"}]},{\"@type\":\"WebSite\",\"@id\":\"https:\/\/svarunica.com\/#website\",\"url\":\"https:\/\/svarunica.com\/\",\"name\":\"Svarunica\",\"description\":\"\",\"publisher\":{\"@id\":\"https:\/\/svarunica.com\/#organization\"},\"potentialAction\":[{\"@type\":\"SearchAction\",\"target\":{\"@type\":\"EntryPoint\",\"urlTemplate\":\"https:\/\/svarunica.com\/?s={search_term_string}\"},\"query-input\":{\"@type\":\"PropertyValueSpecification\",\"valueRequired\":true,\"valueName\":\"search_term_string\"}}],\"inLanguage\":\"sl-SI\"},{\"@type\":\"Organization\",\"@id\":\"https:\/\/svarunica.com\/#organization\",\"name\":\"Svarunica\",\"url\":\"https:\/\/svarunica.com\/\",\"logo\":{\"@type\":\"ImageObject\",\"inLanguage\":\"sl-SI\",\"@id\":\"https:\/\/svarunica.com\/#\/schema\/logo\/image\/\",\"url\":\"https:\/\/svarunica.com\/wp-content\/uploads\/2021\/07\/cropped-cropped-svarunica-text-2.png\",\"contentUrl\":\"https:\/\/svarunica.com\/wp-content\/uploads\/2021\/07\/cropped-cropped-svarunica-text-2.png\",\"width\":676,\"height\":179,\"caption\":\"Svarunica\"},\"image\":{\"@id\":\"https:\/\/svarunica.com\/#\/schema\/logo\/image\/\"}}]}<\/script>\n<!-- \/ Yoast SEO plugin. -->","yoast_head_json":{"title":"komplet: Slovenski domorodni koledar 2024 + angle\u0161ka bro\u0161ura - Svarunica","robots":{"index":"index","follow":"follow","max-snippet":"max-snippet:-1","max-image-preview":"max-image-preview:large","max-video-preview":"max-video-preview:-1"},"canonical":"https:\/\/svarunica.com\/sl\/izdelek\/komplet-slovenski-domorodni-koledar-angleska-brosura\/","og_locale":"sl_SI","og_type":"article","og_title":"komplet: Slovenski domorodni koledar 2024 + angle\u0161ka bro\u0161ura - Svarunica","og_description":"Tokratni koledar je \u017ee kar 16. po vrsti in vsebuje predkr\u0161\u010danske zgodbe iz ve\u010dinoma zahodnega dela na\u0161e de\u017eele, z omenjenimi paralelami vseslovenskega prostora in \u0161ir\u0161e. Zapisi slu\u017eijo kot ustvarjalni navdih, zato so grafike plod umetni\u0161ke svobode, vsak mesec pa nosi sr\u010dico doti\u010dne tematike. Koledar podaja strnjene informacije v nekaj odstavkih, vezane na obredja v letu, ki so ob\u010di javnosti \u0161e manj znana, v stavku ali dveh pa so omenjene tudi tipi\u010dne obredne jedi v \u010dasu praznikov.  Stenski koledar A3 vam podaja bogato slikovno opremo, spremna, pou\u010dna besedila, \u0161tevil\u010dnica pa ima zapisane dr\u017eavne in dela proste praznike, vidnej\u0161e svetovne dneve, opomnike na staroverske praznike, opomnike s sli\u010dicami slovenske zastave \u2013 kdaj jo izobesimo ter lunine mene vklju\u010dujo\u010d krajce, saj obstajajo tudi obredja vezana na krajce. Okenca v \u0161tevil\u010dnici pa so \u0161e vedno dovolj velika, da si lahko zabele\u017eite delovne in zasebne obveznosti.  Za vse prijatelje v tujini smo pripravili bro\u0161uro v kompletu s koledarjem, kjer je celotna vsebina prevedena v angle\u0161ki jezik, da tradicionalno slovensko duhovno zapu\u0161\u010dino lahko ob\u010dudujejo ter se od nje u\u010dijo po vsem svetu. \u010ce vzamete komplet, dobite bro\u0161uro po polovi\u010dni ceni. Bro\u0161ura je odprte dimenzije A3 (1 list), obojestransko barvno potiskana.  V na\u0161i trgovinici dobite ta komplet ali posami\u010dni koledar ali pa zgolj angle\u0161ko bro\u0161uro.  &nbsp;  &nbsp;","og_url":"https:\/\/svarunica.com\/sl\/izdelek\/komplet-slovenski-domorodni-koledar-angleska-brosura\/","og_site_name":"Svarunica","article_modified_time":"2025-12-23T19:36:23+00:00","og_image":[{"width":1200,"height":675,"url":"https:\/\/svarunica.com\/wp-content\/uploads\/2023\/12\/koledar-irena_reklama-brosure.jpg","type":"image\/jpeg"}],"twitter_card":"summary_large_image","twitter_misc":{"Est. reading time":"1 minuta"},"schema":{"@context":"https:\/\/schema.org","@graph":[{"@type":"WebPage","@id":"https:\/\/svarunica.com\/sl\/izdelek\/komplet-slovenski-domorodni-koledar-angleska-brosura\/","url":"https:\/\/svarunica.com\/sl\/izdelek\/komplet-slovenski-domorodni-koledar-angleska-brosura\/","name":"komplet: Slovenski domorodni koledar 2024 + angle\u0161ka bro\u0161ura - Svarunica","isPartOf":{"@id":"https:\/\/svarunica.com\/#website"},"primaryImageOfPage":{"@id":"https:\/\/svarunica.com\/sl\/izdelek\/komplet-slovenski-domorodni-koledar-angleska-brosura\/#primaryimage"},"image":{"@id":"https:\/\/svarunica.com\/sl\/izdelek\/komplet-slovenski-domorodni-koledar-angleska-brosura\/#primaryimage"},"thumbnailUrl":"https:\/\/svarunica.com\/wp-content\/uploads\/2023\/12\/koledar-irena_reklama-brosure.jpg","datePublished":"2023-12-11T15:20:27+00:00","dateModified":"2025-12-23T19:36:23+00:00","breadcrumb":{"@id":"https:\/\/svarunica.com\/sl\/izdelek\/komplet-slovenski-domorodni-koledar-angleska-brosura\/#breadcrumb"},"inLanguage":"sl-SI","potentialAction":[{"@type":"ReadAction","target":["https:\/\/svarunica.com\/sl\/izdelek\/komplet-slovenski-domorodni-koledar-angleska-brosura\/"]}]},{"@type":"ImageObject","inLanguage":"sl-SI","@id":"https:\/\/svarunica.com\/sl\/izdelek\/komplet-slovenski-domorodni-koledar-angleska-brosura\/#primaryimage","url":"https:\/\/svarunica.com\/wp-content\/uploads\/2023\/12\/koledar-irena_reklama-brosure.jpg","contentUrl":"https:\/\/svarunica.com\/wp-content\/uploads\/2023\/12\/koledar-irena_reklama-brosure.jpg","width":1200,"height":675},{"@type":"BreadcrumbList","@id":"https:\/\/svarunica.com\/sl\/izdelek\/komplet-slovenski-domorodni-koledar-angleska-brosura\/#breadcrumb","itemListElement":[{"@type":"ListItem","position":1,"name":"Home","item":"https:\/\/svarunica.com\/sl\/"},{"@type":"ListItem","position":2,"name":"Trgovina","item":"https:\/\/svarunica.com\/sl\/trgovina\/"},{"@type":"ListItem","position":3,"name":"komplet: Slovenski domorodni koledar 2024 + angle\u0161ka bro\u0161ura"}]},{"@type":"WebSite","@id":"https:\/\/svarunica.com\/#website","url":"https:\/\/svarunica.com\/","name":"Svarunica","description":"","publisher":{"@id":"https:\/\/svarunica.com\/#organization"},"potentialAction":[{"@type":"SearchAction","target":{"@type":"EntryPoint","urlTemplate":"https:\/\/svarunica.com\/?s={search_term_string}"},"query-input":{"@type":"PropertyValueSpecification","valueRequired":true,"valueName":"search_term_string"}}],"inLanguage":"sl-SI"},{"@type":"Organization","@id":"https:\/\/svarunica.com\/#organization","name":"Svarunica","url":"https:\/\/svarunica.com\/","logo":{"@type":"ImageObject","inLanguage":"sl-SI","@id":"https:\/\/svarunica.com\/#\/schema\/logo\/image\/","url":"https:\/\/svarunica.com\/wp-content\/uploads\/2021\/07\/cropped-cropped-svarunica-text-2.png","contentUrl":"https:\/\/svarunica.com\/wp-content\/uploads\/2021\/07\/cropped-cropped-svarunica-text-2.png","width":676,"height":179,"caption":"Svarunica"},"image":{"@id":"https:\/\/svarunica.com\/#\/schema\/logo\/image\/"}}]}},"_links":{"self":[{"href":"https:\/\/svarunica.com\/sl\/wp-json\/wp\/v2\/product\/10068","targetHints":{"allow":["GET"]}}],"collection":[{"href":"https:\/\/svarunica.com\/sl\/wp-json\/wp\/v2\/product"}],"about":[{"href":"https:\/\/svarunica.com\/sl\/wp-json\/wp\/v2\/types\/product"}],"wp:featuredmedia":[{"embeddable":true,"href":"https:\/\/svarunica.com\/sl\/wp-json\/wp\/v2\/media\/10069"}],"wp:attachment":[{"href":"https:\/\/svarunica.com\/sl\/wp-json\/wp\/v2\/media?parent=10068"}],"wp:term":[{"taxonomy":"product_cat","embeddable":true,"href":"https:\/\/svarunica.com\/sl\/wp-json\/wp\/v2\/product_cat?post=10068"},{"taxonomy":"product_tag","embeddable":true,"href":"https:\/\/svarunica.com\/sl\/wp-json\/wp\/v2\/product_tag?post=10068"}],"curies":[{"name":"wp","href":"https:\/\/api.w.org\/{rel}","templated":true}]}}