{"id":10163,"date":"2023-12-16T19:50:27","date_gmt":"2023-12-16T18:50:27","guid":{"rendered":"https:\/\/svarunica.com\/?post_type=product&#038;p=10163"},"modified":"2025-12-01T06:33:15","modified_gmt":"2025-12-01T05:33:15","slug":"bozic-svarozic-v-okvirju","status":"publish","type":"product","link":"https:\/\/svarunica.com\/sl\/izdelek\/bozic-svarozic-v-okvirju\/","title":{"rendered":"Bo\u017ei\u010d Svaro\u017ei\u010d v okvirju"},"content":{"rendered":"<p>Bo\u017ei\u010dna dekoracija doma.<br \/>\nZunanji robovi okvirja merijo 18,5 x 13,5 cm, vlo\u017eena grafika je velikosti 15 x 10 cm.<br \/>\nOkvir je zlate barve z mo\u017enostjo obe\u0161anja ali namizne postavitve.<\/p>\n","protected":false},"excerpt":{"rendered":"<p>Okvir zunanjih velikosti 18,5&#215;13,5 cm predstavlja Bo\u017ei\u010da Svaro\u017ei\u010da, mlado sonce, malega boga, sina vrhovnega stvaritelja, katerega rojstvo in prihod v tostranstvo pri\u010dakujemo v najdalj\u0161i no\u010di v letu, kateri sledijo najbolj ob\u010dutljive in najbolj nevarne vol\u010dje no\u010di.<br \/>\nOkvir z avtorsko grafiko Bo\u017ei\u010da Svaro\u017ei\u010da oblikovalke Irene Petri\u010d, ki v sklopu svojega poslanstva \u017ee skoraj dve desetletji skrbi za poljudno ozave\u0161\u010danje o rodnih koreninah skozi razli\u010dne projekte, postavimo na posebno mesto v opomin na novo upanje, za pomo\u010d pri novih za\u010detkih in snovanjih novih idej ter za dru\u017einsko sre\u010do, harmonijo.<br \/>\nSvoje mesto lahko Bo\u017ei\u010dek Svaro\u017ei\u010dek, v zlatem, son\u010dnem okvirju, najde pod smre\u010dico oz. v posebnem kotu, prostoru, kakor so ga uredili predniki pred davnimi \u010dasi, kjer je stala voda za preto\u010dnost, \u017eito in kruh poprtnik (kruh, ki so ga pojedli ob koncu vol\u010djih no\u010di 6. prosinca\/januarja), \u017eito za obilje, zimzelenje v opomin na neumrljivo in vedno \u017eivo, cikli\u010dno naravo ter klju\u010d za varovanje doma\u010dije.<\/p>\n","protected":false},"featured_media":16908,"template":"","meta":[],"product_cat":[904,1019,359],"product_tag":[907,1045,1047,1046,1048],"class_list":{"0":"post-10163","1":"product","2":"type-product","3":"status-publish","4":"has-post-thumbnail","6":"product_cat-bozicna-ponudba-in-akcije","7":"product_cat-posterji","8":"product_cat-uncategorized-sl","9":"product_tag-bozic-svarozic","10":"product_tag-bpzic","11":"product_tag-poganska-dekoracija","12":"product_tag-rojstvo-sonca","13":"product_tag-solsticij","15":"first","16":"instock","17":"purchasable","18":"product-type-simple"},"yoast_head":"<!-- This site is optimized with the Yoast SEO plugin v23.9 - https:\/\/yoast.com\/wordpress\/plugins\/seo\/ -->\n<title>Bo\u017ei\u010d Svaro\u017ei\u010d v okvirju - Svarunica<\/title>\n<meta name=\"description\" content=\"Bo\u017ei\u010d Svaro\u017ei\u010d v okviru. Avtor grafike: Irena Petri\u010d\" \/>\n<meta name=\"robots\" content=\"index, follow, max-snippet:-1, max-image-preview:large, max-video-preview:-1\" \/>\n<link rel=\"canonical\" href=\"https:\/\/svarunica.com\/sl\/izdelek\/bozic-svarozic-v-okvirju\/\" \/>\n<meta property=\"og:locale\" content=\"sl_SI\" \/>\n<meta property=\"og:type\" content=\"article\" \/>\n<meta property=\"og:title\" content=\"Bo\u017ei\u010d Svaro\u017ei\u010d v okvirju - Svarunica\" \/>\n<meta property=\"og:description\" content=\"Bo\u017ei\u010d Svaro\u017ei\u010d v okviru. Avtor grafike: Irena Petri\u010d\" \/>\n<meta property=\"og:url\" content=\"https:\/\/svarunica.com\/sl\/izdelek\/bozic-svarozic-v-okvirju\/\" \/>\n<meta property=\"og:site_name\" content=\"Svarunica\" \/>\n<meta property=\"article:modified_time\" content=\"2025-12-01T05:33:15+00:00\" \/>\n<meta property=\"og:image\" content=\"https:\/\/svarunica.com\/wp-content\/uploads\/2023\/12\/bozc-svarozic-uokvirjena-grafika-svarunica_2.jpg\" \/>\n\t<meta property=\"og:image:width\" content=\"1200\" \/>\n\t<meta property=\"og:image:height\" content=\"900\" \/>\n\t<meta property=\"og:image:type\" content=\"image\/jpeg\" \/>\n<meta name=\"twitter:card\" content=\"summary_large_image\" \/>\n<meta name=\"twitter:label1\" content=\"Est. reading time\" \/>\n\t<meta name=\"twitter:data1\" content=\"1 minuta\" \/>\n<script type=\"application\/ld+json\" class=\"yoast-schema-graph\">{\"@context\":\"https:\/\/schema.org\",\"@graph\":[{\"@type\":\"WebPage\",\"@id\":\"https:\/\/svarunica.com\/sl\/izdelek\/bozic-svarozic-v-okvirju\/\",\"url\":\"https:\/\/svarunica.com\/sl\/izdelek\/bozic-svarozic-v-okvirju\/\",\"name\":\"Bo\u017ei\u010d Svaro\u017ei\u010d v okvirju - Svarunica\",\"isPartOf\":{\"@id\":\"https:\/\/svarunica.com\/#website\"},\"primaryImageOfPage\":{\"@id\":\"https:\/\/svarunica.com\/sl\/izdelek\/bozic-svarozic-v-okvirju\/#primaryimage\"},\"image\":{\"@id\":\"https:\/\/svarunica.com\/sl\/izdelek\/bozic-svarozic-v-okvirju\/#primaryimage\"},\"thumbnailUrl\":\"https:\/\/svarunica.com\/wp-content\/uploads\/2023\/12\/bozc-svarozic-uokvirjena-grafika-svarunica_2.jpg\",\"datePublished\":\"2023-12-16T18:50:27+00:00\",\"dateModified\":\"2025-12-01T05:33:15+00:00\",\"description\":\"Bo\u017ei\u010d Svaro\u017ei\u010d v okviru. Avtor grafike: Irena Petri\u010d\",\"breadcrumb\":{\"@id\":\"https:\/\/svarunica.com\/sl\/izdelek\/bozic-svarozic-v-okvirju\/#breadcrumb\"},\"inLanguage\":\"sl-SI\",\"potentialAction\":[{\"@type\":\"ReadAction\",\"target\":[\"https:\/\/svarunica.com\/sl\/izdelek\/bozic-svarozic-v-okvirju\/\"]}]},{\"@type\":\"ImageObject\",\"inLanguage\":\"sl-SI\",\"@id\":\"https:\/\/svarunica.com\/sl\/izdelek\/bozic-svarozic-v-okvirju\/#primaryimage\",\"url\":\"https:\/\/svarunica.com\/wp-content\/uploads\/2023\/12\/bozc-svarozic-uokvirjena-grafika-svarunica_2.jpg\",\"contentUrl\":\"https:\/\/svarunica.com\/wp-content\/uploads\/2023\/12\/bozc-svarozic-uokvirjena-grafika-svarunica_2.jpg\",\"width\":1200,\"height\":900},{\"@type\":\"BreadcrumbList\",\"@id\":\"https:\/\/svarunica.com\/sl\/izdelek\/bozic-svarozic-v-okvirju\/#breadcrumb\",\"itemListElement\":[{\"@type\":\"ListItem\",\"position\":1,\"name\":\"Home\",\"item\":\"https:\/\/svarunica.com\/sl\/\"},{\"@type\":\"ListItem\",\"position\":2,\"name\":\"Trgovina\",\"item\":\"https:\/\/svarunica.com\/sl\/trgovina\/\"},{\"@type\":\"ListItem\",\"position\":3,\"name\":\"Bo\u017ei\u010d Svaro\u017ei\u010d v okvirju\"}]},{\"@type\":\"WebSite\",\"@id\":\"https:\/\/svarunica.com\/#website\",\"url\":\"https:\/\/svarunica.com\/\",\"name\":\"Svarunica\",\"description\":\"\",\"publisher\":{\"@id\":\"https:\/\/svarunica.com\/#organization\"},\"potentialAction\":[{\"@type\":\"SearchAction\",\"target\":{\"@type\":\"EntryPoint\",\"urlTemplate\":\"https:\/\/svarunica.com\/?s={search_term_string}\"},\"query-input\":{\"@type\":\"PropertyValueSpecification\",\"valueRequired\":true,\"valueName\":\"search_term_string\"}}],\"inLanguage\":\"sl-SI\"},{\"@type\":\"Organization\",\"@id\":\"https:\/\/svarunica.com\/#organization\",\"name\":\"Svarunica\",\"url\":\"https:\/\/svarunica.com\/\",\"logo\":{\"@type\":\"ImageObject\",\"inLanguage\":\"sl-SI\",\"@id\":\"https:\/\/svarunica.com\/#\/schema\/logo\/image\/\",\"url\":\"https:\/\/svarunica.com\/wp-content\/uploads\/2021\/07\/cropped-cropped-svarunica-text-2.png\",\"contentUrl\":\"https:\/\/svarunica.com\/wp-content\/uploads\/2021\/07\/cropped-cropped-svarunica-text-2.png\",\"width\":676,\"height\":179,\"caption\":\"Svarunica\"},\"image\":{\"@id\":\"https:\/\/svarunica.com\/#\/schema\/logo\/image\/\"}}]}<\/script>\n<!-- \/ Yoast SEO plugin. -->","yoast_head_json":{"title":"Bo\u017ei\u010d Svaro\u017ei\u010d v okvirju - Svarunica","description":"Bo\u017ei\u010d Svaro\u017ei\u010d v okviru. Avtor grafike: Irena Petri\u010d","robots":{"index":"index","follow":"follow","max-snippet":"max-snippet:-1","max-image-preview":"max-image-preview:large","max-video-preview":"max-video-preview:-1"},"canonical":"https:\/\/svarunica.com\/sl\/izdelek\/bozic-svarozic-v-okvirju\/","og_locale":"sl_SI","og_type":"article","og_title":"Bo\u017ei\u010d Svaro\u017ei\u010d v okvirju - Svarunica","og_description":"Bo\u017ei\u010d Svaro\u017ei\u010d v okviru. Avtor grafike: Irena Petri\u010d","og_url":"https:\/\/svarunica.com\/sl\/izdelek\/bozic-svarozic-v-okvirju\/","og_site_name":"Svarunica","article_modified_time":"2025-12-01T05:33:15+00:00","og_image":[{"width":1200,"height":900,"url":"https:\/\/svarunica.com\/wp-content\/uploads\/2023\/12\/bozc-svarozic-uokvirjena-grafika-svarunica_2.jpg","type":"image\/jpeg"}],"twitter_card":"summary_large_image","twitter_misc":{"Est. reading time":"1 minuta"},"schema":{"@context":"https:\/\/schema.org","@graph":[{"@type":"WebPage","@id":"https:\/\/svarunica.com\/sl\/izdelek\/bozic-svarozic-v-okvirju\/","url":"https:\/\/svarunica.com\/sl\/izdelek\/bozic-svarozic-v-okvirju\/","name":"Bo\u017ei\u010d Svaro\u017ei\u010d v okvirju - Svarunica","isPartOf":{"@id":"https:\/\/svarunica.com\/#website"},"primaryImageOfPage":{"@id":"https:\/\/svarunica.com\/sl\/izdelek\/bozic-svarozic-v-okvirju\/#primaryimage"},"image":{"@id":"https:\/\/svarunica.com\/sl\/izdelek\/bozic-svarozic-v-okvirju\/#primaryimage"},"thumbnailUrl":"https:\/\/svarunica.com\/wp-content\/uploads\/2023\/12\/bozc-svarozic-uokvirjena-grafika-svarunica_2.jpg","datePublished":"2023-12-16T18:50:27+00:00","dateModified":"2025-12-01T05:33:15+00:00","description":"Bo\u017ei\u010d Svaro\u017ei\u010d v okviru. Avtor grafike: Irena Petri\u010d","breadcrumb":{"@id":"https:\/\/svarunica.com\/sl\/izdelek\/bozic-svarozic-v-okvirju\/#breadcrumb"},"inLanguage":"sl-SI","potentialAction":[{"@type":"ReadAction","target":["https:\/\/svarunica.com\/sl\/izdelek\/bozic-svarozic-v-okvirju\/"]}]},{"@type":"ImageObject","inLanguage":"sl-SI","@id":"https:\/\/svarunica.com\/sl\/izdelek\/bozic-svarozic-v-okvirju\/#primaryimage","url":"https:\/\/svarunica.com\/wp-content\/uploads\/2023\/12\/bozc-svarozic-uokvirjena-grafika-svarunica_2.jpg","contentUrl":"https:\/\/svarunica.com\/wp-content\/uploads\/2023\/12\/bozc-svarozic-uokvirjena-grafika-svarunica_2.jpg","width":1200,"height":900},{"@type":"BreadcrumbList","@id":"https:\/\/svarunica.com\/sl\/izdelek\/bozic-svarozic-v-okvirju\/#breadcrumb","itemListElement":[{"@type":"ListItem","position":1,"name":"Home","item":"https:\/\/svarunica.com\/sl\/"},{"@type":"ListItem","position":2,"name":"Trgovina","item":"https:\/\/svarunica.com\/sl\/trgovina\/"},{"@type":"ListItem","position":3,"name":"Bo\u017ei\u010d Svaro\u017ei\u010d v okvirju"}]},{"@type":"WebSite","@id":"https:\/\/svarunica.com\/#website","url":"https:\/\/svarunica.com\/","name":"Svarunica","description":"","publisher":{"@id":"https:\/\/svarunica.com\/#organization"},"potentialAction":[{"@type":"SearchAction","target":{"@type":"EntryPoint","urlTemplate":"https:\/\/svarunica.com\/?s={search_term_string}"},"query-input":{"@type":"PropertyValueSpecification","valueRequired":true,"valueName":"search_term_string"}}],"inLanguage":"sl-SI"},{"@type":"Organization","@id":"https:\/\/svarunica.com\/#organization","name":"Svarunica","url":"https:\/\/svarunica.com\/","logo":{"@type":"ImageObject","inLanguage":"sl-SI","@id":"https:\/\/svarunica.com\/#\/schema\/logo\/image\/","url":"https:\/\/svarunica.com\/wp-content\/uploads\/2021\/07\/cropped-cropped-svarunica-text-2.png","contentUrl":"https:\/\/svarunica.com\/wp-content\/uploads\/2021\/07\/cropped-cropped-svarunica-text-2.png","width":676,"height":179,"caption":"Svarunica"},"image":{"@id":"https:\/\/svarunica.com\/#\/schema\/logo\/image\/"}}]}},"_links":{"self":[{"href":"https:\/\/svarunica.com\/sl\/wp-json\/wp\/v2\/product\/10163","targetHints":{"allow":["GET"]}}],"collection":[{"href":"https:\/\/svarunica.com\/sl\/wp-json\/wp\/v2\/product"}],"about":[{"href":"https:\/\/svarunica.com\/sl\/wp-json\/wp\/v2\/types\/product"}],"wp:featuredmedia":[{"embeddable":true,"href":"https:\/\/svarunica.com\/sl\/wp-json\/wp\/v2\/media\/16908"}],"wp:attachment":[{"href":"https:\/\/svarunica.com\/sl\/wp-json\/wp\/v2\/media?parent=10163"}],"wp:term":[{"taxonomy":"product_cat","embeddable":true,"href":"https:\/\/svarunica.com\/sl\/wp-json\/wp\/v2\/product_cat?post=10163"},{"taxonomy":"product_tag","embeddable":true,"href":"https:\/\/svarunica.com\/sl\/wp-json\/wp\/v2\/product_tag?post=10163"}],"curies":[{"name":"wp","href":"https:\/\/api.w.org\/{rel}","templated":true}]}}