{"id":14007,"date":"2024-09-11T15:45:12","date_gmt":"2024-09-11T13:45:12","guid":{"rendered":"https:\/\/svarunica.com\/?post_type=product&#038;p=14007"},"modified":"2025-10-22T13:14:10","modified_gmt":"2025-10-22T11:14:10","slug":"14007","status":"publish","type":"product","link":"https:\/\/svarunica.com\/sl\/izdelek\/14007\/","title":{"rendered":"Koledar 2025: drevesa v na\u0161ih domorodnih izro\u010dilih"},"content":{"rendered":"<p>Koledar je dimenzij a3, tiskan na 150g premazni papir, slikovna oprema, teksti, oblikovanje in priprava na tisk: Irena Petri\u010d, lektoriranje: Milanka Urankar<\/p>\n","protected":false},"excerpt":{"rendered":"<p>Koledar za leto 2025 vsebuje 12 grafik vezanih na 12 dreves in grmov, ki so za na\u0161o duhovno ljudsko zakladnico izjemnega obrednega pomena.<br \/>\nOpisi vsebujejo informacije o <strong>obrednih praksah z drevesi pri nas pa tudi \u010dez mejo,<\/strong> \u0161tevil\u010dnica vsebuje praznike, staroverske praznike in opomnike, opomnike za izobe\u0161anje zastave ter lunine mene.<br \/>\nTrenutno je prva naklada koledarjev \u017ee po\u0161la. Bodo pa zopet na voljo predvidoma 27.11.2024, tako, da bomo vsa prej prispela naro\u010dila odposlali po tem datumu.<\/p>\n<p>Prosinec: TISA vodi v ve\u010dnost<br \/>\nSve\u010dan: Vesnina \u010dudodelna VRBA<br \/>\nSu\u0161ec: Zdravilna NAGNJEVA palica<br \/>\nMali traven: Z BR\u0160LJANOM v prebujeno pomlad<br \/>\nVeliki traven: \u010carovni\u0161ki BEZEG\u00a0 in obredno vino<br \/>\nRo\u017enik: PU\u0160PAN kot pomagalo ob prehodih<br \/>\nMali srpan: Prero\u0161tvo z LOVORJEM in miritev vodnega duha<br \/>\nVeliki srpan: Pravlji\u010dna BUKEV poi\u0161\u010de mo\u017ea<br \/>\nKimavec: Izvorna \u017eivljenjska energija v JABLANI<br \/>\nVinotok: Privabljanje snubcev z GLOGOM in prehod v mo\u0161ko odraslost<br \/>\nListopad: Belistova BREZA in iskanje odgovorov<br \/>\nGruden: Novo rojstvo z BRINOM<\/p>\n<p>Koledar je na voljo tudi v <a href=\"https:\/\/trgovina.zarek-hc.si\/Izdelki\/starodavna-znanja\/staroverski--domorodni-koledar-2025\/\">centru \u017dAREK<\/a> (Brezje pri Grosupljem), v trgovini <a href=\"https:\/\/www.misteriji.si\/slovenski-domorodni-koledar-2025.html\">MISTERIJI<\/a> in pri rodnoverni skupnosti <a href=\"https:\/\/skupnost.zora-aurora.com\/\">ZORA<\/a> na Savinjskem<\/p>\n","protected":false},"featured_media":14008,"template":"","meta":[],"product_cat":[1007,359],"product_tag":[1069,1068,1064,1062,1063,1070,1065,1066,1067],"class_list":{"0":"post-14007","1":"product","2":"type-product","3":"status-publish","4":"has-post-thumbnail","6":"product_cat-arhivski-koledarji","7":"product_cat-uncategorized-sl","8":"product_tag-domorodna-obredja","9":"product_tag-domorodni-koledar","10":"product_tag-drevesa-v-nasi-mitologiji","11":"product_tag-koledar-2025","12":"product_tag-mioloski-koledar","13":"product_tag-predniki","14":"product_tag-slovenska-mitologia","15":"product_tag-slovenska-obredja","16":"product_tag-straoverske-prakse","18":"first","19":"outofstock","20":"purchasable","21":"product-type-simple"},"yoast_head":"<!-- This site is optimized with the Yoast SEO plugin v23.9 - https:\/\/yoast.com\/wordpress\/plugins\/seo\/ -->\n<title>Koledar 2025: drevesa v na\u0161ih domorodnih izro\u010dilih - Svarunica<\/title>\n<meta name=\"robots\" content=\"index, follow, max-snippet:-1, max-image-preview:large, max-video-preview:-1\" \/>\n<link rel=\"canonical\" href=\"https:\/\/svarunica.com\/sl\/izdelek\/14007\/\" \/>\n<meta property=\"og:locale\" content=\"sl_SI\" \/>\n<meta property=\"og:type\" content=\"article\" \/>\n<meta property=\"og:title\" content=\"Koledar 2025: drevesa v na\u0161ih domorodnih izro\u010dilih - Svarunica\" \/>\n<meta property=\"og:description\" content=\"Koledar za leto 2025 vsebuje 12 grafik vezanih na 12 dreves in grmov, ki so za na\u0161o duhovno ljudsko zakladnico izjemnega obrednega pomena. Opisi vsebujejo informacije o obrednih praksah z drevesi pri nas pa tudi \u010dez mejo, \u0161tevil\u010dnica vsebuje praznike, staroverske praznike in opomnike, opomnike za izobe\u0161anje zastave ter lunine mene. Trenutno je prva naklada koledarjev \u017ee po\u0161la. Bodo pa zopet na voljo predvidoma 27.11.2024, tako, da bomo vsa prej prispela naro\u010dila odposlali po tem datumu.  Prosinec: TISA vodi v ve\u010dnost Sve\u010dan: Vesnina \u010dudodelna VRBA Su\u0161ec: Zdravilna NAGNJEVA palica Mali traven: Z BR\u0160LJANOM v prebujeno pomlad Veliki traven: \u010carovni\u0161ki BEZEG\u00a0 in obredno vino Ro\u017enik: PU\u0160PAN kot pomagalo ob prehodih Mali srpan: Prero\u0161tvo z LOVORJEM in miritev vodnega duha Veliki srpan: Pravlji\u010dna BUKEV poi\u0161\u010de mo\u017ea Kimavec: Izvorna \u017eivljenjska energija v JABLANI Vinotok: Privabljanje snubcev z GLOGOM in prehod v mo\u0161ko odraslost Listopad: Belistova BREZA in iskanje odgovorov Gruden: Novo rojstvo z BRINOM  Koledar je na voljo tudi v centru \u017dAREK (Brezje pri Grosupljem), v trgovini MISTERIJI in pri rodnoverni skupnosti ZORA na Savinjskem\" \/>\n<meta property=\"og:url\" content=\"https:\/\/svarunica.com\/sl\/izdelek\/14007\/\" \/>\n<meta property=\"og:site_name\" content=\"Svarunica\" \/>\n<meta property=\"article:modified_time\" content=\"2025-10-22T11:14:10+00:00\" \/>\n<meta property=\"og:image\" content=\"https:\/\/svarunica.com\/wp-content\/uploads\/2024\/09\/koledar-2025-drevesa-svarunica-2.jpg\" \/>\n\t<meta property=\"og:image:width\" content=\"1405\" \/>\n\t<meta property=\"og:image:height\" content=\"2000\" \/>\n\t<meta property=\"og:image:type\" content=\"image\/jpeg\" \/>\n<meta name=\"twitter:card\" content=\"summary_large_image\" \/>\n<meta name=\"twitter:label1\" content=\"Est. reading time\" \/>\n\t<meta name=\"twitter:data1\" content=\"1 minuta\" \/>\n<script type=\"application\/ld+json\" class=\"yoast-schema-graph\">{\"@context\":\"https:\/\/schema.org\",\"@graph\":[{\"@type\":\"WebPage\",\"@id\":\"https:\/\/svarunica.com\/sl\/izdelek\/14007\/\",\"url\":\"https:\/\/svarunica.com\/sl\/izdelek\/14007\/\",\"name\":\"Koledar 2025: drevesa v na\u0161ih domorodnih izro\u010dilih - Svarunica\",\"isPartOf\":{\"@id\":\"https:\/\/svarunica.com\/#website\"},\"primaryImageOfPage\":{\"@id\":\"https:\/\/svarunica.com\/sl\/izdelek\/14007\/#primaryimage\"},\"image\":{\"@id\":\"https:\/\/svarunica.com\/sl\/izdelek\/14007\/#primaryimage\"},\"thumbnailUrl\":\"https:\/\/svarunica.com\/wp-content\/uploads\/2024\/09\/koledar-2025-drevesa-svarunica-2.jpg\",\"datePublished\":\"2024-09-11T13:45:12+00:00\",\"dateModified\":\"2025-10-22T11:14:10+00:00\",\"breadcrumb\":{\"@id\":\"https:\/\/svarunica.com\/sl\/izdelek\/14007\/#breadcrumb\"},\"inLanguage\":\"sl-SI\",\"potentialAction\":[{\"@type\":\"ReadAction\",\"target\":[\"https:\/\/svarunica.com\/sl\/izdelek\/14007\/\"]}]},{\"@type\":\"ImageObject\",\"inLanguage\":\"sl-SI\",\"@id\":\"https:\/\/svarunica.com\/sl\/izdelek\/14007\/#primaryimage\",\"url\":\"https:\/\/svarunica.com\/wp-content\/uploads\/2024\/09\/koledar-2025-drevesa-svarunica-2.jpg\",\"contentUrl\":\"https:\/\/svarunica.com\/wp-content\/uploads\/2024\/09\/koledar-2025-drevesa-svarunica-2.jpg\",\"width\":1405,\"height\":2000},{\"@type\":\"BreadcrumbList\",\"@id\":\"https:\/\/svarunica.com\/sl\/izdelek\/14007\/#breadcrumb\",\"itemListElement\":[{\"@type\":\"ListItem\",\"position\":1,\"name\":\"Home\",\"item\":\"https:\/\/svarunica.com\/sl\/\"},{\"@type\":\"ListItem\",\"position\":2,\"name\":\"Trgovina\",\"item\":\"https:\/\/svarunica.com\/sl\/trgovina\/\"},{\"@type\":\"ListItem\",\"position\":3,\"name\":\"Koledar 2025: drevesa v na\u0161ih domorodnih izro\u010dilih\"}]},{\"@type\":\"WebSite\",\"@id\":\"https:\/\/svarunica.com\/#website\",\"url\":\"https:\/\/svarunica.com\/\",\"name\":\"Svarunica\",\"description\":\"\",\"publisher\":{\"@id\":\"https:\/\/svarunica.com\/#organization\"},\"potentialAction\":[{\"@type\":\"SearchAction\",\"target\":{\"@type\":\"EntryPoint\",\"urlTemplate\":\"https:\/\/svarunica.com\/?s={search_term_string}\"},\"query-input\":{\"@type\":\"PropertyValueSpecification\",\"valueRequired\":true,\"valueName\":\"search_term_string\"}}],\"inLanguage\":\"sl-SI\"},{\"@type\":\"Organization\",\"@id\":\"https:\/\/svarunica.com\/#organization\",\"name\":\"Svarunica\",\"url\":\"https:\/\/svarunica.com\/\",\"logo\":{\"@type\":\"ImageObject\",\"inLanguage\":\"sl-SI\",\"@id\":\"https:\/\/svarunica.com\/#\/schema\/logo\/image\/\",\"url\":\"https:\/\/svarunica.com\/wp-content\/uploads\/2021\/07\/cropped-cropped-svarunica-text-2.png\",\"contentUrl\":\"https:\/\/svarunica.com\/wp-content\/uploads\/2021\/07\/cropped-cropped-svarunica-text-2.png\",\"width\":676,\"height\":179,\"caption\":\"Svarunica\"},\"image\":{\"@id\":\"https:\/\/svarunica.com\/#\/schema\/logo\/image\/\"}}]}<\/script>\n<!-- \/ Yoast SEO plugin. -->","yoast_head_json":{"title":"Koledar 2025: drevesa v na\u0161ih domorodnih izro\u010dilih - Svarunica","robots":{"index":"index","follow":"follow","max-snippet":"max-snippet:-1","max-image-preview":"max-image-preview:large","max-video-preview":"max-video-preview:-1"},"canonical":"https:\/\/svarunica.com\/sl\/izdelek\/14007\/","og_locale":"sl_SI","og_type":"article","og_title":"Koledar 2025: drevesa v na\u0161ih domorodnih izro\u010dilih - Svarunica","og_description":"Koledar za leto 2025 vsebuje 12 grafik vezanih na 12 dreves in grmov, ki so za na\u0161o duhovno ljudsko zakladnico izjemnega obrednega pomena. Opisi vsebujejo informacije o obrednih praksah z drevesi pri nas pa tudi \u010dez mejo, \u0161tevil\u010dnica vsebuje praznike, staroverske praznike in opomnike, opomnike za izobe\u0161anje zastave ter lunine mene. Trenutno je prva naklada koledarjev \u017ee po\u0161la. Bodo pa zopet na voljo predvidoma 27.11.2024, tako, da bomo vsa prej prispela naro\u010dila odposlali po tem datumu.  Prosinec: TISA vodi v ve\u010dnost Sve\u010dan: Vesnina \u010dudodelna VRBA Su\u0161ec: Zdravilna NAGNJEVA palica Mali traven: Z BR\u0160LJANOM v prebujeno pomlad Veliki traven: \u010carovni\u0161ki BEZEG\u00a0 in obredno vino Ro\u017enik: PU\u0160PAN kot pomagalo ob prehodih Mali srpan: Prero\u0161tvo z LOVORJEM in miritev vodnega duha Veliki srpan: Pravlji\u010dna BUKEV poi\u0161\u010de mo\u017ea Kimavec: Izvorna \u017eivljenjska energija v JABLANI Vinotok: Privabljanje snubcev z GLOGOM in prehod v mo\u0161ko odraslost Listopad: Belistova BREZA in iskanje odgovorov Gruden: Novo rojstvo z BRINOM  Koledar je na voljo tudi v centru \u017dAREK (Brezje pri Grosupljem), v trgovini MISTERIJI in pri rodnoverni skupnosti ZORA na Savinjskem","og_url":"https:\/\/svarunica.com\/sl\/izdelek\/14007\/","og_site_name":"Svarunica","article_modified_time":"2025-10-22T11:14:10+00:00","og_image":[{"width":1405,"height":2000,"url":"https:\/\/svarunica.com\/wp-content\/uploads\/2024\/09\/koledar-2025-drevesa-svarunica-2.jpg","type":"image\/jpeg"}],"twitter_card":"summary_large_image","twitter_misc":{"Est. reading time":"1 minuta"},"schema":{"@context":"https:\/\/schema.org","@graph":[{"@type":"WebPage","@id":"https:\/\/svarunica.com\/sl\/izdelek\/14007\/","url":"https:\/\/svarunica.com\/sl\/izdelek\/14007\/","name":"Koledar 2025: drevesa v na\u0161ih domorodnih izro\u010dilih - Svarunica","isPartOf":{"@id":"https:\/\/svarunica.com\/#website"},"primaryImageOfPage":{"@id":"https:\/\/svarunica.com\/sl\/izdelek\/14007\/#primaryimage"},"image":{"@id":"https:\/\/svarunica.com\/sl\/izdelek\/14007\/#primaryimage"},"thumbnailUrl":"https:\/\/svarunica.com\/wp-content\/uploads\/2024\/09\/koledar-2025-drevesa-svarunica-2.jpg","datePublished":"2024-09-11T13:45:12+00:00","dateModified":"2025-10-22T11:14:10+00:00","breadcrumb":{"@id":"https:\/\/svarunica.com\/sl\/izdelek\/14007\/#breadcrumb"},"inLanguage":"sl-SI","potentialAction":[{"@type":"ReadAction","target":["https:\/\/svarunica.com\/sl\/izdelek\/14007\/"]}]},{"@type":"ImageObject","inLanguage":"sl-SI","@id":"https:\/\/svarunica.com\/sl\/izdelek\/14007\/#primaryimage","url":"https:\/\/svarunica.com\/wp-content\/uploads\/2024\/09\/koledar-2025-drevesa-svarunica-2.jpg","contentUrl":"https:\/\/svarunica.com\/wp-content\/uploads\/2024\/09\/koledar-2025-drevesa-svarunica-2.jpg","width":1405,"height":2000},{"@type":"BreadcrumbList","@id":"https:\/\/svarunica.com\/sl\/izdelek\/14007\/#breadcrumb","itemListElement":[{"@type":"ListItem","position":1,"name":"Home","item":"https:\/\/svarunica.com\/sl\/"},{"@type":"ListItem","position":2,"name":"Trgovina","item":"https:\/\/svarunica.com\/sl\/trgovina\/"},{"@type":"ListItem","position":3,"name":"Koledar 2025: drevesa v na\u0161ih domorodnih izro\u010dilih"}]},{"@type":"WebSite","@id":"https:\/\/svarunica.com\/#website","url":"https:\/\/svarunica.com\/","name":"Svarunica","description":"","publisher":{"@id":"https:\/\/svarunica.com\/#organization"},"potentialAction":[{"@type":"SearchAction","target":{"@type":"EntryPoint","urlTemplate":"https:\/\/svarunica.com\/?s={search_term_string}"},"query-input":{"@type":"PropertyValueSpecification","valueRequired":true,"valueName":"search_term_string"}}],"inLanguage":"sl-SI"},{"@type":"Organization","@id":"https:\/\/svarunica.com\/#organization","name":"Svarunica","url":"https:\/\/svarunica.com\/","logo":{"@type":"ImageObject","inLanguage":"sl-SI","@id":"https:\/\/svarunica.com\/#\/schema\/logo\/image\/","url":"https:\/\/svarunica.com\/wp-content\/uploads\/2021\/07\/cropped-cropped-svarunica-text-2.png","contentUrl":"https:\/\/svarunica.com\/wp-content\/uploads\/2021\/07\/cropped-cropped-svarunica-text-2.png","width":676,"height":179,"caption":"Svarunica"},"image":{"@id":"https:\/\/svarunica.com\/#\/schema\/logo\/image\/"}}]}},"_links":{"self":[{"href":"https:\/\/svarunica.com\/sl\/wp-json\/wp\/v2\/product\/14007","targetHints":{"allow":["GET"]}}],"collection":[{"href":"https:\/\/svarunica.com\/sl\/wp-json\/wp\/v2\/product"}],"about":[{"href":"https:\/\/svarunica.com\/sl\/wp-json\/wp\/v2\/types\/product"}],"wp:featuredmedia":[{"embeddable":true,"href":"https:\/\/svarunica.com\/sl\/wp-json\/wp\/v2\/media\/14008"}],"wp:attachment":[{"href":"https:\/\/svarunica.com\/sl\/wp-json\/wp\/v2\/media?parent=14007"}],"wp:term":[{"taxonomy":"product_cat","embeddable":true,"href":"https:\/\/svarunica.com\/sl\/wp-json\/wp\/v2\/product_cat?post=14007"},{"taxonomy":"product_tag","embeddable":true,"href":"https:\/\/svarunica.com\/sl\/wp-json\/wp\/v2\/product_tag?post=14007"}],"curies":[{"name":"wp","href":"https:\/\/api.w.org\/{rel}","templated":true}]}}