{"id":14466,"date":"2024-10-18T12:41:39","date_gmt":"2024-10-18T10:41:39","guid":{"rendered":"https:\/\/svarunica.com\/?post_type=product&#038;p=14466"},"modified":"2025-10-28T15:19:00","modified_gmt":"2025-10-28T14:19:00","slug":"magnetek-kolovrat","status":"publish","type":"product","link":"https:\/\/svarunica.com\/sl\/izdelek\/magnetek-kolovrat\/","title":{"rendered":"Magnetek kolovrat"},"content":{"rendered":"<p>Mehki okrasni magnet za hladilnik ali tablo, fi61 mm.<br \/>\nOblikovanje: Irena Petri\u010d<\/p>\n","protected":false},"excerpt":{"rendered":"<p>Magnetek premera 6,1 cm vsebuje simbol kolovrata v posebni oblikovni izvedbi.<br \/>\nJe odli\u010dna darilna malenkost za vse, ki so jim ljuba mitolo\u0161ka in starodobna izro\u010dila.<br \/>\nKolovrat v na\u0161i trgovini v ve\u010d oblikovanih izvedbah najdete tudi na <a href=\"https:\/\/svarunica.com\/sl\/izdelek\/majica-s-kratkimi-rokavi-zlati-kolovrat\/\">majicah<\/a>, v obliki <a href=\"https:\/\/svarunica.com\/sl\/izdelek\/leseni-obesek-bkolovrat-na-crni-pleteni-usnjeni-vrvici\/\">lesenega amuleta<\/a> in drugega <a href=\"https:\/\/svarunica.com\/sl\/kategorija-izdelka\/nakit\/\">unikatnega nakita<\/a>.<\/p>\n","protected":false},"featured_media":14467,"template":"","meta":[],"product_cat":[951],"product_tag":[1079,1078,1080,1082,487,1081,494],"class_list":{"0":"post-14466","1":"product","2":"type-product","3":"status-publish","4":"has-post-thumbnail","6":"product_cat-magneti","7":"product_tag-magnetek","8":"product_tag-okrasni-magnet","9":"product_tag-simbol-kolovrata","10":"product_tag-simbol-krozenja","11":"product_tag-slovanski-simboli","12":"product_tag-staroslovenski-simboli","13":"product_tag-svastika","15":"first","16":"instock","17":"purchasable","18":"product-type-simple"},"yoast_head":"<!-- This site is optimized with the Yoast SEO plugin v23.9 - https:\/\/yoast.com\/wordpress\/plugins\/seo\/ -->\n<title>Magnetek kolovrat - Svarunica<\/title>\n<meta name=\"description\" content=\"okrasni magnet kolovrat za hladilnik in table\" \/>\n<meta name=\"robots\" content=\"index, follow, max-snippet:-1, max-image-preview:large, max-video-preview:-1\" \/>\n<link rel=\"canonical\" href=\"https:\/\/svarunica.com\/sl\/izdelek\/magnetek-kolovrat\/\" \/>\n<meta property=\"og:locale\" content=\"sl_SI\" \/>\n<meta property=\"og:type\" content=\"article\" \/>\n<meta property=\"og:title\" content=\"Magnetek kolovrat - Svarunica\" \/>\n<meta property=\"og:description\" content=\"okrasni magnet kolovrat za hladilnik in table\" \/>\n<meta property=\"og:url\" content=\"https:\/\/svarunica.com\/sl\/izdelek\/magnetek-kolovrat\/\" \/>\n<meta property=\"og:site_name\" content=\"Svarunica\" \/>\n<meta property=\"article:modified_time\" content=\"2025-10-28T14:19:00+00:00\" \/>\n<meta property=\"og:image\" content=\"https:\/\/svarunica.com\/wp-content\/uploads\/2024\/10\/magnet-kolovrat-1-trgovinica-svarunica.jpg\" \/>\n\t<meta property=\"og:image:width\" content=\"979\" \/>\n\t<meta property=\"og:image:height\" content=\"736\" \/>\n\t<meta property=\"og:image:type\" content=\"image\/jpeg\" \/>\n<meta name=\"twitter:card\" content=\"summary_large_image\" \/>\n<script type=\"application\/ld+json\" class=\"yoast-schema-graph\">{\"@context\":\"https:\/\/schema.org\",\"@graph\":[{\"@type\":\"WebPage\",\"@id\":\"https:\/\/svarunica.com\/sl\/izdelek\/magnetek-kolovrat\/\",\"url\":\"https:\/\/svarunica.com\/sl\/izdelek\/magnetek-kolovrat\/\",\"name\":\"Magnetek kolovrat - Svarunica\",\"isPartOf\":{\"@id\":\"https:\/\/svarunica.com\/#website\"},\"primaryImageOfPage\":{\"@id\":\"https:\/\/svarunica.com\/sl\/izdelek\/magnetek-kolovrat\/#primaryimage\"},\"image\":{\"@id\":\"https:\/\/svarunica.com\/sl\/izdelek\/magnetek-kolovrat\/#primaryimage\"},\"thumbnailUrl\":\"https:\/\/svarunica.com\/wp-content\/uploads\/2024\/10\/magnet-kolovrat-1-trgovinica-svarunica.jpg\",\"datePublished\":\"2024-10-18T10:41:39+00:00\",\"dateModified\":\"2025-10-28T14:19:00+00:00\",\"description\":\"okrasni magnet kolovrat za hladilnik in table\",\"breadcrumb\":{\"@id\":\"https:\/\/svarunica.com\/sl\/izdelek\/magnetek-kolovrat\/#breadcrumb\"},\"inLanguage\":\"sl-SI\",\"potentialAction\":[{\"@type\":\"ReadAction\",\"target\":[\"https:\/\/svarunica.com\/sl\/izdelek\/magnetek-kolovrat\/\"]}]},{\"@type\":\"ImageObject\",\"inLanguage\":\"sl-SI\",\"@id\":\"https:\/\/svarunica.com\/sl\/izdelek\/magnetek-kolovrat\/#primaryimage\",\"url\":\"https:\/\/svarunica.com\/wp-content\/uploads\/2024\/10\/magnet-kolovrat-1-trgovinica-svarunica.jpg\",\"contentUrl\":\"https:\/\/svarunica.com\/wp-content\/uploads\/2024\/10\/magnet-kolovrat-1-trgovinica-svarunica.jpg\",\"width\":979,\"height\":736},{\"@type\":\"BreadcrumbList\",\"@id\":\"https:\/\/svarunica.com\/sl\/izdelek\/magnetek-kolovrat\/#breadcrumb\",\"itemListElement\":[{\"@type\":\"ListItem\",\"position\":1,\"name\":\"Home\",\"item\":\"https:\/\/svarunica.com\/sl\/\"},{\"@type\":\"ListItem\",\"position\":2,\"name\":\"Trgovina\",\"item\":\"https:\/\/svarunica.com\/sl\/trgovina\/\"},{\"@type\":\"ListItem\",\"position\":3,\"name\":\"Magnetek kolovrat\"}]},{\"@type\":\"WebSite\",\"@id\":\"https:\/\/svarunica.com\/#website\",\"url\":\"https:\/\/svarunica.com\/\",\"name\":\"Svarunica\",\"description\":\"\",\"publisher\":{\"@id\":\"https:\/\/svarunica.com\/#organization\"},\"potentialAction\":[{\"@type\":\"SearchAction\",\"target\":{\"@type\":\"EntryPoint\",\"urlTemplate\":\"https:\/\/svarunica.com\/?s={search_term_string}\"},\"query-input\":{\"@type\":\"PropertyValueSpecification\",\"valueRequired\":true,\"valueName\":\"search_term_string\"}}],\"inLanguage\":\"sl-SI\"},{\"@type\":\"Organization\",\"@id\":\"https:\/\/svarunica.com\/#organization\",\"name\":\"Svarunica\",\"url\":\"https:\/\/svarunica.com\/\",\"logo\":{\"@type\":\"ImageObject\",\"inLanguage\":\"sl-SI\",\"@id\":\"https:\/\/svarunica.com\/#\/schema\/logo\/image\/\",\"url\":\"https:\/\/svarunica.com\/wp-content\/uploads\/2021\/07\/cropped-cropped-svarunica-text-2.png\",\"contentUrl\":\"https:\/\/svarunica.com\/wp-content\/uploads\/2021\/07\/cropped-cropped-svarunica-text-2.png\",\"width\":676,\"height\":179,\"caption\":\"Svarunica\"},\"image\":{\"@id\":\"https:\/\/svarunica.com\/#\/schema\/logo\/image\/\"}}]}<\/script>\n<!-- \/ Yoast SEO plugin. -->","yoast_head_json":{"title":"Magnetek kolovrat - Svarunica","description":"okrasni magnet kolovrat za hladilnik in table","robots":{"index":"index","follow":"follow","max-snippet":"max-snippet:-1","max-image-preview":"max-image-preview:large","max-video-preview":"max-video-preview:-1"},"canonical":"https:\/\/svarunica.com\/sl\/izdelek\/magnetek-kolovrat\/","og_locale":"sl_SI","og_type":"article","og_title":"Magnetek kolovrat - Svarunica","og_description":"okrasni magnet kolovrat za hladilnik in table","og_url":"https:\/\/svarunica.com\/sl\/izdelek\/magnetek-kolovrat\/","og_site_name":"Svarunica","article_modified_time":"2025-10-28T14:19:00+00:00","og_image":[{"width":979,"height":736,"url":"https:\/\/svarunica.com\/wp-content\/uploads\/2024\/10\/magnet-kolovrat-1-trgovinica-svarunica.jpg","type":"image\/jpeg"}],"twitter_card":"summary_large_image","schema":{"@context":"https:\/\/schema.org","@graph":[{"@type":"WebPage","@id":"https:\/\/svarunica.com\/sl\/izdelek\/magnetek-kolovrat\/","url":"https:\/\/svarunica.com\/sl\/izdelek\/magnetek-kolovrat\/","name":"Magnetek kolovrat - Svarunica","isPartOf":{"@id":"https:\/\/svarunica.com\/#website"},"primaryImageOfPage":{"@id":"https:\/\/svarunica.com\/sl\/izdelek\/magnetek-kolovrat\/#primaryimage"},"image":{"@id":"https:\/\/svarunica.com\/sl\/izdelek\/magnetek-kolovrat\/#primaryimage"},"thumbnailUrl":"https:\/\/svarunica.com\/wp-content\/uploads\/2024\/10\/magnet-kolovrat-1-trgovinica-svarunica.jpg","datePublished":"2024-10-18T10:41:39+00:00","dateModified":"2025-10-28T14:19:00+00:00","description":"okrasni magnet kolovrat za hladilnik in table","breadcrumb":{"@id":"https:\/\/svarunica.com\/sl\/izdelek\/magnetek-kolovrat\/#breadcrumb"},"inLanguage":"sl-SI","potentialAction":[{"@type":"ReadAction","target":["https:\/\/svarunica.com\/sl\/izdelek\/magnetek-kolovrat\/"]}]},{"@type":"ImageObject","inLanguage":"sl-SI","@id":"https:\/\/svarunica.com\/sl\/izdelek\/magnetek-kolovrat\/#primaryimage","url":"https:\/\/svarunica.com\/wp-content\/uploads\/2024\/10\/magnet-kolovrat-1-trgovinica-svarunica.jpg","contentUrl":"https:\/\/svarunica.com\/wp-content\/uploads\/2024\/10\/magnet-kolovrat-1-trgovinica-svarunica.jpg","width":979,"height":736},{"@type":"BreadcrumbList","@id":"https:\/\/svarunica.com\/sl\/izdelek\/magnetek-kolovrat\/#breadcrumb","itemListElement":[{"@type":"ListItem","position":1,"name":"Home","item":"https:\/\/svarunica.com\/sl\/"},{"@type":"ListItem","position":2,"name":"Trgovina","item":"https:\/\/svarunica.com\/sl\/trgovina\/"},{"@type":"ListItem","position":3,"name":"Magnetek kolovrat"}]},{"@type":"WebSite","@id":"https:\/\/svarunica.com\/#website","url":"https:\/\/svarunica.com\/","name":"Svarunica","description":"","publisher":{"@id":"https:\/\/svarunica.com\/#organization"},"potentialAction":[{"@type":"SearchAction","target":{"@type":"EntryPoint","urlTemplate":"https:\/\/svarunica.com\/?s={search_term_string}"},"query-input":{"@type":"PropertyValueSpecification","valueRequired":true,"valueName":"search_term_string"}}],"inLanguage":"sl-SI"},{"@type":"Organization","@id":"https:\/\/svarunica.com\/#organization","name":"Svarunica","url":"https:\/\/svarunica.com\/","logo":{"@type":"ImageObject","inLanguage":"sl-SI","@id":"https:\/\/svarunica.com\/#\/schema\/logo\/image\/","url":"https:\/\/svarunica.com\/wp-content\/uploads\/2021\/07\/cropped-cropped-svarunica-text-2.png","contentUrl":"https:\/\/svarunica.com\/wp-content\/uploads\/2021\/07\/cropped-cropped-svarunica-text-2.png","width":676,"height":179,"caption":"Svarunica"},"image":{"@id":"https:\/\/svarunica.com\/#\/schema\/logo\/image\/"}}]}},"_links":{"self":[{"href":"https:\/\/svarunica.com\/sl\/wp-json\/wp\/v2\/product\/14466","targetHints":{"allow":["GET"]}}],"collection":[{"href":"https:\/\/svarunica.com\/sl\/wp-json\/wp\/v2\/product"}],"about":[{"href":"https:\/\/svarunica.com\/sl\/wp-json\/wp\/v2\/types\/product"}],"wp:featuredmedia":[{"embeddable":true,"href":"https:\/\/svarunica.com\/sl\/wp-json\/wp\/v2\/media\/14467"}],"wp:attachment":[{"href":"https:\/\/svarunica.com\/sl\/wp-json\/wp\/v2\/media?parent=14466"}],"wp:term":[{"taxonomy":"product_cat","embeddable":true,"href":"https:\/\/svarunica.com\/sl\/wp-json\/wp\/v2\/product_cat?post=14466"},{"taxonomy":"product_tag","embeddable":true,"href":"https:\/\/svarunica.com\/sl\/wp-json\/wp\/v2\/product_tag?post=14466"}],"curies":[{"name":"wp","href":"https:\/\/api.w.org\/{rel}","templated":true}]}}