{"id":14515,"date":"2024-10-21T12:50:56","date_gmt":"2024-10-21T10:50:56","guid":{"rendered":"https:\/\/svarunica.com\/?post_type=product&#038;p=14515"},"modified":"2026-02-26T19:40:53","modified_gmt":"2026-02-26T18:40:53","slug":"obesek-za-kljuce-kolovrat","status":"publish","type":"product","link":"https:\/\/svarunica.com\/sl\/izdelek\/obesek-za-kljuce-kolovrat\/","title":{"rendered":"Obesek za klju\u010de &#8211; Kolovrat"},"content":{"rendered":"<p>Obesek je izdelan iz aluminija, veri\u017eica pa iz platine.<br \/>\nPremer obeska je 3 cm.<br \/>\nSlika je simboli\u010dna, embala\u017ea in dol\u017eina veri\u017eice se lahko razlikujeta.<\/p>\n","protected":false},"excerpt":{"rendered":"<p>Obesek za klju\u010de vsebuje simbol kolovrata, simbol ve\u010dnega kro\u017eenja, ki prina\u0161a naklonjenost bogov, ki pomaga, da energije ste\u010dejo v pravo smer oz. nam v obratni smeri kro\u017eenja pomagajo pri slovesu od vsega slabega.<br \/>\nV trgovinici imamo na voljo tudi druge izvedbe in druge izdelke kolovrata &#8211; dvojne svastike, ki je v evropskem prostoru dobro poznana \u0161e iz pradavnine.<br \/>\nObesek je na voljo v omejeni koli\u010dini, po izteku zaloge v identi\u010dni obliki ne bo ve\u010d na voljo.<\/p>\n","protected":false},"featured_media":14520,"template":"","meta":[],"product_cat":[1061,1072],"product_tag":[1089,1088,493,990,1082,1090,513,954],"class_list":{"0":"post-14515","1":"product","2":"type-product","3":"status-publish","4":"has-post-thumbnail","6":"product_cat-majcke-v-akciji","7":"product_cat-obeski-za-kljuce","8":"product_tag-ciklicnost","9":"product_tag-dvojna-svastika","10":"product_tag-kolovrat-sl","11":"product_tag-poganski-simbol","12":"product_tag-simbol-krozenja","13":"product_tag-simbol-rodne-vere","14":"product_tag-simbol-sonca","15":"product_tag-starodavni-simbol","17":"first","18":"instock","19":"purchasable","20":"product-type-simple"},"yoast_head":"<!-- This site is optimized with the Yoast SEO plugin v23.9 - https:\/\/yoast.com\/wordpress\/plugins\/seo\/ -->\n<title>Obesek za klju\u010de - Kolovrat - Svarunica<\/title>\n<meta name=\"robots\" content=\"index, follow, max-snippet:-1, max-image-preview:large, max-video-preview:-1\" \/>\n<link rel=\"canonical\" href=\"https:\/\/svarunica.com\/sl\/izdelek\/obesek-za-kljuce-kolovrat\/\" \/>\n<meta property=\"og:locale\" content=\"sl_SI\" \/>\n<meta property=\"og:type\" content=\"article\" \/>\n<meta property=\"og:title\" content=\"Obesek za klju\u010de - Kolovrat - Svarunica\" \/>\n<meta property=\"og:description\" content=\"Obesek za klju\u010de vsebuje simbol kolovrata, simbol ve\u010dnega kro\u017eenja, ki prina\u0161a naklonjenost bogov, ki pomaga, da energije ste\u010dejo v pravo smer oz. nam v obratni smeri kro\u017eenja pomagajo pri slovesu od vsega slabega. V trgovinici imamo na voljo tudi druge izvedbe in druge izdelke kolovrata - dvojne svastike, ki je v evropskem prostoru dobro poznana \u0161e iz pradavnine. Obesek je na voljo v omejeni koli\u010dini, po izteku zaloge v identi\u010dni obliki ne bo ve\u010d na voljo.\" \/>\n<meta property=\"og:url\" content=\"https:\/\/svarunica.com\/sl\/izdelek\/obesek-za-kljuce-kolovrat\/\" \/>\n<meta property=\"og:site_name\" content=\"Svarunica\" \/>\n<meta property=\"article:modified_time\" content=\"2026-02-26T18:40:53+00:00\" \/>\n<meta property=\"og:image\" content=\"https:\/\/svarunica.com\/wp-content\/uploads\/2024\/10\/obesek-za-kljuce-kolovrat-3.jpg\" \/>\n\t<meta property=\"og:image:width\" content=\"1824\" \/>\n\t<meta property=\"og:image:height\" content=\"1368\" \/>\n\t<meta property=\"og:image:type\" content=\"image\/jpeg\" \/>\n<meta name=\"twitter:card\" content=\"summary_large_image\" \/>\n<meta name=\"twitter:label1\" content=\"Est. reading time\" \/>\n\t<meta name=\"twitter:data1\" content=\"1 minuta\" \/>\n<script type=\"application\/ld+json\" class=\"yoast-schema-graph\">{\"@context\":\"https:\/\/schema.org\",\"@graph\":[{\"@type\":\"WebPage\",\"@id\":\"https:\/\/svarunica.com\/sl\/izdelek\/obesek-za-kljuce-kolovrat\/\",\"url\":\"https:\/\/svarunica.com\/sl\/izdelek\/obesek-za-kljuce-kolovrat\/\",\"name\":\"Obesek za klju\u010de - Kolovrat - Svarunica\",\"isPartOf\":{\"@id\":\"https:\/\/svarunica.com\/#website\"},\"primaryImageOfPage\":{\"@id\":\"https:\/\/svarunica.com\/sl\/izdelek\/obesek-za-kljuce-kolovrat\/#primaryimage\"},\"image\":{\"@id\":\"https:\/\/svarunica.com\/sl\/izdelek\/obesek-za-kljuce-kolovrat\/#primaryimage\"},\"thumbnailUrl\":\"https:\/\/svarunica.com\/wp-content\/uploads\/2024\/10\/obesek-za-kljuce-kolovrat-3.jpg\",\"datePublished\":\"2024-10-21T10:50:56+00:00\",\"dateModified\":\"2026-02-26T18:40:53+00:00\",\"breadcrumb\":{\"@id\":\"https:\/\/svarunica.com\/sl\/izdelek\/obesek-za-kljuce-kolovrat\/#breadcrumb\"},\"inLanguage\":\"sl-SI\",\"potentialAction\":[{\"@type\":\"ReadAction\",\"target\":[\"https:\/\/svarunica.com\/sl\/izdelek\/obesek-za-kljuce-kolovrat\/\"]}]},{\"@type\":\"ImageObject\",\"inLanguage\":\"sl-SI\",\"@id\":\"https:\/\/svarunica.com\/sl\/izdelek\/obesek-za-kljuce-kolovrat\/#primaryimage\",\"url\":\"https:\/\/svarunica.com\/wp-content\/uploads\/2024\/10\/obesek-za-kljuce-kolovrat-3.jpg\",\"contentUrl\":\"https:\/\/svarunica.com\/wp-content\/uploads\/2024\/10\/obesek-za-kljuce-kolovrat-3.jpg\",\"width\":1824,\"height\":1368},{\"@type\":\"BreadcrumbList\",\"@id\":\"https:\/\/svarunica.com\/sl\/izdelek\/obesek-za-kljuce-kolovrat\/#breadcrumb\",\"itemListElement\":[{\"@type\":\"ListItem\",\"position\":1,\"name\":\"Home\",\"item\":\"https:\/\/svarunica.com\/sl\/\"},{\"@type\":\"ListItem\",\"position\":2,\"name\":\"Trgovina\",\"item\":\"https:\/\/svarunica.com\/sl\/trgovina\/\"},{\"@type\":\"ListItem\",\"position\":3,\"name\":\"Obesek za klju\u010de &#8211; Kolovrat\"}]},{\"@type\":\"WebSite\",\"@id\":\"https:\/\/svarunica.com\/#website\",\"url\":\"https:\/\/svarunica.com\/\",\"name\":\"Svarunica\",\"description\":\"\",\"publisher\":{\"@id\":\"https:\/\/svarunica.com\/#organization\"},\"potentialAction\":[{\"@type\":\"SearchAction\",\"target\":{\"@type\":\"EntryPoint\",\"urlTemplate\":\"https:\/\/svarunica.com\/?s={search_term_string}\"},\"query-input\":{\"@type\":\"PropertyValueSpecification\",\"valueRequired\":true,\"valueName\":\"search_term_string\"}}],\"inLanguage\":\"sl-SI\"},{\"@type\":\"Organization\",\"@id\":\"https:\/\/svarunica.com\/#organization\",\"name\":\"Svarunica\",\"url\":\"https:\/\/svarunica.com\/\",\"logo\":{\"@type\":\"ImageObject\",\"inLanguage\":\"sl-SI\",\"@id\":\"https:\/\/svarunica.com\/#\/schema\/logo\/image\/\",\"url\":\"https:\/\/svarunica.com\/wp-content\/uploads\/2021\/07\/cropped-cropped-svarunica-text-2.png\",\"contentUrl\":\"https:\/\/svarunica.com\/wp-content\/uploads\/2021\/07\/cropped-cropped-svarunica-text-2.png\",\"width\":676,\"height\":179,\"caption\":\"Svarunica\"},\"image\":{\"@id\":\"https:\/\/svarunica.com\/#\/schema\/logo\/image\/\"}}]}<\/script>\n<!-- \/ Yoast SEO plugin. -->","yoast_head_json":{"title":"Obesek za klju\u010de - Kolovrat - Svarunica","robots":{"index":"index","follow":"follow","max-snippet":"max-snippet:-1","max-image-preview":"max-image-preview:large","max-video-preview":"max-video-preview:-1"},"canonical":"https:\/\/svarunica.com\/sl\/izdelek\/obesek-za-kljuce-kolovrat\/","og_locale":"sl_SI","og_type":"article","og_title":"Obesek za klju\u010de - Kolovrat - Svarunica","og_description":"Obesek za klju\u010de vsebuje simbol kolovrata, simbol ve\u010dnega kro\u017eenja, ki prina\u0161a naklonjenost bogov, ki pomaga, da energije ste\u010dejo v pravo smer oz. nam v obratni smeri kro\u017eenja pomagajo pri slovesu od vsega slabega. V trgovinici imamo na voljo tudi druge izvedbe in druge izdelke kolovrata - dvojne svastike, ki je v evropskem prostoru dobro poznana \u0161e iz pradavnine. Obesek je na voljo v omejeni koli\u010dini, po izteku zaloge v identi\u010dni obliki ne bo ve\u010d na voljo.","og_url":"https:\/\/svarunica.com\/sl\/izdelek\/obesek-za-kljuce-kolovrat\/","og_site_name":"Svarunica","article_modified_time":"2026-02-26T18:40:53+00:00","og_image":[{"width":1824,"height":1368,"url":"https:\/\/svarunica.com\/wp-content\/uploads\/2024\/10\/obesek-za-kljuce-kolovrat-3.jpg","type":"image\/jpeg"}],"twitter_card":"summary_large_image","twitter_misc":{"Est. reading time":"1 minuta"},"schema":{"@context":"https:\/\/schema.org","@graph":[{"@type":"WebPage","@id":"https:\/\/svarunica.com\/sl\/izdelek\/obesek-za-kljuce-kolovrat\/","url":"https:\/\/svarunica.com\/sl\/izdelek\/obesek-za-kljuce-kolovrat\/","name":"Obesek za klju\u010de - Kolovrat - Svarunica","isPartOf":{"@id":"https:\/\/svarunica.com\/#website"},"primaryImageOfPage":{"@id":"https:\/\/svarunica.com\/sl\/izdelek\/obesek-za-kljuce-kolovrat\/#primaryimage"},"image":{"@id":"https:\/\/svarunica.com\/sl\/izdelek\/obesek-za-kljuce-kolovrat\/#primaryimage"},"thumbnailUrl":"https:\/\/svarunica.com\/wp-content\/uploads\/2024\/10\/obesek-za-kljuce-kolovrat-3.jpg","datePublished":"2024-10-21T10:50:56+00:00","dateModified":"2026-02-26T18:40:53+00:00","breadcrumb":{"@id":"https:\/\/svarunica.com\/sl\/izdelek\/obesek-za-kljuce-kolovrat\/#breadcrumb"},"inLanguage":"sl-SI","potentialAction":[{"@type":"ReadAction","target":["https:\/\/svarunica.com\/sl\/izdelek\/obesek-za-kljuce-kolovrat\/"]}]},{"@type":"ImageObject","inLanguage":"sl-SI","@id":"https:\/\/svarunica.com\/sl\/izdelek\/obesek-za-kljuce-kolovrat\/#primaryimage","url":"https:\/\/svarunica.com\/wp-content\/uploads\/2024\/10\/obesek-za-kljuce-kolovrat-3.jpg","contentUrl":"https:\/\/svarunica.com\/wp-content\/uploads\/2024\/10\/obesek-za-kljuce-kolovrat-3.jpg","width":1824,"height":1368},{"@type":"BreadcrumbList","@id":"https:\/\/svarunica.com\/sl\/izdelek\/obesek-za-kljuce-kolovrat\/#breadcrumb","itemListElement":[{"@type":"ListItem","position":1,"name":"Home","item":"https:\/\/svarunica.com\/sl\/"},{"@type":"ListItem","position":2,"name":"Trgovina","item":"https:\/\/svarunica.com\/sl\/trgovina\/"},{"@type":"ListItem","position":3,"name":"Obesek za klju\u010de &#8211; Kolovrat"}]},{"@type":"WebSite","@id":"https:\/\/svarunica.com\/#website","url":"https:\/\/svarunica.com\/","name":"Svarunica","description":"","publisher":{"@id":"https:\/\/svarunica.com\/#organization"},"potentialAction":[{"@type":"SearchAction","target":{"@type":"EntryPoint","urlTemplate":"https:\/\/svarunica.com\/?s={search_term_string}"},"query-input":{"@type":"PropertyValueSpecification","valueRequired":true,"valueName":"search_term_string"}}],"inLanguage":"sl-SI"},{"@type":"Organization","@id":"https:\/\/svarunica.com\/#organization","name":"Svarunica","url":"https:\/\/svarunica.com\/","logo":{"@type":"ImageObject","inLanguage":"sl-SI","@id":"https:\/\/svarunica.com\/#\/schema\/logo\/image\/","url":"https:\/\/svarunica.com\/wp-content\/uploads\/2021\/07\/cropped-cropped-svarunica-text-2.png","contentUrl":"https:\/\/svarunica.com\/wp-content\/uploads\/2021\/07\/cropped-cropped-svarunica-text-2.png","width":676,"height":179,"caption":"Svarunica"},"image":{"@id":"https:\/\/svarunica.com\/#\/schema\/logo\/image\/"}}]}},"_links":{"self":[{"href":"https:\/\/svarunica.com\/sl\/wp-json\/wp\/v2\/product\/14515","targetHints":{"allow":["GET"]}}],"collection":[{"href":"https:\/\/svarunica.com\/sl\/wp-json\/wp\/v2\/product"}],"about":[{"href":"https:\/\/svarunica.com\/sl\/wp-json\/wp\/v2\/types\/product"}],"wp:featuredmedia":[{"embeddable":true,"href":"https:\/\/svarunica.com\/sl\/wp-json\/wp\/v2\/media\/14520"}],"wp:attachment":[{"href":"https:\/\/svarunica.com\/sl\/wp-json\/wp\/v2\/media?parent=14515"}],"wp:term":[{"taxonomy":"product_cat","embeddable":true,"href":"https:\/\/svarunica.com\/sl\/wp-json\/wp\/v2\/product_cat?post=14515"},{"taxonomy":"product_tag","embeddable":true,"href":"https:\/\/svarunica.com\/sl\/wp-json\/wp\/v2\/product_tag?post=14515"}],"curies":[{"name":"wp","href":"https:\/\/api.w.org\/{rel}","templated":true}]}}