{"id":14542,"date":"2024-10-21T15:21:41","date_gmt":"2024-10-21T13:21:41","guid":{"rendered":"https:\/\/svarunica.com\/?post_type=product&#038;p=14542"},"modified":"2024-12-08T21:43:56","modified_gmt":"2024-12-08T20:43:56","slug":"obesek-svarica-18mm","status":"publish","type":"product","link":"https:\/\/svarunica.com\/sl\/izdelek\/obesek-svarica-18mm\/","title":{"rendered":"Obesek Svarica 18mm"},"content":{"rendered":"<p>Obesek je iz nerjave\u010dega jekla, stekla in avtorske izpeljave starodavnega simbola.<\/p>\n","protected":false},"excerpt":{"rendered":"<p>Obesek predstavlja sstari simbol, znan v mnogih de\u017eelah po svetu.<br \/>\nV slovenski in vseslovanski uporabi je bil neko\u010d in danes na obla\u010dilih, zgradbah in razli\u010dnih predmetih za za\u0161\u010dito pred nesre\u010do, pred strelo in smrtjo.<br \/>\nPredstavlja tudi svetovno os \u2013 drevesno os \u201caxix mundi\u201d. Znan je kot svarica, ro\u017ea \u017eivljenja, tudi \u017divina ro\u017ea.<\/p>\n","protected":false},"featured_media":14545,"template":"","meta":[],"product_cat":[1061,904,1071],"product_tag":[540,541,1111,528,460,711,684,791,1112,1110],"class_list":{"0":"post-14542","1":"product","2":"type-product","3":"status-publish","4":"has-post-thumbnail","6":"product_cat-majcke-v-akciji","7":"product_cat-bozicna-ponudba-in-akcije","8":"product_cat-nakit","9":"product_tag-perunica-sl","10":"product_tag-roza-zivljenja","11":"product_tag-simbol-zivljenja","12":"product_tag-slovanska-duhovnost","13":"product_tag-slovanska-in-slovenska-dediscina","14":"product_tag-slovanska-mitologija-sl","15":"product_tag-slovanska-tradicija","16":"product_tag-slovenski-simbol","17":"product_tag-svarica","18":"product_tag-zivin-cvet","20":"first","21":"outofstock","22":"purchasable","23":"product-type-simple"},"yoast_head":"<!-- This site is optimized with the Yoast SEO plugin v23.9 - https:\/\/yoast.com\/wordpress\/plugins\/seo\/ -->\n<title>Obesek Svarica 18mm - Svarunica<\/title>\n<meta name=\"robots\" content=\"index, follow, max-snippet:-1, max-image-preview:large, max-video-preview:-1\" \/>\n<link rel=\"canonical\" href=\"https:\/\/svarunica.com\/sl\/izdelek\/obesek-svarica-18mm\/\" \/>\n<meta property=\"og:locale\" content=\"sl_SI\" \/>\n<meta property=\"og:type\" content=\"article\" \/>\n<meta property=\"og:title\" content=\"Obesek Svarica 18mm - Svarunica\" \/>\n<meta property=\"og:description\" content=\"Obesek predstavlja sstari simbol, znan v mnogih de\u017eelah po svetu. V slovenski in vseslovanski uporabi je bil neko\u010d in danes na obla\u010dilih, zgradbah in razli\u010dnih predmetih za za\u0161\u010dito pred nesre\u010do, pred strelo in smrtjo. Predstavlja tudi svetovno os \u2013 drevesno os \u201caxix mundi\u201d. Znan je kot svarica, ro\u017ea \u017eivljenja, tudi \u017divina ro\u017ea.\" \/>\n<meta property=\"og:url\" content=\"https:\/\/svarunica.com\/sl\/izdelek\/obesek-svarica-18mm\/\" \/>\n<meta property=\"og:site_name\" content=\"Svarunica\" \/>\n<meta property=\"article:modified_time\" content=\"2024-12-08T20:43:56+00:00\" \/>\n<meta property=\"og:image\" content=\"https:\/\/svarunica.com\/wp-content\/uploads\/2024\/10\/obesek-svarica-trgovinica-svarunica-2.jpg\" \/>\n\t<meta property=\"og:image:width\" content=\"1368\" \/>\n\t<meta property=\"og:image:height\" content=\"1824\" \/>\n\t<meta property=\"og:image:type\" content=\"image\/jpeg\" \/>\n<meta name=\"twitter:card\" content=\"summary_large_image\" \/>\n<script type=\"application\/ld+json\" class=\"yoast-schema-graph\">{\"@context\":\"https:\/\/schema.org\",\"@graph\":[{\"@type\":\"WebPage\",\"@id\":\"https:\/\/svarunica.com\/sl\/izdelek\/obesek-svarica-18mm\/\",\"url\":\"https:\/\/svarunica.com\/sl\/izdelek\/obesek-svarica-18mm\/\",\"name\":\"Obesek Svarica 18mm - Svarunica\",\"isPartOf\":{\"@id\":\"https:\/\/svarunica.com\/#website\"},\"primaryImageOfPage\":{\"@id\":\"https:\/\/svarunica.com\/sl\/izdelek\/obesek-svarica-18mm\/#primaryimage\"},\"image\":{\"@id\":\"https:\/\/svarunica.com\/sl\/izdelek\/obesek-svarica-18mm\/#primaryimage\"},\"thumbnailUrl\":\"https:\/\/svarunica.com\/wp-content\/uploads\/2024\/10\/obesek-svarica-trgovinica-svarunica-2.jpg\",\"datePublished\":\"2024-10-21T13:21:41+00:00\",\"dateModified\":\"2024-12-08T20:43:56+00:00\",\"breadcrumb\":{\"@id\":\"https:\/\/svarunica.com\/sl\/izdelek\/obesek-svarica-18mm\/#breadcrumb\"},\"inLanguage\":\"sl-SI\",\"potentialAction\":[{\"@type\":\"ReadAction\",\"target\":[\"https:\/\/svarunica.com\/sl\/izdelek\/obesek-svarica-18mm\/\"]}]},{\"@type\":\"ImageObject\",\"inLanguage\":\"sl-SI\",\"@id\":\"https:\/\/svarunica.com\/sl\/izdelek\/obesek-svarica-18mm\/#primaryimage\",\"url\":\"https:\/\/svarunica.com\/wp-content\/uploads\/2024\/10\/obesek-svarica-trgovinica-svarunica-2.jpg\",\"contentUrl\":\"https:\/\/svarunica.com\/wp-content\/uploads\/2024\/10\/obesek-svarica-trgovinica-svarunica-2.jpg\",\"width\":1368,\"height\":1824},{\"@type\":\"BreadcrumbList\",\"@id\":\"https:\/\/svarunica.com\/sl\/izdelek\/obesek-svarica-18mm\/#breadcrumb\",\"itemListElement\":[{\"@type\":\"ListItem\",\"position\":1,\"name\":\"Home\",\"item\":\"https:\/\/svarunica.com\/sl\/\"},{\"@type\":\"ListItem\",\"position\":2,\"name\":\"Trgovina\",\"item\":\"https:\/\/svarunica.com\/sl\/trgovina\/\"},{\"@type\":\"ListItem\",\"position\":3,\"name\":\"Obesek Svarica 18mm\"}]},{\"@type\":\"WebSite\",\"@id\":\"https:\/\/svarunica.com\/#website\",\"url\":\"https:\/\/svarunica.com\/\",\"name\":\"Svarunica\",\"description\":\"\",\"publisher\":{\"@id\":\"https:\/\/svarunica.com\/#organization\"},\"potentialAction\":[{\"@type\":\"SearchAction\",\"target\":{\"@type\":\"EntryPoint\",\"urlTemplate\":\"https:\/\/svarunica.com\/?s={search_term_string}\"},\"query-input\":{\"@type\":\"PropertyValueSpecification\",\"valueRequired\":true,\"valueName\":\"search_term_string\"}}],\"inLanguage\":\"sl-SI\"},{\"@type\":\"Organization\",\"@id\":\"https:\/\/svarunica.com\/#organization\",\"name\":\"Svarunica\",\"url\":\"https:\/\/svarunica.com\/\",\"logo\":{\"@type\":\"ImageObject\",\"inLanguage\":\"sl-SI\",\"@id\":\"https:\/\/svarunica.com\/#\/schema\/logo\/image\/\",\"url\":\"https:\/\/svarunica.com\/wp-content\/uploads\/2021\/07\/cropped-cropped-svarunica-text-2.png\",\"contentUrl\":\"https:\/\/svarunica.com\/wp-content\/uploads\/2021\/07\/cropped-cropped-svarunica-text-2.png\",\"width\":676,\"height\":179,\"caption\":\"Svarunica\"},\"image\":{\"@id\":\"https:\/\/svarunica.com\/#\/schema\/logo\/image\/\"}}]}<\/script>\n<!-- \/ Yoast SEO plugin. -->","yoast_head_json":{"title":"Obesek Svarica 18mm - Svarunica","robots":{"index":"index","follow":"follow","max-snippet":"max-snippet:-1","max-image-preview":"max-image-preview:large","max-video-preview":"max-video-preview:-1"},"canonical":"https:\/\/svarunica.com\/sl\/izdelek\/obesek-svarica-18mm\/","og_locale":"sl_SI","og_type":"article","og_title":"Obesek Svarica 18mm - Svarunica","og_description":"Obesek predstavlja sstari simbol, znan v mnogih de\u017eelah po svetu. V slovenski in vseslovanski uporabi je bil neko\u010d in danes na obla\u010dilih, zgradbah in razli\u010dnih predmetih za za\u0161\u010dito pred nesre\u010do, pred strelo in smrtjo. Predstavlja tudi svetovno os \u2013 drevesno os \u201caxix mundi\u201d. Znan je kot svarica, ro\u017ea \u017eivljenja, tudi \u017divina ro\u017ea.","og_url":"https:\/\/svarunica.com\/sl\/izdelek\/obesek-svarica-18mm\/","og_site_name":"Svarunica","article_modified_time":"2024-12-08T20:43:56+00:00","og_image":[{"width":1368,"height":1824,"url":"https:\/\/svarunica.com\/wp-content\/uploads\/2024\/10\/obesek-svarica-trgovinica-svarunica-2.jpg","type":"image\/jpeg"}],"twitter_card":"summary_large_image","schema":{"@context":"https:\/\/schema.org","@graph":[{"@type":"WebPage","@id":"https:\/\/svarunica.com\/sl\/izdelek\/obesek-svarica-18mm\/","url":"https:\/\/svarunica.com\/sl\/izdelek\/obesek-svarica-18mm\/","name":"Obesek Svarica 18mm - Svarunica","isPartOf":{"@id":"https:\/\/svarunica.com\/#website"},"primaryImageOfPage":{"@id":"https:\/\/svarunica.com\/sl\/izdelek\/obesek-svarica-18mm\/#primaryimage"},"image":{"@id":"https:\/\/svarunica.com\/sl\/izdelek\/obesek-svarica-18mm\/#primaryimage"},"thumbnailUrl":"https:\/\/svarunica.com\/wp-content\/uploads\/2024\/10\/obesek-svarica-trgovinica-svarunica-2.jpg","datePublished":"2024-10-21T13:21:41+00:00","dateModified":"2024-12-08T20:43:56+00:00","breadcrumb":{"@id":"https:\/\/svarunica.com\/sl\/izdelek\/obesek-svarica-18mm\/#breadcrumb"},"inLanguage":"sl-SI","potentialAction":[{"@type":"ReadAction","target":["https:\/\/svarunica.com\/sl\/izdelek\/obesek-svarica-18mm\/"]}]},{"@type":"ImageObject","inLanguage":"sl-SI","@id":"https:\/\/svarunica.com\/sl\/izdelek\/obesek-svarica-18mm\/#primaryimage","url":"https:\/\/svarunica.com\/wp-content\/uploads\/2024\/10\/obesek-svarica-trgovinica-svarunica-2.jpg","contentUrl":"https:\/\/svarunica.com\/wp-content\/uploads\/2024\/10\/obesek-svarica-trgovinica-svarunica-2.jpg","width":1368,"height":1824},{"@type":"BreadcrumbList","@id":"https:\/\/svarunica.com\/sl\/izdelek\/obesek-svarica-18mm\/#breadcrumb","itemListElement":[{"@type":"ListItem","position":1,"name":"Home","item":"https:\/\/svarunica.com\/sl\/"},{"@type":"ListItem","position":2,"name":"Trgovina","item":"https:\/\/svarunica.com\/sl\/trgovina\/"},{"@type":"ListItem","position":3,"name":"Obesek Svarica 18mm"}]},{"@type":"WebSite","@id":"https:\/\/svarunica.com\/#website","url":"https:\/\/svarunica.com\/","name":"Svarunica","description":"","publisher":{"@id":"https:\/\/svarunica.com\/#organization"},"potentialAction":[{"@type":"SearchAction","target":{"@type":"EntryPoint","urlTemplate":"https:\/\/svarunica.com\/?s={search_term_string}"},"query-input":{"@type":"PropertyValueSpecification","valueRequired":true,"valueName":"search_term_string"}}],"inLanguage":"sl-SI"},{"@type":"Organization","@id":"https:\/\/svarunica.com\/#organization","name":"Svarunica","url":"https:\/\/svarunica.com\/","logo":{"@type":"ImageObject","inLanguage":"sl-SI","@id":"https:\/\/svarunica.com\/#\/schema\/logo\/image\/","url":"https:\/\/svarunica.com\/wp-content\/uploads\/2021\/07\/cropped-cropped-svarunica-text-2.png","contentUrl":"https:\/\/svarunica.com\/wp-content\/uploads\/2021\/07\/cropped-cropped-svarunica-text-2.png","width":676,"height":179,"caption":"Svarunica"},"image":{"@id":"https:\/\/svarunica.com\/#\/schema\/logo\/image\/"}}]}},"_links":{"self":[{"href":"https:\/\/svarunica.com\/sl\/wp-json\/wp\/v2\/product\/14542","targetHints":{"allow":["GET"]}}],"collection":[{"href":"https:\/\/svarunica.com\/sl\/wp-json\/wp\/v2\/product"}],"about":[{"href":"https:\/\/svarunica.com\/sl\/wp-json\/wp\/v2\/types\/product"}],"wp:featuredmedia":[{"embeddable":true,"href":"https:\/\/svarunica.com\/sl\/wp-json\/wp\/v2\/media\/14545"}],"wp:attachment":[{"href":"https:\/\/svarunica.com\/sl\/wp-json\/wp\/v2\/media?parent=14542"}],"wp:term":[{"taxonomy":"product_cat","embeddable":true,"href":"https:\/\/svarunica.com\/sl\/wp-json\/wp\/v2\/product_cat?post=14542"},{"taxonomy":"product_tag","embeddable":true,"href":"https:\/\/svarunica.com\/sl\/wp-json\/wp\/v2\/product_tag?post=14542"}],"curies":[{"name":"wp","href":"https:\/\/api.w.org\/{rel}","templated":true}]}}