{"id":14615,"date":"2024-10-25T11:31:15","date_gmt":"2024-10-25T09:31:15","guid":{"rendered":"https:\/\/svarunica.com\/?post_type=product&#038;p=14615"},"modified":"2025-10-24T14:40:15","modified_gmt":"2025-10-24T12:40:15","slug":"barjanka-obesek-za-kljuce","status":"publish","type":"product","link":"https:\/\/svarunica.com\/sl\/izdelek\/barjanka-obesek-za-kljuce\/","title":{"rendered":"Barjanka &#8211; obesek za klju\u010de"},"content":{"rendered":"<p>Leseni obesek iz topola je pripet na platinast obro\u010d.<br \/>\nIzdelek je krasno mini darilce za vse, ki imajo radi na\u0161o zgodovino in kulturo.<br \/>\nGrafi\u010dna izvedba obeska: Irena Petri\u010d<\/p>\n","protected":false},"excerpt":{"rendered":"<p>Ekorna oz. Barjanka je idol z ljubljanskega barja iz \u010dasa mosti\u0161\u010darjev. Na\u010din izdelave keramike oz. njena okrasitev s simboli, je neposredno povezana s starimi ljudstvi \u0161irom Evrope kot je npr. vu\u010dedolska kultura ali kukutensko-tripilska, kjer se dolo\u010deni vzorci in simboli, v nespremenjeni obliki, v na\u0161ih tradicionalnih vezeninah pojavljajo \u0161e danes kot tudi na drugih predmetih in katerih pomen lahko tudi razvozlamo.<br \/>\nBarjanka nakazuje na Orion, kar pa odpira mnogo vpra\u0161anj glede duhovnih izro\u010dil.<br \/>\nLeseni obesek iz topola je pripet na platinast obro\u010d.<br \/>\nIzdelek je krasno mini darilce za vse, ki imajo radi na\u0161o zgodovino in kulturo.<br \/>\nGrafi\u010dna izvedba obeska: Irena Petri\u010d<br \/>\nBarjanka\u00a0 je na voljo tudi v obliki okrasnega magnetka s klikom na <a href=\"https:\/\/svarunica.com\/sl\/izdelek\/barjanka-okrasni-magnetek\/\">TO POVEZAVO.<\/a><\/p>\n","protected":false},"featured_media":14616,"template":"","meta":[],"product_cat":[1072],"product_tag":[1119,1113,1114,1121,1117,1116,1120,1122,1115,1124,1123,946,1118],"class_list":{"0":"post-14615","1":"product","2":"type-product","3":"status-publish","4":"has-post-thumbnail","6":"product_cat-obeski-za-kljuce","7":"product_tag-aecorna","8":"product_tag-barjanka","9":"product_tag-ekorna","10":"product_tag-ekorna-obesek","11":"product_tag-idol-z-ljubljanskega-barja","12":"product_tag-koliscarji","13":"product_tag-ljubljanska-boginja","14":"product_tag-ljubljanski-spominek","15":"product_tag-mostiscarji","16":"product_tag-slovenska-boginja","17":"product_tag-slovenska-zgodovina","18":"product_tag-slovensko-izrocilo","19":"product_tag-velika-mati-ljubljane","21":"first","22":"instock","23":"purchasable","24":"product-type-simple"},"yoast_head":"<!-- This site is optimized with the Yoast SEO plugin v23.9 - https:\/\/yoast.com\/wordpress\/plugins\/seo\/ -->\n<title>Barjanka - obesek za klju\u010de - Svarunica<\/title>\n<meta name=\"description\" content=\"Barjanka obesek za klju\u010de\" \/>\n<meta name=\"robots\" content=\"index, follow, max-snippet:-1, max-image-preview:large, max-video-preview:-1\" \/>\n<link rel=\"canonical\" href=\"https:\/\/svarunica.com\/sl\/izdelek\/barjanka-obesek-za-kljuce\/\" \/>\n<meta property=\"og:locale\" content=\"sl_SI\" \/>\n<meta property=\"og:type\" content=\"article\" \/>\n<meta property=\"og:title\" content=\"Barjanka - obesek za klju\u010de - Svarunica\" \/>\n<meta property=\"og:description\" content=\"Barjanka obesek za klju\u010de\" \/>\n<meta property=\"og:url\" content=\"https:\/\/svarunica.com\/sl\/izdelek\/barjanka-obesek-za-kljuce\/\" \/>\n<meta property=\"og:site_name\" content=\"Svarunica\" \/>\n<meta property=\"article:modified_time\" content=\"2025-10-24T12:40:15+00:00\" \/>\n<meta property=\"og:image\" content=\"https:\/\/svarunica.com\/wp-content\/uploads\/2024\/10\/ekorna-obesek-za-kljuce-1.jpg\" \/>\n\t<meta property=\"og:image:width\" content=\"1000\" \/>\n\t<meta property=\"og:image:height\" content=\"750\" \/>\n\t<meta property=\"og:image:type\" content=\"image\/jpeg\" \/>\n<meta name=\"twitter:card\" content=\"summary_large_image\" \/>\n<script type=\"application\/ld+json\" class=\"yoast-schema-graph\">{\"@context\":\"https:\/\/schema.org\",\"@graph\":[{\"@type\":\"WebPage\",\"@id\":\"https:\/\/svarunica.com\/sl\/izdelek\/barjanka-obesek-za-kljuce\/\",\"url\":\"https:\/\/svarunica.com\/sl\/izdelek\/barjanka-obesek-za-kljuce\/\",\"name\":\"Barjanka - obesek za klju\u010de - Svarunica\",\"isPartOf\":{\"@id\":\"https:\/\/svarunica.com\/#website\"},\"primaryImageOfPage\":{\"@id\":\"https:\/\/svarunica.com\/sl\/izdelek\/barjanka-obesek-za-kljuce\/#primaryimage\"},\"image\":{\"@id\":\"https:\/\/svarunica.com\/sl\/izdelek\/barjanka-obesek-za-kljuce\/#primaryimage\"},\"thumbnailUrl\":\"https:\/\/svarunica.com\/wp-content\/uploads\/2024\/10\/ekorna-obesek-za-kljuce-1.jpg\",\"datePublished\":\"2024-10-25T09:31:15+00:00\",\"dateModified\":\"2025-10-24T12:40:15+00:00\",\"description\":\"Barjanka obesek za klju\u010de\",\"breadcrumb\":{\"@id\":\"https:\/\/svarunica.com\/sl\/izdelek\/barjanka-obesek-za-kljuce\/#breadcrumb\"},\"inLanguage\":\"sl-SI\",\"potentialAction\":[{\"@type\":\"ReadAction\",\"target\":[\"https:\/\/svarunica.com\/sl\/izdelek\/barjanka-obesek-za-kljuce\/\"]}]},{\"@type\":\"ImageObject\",\"inLanguage\":\"sl-SI\",\"@id\":\"https:\/\/svarunica.com\/sl\/izdelek\/barjanka-obesek-za-kljuce\/#primaryimage\",\"url\":\"https:\/\/svarunica.com\/wp-content\/uploads\/2024\/10\/ekorna-obesek-za-kljuce-1.jpg\",\"contentUrl\":\"https:\/\/svarunica.com\/wp-content\/uploads\/2024\/10\/ekorna-obesek-za-kljuce-1.jpg\",\"width\":1000,\"height\":750},{\"@type\":\"BreadcrumbList\",\"@id\":\"https:\/\/svarunica.com\/sl\/izdelek\/barjanka-obesek-za-kljuce\/#breadcrumb\",\"itemListElement\":[{\"@type\":\"ListItem\",\"position\":1,\"name\":\"Home\",\"item\":\"https:\/\/svarunica.com\/sl\/\"},{\"@type\":\"ListItem\",\"position\":2,\"name\":\"Trgovina\",\"item\":\"https:\/\/svarunica.com\/sl\/trgovina\/\"},{\"@type\":\"ListItem\",\"position\":3,\"name\":\"Barjanka &#8211; obesek za klju\u010de\"}]},{\"@type\":\"WebSite\",\"@id\":\"https:\/\/svarunica.com\/#website\",\"url\":\"https:\/\/svarunica.com\/\",\"name\":\"Svarunica\",\"description\":\"\",\"publisher\":{\"@id\":\"https:\/\/svarunica.com\/#organization\"},\"potentialAction\":[{\"@type\":\"SearchAction\",\"target\":{\"@type\":\"EntryPoint\",\"urlTemplate\":\"https:\/\/svarunica.com\/?s={search_term_string}\"},\"query-input\":{\"@type\":\"PropertyValueSpecification\",\"valueRequired\":true,\"valueName\":\"search_term_string\"}}],\"inLanguage\":\"sl-SI\"},{\"@type\":\"Organization\",\"@id\":\"https:\/\/svarunica.com\/#organization\",\"name\":\"Svarunica\",\"url\":\"https:\/\/svarunica.com\/\",\"logo\":{\"@type\":\"ImageObject\",\"inLanguage\":\"sl-SI\",\"@id\":\"https:\/\/svarunica.com\/#\/schema\/logo\/image\/\",\"url\":\"https:\/\/svarunica.com\/wp-content\/uploads\/2021\/07\/cropped-cropped-svarunica-text-2.png\",\"contentUrl\":\"https:\/\/svarunica.com\/wp-content\/uploads\/2021\/07\/cropped-cropped-svarunica-text-2.png\",\"width\":676,\"height\":179,\"caption\":\"Svarunica\"},\"image\":{\"@id\":\"https:\/\/svarunica.com\/#\/schema\/logo\/image\/\"}}]}<\/script>\n<!-- \/ Yoast SEO plugin. -->","yoast_head_json":{"title":"Barjanka - obesek za klju\u010de - Svarunica","description":"Barjanka obesek za klju\u010de","robots":{"index":"index","follow":"follow","max-snippet":"max-snippet:-1","max-image-preview":"max-image-preview:large","max-video-preview":"max-video-preview:-1"},"canonical":"https:\/\/svarunica.com\/sl\/izdelek\/barjanka-obesek-za-kljuce\/","og_locale":"sl_SI","og_type":"article","og_title":"Barjanka - obesek za klju\u010de - Svarunica","og_description":"Barjanka obesek za klju\u010de","og_url":"https:\/\/svarunica.com\/sl\/izdelek\/barjanka-obesek-za-kljuce\/","og_site_name":"Svarunica","article_modified_time":"2025-10-24T12:40:15+00:00","og_image":[{"width":1000,"height":750,"url":"https:\/\/svarunica.com\/wp-content\/uploads\/2024\/10\/ekorna-obesek-za-kljuce-1.jpg","type":"image\/jpeg"}],"twitter_card":"summary_large_image","schema":{"@context":"https:\/\/schema.org","@graph":[{"@type":"WebPage","@id":"https:\/\/svarunica.com\/sl\/izdelek\/barjanka-obesek-za-kljuce\/","url":"https:\/\/svarunica.com\/sl\/izdelek\/barjanka-obesek-za-kljuce\/","name":"Barjanka - obesek za klju\u010de - Svarunica","isPartOf":{"@id":"https:\/\/svarunica.com\/#website"},"primaryImageOfPage":{"@id":"https:\/\/svarunica.com\/sl\/izdelek\/barjanka-obesek-za-kljuce\/#primaryimage"},"image":{"@id":"https:\/\/svarunica.com\/sl\/izdelek\/barjanka-obesek-za-kljuce\/#primaryimage"},"thumbnailUrl":"https:\/\/svarunica.com\/wp-content\/uploads\/2024\/10\/ekorna-obesek-za-kljuce-1.jpg","datePublished":"2024-10-25T09:31:15+00:00","dateModified":"2025-10-24T12:40:15+00:00","description":"Barjanka obesek za klju\u010de","breadcrumb":{"@id":"https:\/\/svarunica.com\/sl\/izdelek\/barjanka-obesek-za-kljuce\/#breadcrumb"},"inLanguage":"sl-SI","potentialAction":[{"@type":"ReadAction","target":["https:\/\/svarunica.com\/sl\/izdelek\/barjanka-obesek-za-kljuce\/"]}]},{"@type":"ImageObject","inLanguage":"sl-SI","@id":"https:\/\/svarunica.com\/sl\/izdelek\/barjanka-obesek-za-kljuce\/#primaryimage","url":"https:\/\/svarunica.com\/wp-content\/uploads\/2024\/10\/ekorna-obesek-za-kljuce-1.jpg","contentUrl":"https:\/\/svarunica.com\/wp-content\/uploads\/2024\/10\/ekorna-obesek-za-kljuce-1.jpg","width":1000,"height":750},{"@type":"BreadcrumbList","@id":"https:\/\/svarunica.com\/sl\/izdelek\/barjanka-obesek-za-kljuce\/#breadcrumb","itemListElement":[{"@type":"ListItem","position":1,"name":"Home","item":"https:\/\/svarunica.com\/sl\/"},{"@type":"ListItem","position":2,"name":"Trgovina","item":"https:\/\/svarunica.com\/sl\/trgovina\/"},{"@type":"ListItem","position":3,"name":"Barjanka &#8211; obesek za klju\u010de"}]},{"@type":"WebSite","@id":"https:\/\/svarunica.com\/#website","url":"https:\/\/svarunica.com\/","name":"Svarunica","description":"","publisher":{"@id":"https:\/\/svarunica.com\/#organization"},"potentialAction":[{"@type":"SearchAction","target":{"@type":"EntryPoint","urlTemplate":"https:\/\/svarunica.com\/?s={search_term_string}"},"query-input":{"@type":"PropertyValueSpecification","valueRequired":true,"valueName":"search_term_string"}}],"inLanguage":"sl-SI"},{"@type":"Organization","@id":"https:\/\/svarunica.com\/#organization","name":"Svarunica","url":"https:\/\/svarunica.com\/","logo":{"@type":"ImageObject","inLanguage":"sl-SI","@id":"https:\/\/svarunica.com\/#\/schema\/logo\/image\/","url":"https:\/\/svarunica.com\/wp-content\/uploads\/2021\/07\/cropped-cropped-svarunica-text-2.png","contentUrl":"https:\/\/svarunica.com\/wp-content\/uploads\/2021\/07\/cropped-cropped-svarunica-text-2.png","width":676,"height":179,"caption":"Svarunica"},"image":{"@id":"https:\/\/svarunica.com\/#\/schema\/logo\/image\/"}}]}},"_links":{"self":[{"href":"https:\/\/svarunica.com\/sl\/wp-json\/wp\/v2\/product\/14615","targetHints":{"allow":["GET"]}}],"collection":[{"href":"https:\/\/svarunica.com\/sl\/wp-json\/wp\/v2\/product"}],"about":[{"href":"https:\/\/svarunica.com\/sl\/wp-json\/wp\/v2\/types\/product"}],"wp:featuredmedia":[{"embeddable":true,"href":"https:\/\/svarunica.com\/sl\/wp-json\/wp\/v2\/media\/14616"}],"wp:attachment":[{"href":"https:\/\/svarunica.com\/sl\/wp-json\/wp\/v2\/media?parent=14615"}],"wp:term":[{"taxonomy":"product_cat","embeddable":true,"href":"https:\/\/svarunica.com\/sl\/wp-json\/wp\/v2\/product_cat?post=14615"},{"taxonomy":"product_tag","embeddable":true,"href":"https:\/\/svarunica.com\/sl\/wp-json\/wp\/v2\/product_tag?post=14615"}],"curies":[{"name":"wp","href":"https:\/\/api.w.org\/{rel}","templated":true}]}}