{"id":14637,"date":"2024-10-25T11:53:16","date_gmt":"2024-10-25T09:53:16","guid":{"rendered":"https:\/\/svarunica.com\/?post_type=product&#038;p=14637"},"modified":"2025-10-24T14:40:41","modified_gmt":"2025-10-24T12:40:41","slug":"hiska-babe-jage-obesek-za-kljuce","status":"publish","type":"product","link":"https:\/\/svarunica.com\/sl\/izdelek\/hiska-babe-jage-obesek-za-kljuce\/","title":{"rendered":"Hi\u0161ka Babe Jage &#8211; obesek za klju\u010de"},"content":{"rendered":"<p>Leseni obesek je pripet na platinast obro\u010d.<br \/>\nObesek iz topola je krasno mini darilce za vse, ki imajo radi na\u0161o zgodovino in kulturo.<br \/>\nPoleg obeska je prilo\u017eena tudi mini info bro\u0161urica.<br \/>\nGrafi\u010dna izvedba obeska : Irena Petri\u010d<\/p>\n","protected":false},"excerpt":{"rendered":"<p>Hi\u0161a Jage babe nastopa kot samosvoje bitje, Babino zavetje. Babo Jago pa najdemo v ve\u010d razli\u010dicah v mnogih kulturah in mnogih zgodbah ter simbolizira nepredvidljivo in neukrotljivo naravo \u017eenskega duha, matere Zemlje in odnos \u017eensk do divjine.<br \/>\nSimbolno nas Baba Jaga u\u010di, da da ti\u010di svoboda onkraj meja dru\u017ebenih norm in da se lahko od teme nau\u010dimo toliko kot svetlobe.<br \/>\nHi\u0161ka Babe Jage je na voljo tudi v obliki obeska za klju\u010de na <a href=\"https:\/\/svarunica.com\/sl\/izdelek\/hiska-babe-jage-magnet\/\">TEJ POVEZAVI<\/a>.<\/p>\n","protected":false},"featured_media":14638,"template":"","meta":[],"product_cat":[1072],"product_tag":[674,1130,1129,1132,1125,1131,1078,1126,1127,459,973,1128],"class_list":{"0":"post-14637","1":"product","2":"type-product","3":"status-publish","4":"has-post-thumbnail","6":"product_cat-obeski-za-kljuce","7":"product_tag-baba-jaga-sl","8":"product_tag-caovnica","9":"product_tag-divja-baba","10":"product_tag-domorodno-darilo","11":"product_tag-jaga-baba","12":"product_tag-leseni-magnet","13":"product_tag-okrasni-magnet","14":"product_tag-slovanski-magnet","15":"product_tag-slovanski-spominek","16":"product_tag-slovenska-mitologija-sl","17":"product_tag-slovenske-pravljice","18":"product_tag-slovenski-spominek","20":"first","21":"instock","22":"purchasable","23":"product-type-simple"},"yoast_head":"<!-- This site is optimized with the Yoast SEO plugin v23.9 - https:\/\/yoast.com\/wordpress\/plugins\/seo\/ -->\n<title>Hi\u0161ka Babe Jage - obesek za klju\u010de - Svarunica<\/title>\n<meta name=\"description\" content=\"Baba Jaga - obesek za kljuce trgovinice Svarunica\" \/>\n<meta name=\"robots\" content=\"index, follow, max-snippet:-1, max-image-preview:large, max-video-preview:-1\" \/>\n<link rel=\"canonical\" href=\"https:\/\/svarunica.com\/sl\/izdelek\/hiska-babe-jage-obesek-za-kljuce\/\" \/>\n<meta property=\"og:locale\" content=\"sl_SI\" \/>\n<meta property=\"og:type\" content=\"article\" \/>\n<meta property=\"og:title\" content=\"Hi\u0161ka Babe Jage - obesek za klju\u010de - Svarunica\" \/>\n<meta property=\"og:description\" content=\"Baba Jaga - obesek za kljuce trgovinice Svarunica\" \/>\n<meta property=\"og:url\" content=\"https:\/\/svarunica.com\/sl\/izdelek\/hiska-babe-jage-obesek-za-kljuce\/\" \/>\n<meta property=\"og:site_name\" content=\"Svarunica\" \/>\n<meta property=\"article:modified_time\" content=\"2025-10-24T12:40:41+00:00\" \/>\n<meta property=\"og:image\" content=\"https:\/\/svarunica.com\/wp-content\/uploads\/2024\/10\/baba-jaga-obesek-1.jpg\" \/>\n\t<meta property=\"og:image:width\" content=\"1000\" \/>\n\t<meta property=\"og:image:height\" content=\"750\" \/>\n\t<meta property=\"og:image:type\" content=\"image\/jpeg\" \/>\n<meta name=\"twitter:card\" content=\"summary_large_image\" \/>\n<script type=\"application\/ld+json\" class=\"yoast-schema-graph\">{\"@context\":\"https:\/\/schema.org\",\"@graph\":[{\"@type\":\"WebPage\",\"@id\":\"https:\/\/svarunica.com\/sl\/izdelek\/hiska-babe-jage-obesek-za-kljuce\/\",\"url\":\"https:\/\/svarunica.com\/sl\/izdelek\/hiska-babe-jage-obesek-za-kljuce\/\",\"name\":\"Hi\u0161ka Babe Jage - obesek za klju\u010de - Svarunica\",\"isPartOf\":{\"@id\":\"https:\/\/svarunica.com\/#website\"},\"primaryImageOfPage\":{\"@id\":\"https:\/\/svarunica.com\/sl\/izdelek\/hiska-babe-jage-obesek-za-kljuce\/#primaryimage\"},\"image\":{\"@id\":\"https:\/\/svarunica.com\/sl\/izdelek\/hiska-babe-jage-obesek-za-kljuce\/#primaryimage\"},\"thumbnailUrl\":\"https:\/\/svarunica.com\/wp-content\/uploads\/2024\/10\/baba-jaga-obesek-1.jpg\",\"datePublished\":\"2024-10-25T09:53:16+00:00\",\"dateModified\":\"2025-10-24T12:40:41+00:00\",\"description\":\"Baba Jaga - obesek za kljuce trgovinice Svarunica\",\"breadcrumb\":{\"@id\":\"https:\/\/svarunica.com\/sl\/izdelek\/hiska-babe-jage-obesek-za-kljuce\/#breadcrumb\"},\"inLanguage\":\"sl-SI\",\"potentialAction\":[{\"@type\":\"ReadAction\",\"target\":[\"https:\/\/svarunica.com\/sl\/izdelek\/hiska-babe-jage-obesek-za-kljuce\/\"]}]},{\"@type\":\"ImageObject\",\"inLanguage\":\"sl-SI\",\"@id\":\"https:\/\/svarunica.com\/sl\/izdelek\/hiska-babe-jage-obesek-za-kljuce\/#primaryimage\",\"url\":\"https:\/\/svarunica.com\/wp-content\/uploads\/2024\/10\/baba-jaga-obesek-1.jpg\",\"contentUrl\":\"https:\/\/svarunica.com\/wp-content\/uploads\/2024\/10\/baba-jaga-obesek-1.jpg\",\"width\":1000,\"height\":750},{\"@type\":\"BreadcrumbList\",\"@id\":\"https:\/\/svarunica.com\/sl\/izdelek\/hiska-babe-jage-obesek-za-kljuce\/#breadcrumb\",\"itemListElement\":[{\"@type\":\"ListItem\",\"position\":1,\"name\":\"Home\",\"item\":\"https:\/\/svarunica.com\/sl\/\"},{\"@type\":\"ListItem\",\"position\":2,\"name\":\"Trgovina\",\"item\":\"https:\/\/svarunica.com\/sl\/trgovina\/\"},{\"@type\":\"ListItem\",\"position\":3,\"name\":\"Hi\u0161ka Babe Jage &#8211; obesek za klju\u010de\"}]},{\"@type\":\"WebSite\",\"@id\":\"https:\/\/svarunica.com\/#website\",\"url\":\"https:\/\/svarunica.com\/\",\"name\":\"Svarunica\",\"description\":\"\",\"publisher\":{\"@id\":\"https:\/\/svarunica.com\/#organization\"},\"potentialAction\":[{\"@type\":\"SearchAction\",\"target\":{\"@type\":\"EntryPoint\",\"urlTemplate\":\"https:\/\/svarunica.com\/?s={search_term_string}\"},\"query-input\":{\"@type\":\"PropertyValueSpecification\",\"valueRequired\":true,\"valueName\":\"search_term_string\"}}],\"inLanguage\":\"sl-SI\"},{\"@type\":\"Organization\",\"@id\":\"https:\/\/svarunica.com\/#organization\",\"name\":\"Svarunica\",\"url\":\"https:\/\/svarunica.com\/\",\"logo\":{\"@type\":\"ImageObject\",\"inLanguage\":\"sl-SI\",\"@id\":\"https:\/\/svarunica.com\/#\/schema\/logo\/image\/\",\"url\":\"https:\/\/svarunica.com\/wp-content\/uploads\/2021\/07\/cropped-cropped-svarunica-text-2.png\",\"contentUrl\":\"https:\/\/svarunica.com\/wp-content\/uploads\/2021\/07\/cropped-cropped-svarunica-text-2.png\",\"width\":676,\"height\":179,\"caption\":\"Svarunica\"},\"image\":{\"@id\":\"https:\/\/svarunica.com\/#\/schema\/logo\/image\/\"}}]}<\/script>\n<!-- \/ Yoast SEO plugin. -->","yoast_head_json":{"title":"Hi\u0161ka Babe Jage - obesek za klju\u010de - Svarunica","description":"Baba Jaga - obesek za kljuce trgovinice Svarunica","robots":{"index":"index","follow":"follow","max-snippet":"max-snippet:-1","max-image-preview":"max-image-preview:large","max-video-preview":"max-video-preview:-1"},"canonical":"https:\/\/svarunica.com\/sl\/izdelek\/hiska-babe-jage-obesek-za-kljuce\/","og_locale":"sl_SI","og_type":"article","og_title":"Hi\u0161ka Babe Jage - obesek za klju\u010de - Svarunica","og_description":"Baba Jaga - obesek za kljuce trgovinice Svarunica","og_url":"https:\/\/svarunica.com\/sl\/izdelek\/hiska-babe-jage-obesek-za-kljuce\/","og_site_name":"Svarunica","article_modified_time":"2025-10-24T12:40:41+00:00","og_image":[{"width":1000,"height":750,"url":"https:\/\/svarunica.com\/wp-content\/uploads\/2024\/10\/baba-jaga-obesek-1.jpg","type":"image\/jpeg"}],"twitter_card":"summary_large_image","schema":{"@context":"https:\/\/schema.org","@graph":[{"@type":"WebPage","@id":"https:\/\/svarunica.com\/sl\/izdelek\/hiska-babe-jage-obesek-za-kljuce\/","url":"https:\/\/svarunica.com\/sl\/izdelek\/hiska-babe-jage-obesek-za-kljuce\/","name":"Hi\u0161ka Babe Jage - obesek za klju\u010de - Svarunica","isPartOf":{"@id":"https:\/\/svarunica.com\/#website"},"primaryImageOfPage":{"@id":"https:\/\/svarunica.com\/sl\/izdelek\/hiska-babe-jage-obesek-za-kljuce\/#primaryimage"},"image":{"@id":"https:\/\/svarunica.com\/sl\/izdelek\/hiska-babe-jage-obesek-za-kljuce\/#primaryimage"},"thumbnailUrl":"https:\/\/svarunica.com\/wp-content\/uploads\/2024\/10\/baba-jaga-obesek-1.jpg","datePublished":"2024-10-25T09:53:16+00:00","dateModified":"2025-10-24T12:40:41+00:00","description":"Baba Jaga - obesek za kljuce trgovinice Svarunica","breadcrumb":{"@id":"https:\/\/svarunica.com\/sl\/izdelek\/hiska-babe-jage-obesek-za-kljuce\/#breadcrumb"},"inLanguage":"sl-SI","potentialAction":[{"@type":"ReadAction","target":["https:\/\/svarunica.com\/sl\/izdelek\/hiska-babe-jage-obesek-za-kljuce\/"]}]},{"@type":"ImageObject","inLanguage":"sl-SI","@id":"https:\/\/svarunica.com\/sl\/izdelek\/hiska-babe-jage-obesek-za-kljuce\/#primaryimage","url":"https:\/\/svarunica.com\/wp-content\/uploads\/2024\/10\/baba-jaga-obesek-1.jpg","contentUrl":"https:\/\/svarunica.com\/wp-content\/uploads\/2024\/10\/baba-jaga-obesek-1.jpg","width":1000,"height":750},{"@type":"BreadcrumbList","@id":"https:\/\/svarunica.com\/sl\/izdelek\/hiska-babe-jage-obesek-za-kljuce\/#breadcrumb","itemListElement":[{"@type":"ListItem","position":1,"name":"Home","item":"https:\/\/svarunica.com\/sl\/"},{"@type":"ListItem","position":2,"name":"Trgovina","item":"https:\/\/svarunica.com\/sl\/trgovina\/"},{"@type":"ListItem","position":3,"name":"Hi\u0161ka Babe Jage &#8211; obesek za klju\u010de"}]},{"@type":"WebSite","@id":"https:\/\/svarunica.com\/#website","url":"https:\/\/svarunica.com\/","name":"Svarunica","description":"","publisher":{"@id":"https:\/\/svarunica.com\/#organization"},"potentialAction":[{"@type":"SearchAction","target":{"@type":"EntryPoint","urlTemplate":"https:\/\/svarunica.com\/?s={search_term_string}"},"query-input":{"@type":"PropertyValueSpecification","valueRequired":true,"valueName":"search_term_string"}}],"inLanguage":"sl-SI"},{"@type":"Organization","@id":"https:\/\/svarunica.com\/#organization","name":"Svarunica","url":"https:\/\/svarunica.com\/","logo":{"@type":"ImageObject","inLanguage":"sl-SI","@id":"https:\/\/svarunica.com\/#\/schema\/logo\/image\/","url":"https:\/\/svarunica.com\/wp-content\/uploads\/2021\/07\/cropped-cropped-svarunica-text-2.png","contentUrl":"https:\/\/svarunica.com\/wp-content\/uploads\/2021\/07\/cropped-cropped-svarunica-text-2.png","width":676,"height":179,"caption":"Svarunica"},"image":{"@id":"https:\/\/svarunica.com\/#\/schema\/logo\/image\/"}}]}},"_links":{"self":[{"href":"https:\/\/svarunica.com\/sl\/wp-json\/wp\/v2\/product\/14637","targetHints":{"allow":["GET"]}}],"collection":[{"href":"https:\/\/svarunica.com\/sl\/wp-json\/wp\/v2\/product"}],"about":[{"href":"https:\/\/svarunica.com\/sl\/wp-json\/wp\/v2\/types\/product"}],"wp:featuredmedia":[{"embeddable":true,"href":"https:\/\/svarunica.com\/sl\/wp-json\/wp\/v2\/media\/14638"}],"wp:attachment":[{"href":"https:\/\/svarunica.com\/sl\/wp-json\/wp\/v2\/media?parent=14637"}],"wp:term":[{"taxonomy":"product_cat","embeddable":true,"href":"https:\/\/svarunica.com\/sl\/wp-json\/wp\/v2\/product_cat?post=14637"},{"taxonomy":"product_tag","embeddable":true,"href":"https:\/\/svarunica.com\/sl\/wp-json\/wp\/v2\/product_tag?post=14637"}],"curies":[{"name":"wp","href":"https:\/\/api.w.org\/{rel}","templated":true}]}}