{"id":15567,"date":"2024-12-30T10:32:24","date_gmt":"2024-12-30T09:32:24","guid":{"rendered":"https:\/\/svarunica.com\/?post_type=product&#038;p=15567"},"modified":"2025-06-27T16:41:58","modified_gmt":"2025-06-27T14:41:58","slug":"obesk-jutranjica-kovinski-fi2-cm","status":"publish","type":"product","link":"https:\/\/svarunica.com\/sl\/izdelek\/obesk-jutranjica-kovinski-fi2-cm\/","title":{"rendered":"obesk JUTRANJICA, kovinski, fi2 cm"},"content":{"rendered":"<p>Obesek je premera 2 cm iz nerjave\u010dega jekla in stekla.<br \/>\nSlika je simboli\u010dna, embala\u017ea se lahko razlikuje.<br \/>\nSvetujemo, da obesek med kopanjem ali tu\u0161iranjem &#8211; oz. v kakr\u0161nemkoli stiku z vodo &#8211; odstranite!<\/p>\n<p>O simbolu, ki krasi prstan na na\u0161em youtube kanalu:<br \/>\n<iframe loading=\"lazy\" title=\"Simbol osemkrake zvezde Jutranjice\" width=\"640\" height=\"360\" src=\"https:\/\/www.youtube.com\/embed\/wO1fXQ0Gy6Q?start=8&#038;feature=oembed\" frameborder=\"0\" allow=\"accelerometer; autoplay; clipboard-write; encrypted-media; gyroscope; picture-in-picture; web-share\" referrerpolicy=\"strict-origin-when-cross-origin\" allowfullscreen><\/iframe><\/p>\n","protected":false},"excerpt":{"rendered":"<p>Zvezda nas spremlja na vsakem koraku in je eden izmed najbolj prepoznavnih simbolov tudi na\u0161e domorodne kulture, ki se je v enaki obliki ohranjal vse do danes \u0161irom Evrope in celotnega sveta tako na vezeninah \u2013 oblekah, prtih, pisanicah, uporabnih in okrasnih predmetih, na posteljah itd.<br \/>\nSimbol nas vodi k lastnemu bistvu, poskrbi za rodnost in je \u017ee od nekdaj vzpostavljal vez med smrtnikom in bo\u017eanskim.<br \/>\nV na\u0161i trgovinici je na voljo mnogo izdelkov z Jutranjico, tudi\u00a0<a href=\"https:\/\/svarunica.com\/sl\/izdelek\/3179\/\">za\u0161\u010ditni, leseni amulet<\/a>,\u00a0<a href=\"https:\/\/svarunica.com\/sl\/izdelek\/majica-s-kratkimi-rokavi-jutranjica-kovinski-dizajn\/\">na majicah<\/a>, mogo\u010de pa je kupiti tudi le\u00a0<a href=\"https:\/\/svarunica.com\/sl\/izdelek\/prstan-z-jutranjico\/\">prstan<\/a>.<br \/>\nNa dolgo in \u0161iroko pa je o mitolo\u0161kem ozadju, duhovnem pomenu jutranjice in vsej simbolnosti skozi zgodovino pri nas ter drugje mogo\u010de prebirati v na\u0161i knjigi \u201c<a href=\"https:\/\/svarunica.com\/sl\/izdelek\/knjiga-zvezda-ki-vodi-v-vecnost\/\">Zvezda, ki vodi v ve\u010dnost\u201d<\/a>.<\/p>\n<p>&nbsp;<\/p>\n","protected":false},"featured_media":15568,"template":"","meta":[],"product_cat":[1061,904,1071],"product_tag":[],"class_list":{"0":"post-15567","1":"product","2":"type-product","3":"status-publish","4":"has-post-thumbnail","6":"product_cat-majcke-v-akciji","7":"product_cat-bozicna-ponudba-in-akcije","8":"product_cat-nakit","10":"first","11":"outofstock","12":"purchasable","13":"product-type-simple"},"yoast_head":"<!-- This site is optimized with the Yoast SEO plugin v23.9 - https:\/\/yoast.com\/wordpress\/plugins\/seo\/ -->\n<title>obesk JUTRANJICA, kovinski, fi2 cm - Svarunica<\/title>\n<meta name=\"robots\" content=\"index, follow, max-snippet:-1, max-image-preview:large, max-video-preview:-1\" \/>\n<link rel=\"canonical\" href=\"https:\/\/svarunica.com\/sl\/izdelek\/obesk-jutranjica-kovinski-fi2-cm\/\" \/>\n<meta property=\"og:locale\" content=\"sl_SI\" \/>\n<meta property=\"og:type\" content=\"article\" \/>\n<meta property=\"og:title\" content=\"obesk JUTRANJICA, kovinski, fi2 cm - Svarunica\" \/>\n<meta property=\"og:description\" content=\"Zvezda nas spremlja na vsakem koraku in je eden izmed najbolj prepoznavnih simbolov tudi na\u0161e domorodne kulture, ki se je v enaki obliki ohranjal vse do danes \u0161irom Evrope in celotnega sveta tako na vezeninah \u2013 oblekah, prtih, pisanicah, uporabnih in okrasnih predmetih, na posteljah itd. Simbol nas vodi k lastnemu bistvu, poskrbi za rodnost in je \u017ee od nekdaj vzpostavljal vez med smrtnikom in bo\u017eanskim. V na\u0161i trgovinici je na voljo mnogo izdelkov z Jutranjico, tudi\u00a0za\u0161\u010ditni, leseni amulet,\u00a0na majicah, mogo\u010de pa je kupiti tudi le\u00a0prstan. Na dolgo in \u0161iroko pa je o mitolo\u0161kem ozadju, duhovnem pomenu jutranjice in vsej simbolnosti skozi zgodovino pri nas ter drugje mogo\u010de prebirati v na\u0161i knjigi \u201cZvezda, ki vodi v ve\u010dnost\u201d.  &nbsp;\" \/>\n<meta property=\"og:url\" content=\"https:\/\/svarunica.com\/sl\/izdelek\/obesk-jutranjica-kovinski-fi2-cm\/\" \/>\n<meta property=\"og:site_name\" content=\"Svarunica\" \/>\n<meta property=\"article:modified_time\" content=\"2025-06-27T14:41:58+00:00\" \/>\n<meta property=\"og:image\" content=\"https:\/\/svarunica.com\/wp-content\/uploads\/2024\/12\/obesek-jutranjica-trgovinica-svarunica-1.jpg\" \/>\n\t<meta property=\"og:image:width\" content=\"1000\" \/>\n\t<meta property=\"og:image:height\" content=\"750\" \/>\n\t<meta property=\"og:image:type\" content=\"image\/jpeg\" \/>\n<meta name=\"twitter:card\" content=\"summary_large_image\" \/>\n<meta name=\"twitter:label1\" content=\"Est. reading time\" \/>\n\t<meta name=\"twitter:data1\" content=\"1 minuta\" \/>\n<script type=\"application\/ld+json\" class=\"yoast-schema-graph\">{\"@context\":\"https:\/\/schema.org\",\"@graph\":[{\"@type\":\"WebPage\",\"@id\":\"https:\/\/svarunica.com\/sl\/izdelek\/obesk-jutranjica-kovinski-fi2-cm\/\",\"url\":\"https:\/\/svarunica.com\/sl\/izdelek\/obesk-jutranjica-kovinski-fi2-cm\/\",\"name\":\"obesk JUTRANJICA, kovinski, fi2 cm - Svarunica\",\"isPartOf\":{\"@id\":\"https:\/\/svarunica.com\/#website\"},\"primaryImageOfPage\":{\"@id\":\"https:\/\/svarunica.com\/sl\/izdelek\/obesk-jutranjica-kovinski-fi2-cm\/#primaryimage\"},\"image\":{\"@id\":\"https:\/\/svarunica.com\/sl\/izdelek\/obesk-jutranjica-kovinski-fi2-cm\/#primaryimage\"},\"thumbnailUrl\":\"https:\/\/svarunica.com\/wp-content\/uploads\/2024\/12\/obesek-jutranjica-trgovinica-svarunica-1.jpg\",\"datePublished\":\"2024-12-30T09:32:24+00:00\",\"dateModified\":\"2025-06-27T14:41:58+00:00\",\"breadcrumb\":{\"@id\":\"https:\/\/svarunica.com\/sl\/izdelek\/obesk-jutranjica-kovinski-fi2-cm\/#breadcrumb\"},\"inLanguage\":\"sl-SI\",\"potentialAction\":[{\"@type\":\"ReadAction\",\"target\":[\"https:\/\/svarunica.com\/sl\/izdelek\/obesk-jutranjica-kovinski-fi2-cm\/\"]}]},{\"@type\":\"ImageObject\",\"inLanguage\":\"sl-SI\",\"@id\":\"https:\/\/svarunica.com\/sl\/izdelek\/obesk-jutranjica-kovinski-fi2-cm\/#primaryimage\",\"url\":\"https:\/\/svarunica.com\/wp-content\/uploads\/2024\/12\/obesek-jutranjica-trgovinica-svarunica-1.jpg\",\"contentUrl\":\"https:\/\/svarunica.com\/wp-content\/uploads\/2024\/12\/obesek-jutranjica-trgovinica-svarunica-1.jpg\",\"width\":1000,\"height\":750},{\"@type\":\"BreadcrumbList\",\"@id\":\"https:\/\/svarunica.com\/sl\/izdelek\/obesk-jutranjica-kovinski-fi2-cm\/#breadcrumb\",\"itemListElement\":[{\"@type\":\"ListItem\",\"position\":1,\"name\":\"Home\",\"item\":\"https:\/\/svarunica.com\/sl\/\"},{\"@type\":\"ListItem\",\"position\":2,\"name\":\"Trgovina\",\"item\":\"https:\/\/svarunica.com\/sl\/trgovina\/\"},{\"@type\":\"ListItem\",\"position\":3,\"name\":\"obesk JUTRANJICA, kovinski, fi2 cm\"}]},{\"@type\":\"WebSite\",\"@id\":\"https:\/\/svarunica.com\/#website\",\"url\":\"https:\/\/svarunica.com\/\",\"name\":\"Svarunica\",\"description\":\"\",\"publisher\":{\"@id\":\"https:\/\/svarunica.com\/#organization\"},\"potentialAction\":[{\"@type\":\"SearchAction\",\"target\":{\"@type\":\"EntryPoint\",\"urlTemplate\":\"https:\/\/svarunica.com\/?s={search_term_string}\"},\"query-input\":{\"@type\":\"PropertyValueSpecification\",\"valueRequired\":true,\"valueName\":\"search_term_string\"}}],\"inLanguage\":\"sl-SI\"},{\"@type\":\"Organization\",\"@id\":\"https:\/\/svarunica.com\/#organization\",\"name\":\"Svarunica\",\"url\":\"https:\/\/svarunica.com\/\",\"logo\":{\"@type\":\"ImageObject\",\"inLanguage\":\"sl-SI\",\"@id\":\"https:\/\/svarunica.com\/#\/schema\/logo\/image\/\",\"url\":\"https:\/\/svarunica.com\/wp-content\/uploads\/2021\/07\/cropped-cropped-svarunica-text-2.png\",\"contentUrl\":\"https:\/\/svarunica.com\/wp-content\/uploads\/2021\/07\/cropped-cropped-svarunica-text-2.png\",\"width\":676,\"height\":179,\"caption\":\"Svarunica\"},\"image\":{\"@id\":\"https:\/\/svarunica.com\/#\/schema\/logo\/image\/\"}}]}<\/script>\n<!-- \/ Yoast SEO plugin. -->","yoast_head_json":{"title":"obesk JUTRANJICA, kovinski, fi2 cm - Svarunica","robots":{"index":"index","follow":"follow","max-snippet":"max-snippet:-1","max-image-preview":"max-image-preview:large","max-video-preview":"max-video-preview:-1"},"canonical":"https:\/\/svarunica.com\/sl\/izdelek\/obesk-jutranjica-kovinski-fi2-cm\/","og_locale":"sl_SI","og_type":"article","og_title":"obesk JUTRANJICA, kovinski, fi2 cm - Svarunica","og_description":"Zvezda nas spremlja na vsakem koraku in je eden izmed najbolj prepoznavnih simbolov tudi na\u0161e domorodne kulture, ki se je v enaki obliki ohranjal vse do danes \u0161irom Evrope in celotnega sveta tako na vezeninah \u2013 oblekah, prtih, pisanicah, uporabnih in okrasnih predmetih, na posteljah itd. Simbol nas vodi k lastnemu bistvu, poskrbi za rodnost in je \u017ee od nekdaj vzpostavljal vez med smrtnikom in bo\u017eanskim. V na\u0161i trgovinici je na voljo mnogo izdelkov z Jutranjico, tudi\u00a0za\u0161\u010ditni, leseni amulet,\u00a0na majicah, mogo\u010de pa je kupiti tudi le\u00a0prstan. Na dolgo in \u0161iroko pa je o mitolo\u0161kem ozadju, duhovnem pomenu jutranjice in vsej simbolnosti skozi zgodovino pri nas ter drugje mogo\u010de prebirati v na\u0161i knjigi \u201cZvezda, ki vodi v ve\u010dnost\u201d.  &nbsp;","og_url":"https:\/\/svarunica.com\/sl\/izdelek\/obesk-jutranjica-kovinski-fi2-cm\/","og_site_name":"Svarunica","article_modified_time":"2025-06-27T14:41:58+00:00","og_image":[{"width":1000,"height":750,"url":"https:\/\/svarunica.com\/wp-content\/uploads\/2024\/12\/obesek-jutranjica-trgovinica-svarunica-1.jpg","type":"image\/jpeg"}],"twitter_card":"summary_large_image","twitter_misc":{"Est. reading time":"1 minuta"},"schema":{"@context":"https:\/\/schema.org","@graph":[{"@type":"WebPage","@id":"https:\/\/svarunica.com\/sl\/izdelek\/obesk-jutranjica-kovinski-fi2-cm\/","url":"https:\/\/svarunica.com\/sl\/izdelek\/obesk-jutranjica-kovinski-fi2-cm\/","name":"obesk JUTRANJICA, kovinski, fi2 cm - Svarunica","isPartOf":{"@id":"https:\/\/svarunica.com\/#website"},"primaryImageOfPage":{"@id":"https:\/\/svarunica.com\/sl\/izdelek\/obesk-jutranjica-kovinski-fi2-cm\/#primaryimage"},"image":{"@id":"https:\/\/svarunica.com\/sl\/izdelek\/obesk-jutranjica-kovinski-fi2-cm\/#primaryimage"},"thumbnailUrl":"https:\/\/svarunica.com\/wp-content\/uploads\/2024\/12\/obesek-jutranjica-trgovinica-svarunica-1.jpg","datePublished":"2024-12-30T09:32:24+00:00","dateModified":"2025-06-27T14:41:58+00:00","breadcrumb":{"@id":"https:\/\/svarunica.com\/sl\/izdelek\/obesk-jutranjica-kovinski-fi2-cm\/#breadcrumb"},"inLanguage":"sl-SI","potentialAction":[{"@type":"ReadAction","target":["https:\/\/svarunica.com\/sl\/izdelek\/obesk-jutranjica-kovinski-fi2-cm\/"]}]},{"@type":"ImageObject","inLanguage":"sl-SI","@id":"https:\/\/svarunica.com\/sl\/izdelek\/obesk-jutranjica-kovinski-fi2-cm\/#primaryimage","url":"https:\/\/svarunica.com\/wp-content\/uploads\/2024\/12\/obesek-jutranjica-trgovinica-svarunica-1.jpg","contentUrl":"https:\/\/svarunica.com\/wp-content\/uploads\/2024\/12\/obesek-jutranjica-trgovinica-svarunica-1.jpg","width":1000,"height":750},{"@type":"BreadcrumbList","@id":"https:\/\/svarunica.com\/sl\/izdelek\/obesk-jutranjica-kovinski-fi2-cm\/#breadcrumb","itemListElement":[{"@type":"ListItem","position":1,"name":"Home","item":"https:\/\/svarunica.com\/sl\/"},{"@type":"ListItem","position":2,"name":"Trgovina","item":"https:\/\/svarunica.com\/sl\/trgovina\/"},{"@type":"ListItem","position":3,"name":"obesk JUTRANJICA, kovinski, fi2 cm"}]},{"@type":"WebSite","@id":"https:\/\/svarunica.com\/#website","url":"https:\/\/svarunica.com\/","name":"Svarunica","description":"","publisher":{"@id":"https:\/\/svarunica.com\/#organization"},"potentialAction":[{"@type":"SearchAction","target":{"@type":"EntryPoint","urlTemplate":"https:\/\/svarunica.com\/?s={search_term_string}"},"query-input":{"@type":"PropertyValueSpecification","valueRequired":true,"valueName":"search_term_string"}}],"inLanguage":"sl-SI"},{"@type":"Organization","@id":"https:\/\/svarunica.com\/#organization","name":"Svarunica","url":"https:\/\/svarunica.com\/","logo":{"@type":"ImageObject","inLanguage":"sl-SI","@id":"https:\/\/svarunica.com\/#\/schema\/logo\/image\/","url":"https:\/\/svarunica.com\/wp-content\/uploads\/2021\/07\/cropped-cropped-svarunica-text-2.png","contentUrl":"https:\/\/svarunica.com\/wp-content\/uploads\/2021\/07\/cropped-cropped-svarunica-text-2.png","width":676,"height":179,"caption":"Svarunica"},"image":{"@id":"https:\/\/svarunica.com\/#\/schema\/logo\/image\/"}}]}},"_links":{"self":[{"href":"https:\/\/svarunica.com\/sl\/wp-json\/wp\/v2\/product\/15567","targetHints":{"allow":["GET"]}}],"collection":[{"href":"https:\/\/svarunica.com\/sl\/wp-json\/wp\/v2\/product"}],"about":[{"href":"https:\/\/svarunica.com\/sl\/wp-json\/wp\/v2\/types\/product"}],"wp:featuredmedia":[{"embeddable":true,"href":"https:\/\/svarunica.com\/sl\/wp-json\/wp\/v2\/media\/15568"}],"wp:attachment":[{"href":"https:\/\/svarunica.com\/sl\/wp-json\/wp\/v2\/media?parent=15567"}],"wp:term":[{"taxonomy":"product_cat","embeddable":true,"href":"https:\/\/svarunica.com\/sl\/wp-json\/wp\/v2\/product_cat?post=15567"},{"taxonomy":"product_tag","embeddable":true,"href":"https:\/\/svarunica.com\/sl\/wp-json\/wp\/v2\/product_tag?post=15567"}],"curies":[{"name":"wp","href":"https:\/\/api.w.org\/{rel}","templated":true}]}}