{"id":15580,"date":"2024-12-30T10:44:46","date_gmt":"2024-12-30T09:44:46","guid":{"rendered":"https:\/\/svarunica.com\/?post_type=product&#038;p=15580"},"modified":"2024-12-30T10:44:46","modified_gmt":"2024-12-30T09:44:46","slug":"prstan-svarica-kovinski-z-ornamentom","status":"publish","type":"product","link":"https:\/\/svarunica.com\/sl\/izdelek\/prstan-svarica-kovinski-z-ornamentom\/","title":{"rendered":"Prstan Svarica, kovinski z ornamentom"},"content":{"rendered":"<p>Prstan je premera 3,5 cm iz nerjave\u010dega jekla in stekla.<br \/>\nSlika je simboli\u010dna, embala\u017ea se lahko razlikuje.<br \/>\nSvetujemo, da izdelek med kopanjem ali tu\u0161iranjem \u2013 oz. v kakr\u0161nemkoli stiku z vodo \u2013 odstranite!<\/p>\n<p>O simbolu, ki krasi prstan na na\u0161em youtube kanalu:<br \/>\n<iframe loading=\"lazy\" title=\"Simbol &quot;perunica&quot;, &quot;morca&quot;, &quot;svarica&quot;, &quot;ro\u017ea \u017eivljenja&quot;\" width=\"640\" height=\"360\" src=\"https:\/\/www.youtube.com\/embed\/4qIVkbGsHFc?feature=oembed\" frameborder=\"0\" allow=\"accelerometer; autoplay; clipboard-write; encrypted-media; gyroscope; picture-in-picture; web-share\" referrerpolicy=\"strict-origin-when-cross-origin\" allowfullscreen><\/iframe><\/p>\n","protected":false},"excerpt":{"rendered":"<p>Prstan simbolom Perunice, Morce oz. Ro\u017ee \u017eivljenja je mo\u010dan za\u0161\u010ditni amulet pred nesre\u010do, celo smrtjo in udarcem strele. Simbolizira tudi Axis mundi \u2013 svetovno os. Pakiran je v ljubki darilni \u0161katlici skupaj z drobnim letakom z ve\u010d informacijami o simbolu.<\/p>\n","protected":false},"featured_media":15581,"template":"","meta":[],"product_cat":[1061,904,1071],"product_tag":[],"class_list":{"0":"post-15580","1":"product","2":"type-product","3":"status-publish","4":"has-post-thumbnail","6":"product_cat-majcke-v-akciji","7":"product_cat-bozicna-ponudba-in-akcije","8":"product_cat-nakit","10":"first","11":"instock","12":"purchasable","13":"product-type-simple"},"yoast_head":"<!-- This site is optimized with the Yoast SEO plugin v23.9 - https:\/\/yoast.com\/wordpress\/plugins\/seo\/ -->\n<title>Prstan Svarica, kovinski z ornamentom - Svarunica<\/title>\n<meta name=\"robots\" content=\"index, follow, max-snippet:-1, max-image-preview:large, max-video-preview:-1\" \/>\n<link rel=\"canonical\" href=\"https:\/\/svarunica.com\/sl\/izdelek\/prstan-svarica-kovinski-z-ornamentom\/\" \/>\n<meta property=\"og:locale\" content=\"sl_SI\" \/>\n<meta property=\"og:type\" content=\"article\" \/>\n<meta property=\"og:title\" content=\"Prstan Svarica, kovinski z ornamentom - Svarunica\" \/>\n<meta property=\"og:description\" content=\"Prstan simbolom Perunice, Morce oz. Ro\u017ee \u017eivljenja je mo\u010dan za\u0161\u010ditni amulet pred nesre\u010do, celo smrtjo in udarcem strele. Simbolizira tudi Axis mundi \u2013 svetovno os. Pakiran je v ljubki darilni \u0161katlici skupaj z drobnim letakom z ve\u010d informacijami o simbolu.\" \/>\n<meta property=\"og:url\" content=\"https:\/\/svarunica.com\/sl\/izdelek\/prstan-svarica-kovinski-z-ornamentom\/\" \/>\n<meta property=\"og:site_name\" content=\"Svarunica\" \/>\n<meta property=\"og:image\" content=\"https:\/\/svarunica.com\/wp-content\/uploads\/2024\/12\/jutranjica-prstan-1_.jpg\" \/>\n\t<meta property=\"og:image:width\" content=\"1000\" \/>\n\t<meta property=\"og:image:height\" content=\"750\" \/>\n\t<meta property=\"og:image:type\" content=\"image\/jpeg\" \/>\n<meta name=\"twitter:card\" content=\"summary_large_image\" \/>\n<meta name=\"twitter:label1\" content=\"Est. reading time\" \/>\n\t<meta name=\"twitter:data1\" content=\"1 minuta\" \/>\n<script type=\"application\/ld+json\" class=\"yoast-schema-graph\">{\"@context\":\"https:\/\/schema.org\",\"@graph\":[{\"@type\":\"WebPage\",\"@id\":\"https:\/\/svarunica.com\/sl\/izdelek\/prstan-svarica-kovinski-z-ornamentom\/\",\"url\":\"https:\/\/svarunica.com\/sl\/izdelek\/prstan-svarica-kovinski-z-ornamentom\/\",\"name\":\"Prstan Svarica, kovinski z ornamentom - Svarunica\",\"isPartOf\":{\"@id\":\"https:\/\/svarunica.com\/#website\"},\"primaryImageOfPage\":{\"@id\":\"https:\/\/svarunica.com\/sl\/izdelek\/prstan-svarica-kovinski-z-ornamentom\/#primaryimage\"},\"image\":{\"@id\":\"https:\/\/svarunica.com\/sl\/izdelek\/prstan-svarica-kovinski-z-ornamentom\/#primaryimage\"},\"thumbnailUrl\":\"https:\/\/svarunica.com\/wp-content\/uploads\/2024\/12\/jutranjica-prstan-1_.jpg\",\"datePublished\":\"2024-12-30T09:44:46+00:00\",\"dateModified\":\"2024-12-30T09:44:46+00:00\",\"breadcrumb\":{\"@id\":\"https:\/\/svarunica.com\/sl\/izdelek\/prstan-svarica-kovinski-z-ornamentom\/#breadcrumb\"},\"inLanguage\":\"sl-SI\",\"potentialAction\":[{\"@type\":\"ReadAction\",\"target\":[\"https:\/\/svarunica.com\/sl\/izdelek\/prstan-svarica-kovinski-z-ornamentom\/\"]}]},{\"@type\":\"ImageObject\",\"inLanguage\":\"sl-SI\",\"@id\":\"https:\/\/svarunica.com\/sl\/izdelek\/prstan-svarica-kovinski-z-ornamentom\/#primaryimage\",\"url\":\"https:\/\/svarunica.com\/wp-content\/uploads\/2024\/12\/jutranjica-prstan-1_.jpg\",\"contentUrl\":\"https:\/\/svarunica.com\/wp-content\/uploads\/2024\/12\/jutranjica-prstan-1_.jpg\",\"width\":1000,\"height\":750},{\"@type\":\"BreadcrumbList\",\"@id\":\"https:\/\/svarunica.com\/sl\/izdelek\/prstan-svarica-kovinski-z-ornamentom\/#breadcrumb\",\"itemListElement\":[{\"@type\":\"ListItem\",\"position\":1,\"name\":\"Home\",\"item\":\"https:\/\/svarunica.com\/sl\/\"},{\"@type\":\"ListItem\",\"position\":2,\"name\":\"Trgovina\",\"item\":\"https:\/\/svarunica.com\/sl\/trgovina\/\"},{\"@type\":\"ListItem\",\"position\":3,\"name\":\"Prstan Svarica, kovinski z ornamentom\"}]},{\"@type\":\"WebSite\",\"@id\":\"https:\/\/svarunica.com\/#website\",\"url\":\"https:\/\/svarunica.com\/\",\"name\":\"Svarunica\",\"description\":\"\",\"publisher\":{\"@id\":\"https:\/\/svarunica.com\/#organization\"},\"potentialAction\":[{\"@type\":\"SearchAction\",\"target\":{\"@type\":\"EntryPoint\",\"urlTemplate\":\"https:\/\/svarunica.com\/?s={search_term_string}\"},\"query-input\":{\"@type\":\"PropertyValueSpecification\",\"valueRequired\":true,\"valueName\":\"search_term_string\"}}],\"inLanguage\":\"sl-SI\"},{\"@type\":\"Organization\",\"@id\":\"https:\/\/svarunica.com\/#organization\",\"name\":\"Svarunica\",\"url\":\"https:\/\/svarunica.com\/\",\"logo\":{\"@type\":\"ImageObject\",\"inLanguage\":\"sl-SI\",\"@id\":\"https:\/\/svarunica.com\/#\/schema\/logo\/image\/\",\"url\":\"https:\/\/svarunica.com\/wp-content\/uploads\/2021\/07\/cropped-cropped-svarunica-text-2.png\",\"contentUrl\":\"https:\/\/svarunica.com\/wp-content\/uploads\/2021\/07\/cropped-cropped-svarunica-text-2.png\",\"width\":676,\"height\":179,\"caption\":\"Svarunica\"},\"image\":{\"@id\":\"https:\/\/svarunica.com\/#\/schema\/logo\/image\/\"}}]}<\/script>\n<!-- \/ Yoast SEO plugin. -->","yoast_head_json":{"title":"Prstan Svarica, kovinski z ornamentom - Svarunica","robots":{"index":"index","follow":"follow","max-snippet":"max-snippet:-1","max-image-preview":"max-image-preview:large","max-video-preview":"max-video-preview:-1"},"canonical":"https:\/\/svarunica.com\/sl\/izdelek\/prstan-svarica-kovinski-z-ornamentom\/","og_locale":"sl_SI","og_type":"article","og_title":"Prstan Svarica, kovinski z ornamentom - Svarunica","og_description":"Prstan simbolom Perunice, Morce oz. Ro\u017ee \u017eivljenja je mo\u010dan za\u0161\u010ditni amulet pred nesre\u010do, celo smrtjo in udarcem strele. Simbolizira tudi Axis mundi \u2013 svetovno os. Pakiran je v ljubki darilni \u0161katlici skupaj z drobnim letakom z ve\u010d informacijami o simbolu.","og_url":"https:\/\/svarunica.com\/sl\/izdelek\/prstan-svarica-kovinski-z-ornamentom\/","og_site_name":"Svarunica","og_image":[{"width":1000,"height":750,"url":"https:\/\/svarunica.com\/wp-content\/uploads\/2024\/12\/jutranjica-prstan-1_.jpg","type":"image\/jpeg"}],"twitter_card":"summary_large_image","twitter_misc":{"Est. reading time":"1 minuta"},"schema":{"@context":"https:\/\/schema.org","@graph":[{"@type":"WebPage","@id":"https:\/\/svarunica.com\/sl\/izdelek\/prstan-svarica-kovinski-z-ornamentom\/","url":"https:\/\/svarunica.com\/sl\/izdelek\/prstan-svarica-kovinski-z-ornamentom\/","name":"Prstan Svarica, kovinski z ornamentom - Svarunica","isPartOf":{"@id":"https:\/\/svarunica.com\/#website"},"primaryImageOfPage":{"@id":"https:\/\/svarunica.com\/sl\/izdelek\/prstan-svarica-kovinski-z-ornamentom\/#primaryimage"},"image":{"@id":"https:\/\/svarunica.com\/sl\/izdelek\/prstan-svarica-kovinski-z-ornamentom\/#primaryimage"},"thumbnailUrl":"https:\/\/svarunica.com\/wp-content\/uploads\/2024\/12\/jutranjica-prstan-1_.jpg","datePublished":"2024-12-30T09:44:46+00:00","dateModified":"2024-12-30T09:44:46+00:00","breadcrumb":{"@id":"https:\/\/svarunica.com\/sl\/izdelek\/prstan-svarica-kovinski-z-ornamentom\/#breadcrumb"},"inLanguage":"sl-SI","potentialAction":[{"@type":"ReadAction","target":["https:\/\/svarunica.com\/sl\/izdelek\/prstan-svarica-kovinski-z-ornamentom\/"]}]},{"@type":"ImageObject","inLanguage":"sl-SI","@id":"https:\/\/svarunica.com\/sl\/izdelek\/prstan-svarica-kovinski-z-ornamentom\/#primaryimage","url":"https:\/\/svarunica.com\/wp-content\/uploads\/2024\/12\/jutranjica-prstan-1_.jpg","contentUrl":"https:\/\/svarunica.com\/wp-content\/uploads\/2024\/12\/jutranjica-prstan-1_.jpg","width":1000,"height":750},{"@type":"BreadcrumbList","@id":"https:\/\/svarunica.com\/sl\/izdelek\/prstan-svarica-kovinski-z-ornamentom\/#breadcrumb","itemListElement":[{"@type":"ListItem","position":1,"name":"Home","item":"https:\/\/svarunica.com\/sl\/"},{"@type":"ListItem","position":2,"name":"Trgovina","item":"https:\/\/svarunica.com\/sl\/trgovina\/"},{"@type":"ListItem","position":3,"name":"Prstan Svarica, kovinski z ornamentom"}]},{"@type":"WebSite","@id":"https:\/\/svarunica.com\/#website","url":"https:\/\/svarunica.com\/","name":"Svarunica","description":"","publisher":{"@id":"https:\/\/svarunica.com\/#organization"},"potentialAction":[{"@type":"SearchAction","target":{"@type":"EntryPoint","urlTemplate":"https:\/\/svarunica.com\/?s={search_term_string}"},"query-input":{"@type":"PropertyValueSpecification","valueRequired":true,"valueName":"search_term_string"}}],"inLanguage":"sl-SI"},{"@type":"Organization","@id":"https:\/\/svarunica.com\/#organization","name":"Svarunica","url":"https:\/\/svarunica.com\/","logo":{"@type":"ImageObject","inLanguage":"sl-SI","@id":"https:\/\/svarunica.com\/#\/schema\/logo\/image\/","url":"https:\/\/svarunica.com\/wp-content\/uploads\/2021\/07\/cropped-cropped-svarunica-text-2.png","contentUrl":"https:\/\/svarunica.com\/wp-content\/uploads\/2021\/07\/cropped-cropped-svarunica-text-2.png","width":676,"height":179,"caption":"Svarunica"},"image":{"@id":"https:\/\/svarunica.com\/#\/schema\/logo\/image\/"}}]}},"_links":{"self":[{"href":"https:\/\/svarunica.com\/sl\/wp-json\/wp\/v2\/product\/15580","targetHints":{"allow":["GET"]}}],"collection":[{"href":"https:\/\/svarunica.com\/sl\/wp-json\/wp\/v2\/product"}],"about":[{"href":"https:\/\/svarunica.com\/sl\/wp-json\/wp\/v2\/types\/product"}],"wp:featuredmedia":[{"embeddable":true,"href":"https:\/\/svarunica.com\/sl\/wp-json\/wp\/v2\/media\/15581"}],"wp:attachment":[{"href":"https:\/\/svarunica.com\/sl\/wp-json\/wp\/v2\/media?parent=15580"}],"wp:term":[{"taxonomy":"product_cat","embeddable":true,"href":"https:\/\/svarunica.com\/sl\/wp-json\/wp\/v2\/product_cat?post=15580"},{"taxonomy":"product_tag","embeddable":true,"href":"https:\/\/svarunica.com\/sl\/wp-json\/wp\/v2\/product_tag?post=15580"}],"curies":[{"name":"wp","href":"https:\/\/api.w.org\/{rel}","templated":true}]}}