{"id":15584,"date":"2024-12-30T10:49:22","date_gmt":"2024-12-30T09:49:22","guid":{"rendered":"https:\/\/svarunica.com\/?post_type=product&#038;p=15584"},"modified":"2025-10-23T14:12:26","modified_gmt":"2025-10-23T12:12:26","slug":"prstan-kolovrat-kovinski","status":"publish","type":"product","link":"https:\/\/svarunica.com\/sl\/izdelek\/prstan-kolovrat-kovinski\/","title":{"rendered":"prstan KOLOVRAT, kovinski"},"content":{"rendered":"<p>Prstan je premera 2 cm iz nerjave\u010dega jekla in stekla.<br \/>\nSlika je simboli\u010dna, embala\u017ea se lahko razlikuje.<br \/>\nSvetujemo, da izdelek med kopanjem ali tu\u0161iranjem \u2013 oz. v kakr\u0161nemkoli stiku z vodo \u2013 odstranite!<\/p>\n<p>O simbolu, ki krasi prstan na na\u0161em youtube kanalu:<br \/>\n<iframe loading=\"lazy\" title=\"Simbol Sonca in ve\u010dnega kro\u017eenja\" width=\"640\" height=\"360\" src=\"https:\/\/www.youtube.com\/embed\/Ak2k73UbLfI?feature=oembed\" frameborder=\"0\" allow=\"accelerometer; autoplay; clipboard-write; encrypted-media; gyroscope; picture-in-picture; web-share\" referrerpolicy=\"strict-origin-when-cross-origin\" allowfullscreen><\/iframe><\/p>\n","protected":false},"excerpt":{"rendered":"<p>Kolovrat ali dvojna svastika je eden glavnih simbolov, ki danes identificirajo duhovno\/kulturno izro\u010dilo prednikov.<br \/>\nPredstavlja cikli\u010dnost, ve\u010dno kro\u017eenje, nesmrtnost, prina\u0161a nam notranjo mo\u010d in naklonjenost bogov.<\/p>\n","protected":false},"featured_media":15585,"template":"","meta":[],"product_cat":[1061,904,1071],"product_tag":[],"class_list":{"0":"post-15584","1":"product","2":"type-product","3":"status-publish","4":"has-post-thumbnail","6":"product_cat-majcke-v-akciji","7":"product_cat-bozicna-ponudba-in-akcije","8":"product_cat-nakit","10":"first","11":"instock","12":"purchasable","13":"product-type-simple"},"yoast_head":"<!-- This site is optimized with the Yoast SEO plugin v23.9 - https:\/\/yoast.com\/wordpress\/plugins\/seo\/ -->\n<title>prstan KOLOVRAT, kovinski - Svarunica<\/title>\n<meta name=\"robots\" content=\"index, follow, max-snippet:-1, max-image-preview:large, max-video-preview:-1\" \/>\n<link rel=\"canonical\" href=\"https:\/\/svarunica.com\/sl\/izdelek\/prstan-kolovrat-kovinski\/\" \/>\n<meta property=\"og:locale\" content=\"sl_SI\" \/>\n<meta property=\"og:type\" content=\"article\" \/>\n<meta property=\"og:title\" content=\"prstan KOLOVRAT, kovinski - Svarunica\" \/>\n<meta property=\"og:description\" content=\"Kolovrat ali dvojna svastika je eden glavnih simbolov, ki danes identificirajo duhovno\/kulturno izro\u010dilo prednikov. Predstavlja cikli\u010dnost, ve\u010dno kro\u017eenje, nesmrtnost, prina\u0161a nam notranjo mo\u010d in naklonjenost bogov.\" \/>\n<meta property=\"og:url\" content=\"https:\/\/svarunica.com\/sl\/izdelek\/prstan-kolovrat-kovinski\/\" \/>\n<meta property=\"og:site_name\" content=\"Svarunica\" \/>\n<meta property=\"article:modified_time\" content=\"2025-10-23T12:12:26+00:00\" \/>\n<meta property=\"og:image\" content=\"https:\/\/svarunica.com\/wp-content\/uploads\/2024\/12\/kolovrat-prstan-1.jpg\" \/>\n\t<meta property=\"og:image:width\" content=\"1000\" \/>\n\t<meta property=\"og:image:height\" content=\"750\" \/>\n\t<meta property=\"og:image:type\" content=\"image\/jpeg\" \/>\n<meta name=\"twitter:card\" content=\"summary_large_image\" \/>\n<meta name=\"twitter:label1\" content=\"Est. reading time\" \/>\n\t<meta name=\"twitter:data1\" content=\"1 minuta\" \/>\n<script type=\"application\/ld+json\" class=\"yoast-schema-graph\">{\"@context\":\"https:\/\/schema.org\",\"@graph\":[{\"@type\":\"WebPage\",\"@id\":\"https:\/\/svarunica.com\/sl\/izdelek\/prstan-kolovrat-kovinski\/\",\"url\":\"https:\/\/svarunica.com\/sl\/izdelek\/prstan-kolovrat-kovinski\/\",\"name\":\"prstan KOLOVRAT, kovinski - Svarunica\",\"isPartOf\":{\"@id\":\"https:\/\/svarunica.com\/#website\"},\"primaryImageOfPage\":{\"@id\":\"https:\/\/svarunica.com\/sl\/izdelek\/prstan-kolovrat-kovinski\/#primaryimage\"},\"image\":{\"@id\":\"https:\/\/svarunica.com\/sl\/izdelek\/prstan-kolovrat-kovinski\/#primaryimage\"},\"thumbnailUrl\":\"https:\/\/svarunica.com\/wp-content\/uploads\/2024\/12\/kolovrat-prstan-1.jpg\",\"datePublished\":\"2024-12-30T09:49:22+00:00\",\"dateModified\":\"2025-10-23T12:12:26+00:00\",\"breadcrumb\":{\"@id\":\"https:\/\/svarunica.com\/sl\/izdelek\/prstan-kolovrat-kovinski\/#breadcrumb\"},\"inLanguage\":\"sl-SI\",\"potentialAction\":[{\"@type\":\"ReadAction\",\"target\":[\"https:\/\/svarunica.com\/sl\/izdelek\/prstan-kolovrat-kovinski\/\"]}]},{\"@type\":\"ImageObject\",\"inLanguage\":\"sl-SI\",\"@id\":\"https:\/\/svarunica.com\/sl\/izdelek\/prstan-kolovrat-kovinski\/#primaryimage\",\"url\":\"https:\/\/svarunica.com\/wp-content\/uploads\/2024\/12\/kolovrat-prstan-1.jpg\",\"contentUrl\":\"https:\/\/svarunica.com\/wp-content\/uploads\/2024\/12\/kolovrat-prstan-1.jpg\",\"width\":1000,\"height\":750},{\"@type\":\"BreadcrumbList\",\"@id\":\"https:\/\/svarunica.com\/sl\/izdelek\/prstan-kolovrat-kovinski\/#breadcrumb\",\"itemListElement\":[{\"@type\":\"ListItem\",\"position\":1,\"name\":\"Home\",\"item\":\"https:\/\/svarunica.com\/sl\/\"},{\"@type\":\"ListItem\",\"position\":2,\"name\":\"Trgovina\",\"item\":\"https:\/\/svarunica.com\/sl\/trgovina\/\"},{\"@type\":\"ListItem\",\"position\":3,\"name\":\"prstan KOLOVRAT, kovinski\"}]},{\"@type\":\"WebSite\",\"@id\":\"https:\/\/svarunica.com\/#website\",\"url\":\"https:\/\/svarunica.com\/\",\"name\":\"Svarunica\",\"description\":\"\",\"publisher\":{\"@id\":\"https:\/\/svarunica.com\/#organization\"},\"potentialAction\":[{\"@type\":\"SearchAction\",\"target\":{\"@type\":\"EntryPoint\",\"urlTemplate\":\"https:\/\/svarunica.com\/?s={search_term_string}\"},\"query-input\":{\"@type\":\"PropertyValueSpecification\",\"valueRequired\":true,\"valueName\":\"search_term_string\"}}],\"inLanguage\":\"sl-SI\"},{\"@type\":\"Organization\",\"@id\":\"https:\/\/svarunica.com\/#organization\",\"name\":\"Svarunica\",\"url\":\"https:\/\/svarunica.com\/\",\"logo\":{\"@type\":\"ImageObject\",\"inLanguage\":\"sl-SI\",\"@id\":\"https:\/\/svarunica.com\/#\/schema\/logo\/image\/\",\"url\":\"https:\/\/svarunica.com\/wp-content\/uploads\/2021\/07\/cropped-cropped-svarunica-text-2.png\",\"contentUrl\":\"https:\/\/svarunica.com\/wp-content\/uploads\/2021\/07\/cropped-cropped-svarunica-text-2.png\",\"width\":676,\"height\":179,\"caption\":\"Svarunica\"},\"image\":{\"@id\":\"https:\/\/svarunica.com\/#\/schema\/logo\/image\/\"}}]}<\/script>\n<!-- \/ Yoast SEO plugin. -->","yoast_head_json":{"title":"prstan KOLOVRAT, kovinski - Svarunica","robots":{"index":"index","follow":"follow","max-snippet":"max-snippet:-1","max-image-preview":"max-image-preview:large","max-video-preview":"max-video-preview:-1"},"canonical":"https:\/\/svarunica.com\/sl\/izdelek\/prstan-kolovrat-kovinski\/","og_locale":"sl_SI","og_type":"article","og_title":"prstan KOLOVRAT, kovinski - Svarunica","og_description":"Kolovrat ali dvojna svastika je eden glavnih simbolov, ki danes identificirajo duhovno\/kulturno izro\u010dilo prednikov. Predstavlja cikli\u010dnost, ve\u010dno kro\u017eenje, nesmrtnost, prina\u0161a nam notranjo mo\u010d in naklonjenost bogov.","og_url":"https:\/\/svarunica.com\/sl\/izdelek\/prstan-kolovrat-kovinski\/","og_site_name":"Svarunica","article_modified_time":"2025-10-23T12:12:26+00:00","og_image":[{"width":1000,"height":750,"url":"https:\/\/svarunica.com\/wp-content\/uploads\/2024\/12\/kolovrat-prstan-1.jpg","type":"image\/jpeg"}],"twitter_card":"summary_large_image","twitter_misc":{"Est. reading time":"1 minuta"},"schema":{"@context":"https:\/\/schema.org","@graph":[{"@type":"WebPage","@id":"https:\/\/svarunica.com\/sl\/izdelek\/prstan-kolovrat-kovinski\/","url":"https:\/\/svarunica.com\/sl\/izdelek\/prstan-kolovrat-kovinski\/","name":"prstan KOLOVRAT, kovinski - Svarunica","isPartOf":{"@id":"https:\/\/svarunica.com\/#website"},"primaryImageOfPage":{"@id":"https:\/\/svarunica.com\/sl\/izdelek\/prstan-kolovrat-kovinski\/#primaryimage"},"image":{"@id":"https:\/\/svarunica.com\/sl\/izdelek\/prstan-kolovrat-kovinski\/#primaryimage"},"thumbnailUrl":"https:\/\/svarunica.com\/wp-content\/uploads\/2024\/12\/kolovrat-prstan-1.jpg","datePublished":"2024-12-30T09:49:22+00:00","dateModified":"2025-10-23T12:12:26+00:00","breadcrumb":{"@id":"https:\/\/svarunica.com\/sl\/izdelek\/prstan-kolovrat-kovinski\/#breadcrumb"},"inLanguage":"sl-SI","potentialAction":[{"@type":"ReadAction","target":["https:\/\/svarunica.com\/sl\/izdelek\/prstan-kolovrat-kovinski\/"]}]},{"@type":"ImageObject","inLanguage":"sl-SI","@id":"https:\/\/svarunica.com\/sl\/izdelek\/prstan-kolovrat-kovinski\/#primaryimage","url":"https:\/\/svarunica.com\/wp-content\/uploads\/2024\/12\/kolovrat-prstan-1.jpg","contentUrl":"https:\/\/svarunica.com\/wp-content\/uploads\/2024\/12\/kolovrat-prstan-1.jpg","width":1000,"height":750},{"@type":"BreadcrumbList","@id":"https:\/\/svarunica.com\/sl\/izdelek\/prstan-kolovrat-kovinski\/#breadcrumb","itemListElement":[{"@type":"ListItem","position":1,"name":"Home","item":"https:\/\/svarunica.com\/sl\/"},{"@type":"ListItem","position":2,"name":"Trgovina","item":"https:\/\/svarunica.com\/sl\/trgovina\/"},{"@type":"ListItem","position":3,"name":"prstan KOLOVRAT, kovinski"}]},{"@type":"WebSite","@id":"https:\/\/svarunica.com\/#website","url":"https:\/\/svarunica.com\/","name":"Svarunica","description":"","publisher":{"@id":"https:\/\/svarunica.com\/#organization"},"potentialAction":[{"@type":"SearchAction","target":{"@type":"EntryPoint","urlTemplate":"https:\/\/svarunica.com\/?s={search_term_string}"},"query-input":{"@type":"PropertyValueSpecification","valueRequired":true,"valueName":"search_term_string"}}],"inLanguage":"sl-SI"},{"@type":"Organization","@id":"https:\/\/svarunica.com\/#organization","name":"Svarunica","url":"https:\/\/svarunica.com\/","logo":{"@type":"ImageObject","inLanguage":"sl-SI","@id":"https:\/\/svarunica.com\/#\/schema\/logo\/image\/","url":"https:\/\/svarunica.com\/wp-content\/uploads\/2021\/07\/cropped-cropped-svarunica-text-2.png","contentUrl":"https:\/\/svarunica.com\/wp-content\/uploads\/2021\/07\/cropped-cropped-svarunica-text-2.png","width":676,"height":179,"caption":"Svarunica"},"image":{"@id":"https:\/\/svarunica.com\/#\/schema\/logo\/image\/"}}]}},"_links":{"self":[{"href":"https:\/\/svarunica.com\/sl\/wp-json\/wp\/v2\/product\/15584","targetHints":{"allow":["GET"]}}],"collection":[{"href":"https:\/\/svarunica.com\/sl\/wp-json\/wp\/v2\/product"}],"about":[{"href":"https:\/\/svarunica.com\/sl\/wp-json\/wp\/v2\/types\/product"}],"wp:featuredmedia":[{"embeddable":true,"href":"https:\/\/svarunica.com\/sl\/wp-json\/wp\/v2\/media\/15585"}],"wp:attachment":[{"href":"https:\/\/svarunica.com\/sl\/wp-json\/wp\/v2\/media?parent=15584"}],"wp:term":[{"taxonomy":"product_cat","embeddable":true,"href":"https:\/\/svarunica.com\/sl\/wp-json\/wp\/v2\/product_cat?post=15584"},{"taxonomy":"product_tag","embeddable":true,"href":"https:\/\/svarunica.com\/sl\/wp-json\/wp\/v2\/product_tag?post=15584"}],"curies":[{"name":"wp","href":"https:\/\/api.w.org\/{rel}","templated":true}]}}