{"id":16661,"date":"2025-10-22T12:52:47","date_gmt":"2025-10-22T10:52:47","guid":{"rendered":"https:\/\/svarunica.com\/?post_type=product&#038;p=16661"},"modified":"2026-03-09T00:06:21","modified_gmt":"2026-03-08T23:06:21","slug":"kolovrat-v-steklu-na-ploscati-vrvici","status":"publish","type":"product","link":"https:\/\/svarunica.com\/sl\/izdelek\/kolovrat-v-steklu-na-ploscati-vrvici\/","title":{"rendered":"Kolovrat v steklu na plo\u0161\u010dati vrvici"},"content":{"rendered":"<p>grafika: \u00a9Irena Petri\u010d<br \/>\nPri no\u0161enju medaljona se izogibajte vode in vlagi.<br \/>\nSlika embala\u017ee je simboli\u010dna. \u0160katlice se lahko razlikujejo v barvah in strukturah.<\/p>\n","protected":false},"excerpt":{"rendered":"<p>Kovinski dizajn kolovrata v steklu v medaljonu v barvi starega srebra fi18mm na plo\u0161\u010dati usnjeni, \u010drni vrvici.<br \/>\nKolovrat je na\u0161 in tudi vseevropski simbol ve\u010dnega kro\u017eenja, posnemanja neba, glede na smer vrtenja lahko ustvarja ali pa prekinja.<br \/>\nVe\u010d o kolovratu je na voljo v na\u0161em kratkem video prispevku:<br \/>\nhttps:\/\/www.youtube.com\/watch?v=Ak2k73UbLfI<\/p>\n<p>Kolovratova oblika je pri nas na voljo \u0161e v naslednjih izdelkih:<br \/>\n&#8211; LESENI AMULET KOLOVRATA \/ slovenska izdelava v celoti s certifikatom Obrtne zbornice Art&amp;Craft Slovenia<br \/>\n&#8211; <a href=\"https:\/\/svarunica.com\/sl\/kategorija-izdelka\/oblacila\/majice\/\">RAZLI\u010cNI MOTIVI MAJ\u010cK<\/a><br \/>\n&#8211; <a href=\"https:\/\/svarunica.com\/sl\/izdelek\/2088\/\">FRIZBI<\/a><br \/>\n&#8211; KOMPLET UHANOV IN OBESKA<br \/>\n&#8211; PODOBNA IZVEDBA OBESKA<br \/>\n&#8211; <a href=\"https:\/\/svarunica.com\/sl\/izdelek\/prstan-kolovrat-kovinski\/\">PRSTAN<\/a><\/p>\n","protected":false},"featured_media":16662,"template":"","meta":[],"product_cat":[1061,904,1071],"product_tag":[493,1148,492,512,494],"class_list":{"0":"post-16661","1":"product","2":"type-product","3":"status-publish","4":"has-post-thumbnail","6":"product_cat-majcke-v-akciji","7":"product_cat-bozicna-ponudba-in-akcije","8":"product_cat-nakit","9":"product_tag-kolovrat-sl","10":"product_tag-obesek","11":"product_tag-slovanski-simbol","12":"product_tag-soncno-kolo","13":"product_tag-svastika","15":"first","16":"outofstock","17":"purchasable","18":"product-type-simple"},"yoast_head":"<!-- This site is optimized with the Yoast SEO plugin v23.9 - https:\/\/yoast.com\/wordpress\/plugins\/seo\/ -->\n<title>Kolovrat v steklu na plo\u0161\u010dati vrvici - Svarunica<\/title>\n<meta name=\"robots\" content=\"index, follow, max-snippet:-1, max-image-preview:large, max-video-preview:-1\" \/>\n<link rel=\"canonical\" href=\"https:\/\/svarunica.com\/sl\/izdelek\/kolovrat-v-steklu-na-ploscati-vrvici\/\" \/>\n<meta property=\"og:locale\" content=\"sl_SI\" \/>\n<meta property=\"og:type\" content=\"article\" \/>\n<meta property=\"og:title\" content=\"Kolovrat v steklu na plo\u0161\u010dati vrvici - Svarunica\" \/>\n<meta property=\"og:description\" content=\"Kovinski dizajn kolovrata v steklu v medaljonu v barvi starega srebra fi18mm na plo\u0161\u010dati usnjeni, \u010drni vrvici. Kolovrat je na\u0161 in tudi vseevropski simbol ve\u010dnega kro\u017eenja, posnemanja neba, glede na smer vrtenja lahko ustvarja ali pa prekinja. Ve\u010d o kolovratu je na voljo v na\u0161em kratkem video prispevku: https:\/\/www.youtube.com\/watch?v=Ak2k73UbLfI  Kolovratova oblika je pri nas na voljo \u0161e v naslednjih izdelkih: - LESENI AMULET KOLOVRATA \/ slovenska izdelava v celoti s certifikatom Obrtne zbornice Art&amp;Craft Slovenia - RAZLI\u010cNI MOTIVI MAJ\u010cK - FRIZBI - KOMPLET UHANOV IN OBESKA - PODOBNA IZVEDBA OBESKA - PRSTAN\" \/>\n<meta property=\"og:url\" content=\"https:\/\/svarunica.com\/sl\/izdelek\/kolovrat-v-steklu-na-ploscati-vrvici\/\" \/>\n<meta property=\"og:site_name\" content=\"Svarunica\" \/>\n<meta property=\"article:modified_time\" content=\"2026-03-08T23:06:21+00:00\" \/>\n<meta property=\"og:image\" content=\"https:\/\/svarunica.com\/wp-content\/uploads\/2025\/10\/svarunica-nakit-kolovrat-obesek-1.jpg\" \/>\n\t<meta property=\"og:image:width\" content=\"900\" \/>\n\t<meta property=\"og:image:height\" content=\"675\" \/>\n\t<meta property=\"og:image:type\" content=\"image\/jpeg\" \/>\n<meta name=\"twitter:card\" content=\"summary_large_image\" \/>\n<meta name=\"twitter:label1\" content=\"Est. reading time\" \/>\n\t<meta name=\"twitter:data1\" content=\"1 minuta\" \/>\n<script type=\"application\/ld+json\" class=\"yoast-schema-graph\">{\"@context\":\"https:\/\/schema.org\",\"@graph\":[{\"@type\":\"WebPage\",\"@id\":\"https:\/\/svarunica.com\/sl\/izdelek\/kolovrat-v-steklu-na-ploscati-vrvici\/\",\"url\":\"https:\/\/svarunica.com\/sl\/izdelek\/kolovrat-v-steklu-na-ploscati-vrvici\/\",\"name\":\"Kolovrat v steklu na plo\u0161\u010dati vrvici - Svarunica\",\"isPartOf\":{\"@id\":\"https:\/\/svarunica.com\/#website\"},\"primaryImageOfPage\":{\"@id\":\"https:\/\/svarunica.com\/sl\/izdelek\/kolovrat-v-steklu-na-ploscati-vrvici\/#primaryimage\"},\"image\":{\"@id\":\"https:\/\/svarunica.com\/sl\/izdelek\/kolovrat-v-steklu-na-ploscati-vrvici\/#primaryimage\"},\"thumbnailUrl\":\"https:\/\/svarunica.com\/wp-content\/uploads\/2025\/10\/svarunica-nakit-kolovrat-obesek-1.jpg\",\"datePublished\":\"2025-10-22T10:52:47+00:00\",\"dateModified\":\"2026-03-08T23:06:21+00:00\",\"breadcrumb\":{\"@id\":\"https:\/\/svarunica.com\/sl\/izdelek\/kolovrat-v-steklu-na-ploscati-vrvici\/#breadcrumb\"},\"inLanguage\":\"sl-SI\",\"potentialAction\":[{\"@type\":\"ReadAction\",\"target\":[\"https:\/\/svarunica.com\/sl\/izdelek\/kolovrat-v-steklu-na-ploscati-vrvici\/\"]}]},{\"@type\":\"ImageObject\",\"inLanguage\":\"sl-SI\",\"@id\":\"https:\/\/svarunica.com\/sl\/izdelek\/kolovrat-v-steklu-na-ploscati-vrvici\/#primaryimage\",\"url\":\"https:\/\/svarunica.com\/wp-content\/uploads\/2025\/10\/svarunica-nakit-kolovrat-obesek-1.jpg\",\"contentUrl\":\"https:\/\/svarunica.com\/wp-content\/uploads\/2025\/10\/svarunica-nakit-kolovrat-obesek-1.jpg\",\"width\":900,\"height\":675},{\"@type\":\"BreadcrumbList\",\"@id\":\"https:\/\/svarunica.com\/sl\/izdelek\/kolovrat-v-steklu-na-ploscati-vrvici\/#breadcrumb\",\"itemListElement\":[{\"@type\":\"ListItem\",\"position\":1,\"name\":\"Home\",\"item\":\"https:\/\/svarunica.com\/sl\/\"},{\"@type\":\"ListItem\",\"position\":2,\"name\":\"Trgovina\",\"item\":\"https:\/\/svarunica.com\/sl\/trgovina\/\"},{\"@type\":\"ListItem\",\"position\":3,\"name\":\"Kolovrat v steklu na plo\u0161\u010dati vrvici\"}]},{\"@type\":\"WebSite\",\"@id\":\"https:\/\/svarunica.com\/#website\",\"url\":\"https:\/\/svarunica.com\/\",\"name\":\"Svarunica\",\"description\":\"\",\"publisher\":{\"@id\":\"https:\/\/svarunica.com\/#organization\"},\"potentialAction\":[{\"@type\":\"SearchAction\",\"target\":{\"@type\":\"EntryPoint\",\"urlTemplate\":\"https:\/\/svarunica.com\/?s={search_term_string}\"},\"query-input\":{\"@type\":\"PropertyValueSpecification\",\"valueRequired\":true,\"valueName\":\"search_term_string\"}}],\"inLanguage\":\"sl-SI\"},{\"@type\":\"Organization\",\"@id\":\"https:\/\/svarunica.com\/#organization\",\"name\":\"Svarunica\",\"url\":\"https:\/\/svarunica.com\/\",\"logo\":{\"@type\":\"ImageObject\",\"inLanguage\":\"sl-SI\",\"@id\":\"https:\/\/svarunica.com\/#\/schema\/logo\/image\/\",\"url\":\"https:\/\/svarunica.com\/wp-content\/uploads\/2021\/07\/cropped-cropped-svarunica-text-2.png\",\"contentUrl\":\"https:\/\/svarunica.com\/wp-content\/uploads\/2021\/07\/cropped-cropped-svarunica-text-2.png\",\"width\":676,\"height\":179,\"caption\":\"Svarunica\"},\"image\":{\"@id\":\"https:\/\/svarunica.com\/#\/schema\/logo\/image\/\"}}]}<\/script>\n<!-- \/ Yoast SEO plugin. -->","yoast_head_json":{"title":"Kolovrat v steklu na plo\u0161\u010dati vrvici - Svarunica","robots":{"index":"index","follow":"follow","max-snippet":"max-snippet:-1","max-image-preview":"max-image-preview:large","max-video-preview":"max-video-preview:-1"},"canonical":"https:\/\/svarunica.com\/sl\/izdelek\/kolovrat-v-steklu-na-ploscati-vrvici\/","og_locale":"sl_SI","og_type":"article","og_title":"Kolovrat v steklu na plo\u0161\u010dati vrvici - Svarunica","og_description":"Kovinski dizajn kolovrata v steklu v medaljonu v barvi starega srebra fi18mm na plo\u0161\u010dati usnjeni, \u010drni vrvici. Kolovrat je na\u0161 in tudi vseevropski simbol ve\u010dnega kro\u017eenja, posnemanja neba, glede na smer vrtenja lahko ustvarja ali pa prekinja. Ve\u010d o kolovratu je na voljo v na\u0161em kratkem video prispevku: https:\/\/www.youtube.com\/watch?v=Ak2k73UbLfI  Kolovratova oblika je pri nas na voljo \u0161e v naslednjih izdelkih: - LESENI AMULET KOLOVRATA \/ slovenska izdelava v celoti s certifikatom Obrtne zbornice Art&amp;Craft Slovenia - RAZLI\u010cNI MOTIVI MAJ\u010cK - FRIZBI - KOMPLET UHANOV IN OBESKA - PODOBNA IZVEDBA OBESKA - PRSTAN","og_url":"https:\/\/svarunica.com\/sl\/izdelek\/kolovrat-v-steklu-na-ploscati-vrvici\/","og_site_name":"Svarunica","article_modified_time":"2026-03-08T23:06:21+00:00","og_image":[{"width":900,"height":675,"url":"https:\/\/svarunica.com\/wp-content\/uploads\/2025\/10\/svarunica-nakit-kolovrat-obesek-1.jpg","type":"image\/jpeg"}],"twitter_card":"summary_large_image","twitter_misc":{"Est. reading time":"1 minuta"},"schema":{"@context":"https:\/\/schema.org","@graph":[{"@type":"WebPage","@id":"https:\/\/svarunica.com\/sl\/izdelek\/kolovrat-v-steklu-na-ploscati-vrvici\/","url":"https:\/\/svarunica.com\/sl\/izdelek\/kolovrat-v-steklu-na-ploscati-vrvici\/","name":"Kolovrat v steklu na plo\u0161\u010dati vrvici - Svarunica","isPartOf":{"@id":"https:\/\/svarunica.com\/#website"},"primaryImageOfPage":{"@id":"https:\/\/svarunica.com\/sl\/izdelek\/kolovrat-v-steklu-na-ploscati-vrvici\/#primaryimage"},"image":{"@id":"https:\/\/svarunica.com\/sl\/izdelek\/kolovrat-v-steklu-na-ploscati-vrvici\/#primaryimage"},"thumbnailUrl":"https:\/\/svarunica.com\/wp-content\/uploads\/2025\/10\/svarunica-nakit-kolovrat-obesek-1.jpg","datePublished":"2025-10-22T10:52:47+00:00","dateModified":"2026-03-08T23:06:21+00:00","breadcrumb":{"@id":"https:\/\/svarunica.com\/sl\/izdelek\/kolovrat-v-steklu-na-ploscati-vrvici\/#breadcrumb"},"inLanguage":"sl-SI","potentialAction":[{"@type":"ReadAction","target":["https:\/\/svarunica.com\/sl\/izdelek\/kolovrat-v-steklu-na-ploscati-vrvici\/"]}]},{"@type":"ImageObject","inLanguage":"sl-SI","@id":"https:\/\/svarunica.com\/sl\/izdelek\/kolovrat-v-steklu-na-ploscati-vrvici\/#primaryimage","url":"https:\/\/svarunica.com\/wp-content\/uploads\/2025\/10\/svarunica-nakit-kolovrat-obesek-1.jpg","contentUrl":"https:\/\/svarunica.com\/wp-content\/uploads\/2025\/10\/svarunica-nakit-kolovrat-obesek-1.jpg","width":900,"height":675},{"@type":"BreadcrumbList","@id":"https:\/\/svarunica.com\/sl\/izdelek\/kolovrat-v-steklu-na-ploscati-vrvici\/#breadcrumb","itemListElement":[{"@type":"ListItem","position":1,"name":"Home","item":"https:\/\/svarunica.com\/sl\/"},{"@type":"ListItem","position":2,"name":"Trgovina","item":"https:\/\/svarunica.com\/sl\/trgovina\/"},{"@type":"ListItem","position":3,"name":"Kolovrat v steklu na plo\u0161\u010dati vrvici"}]},{"@type":"WebSite","@id":"https:\/\/svarunica.com\/#website","url":"https:\/\/svarunica.com\/","name":"Svarunica","description":"","publisher":{"@id":"https:\/\/svarunica.com\/#organization"},"potentialAction":[{"@type":"SearchAction","target":{"@type":"EntryPoint","urlTemplate":"https:\/\/svarunica.com\/?s={search_term_string}"},"query-input":{"@type":"PropertyValueSpecification","valueRequired":true,"valueName":"search_term_string"}}],"inLanguage":"sl-SI"},{"@type":"Organization","@id":"https:\/\/svarunica.com\/#organization","name":"Svarunica","url":"https:\/\/svarunica.com\/","logo":{"@type":"ImageObject","inLanguage":"sl-SI","@id":"https:\/\/svarunica.com\/#\/schema\/logo\/image\/","url":"https:\/\/svarunica.com\/wp-content\/uploads\/2021\/07\/cropped-cropped-svarunica-text-2.png","contentUrl":"https:\/\/svarunica.com\/wp-content\/uploads\/2021\/07\/cropped-cropped-svarunica-text-2.png","width":676,"height":179,"caption":"Svarunica"},"image":{"@id":"https:\/\/svarunica.com\/#\/schema\/logo\/image\/"}}]}},"_links":{"self":[{"href":"https:\/\/svarunica.com\/sl\/wp-json\/wp\/v2\/product\/16661","targetHints":{"allow":["GET"]}}],"collection":[{"href":"https:\/\/svarunica.com\/sl\/wp-json\/wp\/v2\/product"}],"about":[{"href":"https:\/\/svarunica.com\/sl\/wp-json\/wp\/v2\/types\/product"}],"wp:featuredmedia":[{"embeddable":true,"href":"https:\/\/svarunica.com\/sl\/wp-json\/wp\/v2\/media\/16662"}],"wp:attachment":[{"href":"https:\/\/svarunica.com\/sl\/wp-json\/wp\/v2\/media?parent=16661"}],"wp:term":[{"taxonomy":"product_cat","embeddable":true,"href":"https:\/\/svarunica.com\/sl\/wp-json\/wp\/v2\/product_cat?post=16661"},{"taxonomy":"product_tag","embeddable":true,"href":"https:\/\/svarunica.com\/sl\/wp-json\/wp\/v2\/product_tag?post=16661"}],"curies":[{"name":"wp","href":"https:\/\/api.w.org\/{rel}","templated":true}]}}