{"id":16670,"date":"2025-10-22T15:12:24","date_gmt":"2025-10-22T13:12:24","guid":{"rendered":"https:\/\/svarunica.com\/?post_type=product&#038;p=16670"},"modified":"2025-11-28T18:46:17","modified_gmt":"2025-11-28T17:46:17","slug":"uhani-in-obesek-kolovrat","status":"publish","type":"product","link":"https:\/\/svarunica.com\/sl\/izdelek\/uhani-in-obesek-kolovrat\/","title":{"rendered":"Uhani in obesek Kolovrat"},"content":{"rendered":"<p>grafika: \u00a9Irena Petri\u010d<br \/>\nPri no\u0161enju medaljona in uhanov se izogibajte vode in vlage.<br \/>\nSlika embala\u017ee je simboli\u010dna. \u0160katlice se lahko razlikujejo v barvah in strukturah.<\/p>\n","protected":false},"excerpt":{"rendered":"<p>Kovinski dizajn kolovrata v steklu v medaljonu v barvi starega srebra fi2cm na veri\u017eici iz nerjave\u010dega jekla ter uhan\u010dki i12mm na kavelj\u010dkih iz nerjave\u010dega jekla.<br \/>\nKolovrat je na\u0161 in tudi vseevropski simbol ve\u010dnega kro\u017eenja, posnemanja neba, glede na smer vrtenja lahko ustvarja ali pa prekinja tok.<br \/>\nV na\u0161i ponudbi je na voljo \u0161e ve\u010d podobnih motivov, tako v okviru nakita, med lesenimi amuleti, na majicah itd.<\/p>\n","protected":false},"featured_media":16671,"template":"","meta":[],"product_cat":[1061,1071],"product_tag":[493,492,512,494],"class_list":{"0":"post-16670","1":"product","2":"type-product","3":"status-publish","4":"has-post-thumbnail","6":"product_cat-majcke-v-akciji","7":"product_cat-nakit","8":"product_tag-kolovrat-sl","9":"product_tag-slovanski-simbol","10":"product_tag-soncno-kolo","11":"product_tag-svastika","13":"first","14":"instock","15":"purchasable","16":"product-type-simple"},"yoast_head":"<!-- This site is optimized with the Yoast SEO plugin v23.9 - https:\/\/yoast.com\/wordpress\/plugins\/seo\/ -->\n<title>Uhani in obesek Kolovrat - Svarunica<\/title>\n<meta name=\"robots\" content=\"index, follow, max-snippet:-1, max-image-preview:large, max-video-preview:-1\" \/>\n<link rel=\"canonical\" href=\"https:\/\/svarunica.com\/sl\/izdelek\/uhani-in-obesek-kolovrat\/\" \/>\n<meta property=\"og:locale\" content=\"sl_SI\" \/>\n<meta property=\"og:type\" content=\"article\" \/>\n<meta property=\"og:title\" content=\"Uhani in obesek Kolovrat - Svarunica\" \/>\n<meta property=\"og:description\" content=\"Kovinski dizajn kolovrata v steklu v medaljonu v barvi starega srebra fi2cm na veri\u017eici iz nerjave\u010dega jekla ter uhan\u010dki i12mm na kavelj\u010dkih iz nerjave\u010dega jekla. Kolovrat je na\u0161 in tudi vseevropski simbol ve\u010dnega kro\u017eenja, posnemanja neba, glede na smer vrtenja lahko ustvarja ali pa prekinja tok. V na\u0161i ponudbi je na voljo \u0161e ve\u010d podobnih motivov, tako v okviru nakita, med lesenimi amuleti, na majicah itd.\" \/>\n<meta property=\"og:url\" content=\"https:\/\/svarunica.com\/sl\/izdelek\/uhani-in-obesek-kolovrat\/\" \/>\n<meta property=\"og:site_name\" content=\"Svarunica\" \/>\n<meta property=\"article:modified_time\" content=\"2025-11-28T17:46:17+00:00\" \/>\n<meta property=\"og:image\" content=\"https:\/\/svarunica.com\/wp-content\/uploads\/2025\/10\/svarunica-nakit-kolovrat-obesek-in-uhani.jpg\" \/>\n\t<meta property=\"og:image:width\" content=\"900\" \/>\n\t<meta property=\"og:image:height\" content=\"675\" \/>\n\t<meta property=\"og:image:type\" content=\"image\/jpeg\" \/>\n<meta name=\"twitter:card\" content=\"summary_large_image\" \/>\n<meta name=\"twitter:label1\" content=\"Est. reading time\" \/>\n\t<meta name=\"twitter:data1\" content=\"1 minuta\" \/>\n<script type=\"application\/ld+json\" class=\"yoast-schema-graph\">{\"@context\":\"https:\/\/schema.org\",\"@graph\":[{\"@type\":\"WebPage\",\"@id\":\"https:\/\/svarunica.com\/sl\/izdelek\/uhani-in-obesek-kolovrat\/\",\"url\":\"https:\/\/svarunica.com\/sl\/izdelek\/uhani-in-obesek-kolovrat\/\",\"name\":\"Uhani in obesek Kolovrat - Svarunica\",\"isPartOf\":{\"@id\":\"https:\/\/svarunica.com\/#website\"},\"primaryImageOfPage\":{\"@id\":\"https:\/\/svarunica.com\/sl\/izdelek\/uhani-in-obesek-kolovrat\/#primaryimage\"},\"image\":{\"@id\":\"https:\/\/svarunica.com\/sl\/izdelek\/uhani-in-obesek-kolovrat\/#primaryimage\"},\"thumbnailUrl\":\"https:\/\/svarunica.com\/wp-content\/uploads\/2025\/10\/svarunica-nakit-kolovrat-obesek-in-uhani.jpg\",\"datePublished\":\"2025-10-22T13:12:24+00:00\",\"dateModified\":\"2025-11-28T17:46:17+00:00\",\"breadcrumb\":{\"@id\":\"https:\/\/svarunica.com\/sl\/izdelek\/uhani-in-obesek-kolovrat\/#breadcrumb\"},\"inLanguage\":\"sl-SI\",\"potentialAction\":[{\"@type\":\"ReadAction\",\"target\":[\"https:\/\/svarunica.com\/sl\/izdelek\/uhani-in-obesek-kolovrat\/\"]}]},{\"@type\":\"ImageObject\",\"inLanguage\":\"sl-SI\",\"@id\":\"https:\/\/svarunica.com\/sl\/izdelek\/uhani-in-obesek-kolovrat\/#primaryimage\",\"url\":\"https:\/\/svarunica.com\/wp-content\/uploads\/2025\/10\/svarunica-nakit-kolovrat-obesek-in-uhani.jpg\",\"contentUrl\":\"https:\/\/svarunica.com\/wp-content\/uploads\/2025\/10\/svarunica-nakit-kolovrat-obesek-in-uhani.jpg\",\"width\":900,\"height\":675},{\"@type\":\"BreadcrumbList\",\"@id\":\"https:\/\/svarunica.com\/sl\/izdelek\/uhani-in-obesek-kolovrat\/#breadcrumb\",\"itemListElement\":[{\"@type\":\"ListItem\",\"position\":1,\"name\":\"Home\",\"item\":\"https:\/\/svarunica.com\/sl\/\"},{\"@type\":\"ListItem\",\"position\":2,\"name\":\"Trgovina\",\"item\":\"https:\/\/svarunica.com\/sl\/trgovina\/\"},{\"@type\":\"ListItem\",\"position\":3,\"name\":\"Uhani in obesek Kolovrat\"}]},{\"@type\":\"WebSite\",\"@id\":\"https:\/\/svarunica.com\/#website\",\"url\":\"https:\/\/svarunica.com\/\",\"name\":\"Svarunica\",\"description\":\"\",\"publisher\":{\"@id\":\"https:\/\/svarunica.com\/#organization\"},\"potentialAction\":[{\"@type\":\"SearchAction\",\"target\":{\"@type\":\"EntryPoint\",\"urlTemplate\":\"https:\/\/svarunica.com\/?s={search_term_string}\"},\"query-input\":{\"@type\":\"PropertyValueSpecification\",\"valueRequired\":true,\"valueName\":\"search_term_string\"}}],\"inLanguage\":\"sl-SI\"},{\"@type\":\"Organization\",\"@id\":\"https:\/\/svarunica.com\/#organization\",\"name\":\"Svarunica\",\"url\":\"https:\/\/svarunica.com\/\",\"logo\":{\"@type\":\"ImageObject\",\"inLanguage\":\"sl-SI\",\"@id\":\"https:\/\/svarunica.com\/#\/schema\/logo\/image\/\",\"url\":\"https:\/\/svarunica.com\/wp-content\/uploads\/2021\/07\/cropped-cropped-svarunica-text-2.png\",\"contentUrl\":\"https:\/\/svarunica.com\/wp-content\/uploads\/2021\/07\/cropped-cropped-svarunica-text-2.png\",\"width\":676,\"height\":179,\"caption\":\"Svarunica\"},\"image\":{\"@id\":\"https:\/\/svarunica.com\/#\/schema\/logo\/image\/\"}}]}<\/script>\n<!-- \/ Yoast SEO plugin. -->","yoast_head_json":{"title":"Uhani in obesek Kolovrat - Svarunica","robots":{"index":"index","follow":"follow","max-snippet":"max-snippet:-1","max-image-preview":"max-image-preview:large","max-video-preview":"max-video-preview:-1"},"canonical":"https:\/\/svarunica.com\/sl\/izdelek\/uhani-in-obesek-kolovrat\/","og_locale":"sl_SI","og_type":"article","og_title":"Uhani in obesek Kolovrat - Svarunica","og_description":"Kovinski dizajn kolovrata v steklu v medaljonu v barvi starega srebra fi2cm na veri\u017eici iz nerjave\u010dega jekla ter uhan\u010dki i12mm na kavelj\u010dkih iz nerjave\u010dega jekla. Kolovrat je na\u0161 in tudi vseevropski simbol ve\u010dnega kro\u017eenja, posnemanja neba, glede na smer vrtenja lahko ustvarja ali pa prekinja tok. V na\u0161i ponudbi je na voljo \u0161e ve\u010d podobnih motivov, tako v okviru nakita, med lesenimi amuleti, na majicah itd.","og_url":"https:\/\/svarunica.com\/sl\/izdelek\/uhani-in-obesek-kolovrat\/","og_site_name":"Svarunica","article_modified_time":"2025-11-28T17:46:17+00:00","og_image":[{"width":900,"height":675,"url":"https:\/\/svarunica.com\/wp-content\/uploads\/2025\/10\/svarunica-nakit-kolovrat-obesek-in-uhani.jpg","type":"image\/jpeg"}],"twitter_card":"summary_large_image","twitter_misc":{"Est. reading time":"1 minuta"},"schema":{"@context":"https:\/\/schema.org","@graph":[{"@type":"WebPage","@id":"https:\/\/svarunica.com\/sl\/izdelek\/uhani-in-obesek-kolovrat\/","url":"https:\/\/svarunica.com\/sl\/izdelek\/uhani-in-obesek-kolovrat\/","name":"Uhani in obesek Kolovrat - Svarunica","isPartOf":{"@id":"https:\/\/svarunica.com\/#website"},"primaryImageOfPage":{"@id":"https:\/\/svarunica.com\/sl\/izdelek\/uhani-in-obesek-kolovrat\/#primaryimage"},"image":{"@id":"https:\/\/svarunica.com\/sl\/izdelek\/uhani-in-obesek-kolovrat\/#primaryimage"},"thumbnailUrl":"https:\/\/svarunica.com\/wp-content\/uploads\/2025\/10\/svarunica-nakit-kolovrat-obesek-in-uhani.jpg","datePublished":"2025-10-22T13:12:24+00:00","dateModified":"2025-11-28T17:46:17+00:00","breadcrumb":{"@id":"https:\/\/svarunica.com\/sl\/izdelek\/uhani-in-obesek-kolovrat\/#breadcrumb"},"inLanguage":"sl-SI","potentialAction":[{"@type":"ReadAction","target":["https:\/\/svarunica.com\/sl\/izdelek\/uhani-in-obesek-kolovrat\/"]}]},{"@type":"ImageObject","inLanguage":"sl-SI","@id":"https:\/\/svarunica.com\/sl\/izdelek\/uhani-in-obesek-kolovrat\/#primaryimage","url":"https:\/\/svarunica.com\/wp-content\/uploads\/2025\/10\/svarunica-nakit-kolovrat-obesek-in-uhani.jpg","contentUrl":"https:\/\/svarunica.com\/wp-content\/uploads\/2025\/10\/svarunica-nakit-kolovrat-obesek-in-uhani.jpg","width":900,"height":675},{"@type":"BreadcrumbList","@id":"https:\/\/svarunica.com\/sl\/izdelek\/uhani-in-obesek-kolovrat\/#breadcrumb","itemListElement":[{"@type":"ListItem","position":1,"name":"Home","item":"https:\/\/svarunica.com\/sl\/"},{"@type":"ListItem","position":2,"name":"Trgovina","item":"https:\/\/svarunica.com\/sl\/trgovina\/"},{"@type":"ListItem","position":3,"name":"Uhani in obesek Kolovrat"}]},{"@type":"WebSite","@id":"https:\/\/svarunica.com\/#website","url":"https:\/\/svarunica.com\/","name":"Svarunica","description":"","publisher":{"@id":"https:\/\/svarunica.com\/#organization"},"potentialAction":[{"@type":"SearchAction","target":{"@type":"EntryPoint","urlTemplate":"https:\/\/svarunica.com\/?s={search_term_string}"},"query-input":{"@type":"PropertyValueSpecification","valueRequired":true,"valueName":"search_term_string"}}],"inLanguage":"sl-SI"},{"@type":"Organization","@id":"https:\/\/svarunica.com\/#organization","name":"Svarunica","url":"https:\/\/svarunica.com\/","logo":{"@type":"ImageObject","inLanguage":"sl-SI","@id":"https:\/\/svarunica.com\/#\/schema\/logo\/image\/","url":"https:\/\/svarunica.com\/wp-content\/uploads\/2021\/07\/cropped-cropped-svarunica-text-2.png","contentUrl":"https:\/\/svarunica.com\/wp-content\/uploads\/2021\/07\/cropped-cropped-svarunica-text-2.png","width":676,"height":179,"caption":"Svarunica"},"image":{"@id":"https:\/\/svarunica.com\/#\/schema\/logo\/image\/"}}]}},"_links":{"self":[{"href":"https:\/\/svarunica.com\/sl\/wp-json\/wp\/v2\/product\/16670","targetHints":{"allow":["GET"]}}],"collection":[{"href":"https:\/\/svarunica.com\/sl\/wp-json\/wp\/v2\/product"}],"about":[{"href":"https:\/\/svarunica.com\/sl\/wp-json\/wp\/v2\/types\/product"}],"wp:featuredmedia":[{"embeddable":true,"href":"https:\/\/svarunica.com\/sl\/wp-json\/wp\/v2\/media\/16671"}],"wp:attachment":[{"href":"https:\/\/svarunica.com\/sl\/wp-json\/wp\/v2\/media?parent=16670"}],"wp:term":[{"taxonomy":"product_cat","embeddable":true,"href":"https:\/\/svarunica.com\/sl\/wp-json\/wp\/v2\/product_cat?post=16670"},{"taxonomy":"product_tag","embeddable":true,"href":"https:\/\/svarunica.com\/sl\/wp-json\/wp\/v2\/product_tag?post=16670"}],"curies":[{"name":"wp","href":"https:\/\/api.w.org\/{rel}","templated":true}]}}