{"id":16710,"date":"2025-10-23T14:02:11","date_gmt":"2025-10-23T12:02:11","guid":{"rendered":"https:\/\/svarunica.com\/?post_type=product&#038;p=16710"},"modified":"2026-04-06T16:39:09","modified_gmt":"2026-04-06T14:39:09","slug":"obesek-zlata-svastika","status":"publish","type":"product","link":"https:\/\/svarunica.com\/sl\/izdelek\/obesek-zlata-svastika\/","title":{"rendered":"Obesek zlata svastika"},"content":{"rendered":"<p>Obesek je velikosti 2,6 cm, izdelan iz nerjave\u010dega jekla.<\/p>\n","protected":false},"excerpt":{"rendered":"<p>Zavita svastika v \u0161tirikotni obliki je oblika poznana po celem svetu, tudi na vzhodu, v tak\u0161ni obliki pa se pojavlja tudi v Evropi. Do sedaj je bila najstarej\u0161a najdena v Ukrajini.<br \/>\nSvastika je simbol sre\u010de, vsega dobrega, ve\u010dnega vrtenja\/ve\u010dnosti, nenehno spreminjajo\u010dega in nosi mo\u010d za vse na\u0161e izzive, mo\u010d prilagajanja spremembam, prina\u0161a samozavest in naklonjenost bogov.<br \/>\nObesek je iz nerjave\u010dega jekla na \u010drni, povoskani vrvici.<\/p>\n","protected":false},"featured_media":16711,"template":"","meta":[],"product_cat":[1061,1071],"product_tag":[1156,492,1155,494,545],"class_list":{"0":"post-16710","1":"product","2":"type-product","3":"status-publish","4":"has-post-thumbnail","6":"product_cat-majcke-v-akciji","7":"product_cat-nakit","8":"product_tag-simbol-srece","9":"product_tag-slovanski-simbol","10":"product_tag-suasti","11":"product_tag-svastika","12":"product_tag-zascitni-amulet","14":"first","15":"outofstock","16":"purchasable","17":"product-type-simple"},"yoast_head":"<!-- This site is optimized with the Yoast SEO plugin v23.9 - https:\/\/yoast.com\/wordpress\/plugins\/seo\/ -->\n<title>Obesek zlata svastika - Svarunica<\/title>\n<meta name=\"description\" content=\"zlati obesek s svastiko\" \/>\n<meta name=\"robots\" content=\"index, follow, max-snippet:-1, max-image-preview:large, max-video-preview:-1\" \/>\n<link rel=\"canonical\" href=\"https:\/\/svarunica.com\/sl\/izdelek\/obesek-zlata-svastika\/\" \/>\n<meta property=\"og:locale\" content=\"sl_SI\" \/>\n<meta property=\"og:type\" content=\"article\" \/>\n<meta property=\"og:title\" content=\"Obesek zlata svastika - Svarunica\" \/>\n<meta property=\"og:description\" content=\"zlati obesek s svastiko\" \/>\n<meta property=\"og:url\" content=\"https:\/\/svarunica.com\/sl\/izdelek\/obesek-zlata-svastika\/\" \/>\n<meta property=\"og:site_name\" content=\"Svarunica\" \/>\n<meta property=\"article:modified_time\" content=\"2026-04-06T14:39:09+00:00\" \/>\n<meta property=\"og:image\" content=\"https:\/\/svarunica.com\/wp-content\/uploads\/2025\/10\/svarunica-nakit-obesek-svastika-1.jpg\" \/>\n\t<meta property=\"og:image:width\" content=\"900\" \/>\n\t<meta property=\"og:image:height\" content=\"675\" \/>\n\t<meta property=\"og:image:type\" content=\"image\/jpeg\" \/>\n<meta name=\"twitter:card\" content=\"summary_large_image\" \/>\n<meta name=\"twitter:label1\" content=\"Est. reading time\" \/>\n\t<meta name=\"twitter:data1\" content=\"1 minuta\" \/>\n<script type=\"application\/ld+json\" class=\"yoast-schema-graph\">{\"@context\":\"https:\/\/schema.org\",\"@graph\":[{\"@type\":\"WebPage\",\"@id\":\"https:\/\/svarunica.com\/sl\/izdelek\/obesek-zlata-svastika\/\",\"url\":\"https:\/\/svarunica.com\/sl\/izdelek\/obesek-zlata-svastika\/\",\"name\":\"Obesek zlata svastika - Svarunica\",\"isPartOf\":{\"@id\":\"https:\/\/svarunica.com\/#website\"},\"primaryImageOfPage\":{\"@id\":\"https:\/\/svarunica.com\/sl\/izdelek\/obesek-zlata-svastika\/#primaryimage\"},\"image\":{\"@id\":\"https:\/\/svarunica.com\/sl\/izdelek\/obesek-zlata-svastika\/#primaryimage\"},\"thumbnailUrl\":\"https:\/\/svarunica.com\/wp-content\/uploads\/2025\/10\/svarunica-nakit-obesek-svastika-1.jpg\",\"datePublished\":\"2025-10-23T12:02:11+00:00\",\"dateModified\":\"2026-04-06T14:39:09+00:00\",\"description\":\"zlati obesek s svastiko\",\"breadcrumb\":{\"@id\":\"https:\/\/svarunica.com\/sl\/izdelek\/obesek-zlata-svastika\/#breadcrumb\"},\"inLanguage\":\"sl-SI\",\"potentialAction\":[{\"@type\":\"ReadAction\",\"target\":[\"https:\/\/svarunica.com\/sl\/izdelek\/obesek-zlata-svastika\/\"]}]},{\"@type\":\"ImageObject\",\"inLanguage\":\"sl-SI\",\"@id\":\"https:\/\/svarunica.com\/sl\/izdelek\/obesek-zlata-svastika\/#primaryimage\",\"url\":\"https:\/\/svarunica.com\/wp-content\/uploads\/2025\/10\/svarunica-nakit-obesek-svastika-1.jpg\",\"contentUrl\":\"https:\/\/svarunica.com\/wp-content\/uploads\/2025\/10\/svarunica-nakit-obesek-svastika-1.jpg\",\"width\":900,\"height\":675},{\"@type\":\"BreadcrumbList\",\"@id\":\"https:\/\/svarunica.com\/sl\/izdelek\/obesek-zlata-svastika\/#breadcrumb\",\"itemListElement\":[{\"@type\":\"ListItem\",\"position\":1,\"name\":\"Home\",\"item\":\"https:\/\/svarunica.com\/sl\/\"},{\"@type\":\"ListItem\",\"position\":2,\"name\":\"Trgovina\",\"item\":\"https:\/\/svarunica.com\/sl\/trgovina\/\"},{\"@type\":\"ListItem\",\"position\":3,\"name\":\"Obesek zlata svastika\"}]},{\"@type\":\"WebSite\",\"@id\":\"https:\/\/svarunica.com\/#website\",\"url\":\"https:\/\/svarunica.com\/\",\"name\":\"Svarunica\",\"description\":\"\",\"publisher\":{\"@id\":\"https:\/\/svarunica.com\/#organization\"},\"potentialAction\":[{\"@type\":\"SearchAction\",\"target\":{\"@type\":\"EntryPoint\",\"urlTemplate\":\"https:\/\/svarunica.com\/?s={search_term_string}\"},\"query-input\":{\"@type\":\"PropertyValueSpecification\",\"valueRequired\":true,\"valueName\":\"search_term_string\"}}],\"inLanguage\":\"sl-SI\"},{\"@type\":\"Organization\",\"@id\":\"https:\/\/svarunica.com\/#organization\",\"name\":\"Svarunica\",\"url\":\"https:\/\/svarunica.com\/\",\"logo\":{\"@type\":\"ImageObject\",\"inLanguage\":\"sl-SI\",\"@id\":\"https:\/\/svarunica.com\/#\/schema\/logo\/image\/\",\"url\":\"https:\/\/svarunica.com\/wp-content\/uploads\/2021\/07\/cropped-cropped-svarunica-text-2.png\",\"contentUrl\":\"https:\/\/svarunica.com\/wp-content\/uploads\/2021\/07\/cropped-cropped-svarunica-text-2.png\",\"width\":676,\"height\":179,\"caption\":\"Svarunica\"},\"image\":{\"@id\":\"https:\/\/svarunica.com\/#\/schema\/logo\/image\/\"}}]}<\/script>\n<!-- \/ Yoast SEO plugin. -->","yoast_head_json":{"title":"Obesek zlata svastika - Svarunica","description":"zlati obesek s svastiko","robots":{"index":"index","follow":"follow","max-snippet":"max-snippet:-1","max-image-preview":"max-image-preview:large","max-video-preview":"max-video-preview:-1"},"canonical":"https:\/\/svarunica.com\/sl\/izdelek\/obesek-zlata-svastika\/","og_locale":"sl_SI","og_type":"article","og_title":"Obesek zlata svastika - Svarunica","og_description":"zlati obesek s svastiko","og_url":"https:\/\/svarunica.com\/sl\/izdelek\/obesek-zlata-svastika\/","og_site_name":"Svarunica","article_modified_time":"2026-04-06T14:39:09+00:00","og_image":[{"width":900,"height":675,"url":"https:\/\/svarunica.com\/wp-content\/uploads\/2025\/10\/svarunica-nakit-obesek-svastika-1.jpg","type":"image\/jpeg"}],"twitter_card":"summary_large_image","twitter_misc":{"Est. reading time":"1 minuta"},"schema":{"@context":"https:\/\/schema.org","@graph":[{"@type":"WebPage","@id":"https:\/\/svarunica.com\/sl\/izdelek\/obesek-zlata-svastika\/","url":"https:\/\/svarunica.com\/sl\/izdelek\/obesek-zlata-svastika\/","name":"Obesek zlata svastika - Svarunica","isPartOf":{"@id":"https:\/\/svarunica.com\/#website"},"primaryImageOfPage":{"@id":"https:\/\/svarunica.com\/sl\/izdelek\/obesek-zlata-svastika\/#primaryimage"},"image":{"@id":"https:\/\/svarunica.com\/sl\/izdelek\/obesek-zlata-svastika\/#primaryimage"},"thumbnailUrl":"https:\/\/svarunica.com\/wp-content\/uploads\/2025\/10\/svarunica-nakit-obesek-svastika-1.jpg","datePublished":"2025-10-23T12:02:11+00:00","dateModified":"2026-04-06T14:39:09+00:00","description":"zlati obesek s svastiko","breadcrumb":{"@id":"https:\/\/svarunica.com\/sl\/izdelek\/obesek-zlata-svastika\/#breadcrumb"},"inLanguage":"sl-SI","potentialAction":[{"@type":"ReadAction","target":["https:\/\/svarunica.com\/sl\/izdelek\/obesek-zlata-svastika\/"]}]},{"@type":"ImageObject","inLanguage":"sl-SI","@id":"https:\/\/svarunica.com\/sl\/izdelek\/obesek-zlata-svastika\/#primaryimage","url":"https:\/\/svarunica.com\/wp-content\/uploads\/2025\/10\/svarunica-nakit-obesek-svastika-1.jpg","contentUrl":"https:\/\/svarunica.com\/wp-content\/uploads\/2025\/10\/svarunica-nakit-obesek-svastika-1.jpg","width":900,"height":675},{"@type":"BreadcrumbList","@id":"https:\/\/svarunica.com\/sl\/izdelek\/obesek-zlata-svastika\/#breadcrumb","itemListElement":[{"@type":"ListItem","position":1,"name":"Home","item":"https:\/\/svarunica.com\/sl\/"},{"@type":"ListItem","position":2,"name":"Trgovina","item":"https:\/\/svarunica.com\/sl\/trgovina\/"},{"@type":"ListItem","position":3,"name":"Obesek zlata svastika"}]},{"@type":"WebSite","@id":"https:\/\/svarunica.com\/#website","url":"https:\/\/svarunica.com\/","name":"Svarunica","description":"","publisher":{"@id":"https:\/\/svarunica.com\/#organization"},"potentialAction":[{"@type":"SearchAction","target":{"@type":"EntryPoint","urlTemplate":"https:\/\/svarunica.com\/?s={search_term_string}"},"query-input":{"@type":"PropertyValueSpecification","valueRequired":true,"valueName":"search_term_string"}}],"inLanguage":"sl-SI"},{"@type":"Organization","@id":"https:\/\/svarunica.com\/#organization","name":"Svarunica","url":"https:\/\/svarunica.com\/","logo":{"@type":"ImageObject","inLanguage":"sl-SI","@id":"https:\/\/svarunica.com\/#\/schema\/logo\/image\/","url":"https:\/\/svarunica.com\/wp-content\/uploads\/2021\/07\/cropped-cropped-svarunica-text-2.png","contentUrl":"https:\/\/svarunica.com\/wp-content\/uploads\/2021\/07\/cropped-cropped-svarunica-text-2.png","width":676,"height":179,"caption":"Svarunica"},"image":{"@id":"https:\/\/svarunica.com\/#\/schema\/logo\/image\/"}}]}},"_links":{"self":[{"href":"https:\/\/svarunica.com\/sl\/wp-json\/wp\/v2\/product\/16710","targetHints":{"allow":["GET"]}}],"collection":[{"href":"https:\/\/svarunica.com\/sl\/wp-json\/wp\/v2\/product"}],"about":[{"href":"https:\/\/svarunica.com\/sl\/wp-json\/wp\/v2\/types\/product"}],"wp:featuredmedia":[{"embeddable":true,"href":"https:\/\/svarunica.com\/sl\/wp-json\/wp\/v2\/media\/16711"}],"wp:attachment":[{"href":"https:\/\/svarunica.com\/sl\/wp-json\/wp\/v2\/media?parent=16710"}],"wp:term":[{"taxonomy":"product_cat","embeddable":true,"href":"https:\/\/svarunica.com\/sl\/wp-json\/wp\/v2\/product_cat?post=16710"},{"taxonomy":"product_tag","embeddable":true,"href":"https:\/\/svarunica.com\/sl\/wp-json\/wp\/v2\/product_tag?post=16710"}],"curies":[{"name":"wp","href":"https:\/\/api.w.org\/{rel}","templated":true}]}}