{"id":16726,"date":"2025-10-23T14:23:36","date_gmt":"2025-10-23T12:23:36","guid":{"rendered":"https:\/\/svarunica.com\/?post_type=product&#038;p=16726"},"modified":"2025-10-23T14:24:00","modified_gmt":"2025-10-23T12:24:00","slug":"prstan-svarica","status":"publish","type":"product","link":"https:\/\/svarunica.com\/sl\/izdelek\/prstan-svarica\/","title":{"rendered":"Prstan Svarica"},"content":{"rendered":"","protected":false},"excerpt":{"rendered":"<p>Obesek predstavlja sstari simbol, znan v mnogih de\u017eelah po svetu.<br \/>\nV slovenski in vseslovanski uporabi je bil neko\u010d in danes na obla\u010dilih, zgradbah in razli\u010dnih predmetih za za\u0161\u010dito pred nesre\u010do, pred strelo in smrtjo.<br \/>\nPredstavlja tudi svetovno os \u2013 drevesno os \u201caxix mundi\u201d. Znan je kot svarica, ro\u017ea \u017eivljenja, tudi \u017divina ro\u017ea, perunika&#8230;<\/p>\n","protected":false},"featured_media":16727,"template":"","meta":[],"product_cat":[1061,1071],"product_tag":[540,541,1111,528,460,711,684,791,1112,1110],"class_list":{"0":"post-16726","1":"product","2":"type-product","3":"status-publish","4":"has-post-thumbnail","6":"product_cat-majcke-v-akciji","7":"product_cat-nakit","8":"product_tag-perunica-sl","9":"product_tag-roza-zivljenja","10":"product_tag-simbol-zivljenja","11":"product_tag-slovanska-duhovnost","12":"product_tag-slovanska-in-slovenska-dediscina","13":"product_tag-slovanska-mitologija-sl","14":"product_tag-slovanska-tradicija","15":"product_tag-slovenski-simbol","16":"product_tag-svarica","17":"product_tag-zivin-cvet","19":"first","20":"instock","21":"taxable","22":"shipping-taxable","23":"purchasable","24":"product-type-simple"},"yoast_head":"<!-- This site is optimized with the Yoast SEO plugin v23.9 - https:\/\/yoast.com\/wordpress\/plugins\/seo\/ -->\n<title>Prstan Svarica - Svarunica<\/title>\n<meta name=\"robots\" content=\"index, follow, max-snippet:-1, max-image-preview:large, max-video-preview:-1\" \/>\n<link rel=\"canonical\" href=\"https:\/\/svarunica.com\/sl\/izdelek\/prstan-svarica\/\" \/>\n<meta property=\"og:locale\" content=\"sl_SI\" \/>\n<meta property=\"og:type\" content=\"article\" \/>\n<meta property=\"og:title\" content=\"Prstan Svarica - Svarunica\" \/>\n<meta property=\"og:description\" content=\"Obesek predstavlja sstari simbol, znan v mnogih de\u017eelah po svetu. V slovenski in vseslovanski uporabi je bil neko\u010d in danes na obla\u010dilih, zgradbah in razli\u010dnih predmetih za za\u0161\u010dito pred nesre\u010do, pred strelo in smrtjo. Predstavlja tudi svetovno os \u2013 drevesno os \u201caxix mundi\u201d. Znan je kot svarica, ro\u017ea \u017eivljenja, tudi \u017divina ro\u017ea, perunika...\" \/>\n<meta property=\"og:url\" content=\"https:\/\/svarunica.com\/sl\/izdelek\/prstan-svarica\/\" \/>\n<meta property=\"og:site_name\" content=\"Svarunica\" \/>\n<meta property=\"article:modified_time\" content=\"2025-10-23T12:24:00+00:00\" \/>\n<meta property=\"og:image\" content=\"https:\/\/svarunica.com\/wp-content\/uploads\/2025\/10\/svarunica-nakit-prstan-svarica1.jpg\" \/>\n\t<meta property=\"og:image:width\" content=\"900\" \/>\n\t<meta property=\"og:image:height\" content=\"675\" \/>\n\t<meta property=\"og:image:type\" content=\"image\/jpeg\" \/>\n<meta name=\"twitter:card\" content=\"summary_large_image\" \/>\n<meta name=\"twitter:label1\" content=\"Est. reading time\" \/>\n\t<meta name=\"twitter:data1\" content=\"1 minuta\" \/>\n<script type=\"application\/ld+json\" class=\"yoast-schema-graph\">{\"@context\":\"https:\/\/schema.org\",\"@graph\":[{\"@type\":\"WebPage\",\"@id\":\"https:\/\/svarunica.com\/sl\/izdelek\/prstan-svarica\/\",\"url\":\"https:\/\/svarunica.com\/sl\/izdelek\/prstan-svarica\/\",\"name\":\"Prstan Svarica - Svarunica\",\"isPartOf\":{\"@id\":\"https:\/\/svarunica.com\/#website\"},\"primaryImageOfPage\":{\"@id\":\"https:\/\/svarunica.com\/sl\/izdelek\/prstan-svarica\/#primaryimage\"},\"image\":{\"@id\":\"https:\/\/svarunica.com\/sl\/izdelek\/prstan-svarica\/#primaryimage\"},\"thumbnailUrl\":\"https:\/\/svarunica.com\/wp-content\/uploads\/2025\/10\/svarunica-nakit-prstan-svarica1.jpg\",\"datePublished\":\"2025-10-23T12:23:36+00:00\",\"dateModified\":\"2025-10-23T12:24:00+00:00\",\"breadcrumb\":{\"@id\":\"https:\/\/svarunica.com\/sl\/izdelek\/prstan-svarica\/#breadcrumb\"},\"inLanguage\":\"sl-SI\",\"potentialAction\":[{\"@type\":\"ReadAction\",\"target\":[\"https:\/\/svarunica.com\/sl\/izdelek\/prstan-svarica\/\"]}]},{\"@type\":\"ImageObject\",\"inLanguage\":\"sl-SI\",\"@id\":\"https:\/\/svarunica.com\/sl\/izdelek\/prstan-svarica\/#primaryimage\",\"url\":\"https:\/\/svarunica.com\/wp-content\/uploads\/2025\/10\/svarunica-nakit-prstan-svarica1.jpg\",\"contentUrl\":\"https:\/\/svarunica.com\/wp-content\/uploads\/2025\/10\/svarunica-nakit-prstan-svarica1.jpg\",\"width\":900,\"height\":675},{\"@type\":\"BreadcrumbList\",\"@id\":\"https:\/\/svarunica.com\/sl\/izdelek\/prstan-svarica\/#breadcrumb\",\"itemListElement\":[{\"@type\":\"ListItem\",\"position\":1,\"name\":\"Home\",\"item\":\"https:\/\/svarunica.com\/sl\/\"},{\"@type\":\"ListItem\",\"position\":2,\"name\":\"Trgovina\",\"item\":\"https:\/\/svarunica.com\/sl\/trgovina\/\"},{\"@type\":\"ListItem\",\"position\":3,\"name\":\"Prstan Svarica\"}]},{\"@type\":\"WebSite\",\"@id\":\"https:\/\/svarunica.com\/#website\",\"url\":\"https:\/\/svarunica.com\/\",\"name\":\"Svarunica\",\"description\":\"\",\"publisher\":{\"@id\":\"https:\/\/svarunica.com\/#organization\"},\"potentialAction\":[{\"@type\":\"SearchAction\",\"target\":{\"@type\":\"EntryPoint\",\"urlTemplate\":\"https:\/\/svarunica.com\/?s={search_term_string}\"},\"query-input\":{\"@type\":\"PropertyValueSpecification\",\"valueRequired\":true,\"valueName\":\"search_term_string\"}}],\"inLanguage\":\"sl-SI\"},{\"@type\":\"Organization\",\"@id\":\"https:\/\/svarunica.com\/#organization\",\"name\":\"Svarunica\",\"url\":\"https:\/\/svarunica.com\/\",\"logo\":{\"@type\":\"ImageObject\",\"inLanguage\":\"sl-SI\",\"@id\":\"https:\/\/svarunica.com\/#\/schema\/logo\/image\/\",\"url\":\"https:\/\/svarunica.com\/wp-content\/uploads\/2021\/07\/cropped-cropped-svarunica-text-2.png\",\"contentUrl\":\"https:\/\/svarunica.com\/wp-content\/uploads\/2021\/07\/cropped-cropped-svarunica-text-2.png\",\"width\":676,\"height\":179,\"caption\":\"Svarunica\"},\"image\":{\"@id\":\"https:\/\/svarunica.com\/#\/schema\/logo\/image\/\"}}]}<\/script>\n<!-- \/ Yoast SEO plugin. -->","yoast_head_json":{"title":"Prstan Svarica - Svarunica","robots":{"index":"index","follow":"follow","max-snippet":"max-snippet:-1","max-image-preview":"max-image-preview:large","max-video-preview":"max-video-preview:-1"},"canonical":"https:\/\/svarunica.com\/sl\/izdelek\/prstan-svarica\/","og_locale":"sl_SI","og_type":"article","og_title":"Prstan Svarica - Svarunica","og_description":"Obesek predstavlja sstari simbol, znan v mnogih de\u017eelah po svetu. V slovenski in vseslovanski uporabi je bil neko\u010d in danes na obla\u010dilih, zgradbah in razli\u010dnih predmetih za za\u0161\u010dito pred nesre\u010do, pred strelo in smrtjo. Predstavlja tudi svetovno os \u2013 drevesno os \u201caxix mundi\u201d. Znan je kot svarica, ro\u017ea \u017eivljenja, tudi \u017divina ro\u017ea, perunika...","og_url":"https:\/\/svarunica.com\/sl\/izdelek\/prstan-svarica\/","og_site_name":"Svarunica","article_modified_time":"2025-10-23T12:24:00+00:00","og_image":[{"width":900,"height":675,"url":"https:\/\/svarunica.com\/wp-content\/uploads\/2025\/10\/svarunica-nakit-prstan-svarica1.jpg","type":"image\/jpeg"}],"twitter_card":"summary_large_image","twitter_misc":{"Est. reading time":"1 minuta"},"schema":{"@context":"https:\/\/schema.org","@graph":[{"@type":"WebPage","@id":"https:\/\/svarunica.com\/sl\/izdelek\/prstan-svarica\/","url":"https:\/\/svarunica.com\/sl\/izdelek\/prstan-svarica\/","name":"Prstan Svarica - Svarunica","isPartOf":{"@id":"https:\/\/svarunica.com\/#website"},"primaryImageOfPage":{"@id":"https:\/\/svarunica.com\/sl\/izdelek\/prstan-svarica\/#primaryimage"},"image":{"@id":"https:\/\/svarunica.com\/sl\/izdelek\/prstan-svarica\/#primaryimage"},"thumbnailUrl":"https:\/\/svarunica.com\/wp-content\/uploads\/2025\/10\/svarunica-nakit-prstan-svarica1.jpg","datePublished":"2025-10-23T12:23:36+00:00","dateModified":"2025-10-23T12:24:00+00:00","breadcrumb":{"@id":"https:\/\/svarunica.com\/sl\/izdelek\/prstan-svarica\/#breadcrumb"},"inLanguage":"sl-SI","potentialAction":[{"@type":"ReadAction","target":["https:\/\/svarunica.com\/sl\/izdelek\/prstan-svarica\/"]}]},{"@type":"ImageObject","inLanguage":"sl-SI","@id":"https:\/\/svarunica.com\/sl\/izdelek\/prstan-svarica\/#primaryimage","url":"https:\/\/svarunica.com\/wp-content\/uploads\/2025\/10\/svarunica-nakit-prstan-svarica1.jpg","contentUrl":"https:\/\/svarunica.com\/wp-content\/uploads\/2025\/10\/svarunica-nakit-prstan-svarica1.jpg","width":900,"height":675},{"@type":"BreadcrumbList","@id":"https:\/\/svarunica.com\/sl\/izdelek\/prstan-svarica\/#breadcrumb","itemListElement":[{"@type":"ListItem","position":1,"name":"Home","item":"https:\/\/svarunica.com\/sl\/"},{"@type":"ListItem","position":2,"name":"Trgovina","item":"https:\/\/svarunica.com\/sl\/trgovina\/"},{"@type":"ListItem","position":3,"name":"Prstan Svarica"}]},{"@type":"WebSite","@id":"https:\/\/svarunica.com\/#website","url":"https:\/\/svarunica.com\/","name":"Svarunica","description":"","publisher":{"@id":"https:\/\/svarunica.com\/#organization"},"potentialAction":[{"@type":"SearchAction","target":{"@type":"EntryPoint","urlTemplate":"https:\/\/svarunica.com\/?s={search_term_string}"},"query-input":{"@type":"PropertyValueSpecification","valueRequired":true,"valueName":"search_term_string"}}],"inLanguage":"sl-SI"},{"@type":"Organization","@id":"https:\/\/svarunica.com\/#organization","name":"Svarunica","url":"https:\/\/svarunica.com\/","logo":{"@type":"ImageObject","inLanguage":"sl-SI","@id":"https:\/\/svarunica.com\/#\/schema\/logo\/image\/","url":"https:\/\/svarunica.com\/wp-content\/uploads\/2021\/07\/cropped-cropped-svarunica-text-2.png","contentUrl":"https:\/\/svarunica.com\/wp-content\/uploads\/2021\/07\/cropped-cropped-svarunica-text-2.png","width":676,"height":179,"caption":"Svarunica"},"image":{"@id":"https:\/\/svarunica.com\/#\/schema\/logo\/image\/"}}]}},"_links":{"self":[{"href":"https:\/\/svarunica.com\/sl\/wp-json\/wp\/v2\/product\/16726","targetHints":{"allow":["GET"]}}],"collection":[{"href":"https:\/\/svarunica.com\/sl\/wp-json\/wp\/v2\/product"}],"about":[{"href":"https:\/\/svarunica.com\/sl\/wp-json\/wp\/v2\/types\/product"}],"wp:featuredmedia":[{"embeddable":true,"href":"https:\/\/svarunica.com\/sl\/wp-json\/wp\/v2\/media\/16727"}],"wp:attachment":[{"href":"https:\/\/svarunica.com\/sl\/wp-json\/wp\/v2\/media?parent=16726"}],"wp:term":[{"taxonomy":"product_cat","embeddable":true,"href":"https:\/\/svarunica.com\/sl\/wp-json\/wp\/v2\/product_cat?post=16726"},{"taxonomy":"product_tag","embeddable":true,"href":"https:\/\/svarunica.com\/sl\/wp-json\/wp\/v2\/product_tag?post=16726"}],"curies":[{"name":"wp","href":"https:\/\/api.w.org\/{rel}","templated":true}]}}