{"id":16731,"date":"2025-10-23T14:30:16","date_gmt":"2025-10-23T12:30:16","guid":{"rendered":"https:\/\/svarunica.com\/?post_type=product&#038;p=16731"},"modified":"2026-03-04T21:28:16","modified_gmt":"2026-03-04T20:28:16","slug":"morina-taca-obesek-v-obliki-kljuca","status":"publish","type":"product","link":"https:\/\/svarunica.com\/sl\/izdelek\/morina-taca-obesek-v-obliki-kljuca\/","title":{"rendered":"Morina taca &#8211; obesek v obliki klju\u010da"},"content":{"rendered":"","protected":false},"excerpt":{"rendered":"<p>Avtorski grafi\u010dni motiv je Morina Taca ali pentagram. Tudi pri na\u0161ih prednikih je bil v uporabi za za\u0161\u010dito pred slabimi silami, \u0161e posebej pred Moro, ki prina\u0161a nesre\u010do in smrt (in prehaja \u010dez klju\u010davnice), zato je bil znak ve\u010dkrat izrezljan ali narisan na zibelkah (smrt v zibki) ter na otro\u0161kih sraj\u010dkah.<br \/>\nObesek medeninaste barve izdelan iz antika brez niklja, motiv Morine tace je velik 2 cm. Obesek se nahaja na rjavi bomba\u017eni vrvici.<\/p>\n","protected":false},"featured_media":16733,"template":"","meta":[],"product_cat":[1061,1071],"product_tag":[1154,1151,590,1152,1153],"class_list":{"0":"post-16731","1":"product","2":"type-product","3":"status-publish","4":"has-post-thumbnail","6":"product_cat-majcke-v-akciji","7":"product_cat-nakit","8":"product_tag-mora","9":"product_tag-morina-taca","10":"product_tag-pentagram-sl","11":"product_tag-petkotnik","12":"product_tag-zascitni-znak","14":"first","15":"instock","16":"purchasable","17":"product-type-simple"},"yoast_head":"<!-- This site is optimized with the Yoast SEO plugin v23.9 - https:\/\/yoast.com\/wordpress\/plugins\/seo\/ -->\n<title>Morina taca - obesek v obliki klju\u010da - Svarunica<\/title>\n<meta name=\"robots\" content=\"index, follow, max-snippet:-1, max-image-preview:large, max-video-preview:-1\" \/>\n<link rel=\"canonical\" href=\"https:\/\/svarunica.com\/sl\/izdelek\/morina-taca-obesek-v-obliki-kljuca\/\" \/>\n<meta property=\"og:locale\" content=\"sl_SI\" \/>\n<meta property=\"og:type\" content=\"article\" \/>\n<meta property=\"og:title\" content=\"Morina taca - obesek v obliki klju\u010da - Svarunica\" \/>\n<meta property=\"og:description\" content=\"Avtorski grafi\u010dni motiv je Morina Taca ali pentagram. Tudi pri na\u0161ih prednikih je bil v uporabi za za\u0161\u010dito pred slabimi silami, \u0161e posebej pred Moro, ki prina\u0161a nesre\u010do in smrt (in prehaja \u010dez klju\u010davnice), zato je bil znak ve\u010dkrat izrezljan ali narisan na zibelkah (smrt v zibki) ter na otro\u0161kih sraj\u010dkah. Obesek medeninaste barve izdelan iz antika brez niklja, motiv Morine tace je velik 2 cm. Obesek se nahaja na rjavi bomba\u017eni vrvici.\" \/>\n<meta property=\"og:url\" content=\"https:\/\/svarunica.com\/sl\/izdelek\/morina-taca-obesek-v-obliki-kljuca\/\" \/>\n<meta property=\"og:site_name\" content=\"Svarunica\" \/>\n<meta property=\"article:modified_time\" content=\"2026-03-04T20:28:16+00:00\" \/>\n<meta property=\"og:image\" content=\"https:\/\/svarunica.com\/wp-content\/uploads\/2025\/10\/svarunica-nakit-obesek-morina-taca-v-kljucu-1.jpg\" \/>\n\t<meta property=\"og:image:width\" content=\"900\" \/>\n\t<meta property=\"og:image:height\" content=\"675\" \/>\n\t<meta property=\"og:image:type\" content=\"image\/jpeg\" \/>\n<meta name=\"twitter:card\" content=\"summary_large_image\" \/>\n<meta name=\"twitter:label1\" content=\"Est. reading time\" \/>\n\t<meta name=\"twitter:data1\" content=\"1 minuta\" \/>\n<script type=\"application\/ld+json\" class=\"yoast-schema-graph\">{\"@context\":\"https:\/\/schema.org\",\"@graph\":[{\"@type\":\"WebPage\",\"@id\":\"https:\/\/svarunica.com\/sl\/izdelek\/morina-taca-obesek-v-obliki-kljuca\/\",\"url\":\"https:\/\/svarunica.com\/sl\/izdelek\/morina-taca-obesek-v-obliki-kljuca\/\",\"name\":\"Morina taca - obesek v obliki klju\u010da - Svarunica\",\"isPartOf\":{\"@id\":\"https:\/\/svarunica.com\/#website\"},\"primaryImageOfPage\":{\"@id\":\"https:\/\/svarunica.com\/sl\/izdelek\/morina-taca-obesek-v-obliki-kljuca\/#primaryimage\"},\"image\":{\"@id\":\"https:\/\/svarunica.com\/sl\/izdelek\/morina-taca-obesek-v-obliki-kljuca\/#primaryimage\"},\"thumbnailUrl\":\"https:\/\/svarunica.com\/wp-content\/uploads\/2025\/10\/svarunica-nakit-obesek-morina-taca-v-kljucu-1.jpg\",\"datePublished\":\"2025-10-23T12:30:16+00:00\",\"dateModified\":\"2026-03-04T20:28:16+00:00\",\"breadcrumb\":{\"@id\":\"https:\/\/svarunica.com\/sl\/izdelek\/morina-taca-obesek-v-obliki-kljuca\/#breadcrumb\"},\"inLanguage\":\"sl-SI\",\"potentialAction\":[{\"@type\":\"ReadAction\",\"target\":[\"https:\/\/svarunica.com\/sl\/izdelek\/morina-taca-obesek-v-obliki-kljuca\/\"]}]},{\"@type\":\"ImageObject\",\"inLanguage\":\"sl-SI\",\"@id\":\"https:\/\/svarunica.com\/sl\/izdelek\/morina-taca-obesek-v-obliki-kljuca\/#primaryimage\",\"url\":\"https:\/\/svarunica.com\/wp-content\/uploads\/2025\/10\/svarunica-nakit-obesek-morina-taca-v-kljucu-1.jpg\",\"contentUrl\":\"https:\/\/svarunica.com\/wp-content\/uploads\/2025\/10\/svarunica-nakit-obesek-morina-taca-v-kljucu-1.jpg\",\"width\":900,\"height\":675},{\"@type\":\"BreadcrumbList\",\"@id\":\"https:\/\/svarunica.com\/sl\/izdelek\/morina-taca-obesek-v-obliki-kljuca\/#breadcrumb\",\"itemListElement\":[{\"@type\":\"ListItem\",\"position\":1,\"name\":\"Home\",\"item\":\"https:\/\/svarunica.com\/sl\/\"},{\"@type\":\"ListItem\",\"position\":2,\"name\":\"Trgovina\",\"item\":\"https:\/\/svarunica.com\/sl\/trgovina\/\"},{\"@type\":\"ListItem\",\"position\":3,\"name\":\"Morina taca &#8211; obesek v obliki klju\u010da\"}]},{\"@type\":\"WebSite\",\"@id\":\"https:\/\/svarunica.com\/#website\",\"url\":\"https:\/\/svarunica.com\/\",\"name\":\"Svarunica\",\"description\":\"\",\"publisher\":{\"@id\":\"https:\/\/svarunica.com\/#organization\"},\"potentialAction\":[{\"@type\":\"SearchAction\",\"target\":{\"@type\":\"EntryPoint\",\"urlTemplate\":\"https:\/\/svarunica.com\/?s={search_term_string}\"},\"query-input\":{\"@type\":\"PropertyValueSpecification\",\"valueRequired\":true,\"valueName\":\"search_term_string\"}}],\"inLanguage\":\"sl-SI\"},{\"@type\":\"Organization\",\"@id\":\"https:\/\/svarunica.com\/#organization\",\"name\":\"Svarunica\",\"url\":\"https:\/\/svarunica.com\/\",\"logo\":{\"@type\":\"ImageObject\",\"inLanguage\":\"sl-SI\",\"@id\":\"https:\/\/svarunica.com\/#\/schema\/logo\/image\/\",\"url\":\"https:\/\/svarunica.com\/wp-content\/uploads\/2021\/07\/cropped-cropped-svarunica-text-2.png\",\"contentUrl\":\"https:\/\/svarunica.com\/wp-content\/uploads\/2021\/07\/cropped-cropped-svarunica-text-2.png\",\"width\":676,\"height\":179,\"caption\":\"Svarunica\"},\"image\":{\"@id\":\"https:\/\/svarunica.com\/#\/schema\/logo\/image\/\"}}]}<\/script>\n<!-- \/ Yoast SEO plugin. -->","yoast_head_json":{"title":"Morina taca - obesek v obliki klju\u010da - Svarunica","robots":{"index":"index","follow":"follow","max-snippet":"max-snippet:-1","max-image-preview":"max-image-preview:large","max-video-preview":"max-video-preview:-1"},"canonical":"https:\/\/svarunica.com\/sl\/izdelek\/morina-taca-obesek-v-obliki-kljuca\/","og_locale":"sl_SI","og_type":"article","og_title":"Morina taca - obesek v obliki klju\u010da - Svarunica","og_description":"Avtorski grafi\u010dni motiv je Morina Taca ali pentagram. Tudi pri na\u0161ih prednikih je bil v uporabi za za\u0161\u010dito pred slabimi silami, \u0161e posebej pred Moro, ki prina\u0161a nesre\u010do in smrt (in prehaja \u010dez klju\u010davnice), zato je bil znak ve\u010dkrat izrezljan ali narisan na zibelkah (smrt v zibki) ter na otro\u0161kih sraj\u010dkah. Obesek medeninaste barve izdelan iz antika brez niklja, motiv Morine tace je velik 2 cm. Obesek se nahaja na rjavi bomba\u017eni vrvici.","og_url":"https:\/\/svarunica.com\/sl\/izdelek\/morina-taca-obesek-v-obliki-kljuca\/","og_site_name":"Svarunica","article_modified_time":"2026-03-04T20:28:16+00:00","og_image":[{"width":900,"height":675,"url":"https:\/\/svarunica.com\/wp-content\/uploads\/2025\/10\/svarunica-nakit-obesek-morina-taca-v-kljucu-1.jpg","type":"image\/jpeg"}],"twitter_card":"summary_large_image","twitter_misc":{"Est. reading time":"1 minuta"},"schema":{"@context":"https:\/\/schema.org","@graph":[{"@type":"WebPage","@id":"https:\/\/svarunica.com\/sl\/izdelek\/morina-taca-obesek-v-obliki-kljuca\/","url":"https:\/\/svarunica.com\/sl\/izdelek\/morina-taca-obesek-v-obliki-kljuca\/","name":"Morina taca - obesek v obliki klju\u010da - Svarunica","isPartOf":{"@id":"https:\/\/svarunica.com\/#website"},"primaryImageOfPage":{"@id":"https:\/\/svarunica.com\/sl\/izdelek\/morina-taca-obesek-v-obliki-kljuca\/#primaryimage"},"image":{"@id":"https:\/\/svarunica.com\/sl\/izdelek\/morina-taca-obesek-v-obliki-kljuca\/#primaryimage"},"thumbnailUrl":"https:\/\/svarunica.com\/wp-content\/uploads\/2025\/10\/svarunica-nakit-obesek-morina-taca-v-kljucu-1.jpg","datePublished":"2025-10-23T12:30:16+00:00","dateModified":"2026-03-04T20:28:16+00:00","breadcrumb":{"@id":"https:\/\/svarunica.com\/sl\/izdelek\/morina-taca-obesek-v-obliki-kljuca\/#breadcrumb"},"inLanguage":"sl-SI","potentialAction":[{"@type":"ReadAction","target":["https:\/\/svarunica.com\/sl\/izdelek\/morina-taca-obesek-v-obliki-kljuca\/"]}]},{"@type":"ImageObject","inLanguage":"sl-SI","@id":"https:\/\/svarunica.com\/sl\/izdelek\/morina-taca-obesek-v-obliki-kljuca\/#primaryimage","url":"https:\/\/svarunica.com\/wp-content\/uploads\/2025\/10\/svarunica-nakit-obesek-morina-taca-v-kljucu-1.jpg","contentUrl":"https:\/\/svarunica.com\/wp-content\/uploads\/2025\/10\/svarunica-nakit-obesek-morina-taca-v-kljucu-1.jpg","width":900,"height":675},{"@type":"BreadcrumbList","@id":"https:\/\/svarunica.com\/sl\/izdelek\/morina-taca-obesek-v-obliki-kljuca\/#breadcrumb","itemListElement":[{"@type":"ListItem","position":1,"name":"Home","item":"https:\/\/svarunica.com\/sl\/"},{"@type":"ListItem","position":2,"name":"Trgovina","item":"https:\/\/svarunica.com\/sl\/trgovina\/"},{"@type":"ListItem","position":3,"name":"Morina taca &#8211; obesek v obliki klju\u010da"}]},{"@type":"WebSite","@id":"https:\/\/svarunica.com\/#website","url":"https:\/\/svarunica.com\/","name":"Svarunica","description":"","publisher":{"@id":"https:\/\/svarunica.com\/#organization"},"potentialAction":[{"@type":"SearchAction","target":{"@type":"EntryPoint","urlTemplate":"https:\/\/svarunica.com\/?s={search_term_string}"},"query-input":{"@type":"PropertyValueSpecification","valueRequired":true,"valueName":"search_term_string"}}],"inLanguage":"sl-SI"},{"@type":"Organization","@id":"https:\/\/svarunica.com\/#organization","name":"Svarunica","url":"https:\/\/svarunica.com\/","logo":{"@type":"ImageObject","inLanguage":"sl-SI","@id":"https:\/\/svarunica.com\/#\/schema\/logo\/image\/","url":"https:\/\/svarunica.com\/wp-content\/uploads\/2021\/07\/cropped-cropped-svarunica-text-2.png","contentUrl":"https:\/\/svarunica.com\/wp-content\/uploads\/2021\/07\/cropped-cropped-svarunica-text-2.png","width":676,"height":179,"caption":"Svarunica"},"image":{"@id":"https:\/\/svarunica.com\/#\/schema\/logo\/image\/"}}]}},"_links":{"self":[{"href":"https:\/\/svarunica.com\/sl\/wp-json\/wp\/v2\/product\/16731","targetHints":{"allow":["GET"]}}],"collection":[{"href":"https:\/\/svarunica.com\/sl\/wp-json\/wp\/v2\/product"}],"about":[{"href":"https:\/\/svarunica.com\/sl\/wp-json\/wp\/v2\/types\/product"}],"wp:featuredmedia":[{"embeddable":true,"href":"https:\/\/svarunica.com\/sl\/wp-json\/wp\/v2\/media\/16733"}],"wp:attachment":[{"href":"https:\/\/svarunica.com\/sl\/wp-json\/wp\/v2\/media?parent=16731"}],"wp:term":[{"taxonomy":"product_cat","embeddable":true,"href":"https:\/\/svarunica.com\/sl\/wp-json\/wp\/v2\/product_cat?post=16731"},{"taxonomy":"product_tag","embeddable":true,"href":"https:\/\/svarunica.com\/sl\/wp-json\/wp\/v2\/product_tag?post=16731"}],"curies":[{"name":"wp","href":"https:\/\/api.w.org\/{rel}","templated":true}]}}