{"id":16743,"date":"2025-10-24T11:57:29","date_gmt":"2025-10-24T09:57:29","guid":{"rendered":"https:\/\/svarunica.com\/?post_type=product&#038;p=16743"},"modified":"2025-12-08T14:08:22","modified_gmt":"2025-12-08T13:08:22","slug":"jutranjica-obesek-v-medaljonu","status":"publish","type":"product","link":"https:\/\/svarunica.com\/sl\/izdelek\/jutranjica-obesek-v-medaljonu\/","title":{"rendered":"Jutranjica obesek v medaljonu"},"content":{"rendered":"<p>grafika: \u00a9Irena Petri\u010d<br \/>\nPri no\u0161enju medaljona se izogibajte vode in vlagi.<br \/>\nSlika embala\u017ee je simboli\u010dna. \u0160katlice se lahko razlikujejo v barvah in strukturah.<\/p>\n","protected":false},"excerpt":{"rendered":"<p>Izdelek prejmete v li\u010dni \u0161katlici s pentljo in dodano mini bro\u0161urico.<br \/>\nOsemkraka zvezda je simbol nesmrtnosti, povezave z na\u0161im pravirom, simbol potentnosti, rodnosti in nadaljevanja rodu\/dru\u017eine.<br \/>\nV\u010dasih ni smel manjkati v spalnici, sre\u010damo ga na vsakem koraku tudi na tradicionalnih vezeninah in velikono\u010dnih jaj\u010dkih.<br \/>\nizdelek je oblikovan po zgledu oblikovne predloge na\u0161e knjige: <a href=\"https:\/\/svarunica.com\/sl\/izdelek\/knjiga-zvezda-ki-vodi-v-vecnost\/\">Zvezda, ki vodi v ve\u010dnost.<\/a><\/p>\n","protected":false},"featured_media":16744,"template":"","meta":[],"product_cat":[1061,1071],"product_tag":[802,749,554,555,557,803,801,492],"class_list":{"0":"post-16743","1":"product","2":"type-product","3":"status-publish","4":"has-post-thumbnail","6":"product_cat-majcke-v-akciji","7":"product_cat-nakit","8":"product_tag-alatir","9":"product_tag-alatyr-sl","10":"product_tag-auseklis-sl","11":"product_tag-jutranjica-sl","12":"product_tag-osemkraka-zvezda","13":"product_tag-slovanski-nakit","14":"product_tag-slovanski-prstan","15":"product_tag-slovanski-simbol","17":"first","18":"outofstock","19":"purchasable","20":"product-type-simple"},"yoast_head":"<!-- This site is optimized with the Yoast SEO plugin v23.9 - https:\/\/yoast.com\/wordpress\/plugins\/seo\/ -->\n<title>Jutranjica obesek v medaljonu - Svarunica<\/title>\n<meta name=\"robots\" content=\"index, follow, max-snippet:-1, max-image-preview:large, max-video-preview:-1\" \/>\n<link rel=\"canonical\" href=\"https:\/\/svarunica.com\/sl\/izdelek\/jutranjica-obesek-v-medaljonu\/\" \/>\n<meta property=\"og:locale\" content=\"sl_SI\" \/>\n<meta property=\"og:type\" content=\"article\" \/>\n<meta property=\"og:title\" content=\"Jutranjica obesek v medaljonu - Svarunica\" \/>\n<meta property=\"og:description\" content=\"Izdelek prejmete v li\u010dni \u0161katlici s pentljo in dodano mini bro\u0161urico. Osemkraka zvezda je simbol nesmrtnosti, povezave z na\u0161im pravirom, simbol potentnosti, rodnosti in nadaljevanja rodu\/dru\u017eine. V\u010dasih ni smel manjkati v spalnici, sre\u010damo ga na vsakem koraku tudi na tradicionalnih vezeninah in velikono\u010dnih jaj\u010dkih. izdelek je oblikovan po zgledu oblikovne predloge na\u0161e knjige: Zvezda, ki vodi v ve\u010dnost.\" \/>\n<meta property=\"og:url\" content=\"https:\/\/svarunica.com\/sl\/izdelek\/jutranjica-obesek-v-medaljonu\/\" \/>\n<meta property=\"og:site_name\" content=\"Svarunica\" \/>\n<meta property=\"article:modified_time\" content=\"2025-12-08T13:08:22+00:00\" \/>\n<meta property=\"og:image\" content=\"https:\/\/svarunica.com\/wp-content\/uploads\/2025\/10\/svarunica-nakit-obesek-rdeca-jutranjica-1.jpg\" \/>\n\t<meta property=\"og:image:width\" content=\"900\" \/>\n\t<meta property=\"og:image:height\" content=\"675\" \/>\n\t<meta property=\"og:image:type\" content=\"image\/jpeg\" \/>\n<meta name=\"twitter:card\" content=\"summary_large_image\" \/>\n<meta name=\"twitter:label1\" content=\"Est. reading time\" \/>\n\t<meta name=\"twitter:data1\" content=\"1 minuta\" \/>\n<script type=\"application\/ld+json\" class=\"yoast-schema-graph\">{\"@context\":\"https:\/\/schema.org\",\"@graph\":[{\"@type\":\"WebPage\",\"@id\":\"https:\/\/svarunica.com\/sl\/izdelek\/jutranjica-obesek-v-medaljonu\/\",\"url\":\"https:\/\/svarunica.com\/sl\/izdelek\/jutranjica-obesek-v-medaljonu\/\",\"name\":\"Jutranjica obesek v medaljonu - Svarunica\",\"isPartOf\":{\"@id\":\"https:\/\/svarunica.com\/#website\"},\"primaryImageOfPage\":{\"@id\":\"https:\/\/svarunica.com\/sl\/izdelek\/jutranjica-obesek-v-medaljonu\/#primaryimage\"},\"image\":{\"@id\":\"https:\/\/svarunica.com\/sl\/izdelek\/jutranjica-obesek-v-medaljonu\/#primaryimage\"},\"thumbnailUrl\":\"https:\/\/svarunica.com\/wp-content\/uploads\/2025\/10\/svarunica-nakit-obesek-rdeca-jutranjica-1.jpg\",\"datePublished\":\"2025-10-24T09:57:29+00:00\",\"dateModified\":\"2025-12-08T13:08:22+00:00\",\"breadcrumb\":{\"@id\":\"https:\/\/svarunica.com\/sl\/izdelek\/jutranjica-obesek-v-medaljonu\/#breadcrumb\"},\"inLanguage\":\"sl-SI\",\"potentialAction\":[{\"@type\":\"ReadAction\",\"target\":[\"https:\/\/svarunica.com\/sl\/izdelek\/jutranjica-obesek-v-medaljonu\/\"]}]},{\"@type\":\"ImageObject\",\"inLanguage\":\"sl-SI\",\"@id\":\"https:\/\/svarunica.com\/sl\/izdelek\/jutranjica-obesek-v-medaljonu\/#primaryimage\",\"url\":\"https:\/\/svarunica.com\/wp-content\/uploads\/2025\/10\/svarunica-nakit-obesek-rdeca-jutranjica-1.jpg\",\"contentUrl\":\"https:\/\/svarunica.com\/wp-content\/uploads\/2025\/10\/svarunica-nakit-obesek-rdeca-jutranjica-1.jpg\",\"width\":900,\"height\":675},{\"@type\":\"BreadcrumbList\",\"@id\":\"https:\/\/svarunica.com\/sl\/izdelek\/jutranjica-obesek-v-medaljonu\/#breadcrumb\",\"itemListElement\":[{\"@type\":\"ListItem\",\"position\":1,\"name\":\"Home\",\"item\":\"https:\/\/svarunica.com\/sl\/\"},{\"@type\":\"ListItem\",\"position\":2,\"name\":\"Trgovina\",\"item\":\"https:\/\/svarunica.com\/sl\/trgovina\/\"},{\"@type\":\"ListItem\",\"position\":3,\"name\":\"Jutranjica obesek v medaljonu\"}]},{\"@type\":\"WebSite\",\"@id\":\"https:\/\/svarunica.com\/#website\",\"url\":\"https:\/\/svarunica.com\/\",\"name\":\"Svarunica\",\"description\":\"\",\"publisher\":{\"@id\":\"https:\/\/svarunica.com\/#organization\"},\"potentialAction\":[{\"@type\":\"SearchAction\",\"target\":{\"@type\":\"EntryPoint\",\"urlTemplate\":\"https:\/\/svarunica.com\/?s={search_term_string}\"},\"query-input\":{\"@type\":\"PropertyValueSpecification\",\"valueRequired\":true,\"valueName\":\"search_term_string\"}}],\"inLanguage\":\"sl-SI\"},{\"@type\":\"Organization\",\"@id\":\"https:\/\/svarunica.com\/#organization\",\"name\":\"Svarunica\",\"url\":\"https:\/\/svarunica.com\/\",\"logo\":{\"@type\":\"ImageObject\",\"inLanguage\":\"sl-SI\",\"@id\":\"https:\/\/svarunica.com\/#\/schema\/logo\/image\/\",\"url\":\"https:\/\/svarunica.com\/wp-content\/uploads\/2021\/07\/cropped-cropped-svarunica-text-2.png\",\"contentUrl\":\"https:\/\/svarunica.com\/wp-content\/uploads\/2021\/07\/cropped-cropped-svarunica-text-2.png\",\"width\":676,\"height\":179,\"caption\":\"Svarunica\"},\"image\":{\"@id\":\"https:\/\/svarunica.com\/#\/schema\/logo\/image\/\"}}]}<\/script>\n<!-- \/ Yoast SEO plugin. -->","yoast_head_json":{"title":"Jutranjica obesek v medaljonu - Svarunica","robots":{"index":"index","follow":"follow","max-snippet":"max-snippet:-1","max-image-preview":"max-image-preview:large","max-video-preview":"max-video-preview:-1"},"canonical":"https:\/\/svarunica.com\/sl\/izdelek\/jutranjica-obesek-v-medaljonu\/","og_locale":"sl_SI","og_type":"article","og_title":"Jutranjica obesek v medaljonu - Svarunica","og_description":"Izdelek prejmete v li\u010dni \u0161katlici s pentljo in dodano mini bro\u0161urico. Osemkraka zvezda je simbol nesmrtnosti, povezave z na\u0161im pravirom, simbol potentnosti, rodnosti in nadaljevanja rodu\/dru\u017eine. V\u010dasih ni smel manjkati v spalnici, sre\u010damo ga na vsakem koraku tudi na tradicionalnih vezeninah in velikono\u010dnih jaj\u010dkih. izdelek je oblikovan po zgledu oblikovne predloge na\u0161e knjige: Zvezda, ki vodi v ve\u010dnost.","og_url":"https:\/\/svarunica.com\/sl\/izdelek\/jutranjica-obesek-v-medaljonu\/","og_site_name":"Svarunica","article_modified_time":"2025-12-08T13:08:22+00:00","og_image":[{"width":900,"height":675,"url":"https:\/\/svarunica.com\/wp-content\/uploads\/2025\/10\/svarunica-nakit-obesek-rdeca-jutranjica-1.jpg","type":"image\/jpeg"}],"twitter_card":"summary_large_image","twitter_misc":{"Est. reading time":"1 minuta"},"schema":{"@context":"https:\/\/schema.org","@graph":[{"@type":"WebPage","@id":"https:\/\/svarunica.com\/sl\/izdelek\/jutranjica-obesek-v-medaljonu\/","url":"https:\/\/svarunica.com\/sl\/izdelek\/jutranjica-obesek-v-medaljonu\/","name":"Jutranjica obesek v medaljonu - Svarunica","isPartOf":{"@id":"https:\/\/svarunica.com\/#website"},"primaryImageOfPage":{"@id":"https:\/\/svarunica.com\/sl\/izdelek\/jutranjica-obesek-v-medaljonu\/#primaryimage"},"image":{"@id":"https:\/\/svarunica.com\/sl\/izdelek\/jutranjica-obesek-v-medaljonu\/#primaryimage"},"thumbnailUrl":"https:\/\/svarunica.com\/wp-content\/uploads\/2025\/10\/svarunica-nakit-obesek-rdeca-jutranjica-1.jpg","datePublished":"2025-10-24T09:57:29+00:00","dateModified":"2025-12-08T13:08:22+00:00","breadcrumb":{"@id":"https:\/\/svarunica.com\/sl\/izdelek\/jutranjica-obesek-v-medaljonu\/#breadcrumb"},"inLanguage":"sl-SI","potentialAction":[{"@type":"ReadAction","target":["https:\/\/svarunica.com\/sl\/izdelek\/jutranjica-obesek-v-medaljonu\/"]}]},{"@type":"ImageObject","inLanguage":"sl-SI","@id":"https:\/\/svarunica.com\/sl\/izdelek\/jutranjica-obesek-v-medaljonu\/#primaryimage","url":"https:\/\/svarunica.com\/wp-content\/uploads\/2025\/10\/svarunica-nakit-obesek-rdeca-jutranjica-1.jpg","contentUrl":"https:\/\/svarunica.com\/wp-content\/uploads\/2025\/10\/svarunica-nakit-obesek-rdeca-jutranjica-1.jpg","width":900,"height":675},{"@type":"BreadcrumbList","@id":"https:\/\/svarunica.com\/sl\/izdelek\/jutranjica-obesek-v-medaljonu\/#breadcrumb","itemListElement":[{"@type":"ListItem","position":1,"name":"Home","item":"https:\/\/svarunica.com\/sl\/"},{"@type":"ListItem","position":2,"name":"Trgovina","item":"https:\/\/svarunica.com\/sl\/trgovina\/"},{"@type":"ListItem","position":3,"name":"Jutranjica obesek v medaljonu"}]},{"@type":"WebSite","@id":"https:\/\/svarunica.com\/#website","url":"https:\/\/svarunica.com\/","name":"Svarunica","description":"","publisher":{"@id":"https:\/\/svarunica.com\/#organization"},"potentialAction":[{"@type":"SearchAction","target":{"@type":"EntryPoint","urlTemplate":"https:\/\/svarunica.com\/?s={search_term_string}"},"query-input":{"@type":"PropertyValueSpecification","valueRequired":true,"valueName":"search_term_string"}}],"inLanguage":"sl-SI"},{"@type":"Organization","@id":"https:\/\/svarunica.com\/#organization","name":"Svarunica","url":"https:\/\/svarunica.com\/","logo":{"@type":"ImageObject","inLanguage":"sl-SI","@id":"https:\/\/svarunica.com\/#\/schema\/logo\/image\/","url":"https:\/\/svarunica.com\/wp-content\/uploads\/2021\/07\/cropped-cropped-svarunica-text-2.png","contentUrl":"https:\/\/svarunica.com\/wp-content\/uploads\/2021\/07\/cropped-cropped-svarunica-text-2.png","width":676,"height":179,"caption":"Svarunica"},"image":{"@id":"https:\/\/svarunica.com\/#\/schema\/logo\/image\/"}}]}},"_links":{"self":[{"href":"https:\/\/svarunica.com\/sl\/wp-json\/wp\/v2\/product\/16743","targetHints":{"allow":["GET"]}}],"collection":[{"href":"https:\/\/svarunica.com\/sl\/wp-json\/wp\/v2\/product"}],"about":[{"href":"https:\/\/svarunica.com\/sl\/wp-json\/wp\/v2\/types\/product"}],"wp:featuredmedia":[{"embeddable":true,"href":"https:\/\/svarunica.com\/sl\/wp-json\/wp\/v2\/media\/16744"}],"wp:attachment":[{"href":"https:\/\/svarunica.com\/sl\/wp-json\/wp\/v2\/media?parent=16743"}],"wp:term":[{"taxonomy":"product_cat","embeddable":true,"href":"https:\/\/svarunica.com\/sl\/wp-json\/wp\/v2\/product_cat?post=16743"},{"taxonomy":"product_tag","embeddable":true,"href":"https:\/\/svarunica.com\/sl\/wp-json\/wp\/v2\/product_tag?post=16743"}],"curies":[{"name":"wp","href":"https:\/\/api.w.org\/{rel}","templated":true}]}}