{"id":16753,"date":"2025-10-24T12:13:35","date_gmt":"2025-10-24T10:13:35","guid":{"rendered":"https:\/\/svarunica.com\/?post_type=product&#038;p=16753"},"modified":"2025-12-23T15:08:03","modified_gmt":"2025-12-23T14:08:03","slug":"roza-zivljenja-svarica-obesek","status":"publish","type":"product","link":"https:\/\/svarunica.com\/sl\/izdelek\/roza-zivljenja-svarica-obesek\/","title":{"rendered":"Kovinska Ro\u017ea \u017eivljenja-Svarica obesek"},"content":{"rendered":"<p>Slika embala\u017ee je simboli\u010dna. \u0160katlice se lahko razlikujejo v barvah in strukturah.<br \/>\nObesek je iz nerjave\u010dega jekla prav tako na vrvici iz nerjave\u010dega jekla.<\/p>\n","protected":false},"excerpt":{"rendered":"<p>Obesek predstavlja stari simbol, znan v mnogih de\u017eelah po svetu.<br \/>\nV slovenski in vseslovanski uporabi je na obla\u010dilih, zgradbah in razli\u010dnih predmetih za za\u0161\u010dito pred nesre\u010do, pred strelo in smrtjo.<br \/>\nPredstavlja tudi svetovno os \u2013 drevesno os \u201caxis mundi\u201d. Znan je kot svarica, ro\u017ea \u017eivljenja, tudi \u017divina ro\u017ea.<\/p>\n","protected":false},"featured_media":16754,"template":"","meta":[],"product_cat":[1061,1071],"product_tag":[1161,540,1160,541,985,791,1112,542,1153,989],"class_list":{"0":"post-16753","1":"product","2":"type-product","3":"status-publish","4":"has-post-thumbnail","6":"product_cat-majcke-v-akciji","7":"product_cat-nakit","8":"product_tag-axis-mundi-sl","9":"product_tag-perunica-sl","10":"product_tag-perunika","11":"product_tag-roza-zivljenja","12":"product_tag-slovanska-simbolika","13":"product_tag-slovenski-simbol","14":"product_tag-svarica","15":"product_tag-svetovna-os","16":"product_tag-zascitni-znak","17":"product_tag-zivina-roza","19":"first","20":"instock","21":"purchasable","22":"product-type-simple"},"yoast_head":"<!-- This site is optimized with the Yoast SEO plugin v23.9 - https:\/\/yoast.com\/wordpress\/plugins\/seo\/ -->\n<title>Kovinska Ro\u017ea \u017eivljenja-Svarica obesek - Svarunica<\/title>\n<meta name=\"robots\" content=\"index, follow, max-snippet:-1, max-image-preview:large, max-video-preview:-1\" \/>\n<link rel=\"canonical\" href=\"https:\/\/svarunica.com\/sl\/izdelek\/roza-zivljenja-svarica-obesek\/\" \/>\n<meta property=\"og:locale\" content=\"sl_SI\" \/>\n<meta property=\"og:type\" content=\"article\" \/>\n<meta property=\"og:title\" content=\"Kovinska Ro\u017ea \u017eivljenja-Svarica obesek - Svarunica\" \/>\n<meta property=\"og:description\" content=\"Obesek predstavlja stari simbol, znan v mnogih de\u017eelah po svetu. V slovenski in vseslovanski uporabi je na obla\u010dilih, zgradbah in razli\u010dnih predmetih za za\u0161\u010dito pred nesre\u010do, pred strelo in smrtjo. Predstavlja tudi svetovno os \u2013 drevesno os \u201caxis mundi\u201d. Znan je kot svarica, ro\u017ea \u017eivljenja, tudi \u017divina ro\u017ea.\" \/>\n<meta property=\"og:url\" content=\"https:\/\/svarunica.com\/sl\/izdelek\/roza-zivljenja-svarica-obesek\/\" \/>\n<meta property=\"og:site_name\" content=\"Svarunica\" \/>\n<meta property=\"article:modified_time\" content=\"2025-12-23T14:08:03+00:00\" \/>\n<meta property=\"og:image\" content=\"https:\/\/svarunica.com\/wp-content\/uploads\/2025\/10\/svarunica-nakit-svarica-kovinska-1.jpg\" \/>\n\t<meta property=\"og:image:width\" content=\"900\" \/>\n\t<meta property=\"og:image:height\" content=\"675\" \/>\n\t<meta property=\"og:image:type\" content=\"image\/jpeg\" \/>\n<meta name=\"twitter:card\" content=\"summary_large_image\" \/>\n<meta name=\"twitter:label1\" content=\"Est. reading time\" \/>\n\t<meta name=\"twitter:data1\" content=\"1 minuta\" \/>\n<script type=\"application\/ld+json\" class=\"yoast-schema-graph\">{\"@context\":\"https:\/\/schema.org\",\"@graph\":[{\"@type\":\"WebPage\",\"@id\":\"https:\/\/svarunica.com\/sl\/izdelek\/roza-zivljenja-svarica-obesek\/\",\"url\":\"https:\/\/svarunica.com\/sl\/izdelek\/roza-zivljenja-svarica-obesek\/\",\"name\":\"Kovinska Ro\u017ea \u017eivljenja-Svarica obesek - Svarunica\",\"isPartOf\":{\"@id\":\"https:\/\/svarunica.com\/#website\"},\"primaryImageOfPage\":{\"@id\":\"https:\/\/svarunica.com\/sl\/izdelek\/roza-zivljenja-svarica-obesek\/#primaryimage\"},\"image\":{\"@id\":\"https:\/\/svarunica.com\/sl\/izdelek\/roza-zivljenja-svarica-obesek\/#primaryimage\"},\"thumbnailUrl\":\"https:\/\/svarunica.com\/wp-content\/uploads\/2025\/10\/svarunica-nakit-svarica-kovinska-1.jpg\",\"datePublished\":\"2025-10-24T10:13:35+00:00\",\"dateModified\":\"2025-12-23T14:08:03+00:00\",\"breadcrumb\":{\"@id\":\"https:\/\/svarunica.com\/sl\/izdelek\/roza-zivljenja-svarica-obesek\/#breadcrumb\"},\"inLanguage\":\"sl-SI\",\"potentialAction\":[{\"@type\":\"ReadAction\",\"target\":[\"https:\/\/svarunica.com\/sl\/izdelek\/roza-zivljenja-svarica-obesek\/\"]}]},{\"@type\":\"ImageObject\",\"inLanguage\":\"sl-SI\",\"@id\":\"https:\/\/svarunica.com\/sl\/izdelek\/roza-zivljenja-svarica-obesek\/#primaryimage\",\"url\":\"https:\/\/svarunica.com\/wp-content\/uploads\/2025\/10\/svarunica-nakit-svarica-kovinska-1.jpg\",\"contentUrl\":\"https:\/\/svarunica.com\/wp-content\/uploads\/2025\/10\/svarunica-nakit-svarica-kovinska-1.jpg\",\"width\":900,\"height\":675},{\"@type\":\"BreadcrumbList\",\"@id\":\"https:\/\/svarunica.com\/sl\/izdelek\/roza-zivljenja-svarica-obesek\/#breadcrumb\",\"itemListElement\":[{\"@type\":\"ListItem\",\"position\":1,\"name\":\"Home\",\"item\":\"https:\/\/svarunica.com\/sl\/\"},{\"@type\":\"ListItem\",\"position\":2,\"name\":\"Trgovina\",\"item\":\"https:\/\/svarunica.com\/sl\/trgovina\/\"},{\"@type\":\"ListItem\",\"position\":3,\"name\":\"Kovinska Ro\u017ea \u017eivljenja-Svarica obesek\"}]},{\"@type\":\"WebSite\",\"@id\":\"https:\/\/svarunica.com\/#website\",\"url\":\"https:\/\/svarunica.com\/\",\"name\":\"Svarunica\",\"description\":\"\",\"publisher\":{\"@id\":\"https:\/\/svarunica.com\/#organization\"},\"potentialAction\":[{\"@type\":\"SearchAction\",\"target\":{\"@type\":\"EntryPoint\",\"urlTemplate\":\"https:\/\/svarunica.com\/?s={search_term_string}\"},\"query-input\":{\"@type\":\"PropertyValueSpecification\",\"valueRequired\":true,\"valueName\":\"search_term_string\"}}],\"inLanguage\":\"sl-SI\"},{\"@type\":\"Organization\",\"@id\":\"https:\/\/svarunica.com\/#organization\",\"name\":\"Svarunica\",\"url\":\"https:\/\/svarunica.com\/\",\"logo\":{\"@type\":\"ImageObject\",\"inLanguage\":\"sl-SI\",\"@id\":\"https:\/\/svarunica.com\/#\/schema\/logo\/image\/\",\"url\":\"https:\/\/svarunica.com\/wp-content\/uploads\/2021\/07\/cropped-cropped-svarunica-text-2.png\",\"contentUrl\":\"https:\/\/svarunica.com\/wp-content\/uploads\/2021\/07\/cropped-cropped-svarunica-text-2.png\",\"width\":676,\"height\":179,\"caption\":\"Svarunica\"},\"image\":{\"@id\":\"https:\/\/svarunica.com\/#\/schema\/logo\/image\/\"}}]}<\/script>\n<!-- \/ Yoast SEO plugin. -->","yoast_head_json":{"title":"Kovinska Ro\u017ea \u017eivljenja-Svarica obesek - Svarunica","robots":{"index":"index","follow":"follow","max-snippet":"max-snippet:-1","max-image-preview":"max-image-preview:large","max-video-preview":"max-video-preview:-1"},"canonical":"https:\/\/svarunica.com\/sl\/izdelek\/roza-zivljenja-svarica-obesek\/","og_locale":"sl_SI","og_type":"article","og_title":"Kovinska Ro\u017ea \u017eivljenja-Svarica obesek - Svarunica","og_description":"Obesek predstavlja stari simbol, znan v mnogih de\u017eelah po svetu. V slovenski in vseslovanski uporabi je na obla\u010dilih, zgradbah in razli\u010dnih predmetih za za\u0161\u010dito pred nesre\u010do, pred strelo in smrtjo. Predstavlja tudi svetovno os \u2013 drevesno os \u201caxis mundi\u201d. Znan je kot svarica, ro\u017ea \u017eivljenja, tudi \u017divina ro\u017ea.","og_url":"https:\/\/svarunica.com\/sl\/izdelek\/roza-zivljenja-svarica-obesek\/","og_site_name":"Svarunica","article_modified_time":"2025-12-23T14:08:03+00:00","og_image":[{"width":900,"height":675,"url":"https:\/\/svarunica.com\/wp-content\/uploads\/2025\/10\/svarunica-nakit-svarica-kovinska-1.jpg","type":"image\/jpeg"}],"twitter_card":"summary_large_image","twitter_misc":{"Est. reading time":"1 minuta"},"schema":{"@context":"https:\/\/schema.org","@graph":[{"@type":"WebPage","@id":"https:\/\/svarunica.com\/sl\/izdelek\/roza-zivljenja-svarica-obesek\/","url":"https:\/\/svarunica.com\/sl\/izdelek\/roza-zivljenja-svarica-obesek\/","name":"Kovinska Ro\u017ea \u017eivljenja-Svarica obesek - Svarunica","isPartOf":{"@id":"https:\/\/svarunica.com\/#website"},"primaryImageOfPage":{"@id":"https:\/\/svarunica.com\/sl\/izdelek\/roza-zivljenja-svarica-obesek\/#primaryimage"},"image":{"@id":"https:\/\/svarunica.com\/sl\/izdelek\/roza-zivljenja-svarica-obesek\/#primaryimage"},"thumbnailUrl":"https:\/\/svarunica.com\/wp-content\/uploads\/2025\/10\/svarunica-nakit-svarica-kovinska-1.jpg","datePublished":"2025-10-24T10:13:35+00:00","dateModified":"2025-12-23T14:08:03+00:00","breadcrumb":{"@id":"https:\/\/svarunica.com\/sl\/izdelek\/roza-zivljenja-svarica-obesek\/#breadcrumb"},"inLanguage":"sl-SI","potentialAction":[{"@type":"ReadAction","target":["https:\/\/svarunica.com\/sl\/izdelek\/roza-zivljenja-svarica-obesek\/"]}]},{"@type":"ImageObject","inLanguage":"sl-SI","@id":"https:\/\/svarunica.com\/sl\/izdelek\/roza-zivljenja-svarica-obesek\/#primaryimage","url":"https:\/\/svarunica.com\/wp-content\/uploads\/2025\/10\/svarunica-nakit-svarica-kovinska-1.jpg","contentUrl":"https:\/\/svarunica.com\/wp-content\/uploads\/2025\/10\/svarunica-nakit-svarica-kovinska-1.jpg","width":900,"height":675},{"@type":"BreadcrumbList","@id":"https:\/\/svarunica.com\/sl\/izdelek\/roza-zivljenja-svarica-obesek\/#breadcrumb","itemListElement":[{"@type":"ListItem","position":1,"name":"Home","item":"https:\/\/svarunica.com\/sl\/"},{"@type":"ListItem","position":2,"name":"Trgovina","item":"https:\/\/svarunica.com\/sl\/trgovina\/"},{"@type":"ListItem","position":3,"name":"Kovinska Ro\u017ea \u017eivljenja-Svarica obesek"}]},{"@type":"WebSite","@id":"https:\/\/svarunica.com\/#website","url":"https:\/\/svarunica.com\/","name":"Svarunica","description":"","publisher":{"@id":"https:\/\/svarunica.com\/#organization"},"potentialAction":[{"@type":"SearchAction","target":{"@type":"EntryPoint","urlTemplate":"https:\/\/svarunica.com\/?s={search_term_string}"},"query-input":{"@type":"PropertyValueSpecification","valueRequired":true,"valueName":"search_term_string"}}],"inLanguage":"sl-SI"},{"@type":"Organization","@id":"https:\/\/svarunica.com\/#organization","name":"Svarunica","url":"https:\/\/svarunica.com\/","logo":{"@type":"ImageObject","inLanguage":"sl-SI","@id":"https:\/\/svarunica.com\/#\/schema\/logo\/image\/","url":"https:\/\/svarunica.com\/wp-content\/uploads\/2021\/07\/cropped-cropped-svarunica-text-2.png","contentUrl":"https:\/\/svarunica.com\/wp-content\/uploads\/2021\/07\/cropped-cropped-svarunica-text-2.png","width":676,"height":179,"caption":"Svarunica"},"image":{"@id":"https:\/\/svarunica.com\/#\/schema\/logo\/image\/"}}]}},"_links":{"self":[{"href":"https:\/\/svarunica.com\/sl\/wp-json\/wp\/v2\/product\/16753","targetHints":{"allow":["GET"]}}],"collection":[{"href":"https:\/\/svarunica.com\/sl\/wp-json\/wp\/v2\/product"}],"about":[{"href":"https:\/\/svarunica.com\/sl\/wp-json\/wp\/v2\/types\/product"}],"wp:featuredmedia":[{"embeddable":true,"href":"https:\/\/svarunica.com\/sl\/wp-json\/wp\/v2\/media\/16754"}],"wp:attachment":[{"href":"https:\/\/svarunica.com\/sl\/wp-json\/wp\/v2\/media?parent=16753"}],"wp:term":[{"taxonomy":"product_cat","embeddable":true,"href":"https:\/\/svarunica.com\/sl\/wp-json\/wp\/v2\/product_cat?post=16753"},{"taxonomy":"product_tag","embeddable":true,"href":"https:\/\/svarunica.com\/sl\/wp-json\/wp\/v2\/product_tag?post=16753"}],"curies":[{"name":"wp","href":"https:\/\/api.w.org\/{rel}","templated":true}]}}