{"id":16817,"date":"2025-10-29T17:39:29","date_gmt":"2025-10-29T16:39:29","guid":{"rendered":"https:\/\/svarunica.com\/?post_type=product&#038;p=16817"},"modified":"2026-04-24T07:32:26","modified_gmt":"2026-04-24T05:32:26","slug":"leseni-obesek-morina-taca","status":"publish","type":"product","link":"https:\/\/svarunica.com\/sl\/izdelek\/leseni-obesek-morina-taca\/","title":{"rendered":"Leseni obesek Morina taca"},"content":{"rendered":"<p>Svetujemo, da se z lesenimi obeskom izogibate tu\u0161iranju, plavanju.<\/p>\n","protected":false},"excerpt":{"rendered":"<p>Tudi pri na\u0161ih prednikih je bil pentagram, trutamora ali morina taca v uporabi za za\u0161\u010dito pred slabimi silami, \u0161e posebej pred Moro, ki prina\u0161a nesre\u010do in smrt (in prehaja \u010dez klju\u010davnice), zato je bil znak ve\u010dkrat izrezljan ali narisan na zibelkah (smrt v zibki) ter na otro\u0161kih sraj\u010dkah pa tudi drugih predmetih.<br \/>\nPoleg lesenega obeska imamo na voljo tudi morino taco v ve\u010d drugih izdelkih, predvsem v oddelku &#8220;nakit&#8221;.<\/p>\n","protected":false},"featured_media":16818,"template":"","meta":[],"product_cat":[1061,538],"product_tag":[1182,1151,590,1181,591,613],"class_list":{"0":"post-16817","1":"product","2":"type-product","3":"status-publish","4":"has-post-thumbnail","6":"product_cat-majcke-v-akciji","7":"product_cat-obeski","8":"product_tag-domorodni-simbol","9":"product_tag-morina-taca","10":"product_tag-pentagram-sl","11":"product_tag-straoverski-simbol","12":"product_tag-trutamora-sl","13":"product_tag-zascitni-simbol","15":"first","16":"instock","17":"purchasable","18":"product-type-simple"},"yoast_head":"<!-- This site is optimized with the Yoast SEO plugin v23.9 - https:\/\/yoast.com\/wordpress\/plugins\/seo\/ -->\n<title>Leseni obesek Morina taca - Svarunica<\/title>\n<meta name=\"robots\" content=\"index, follow, max-snippet:-1, max-image-preview:large, max-video-preview:-1\" \/>\n<link rel=\"canonical\" href=\"https:\/\/svarunica.com\/sl\/izdelek\/leseni-obesek-morina-taca\/\" \/>\n<meta property=\"og:locale\" content=\"sl_SI\" \/>\n<meta property=\"og:type\" content=\"article\" \/>\n<meta property=\"og:title\" content=\"Leseni obesek Morina taca - Svarunica\" \/>\n<meta property=\"og:description\" content=\"Tudi pri na\u0161ih prednikih je bil pentagram, trutamora ali morina taca v uporabi za za\u0161\u010dito pred slabimi silami, \u0161e posebej pred Moro, ki prina\u0161a nesre\u010do in smrt (in prehaja \u010dez klju\u010davnice), zato je bil znak ve\u010dkrat izrezljan ali narisan na zibelkah (smrt v zibki) ter na otro\u0161kih sraj\u010dkah pa tudi drugih predmetih. Poleg lesenega obeska imamo na voljo tudi morino taco v ve\u010d drugih izdelkih, predvsem v oddelku &quot;nakit&quot;.\" \/>\n<meta property=\"og:url\" content=\"https:\/\/svarunica.com\/sl\/izdelek\/leseni-obesek-morina-taca\/\" \/>\n<meta property=\"og:site_name\" content=\"Svarunica\" \/>\n<meta property=\"article:modified_time\" content=\"2026-04-24T05:32:26+00:00\" \/>\n<meta property=\"og:image\" content=\"https:\/\/svarunica.com\/wp-content\/uploads\/2025\/10\/svarunica-leseni-amuleti-pentagram2.jpg\" \/>\n\t<meta property=\"og:image:width\" content=\"800\" \/>\n\t<meta property=\"og:image:height\" content=\"600\" \/>\n\t<meta property=\"og:image:type\" content=\"image\/jpeg\" \/>\n<meta name=\"twitter:card\" content=\"summary_large_image\" \/>\n<meta name=\"twitter:label1\" content=\"Est. reading time\" \/>\n\t<meta name=\"twitter:data1\" content=\"1 minuta\" \/>\n<script type=\"application\/ld+json\" class=\"yoast-schema-graph\">{\"@context\":\"https:\/\/schema.org\",\"@graph\":[{\"@type\":\"WebPage\",\"@id\":\"https:\/\/svarunica.com\/sl\/izdelek\/leseni-obesek-morina-taca\/\",\"url\":\"https:\/\/svarunica.com\/sl\/izdelek\/leseni-obesek-morina-taca\/\",\"name\":\"Leseni obesek Morina taca - Svarunica\",\"isPartOf\":{\"@id\":\"https:\/\/svarunica.com\/#website\"},\"primaryImageOfPage\":{\"@id\":\"https:\/\/svarunica.com\/sl\/izdelek\/leseni-obesek-morina-taca\/#primaryimage\"},\"image\":{\"@id\":\"https:\/\/svarunica.com\/sl\/izdelek\/leseni-obesek-morina-taca\/#primaryimage\"},\"thumbnailUrl\":\"https:\/\/svarunica.com\/wp-content\/uploads\/2025\/10\/svarunica-leseni-amuleti-pentagram2.jpg\",\"datePublished\":\"2025-10-29T16:39:29+00:00\",\"dateModified\":\"2026-04-24T05:32:26+00:00\",\"breadcrumb\":{\"@id\":\"https:\/\/svarunica.com\/sl\/izdelek\/leseni-obesek-morina-taca\/#breadcrumb\"},\"inLanguage\":\"sl-SI\",\"potentialAction\":[{\"@type\":\"ReadAction\",\"target\":[\"https:\/\/svarunica.com\/sl\/izdelek\/leseni-obesek-morina-taca\/\"]}]},{\"@type\":\"ImageObject\",\"inLanguage\":\"sl-SI\",\"@id\":\"https:\/\/svarunica.com\/sl\/izdelek\/leseni-obesek-morina-taca\/#primaryimage\",\"url\":\"https:\/\/svarunica.com\/wp-content\/uploads\/2025\/10\/svarunica-leseni-amuleti-pentagram2.jpg\",\"contentUrl\":\"https:\/\/svarunica.com\/wp-content\/uploads\/2025\/10\/svarunica-leseni-amuleti-pentagram2.jpg\",\"width\":800,\"height\":600},{\"@type\":\"BreadcrumbList\",\"@id\":\"https:\/\/svarunica.com\/sl\/izdelek\/leseni-obesek-morina-taca\/#breadcrumb\",\"itemListElement\":[{\"@type\":\"ListItem\",\"position\":1,\"name\":\"Home\",\"item\":\"https:\/\/svarunica.com\/sl\/\"},{\"@type\":\"ListItem\",\"position\":2,\"name\":\"Trgovina\",\"item\":\"https:\/\/svarunica.com\/sl\/trgovina\/\"},{\"@type\":\"ListItem\",\"position\":3,\"name\":\"Leseni obesek Morina taca\"}]},{\"@type\":\"WebSite\",\"@id\":\"https:\/\/svarunica.com\/#website\",\"url\":\"https:\/\/svarunica.com\/\",\"name\":\"Svarunica\",\"description\":\"\",\"publisher\":{\"@id\":\"https:\/\/svarunica.com\/#organization\"},\"potentialAction\":[{\"@type\":\"SearchAction\",\"target\":{\"@type\":\"EntryPoint\",\"urlTemplate\":\"https:\/\/svarunica.com\/?s={search_term_string}\"},\"query-input\":{\"@type\":\"PropertyValueSpecification\",\"valueRequired\":true,\"valueName\":\"search_term_string\"}}],\"inLanguage\":\"sl-SI\"},{\"@type\":\"Organization\",\"@id\":\"https:\/\/svarunica.com\/#organization\",\"name\":\"Svarunica\",\"url\":\"https:\/\/svarunica.com\/\",\"logo\":{\"@type\":\"ImageObject\",\"inLanguage\":\"sl-SI\",\"@id\":\"https:\/\/svarunica.com\/#\/schema\/logo\/image\/\",\"url\":\"https:\/\/svarunica.com\/wp-content\/uploads\/2021\/07\/cropped-cropped-svarunica-text-2.png\",\"contentUrl\":\"https:\/\/svarunica.com\/wp-content\/uploads\/2021\/07\/cropped-cropped-svarunica-text-2.png\",\"width\":676,\"height\":179,\"caption\":\"Svarunica\"},\"image\":{\"@id\":\"https:\/\/svarunica.com\/#\/schema\/logo\/image\/\"}}]}<\/script>\n<!-- \/ Yoast SEO plugin. -->","yoast_head_json":{"title":"Leseni obesek Morina taca - Svarunica","robots":{"index":"index","follow":"follow","max-snippet":"max-snippet:-1","max-image-preview":"max-image-preview:large","max-video-preview":"max-video-preview:-1"},"canonical":"https:\/\/svarunica.com\/sl\/izdelek\/leseni-obesek-morina-taca\/","og_locale":"sl_SI","og_type":"article","og_title":"Leseni obesek Morina taca - Svarunica","og_description":"Tudi pri na\u0161ih prednikih je bil pentagram, trutamora ali morina taca v uporabi za za\u0161\u010dito pred slabimi silami, \u0161e posebej pred Moro, ki prina\u0161a nesre\u010do in smrt (in prehaja \u010dez klju\u010davnice), zato je bil znak ve\u010dkrat izrezljan ali narisan na zibelkah (smrt v zibki) ter na otro\u0161kih sraj\u010dkah pa tudi drugih predmetih. Poleg lesenega obeska imamo na voljo tudi morino taco v ve\u010d drugih izdelkih, predvsem v oddelku \"nakit\".","og_url":"https:\/\/svarunica.com\/sl\/izdelek\/leseni-obesek-morina-taca\/","og_site_name":"Svarunica","article_modified_time":"2026-04-24T05:32:26+00:00","og_image":[{"width":800,"height":600,"url":"https:\/\/svarunica.com\/wp-content\/uploads\/2025\/10\/svarunica-leseni-amuleti-pentagram2.jpg","type":"image\/jpeg"}],"twitter_card":"summary_large_image","twitter_misc":{"Est. reading time":"1 minuta"},"schema":{"@context":"https:\/\/schema.org","@graph":[{"@type":"WebPage","@id":"https:\/\/svarunica.com\/sl\/izdelek\/leseni-obesek-morina-taca\/","url":"https:\/\/svarunica.com\/sl\/izdelek\/leseni-obesek-morina-taca\/","name":"Leseni obesek Morina taca - Svarunica","isPartOf":{"@id":"https:\/\/svarunica.com\/#website"},"primaryImageOfPage":{"@id":"https:\/\/svarunica.com\/sl\/izdelek\/leseni-obesek-morina-taca\/#primaryimage"},"image":{"@id":"https:\/\/svarunica.com\/sl\/izdelek\/leseni-obesek-morina-taca\/#primaryimage"},"thumbnailUrl":"https:\/\/svarunica.com\/wp-content\/uploads\/2025\/10\/svarunica-leseni-amuleti-pentagram2.jpg","datePublished":"2025-10-29T16:39:29+00:00","dateModified":"2026-04-24T05:32:26+00:00","breadcrumb":{"@id":"https:\/\/svarunica.com\/sl\/izdelek\/leseni-obesek-morina-taca\/#breadcrumb"},"inLanguage":"sl-SI","potentialAction":[{"@type":"ReadAction","target":["https:\/\/svarunica.com\/sl\/izdelek\/leseni-obesek-morina-taca\/"]}]},{"@type":"ImageObject","inLanguage":"sl-SI","@id":"https:\/\/svarunica.com\/sl\/izdelek\/leseni-obesek-morina-taca\/#primaryimage","url":"https:\/\/svarunica.com\/wp-content\/uploads\/2025\/10\/svarunica-leseni-amuleti-pentagram2.jpg","contentUrl":"https:\/\/svarunica.com\/wp-content\/uploads\/2025\/10\/svarunica-leseni-amuleti-pentagram2.jpg","width":800,"height":600},{"@type":"BreadcrumbList","@id":"https:\/\/svarunica.com\/sl\/izdelek\/leseni-obesek-morina-taca\/#breadcrumb","itemListElement":[{"@type":"ListItem","position":1,"name":"Home","item":"https:\/\/svarunica.com\/sl\/"},{"@type":"ListItem","position":2,"name":"Trgovina","item":"https:\/\/svarunica.com\/sl\/trgovina\/"},{"@type":"ListItem","position":3,"name":"Leseni obesek Morina taca"}]},{"@type":"WebSite","@id":"https:\/\/svarunica.com\/#website","url":"https:\/\/svarunica.com\/","name":"Svarunica","description":"","publisher":{"@id":"https:\/\/svarunica.com\/#organization"},"potentialAction":[{"@type":"SearchAction","target":{"@type":"EntryPoint","urlTemplate":"https:\/\/svarunica.com\/?s={search_term_string}"},"query-input":{"@type":"PropertyValueSpecification","valueRequired":true,"valueName":"search_term_string"}}],"inLanguage":"sl-SI"},{"@type":"Organization","@id":"https:\/\/svarunica.com\/#organization","name":"Svarunica","url":"https:\/\/svarunica.com\/","logo":{"@type":"ImageObject","inLanguage":"sl-SI","@id":"https:\/\/svarunica.com\/#\/schema\/logo\/image\/","url":"https:\/\/svarunica.com\/wp-content\/uploads\/2021\/07\/cropped-cropped-svarunica-text-2.png","contentUrl":"https:\/\/svarunica.com\/wp-content\/uploads\/2021\/07\/cropped-cropped-svarunica-text-2.png","width":676,"height":179,"caption":"Svarunica"},"image":{"@id":"https:\/\/svarunica.com\/#\/schema\/logo\/image\/"}}]}},"_links":{"self":[{"href":"https:\/\/svarunica.com\/sl\/wp-json\/wp\/v2\/product\/16817","targetHints":{"allow":["GET"]}}],"collection":[{"href":"https:\/\/svarunica.com\/sl\/wp-json\/wp\/v2\/product"}],"about":[{"href":"https:\/\/svarunica.com\/sl\/wp-json\/wp\/v2\/types\/product"}],"wp:featuredmedia":[{"embeddable":true,"href":"https:\/\/svarunica.com\/sl\/wp-json\/wp\/v2\/media\/16818"}],"wp:attachment":[{"href":"https:\/\/svarunica.com\/sl\/wp-json\/wp\/v2\/media?parent=16817"}],"wp:term":[{"taxonomy":"product_cat","embeddable":true,"href":"https:\/\/svarunica.com\/sl\/wp-json\/wp\/v2\/product_cat?post=16817"},{"taxonomy":"product_tag","embeddable":true,"href":"https:\/\/svarunica.com\/sl\/wp-json\/wp\/v2\/product_tag?post=16817"}],"curies":[{"name":"wp","href":"https:\/\/api.w.org\/{rel}","templated":true}]}}