{"id":16853,"date":"2025-11-17T09:34:36","date_gmt":"2025-11-17T08:34:36","guid":{"rendered":"https:\/\/svarunica.com\/?post_type=product&#038;p=16853"},"modified":"2026-02-24T12:04:20","modified_gmt":"2026-02-24T11:04:20","slug":"druzinski-domorodni-koledar2026","status":"publish","type":"product","link":"https:\/\/svarunica.com\/sl\/izdelek\/druzinski-domorodni-koledar2026\/","title":{"rendered":"Domorodni koledar 2026: Vodi\u010d po letnih obredjih rodnega cikla"},"content":{"rendered":"<p>Koledar je velikosti A4<br \/>\npapir: 150 g premazni s 300g podlo\u017enim listom<\/p>\n","protected":false},"excerpt":{"rendered":"<div class=\"x14z9mp xat24cr x1lziwak x1vvkbs xtlvy1s x126k92a\">\n<div dir=\"auto\">koledar 2026:<\/div>\n<div dir=\"auto\">VODI\u010c PO LETNIH OBREDJIH RODNEGA CIKLA<\/div>\n<div dir=\"auto\"><span class=\"html-span xexx8yu xyri2b x18d9i69 x1c1uobl x1hl2dhg x16tdsg8 x1vvkbs x3nfvp2 x1j61x8r x1fcty0u xdj266r xat24cr xm2jcoa x1mpyi22 xxymvpz xlup9mm x1kky2od\"><img loading=\"lazy\" decoding=\"async\" class=\"xz74otr x15mokao x1ga7v0g x16uus16 xbiv7yw\" src=\"https:\/\/static.xx.fbcdn.net\/images\/emoji.php\/v9\/t6b\/1\/16\/1f333.png\" alt=\"\ud83c\udf33\" width=\"16\" height=\"16\" \/><\/span><span class=\"html-span xexx8yu xyri2b x18d9i69 x1c1uobl x1hl2dhg x16tdsg8 x1vvkbs x3nfvp2 x1j61x8r x1fcty0u xdj266r xat24cr xm2jcoa x1mpyi22 xxymvpz xlup9mm x1kky2od\"><img loading=\"lazy\" decoding=\"async\" class=\"xz74otr x15mokao x1ga7v0g x16uus16 xbiv7yw\" src=\"https:\/\/static.xx.fbcdn.net\/images\/emoji.php\/v9\/t69\/1\/16\/1f331.png\" alt=\"\ud83c\udf31\" width=\"16\" height=\"16\" \/><\/span> | <span class=\"html-span xexx8yu xyri2b x18d9i69 x1c1uobl x1hl2dhg x16tdsg8 x1vvkbs x3nfvp2 x1j61x8r x1fcty0u xdj266r xat24cr xm2jcoa x1mpyi22 xxymvpz xlup9mm x1kky2od\"><img loading=\"lazy\" decoding=\"async\" class=\"xz74otr x15mokao x1ga7v0g x16uus16 xbiv7yw\" src=\"https:\/\/static.xx.fbcdn.net\/images\/emoji.php\/v9\/t5f\/1\/16\/1f31e.png\" alt=\"\ud83c\udf1e\" width=\"16\" height=\"16\" \/><\/span><span class=\"html-span xexx8yu xyri2b x18d9i69 x1c1uobl x1hl2dhg x16tdsg8 x1vvkbs x3nfvp2 x1j61x8r x1fcty0u xdj266r xat24cr xm2jcoa x1mpyi22 xxymvpz xlup9mm x1kky2od\"><img loading=\"lazy\" decoding=\"async\" class=\"xz74otr x15mokao x1ga7v0g x16uus16 xbiv7yw\" src=\"https:\/\/static.xx.fbcdn.net\/images\/emoji.php\/v9\/t50\/1\/16\/1f525.png\" alt=\"\ud83d\udd25\" width=\"16\" height=\"16\" \/><\/span> | <span class=\"html-span xexx8yu xyri2b x18d9i69 x1c1uobl x1hl2dhg x16tdsg8 x1vvkbs x3nfvp2 x1j61x8r x1fcty0u xdj266r xat24cr xm2jcoa x1mpyi22 xxymvpz xlup9mm x1kky2od\"><img loading=\"lazy\" decoding=\"async\" class=\"xz74otr x15mokao x1ga7v0g x16uus16 xbiv7yw\" src=\"https:\/\/static.xx.fbcdn.net\/images\/emoji.php\/v9\/t89\/1\/16\/1f342.png\" alt=\"\ud83c\udf42\" width=\"16\" height=\"16\" \/><\/span><span class=\"html-span xexx8yu xyri2b x18d9i69 x1c1uobl x1hl2dhg x16tdsg8 x1vvkbs x3nfvp2 x1j61x8r x1fcty0u xdj266r xat24cr xm2jcoa x1mpyi22 xxymvpz xlup9mm x1kky2od\"><img loading=\"lazy\" decoding=\"async\" class=\"xz74otr x15mokao x1ga7v0g x16uus16 xbiv7yw\" src=\"https:\/\/static.xx.fbcdn.net\/images\/emoji.php\/v9\/td0\/1\/16\/1f327.png\" alt=\"\ud83c\udf27\" width=\"16\" height=\"16\" \/><\/span> | <span class=\"html-span xexx8yu xyri2b x18d9i69 x1c1uobl x1hl2dhg x16tdsg8 x1vvkbs x3nfvp2 x1j61x8r x1fcty0u xdj266r xat24cr xm2jcoa x1mpyi22 xxymvpz xlup9mm x1kky2od\"><img loading=\"lazy\" decoding=\"async\" class=\"xz74otr x15mokao x1ga7v0g x16uus16 xbiv7yw\" src=\"https:\/\/static.xx.fbcdn.net\/images\/emoji.php\/v9\/t2e\/1\/16\/2744.png\" alt=\"\u2744\ufe0f\" width=\"16\" height=\"16\" \/><\/span><span class=\"html-span xexx8yu xyri2b x18d9i69 x1c1uobl x1hl2dhg x16tdsg8 x1vvkbs x3nfvp2 x1j61x8r x1fcty0u xdj266r xat24cr xm2jcoa x1mpyi22 xxymvpz xlup9mm x1kky2od\"><img loading=\"lazy\" decoding=\"async\" class=\"xz74otr x15mokao x1ga7v0g x16uus16 xbiv7yw\" src=\"https:\/\/static.xx.fbcdn.net\/images\/emoji.php\/v9\/tf0\/1\/16\/2603.png\" alt=\"\u2603\ufe0f\" width=\"16\" height=\"16\" \/><\/span><\/div>\n<\/div>\n<div class=\"x14z9mp xat24cr x1lziwak x1vvkbs xtlvy1s x126k92a\">\n<div dir=\"auto\"><\/div>\n<div dir=\"auto\">Vsebuje lastnoro\u010dne ilustracije, njegova zasnova pa je predvsem namenjena tistim odraslim, ki bi radi z otroki, naj bodo h\u010dere, sinovi, ne\u010daki, vnuki \u2013 skupaj obele\u017eili ritem narave po starem.<\/div>\n<\/div>\n<div class=\"x14z9mp xat24cr x1lziwak x1vvkbs xtlvy1s x126k92a\">\n<div dir=\"auto\">S pomo\u010djo poljudnih besedil se uporabnik spozna s klju\u010dnimi obredji skozi leto, z njihovim ozadjem, na koncu pa je pridanih nekaj skromnih gest oz. predlogov, kako lahko obredja na\u0161ih prednikov po\u010dastimo tudi dandanes v dru\u017einskem krogu.<\/div>\n<\/div>\n<div class=\"x14z9mp xat24cr x1lziwak x1vvkbs xtlvy1s x126k92a\">\n<div dir=\"auto\">Marsikatere domorodne teme dajejo nam, odraslim, povode za mnoge \u010dlanke, debate, projekte, poljudne in strokovne publikacije, strnjene ali precej zajetne ter razli\u010dne izobra\u017eevalne dogodke.<\/div>\n<div dir=\"auto\">Pred nekaj leti pa, ko sem postala mama, se je s tem v zvezi odprlo ve\u010d, sicer pozitivnih izzivov; kako nekaj, kar \u017ee dolgo preu\u010duje\u0161, diha\u0161, \u017eivi\u0161, predati pred\u0161olskemu otroku, ko za\u010dne z vpra\u0161anji \u00bbzakaj\u00ab, \u00bbkako\u00ab. Takrat je tako, kot da se sklene krog, ko si spet na za\u010detku. <span class=\"html-span xexx8yu xyri2b x18d9i69 x1c1uobl x1hl2dhg x16tdsg8 x1vvkbs x3nfvp2 x1j61x8r x1fcty0u xdj266r xat24cr xm2jcoa x1mpyi22 xxymvpz xlup9mm x1kky2od\"><img loading=\"lazy\" decoding=\"async\" class=\"xz74otr x15mokao x1ga7v0g x16uus16 xbiv7yw\" src=\"https:\/\/static.xx.fbcdn.net\/images\/emoji.php\/v9\/t4c\/1\/16\/1f642.png\" alt=\"\ud83d\ude42\" width=\"16\" height=\"16\" \/><\/span><\/div>\n<div dir=\"auto\">Kako naj ne ostane le pri ljudski pravljici, \u2026ampak je nekaj ve\u010d.<\/div>\n<\/div>\n<div class=\"x14z9mp xat24cr x1lziwak x1vvkbs xtlvy1s x126k92a\">\n<div dir=\"auto\">Staroverje je neposredno povezano tudi s spo\u0161tovanjem Matere narave, lastne kulture, naroda, jezika, kjer je pomembno, da to ljubezen na nevsiljiv na\u010din prenesemo na naslednje generacije.<\/div>\n<div dir=\"auto\">Da znanja ne usahnejo, da ne ostane le pri besedah na papirju, marve\u010d prakti\u010dni utrip vsakdana.<\/div>\n<div dir=\"auto\">Le tako lahko med ljudmi domorodne tradicije tudi pri nas \u0161e naprej \u017eivijo. Ne le v folklori, tudi z globokim zavedanjem, razumevanjem in usidrane v na\u0161ih srcih. <span class=\"html-span xexx8yu xyri2b x18d9i69 x1c1uobl x1hl2dhg x16tdsg8 x1vvkbs x3nfvp2 x1j61x8r x1fcty0u xdj266r xat24cr xm2jcoa x1mpyi22 xxymvpz xlup9mm x1kky2od\"><img loading=\"lazy\" decoding=\"async\" class=\"xz74otr x15mokao x1ga7v0g x16uus16 xbiv7yw\" src=\"https:\/\/static.xx.fbcdn.net\/images\/emoji.php\/v9\/t6c\/1\/16\/2764.png\" alt=\"\u2764\" width=\"16\" height=\"16\" \/><\/span><\/div>\n<\/div>\n<div class=\"x14z9mp xat24cr x1lziwak x1vvkbs xtlvy1s x126k92a\">\n<div dir=\"auto\">Uradni izid koledarja je 22.11.2025. Mo\u017ena pa so \u017ee prednaro\u010dila, da si zagotovite svoj izvod, saj na\u0161a trgovinica deluje buti\u010dno.<\/div>\n<\/div>\n<div class=\"x14z9mp xat24cr x1lziwak x1vvkbs xtlvy1s x126k92a\">\n<div dir=\"auto\">Moji dru\u017eini hvala za podporo, Milanki \u0161e posebej za lekturo in hvala tiskarni Demat, ki vedno znova dokazujejo kako jim je mar, da soustvarjajo dobre izdelke in pri\u010darajo svojim strankam neizmerno zadovoljstvo.<\/div>\n<\/div>\n<div class=\"x14z9mp xat24cr x1lziwak x1vvkbs xtlvy1s x126k92a\">\n<div dir=\"auto\">Najve\u010dja hvala pa moji sedemletni (skoraj osemletni) \u017divi, ki me vedno znova u\u010di in navdihuje. <span class=\"html-span xexx8yu xyri2b x18d9i69 x1c1uobl x1hl2dhg x16tdsg8 x1vvkbs x3nfvp2 x1j61x8r x1fcty0u xdj266r xat24cr xm2jcoa x1mpyi22 xxymvpz xlup9mm x1kky2od\"><img loading=\"lazy\" decoding=\"async\" class=\"xz74otr x15mokao x1ga7v0g x16uus16 xbiv7yw\" src=\"https:\/\/static.xx.fbcdn.net\/images\/emoji.php\/v9\/t4c\/1\/16\/1f642.png\" alt=\"\ud83d\ude42\" width=\"16\" height=\"16\" \/><\/span> <span class=\"html-span xexx8yu xyri2b x18d9i69 x1c1uobl x1hl2dhg x16tdsg8 x1vvkbs x3nfvp2 x1j61x8r x1fcty0u xdj266r xat24cr xm2jcoa x1mpyi22 xxymvpz xlup9mm x1kky2od\"><img loading=\"lazy\" decoding=\"async\" class=\"xz74otr x15mokao x1ga7v0g x16uus16 xbiv7yw\" src=\"https:\/\/static.xx.fbcdn.net\/images\/emoji.php\/v9\/t6c\/1\/16\/2764.png\" alt=\"\u2764\" width=\"16\" height=\"16\" \/><\/span> <span class=\"html-span xexx8yu xyri2b x18d9i69 x1c1uobl x1hl2dhg x16tdsg8 x1vvkbs x3nfvp2 x1j61x8r x1fcty0u xdj266r xat24cr xm2jcoa x1mpyi22 xxymvpz xlup9mm x1kky2od\"><img loading=\"lazy\" decoding=\"async\" class=\"xz74otr x15mokao x1ga7v0g x16uus16 xbiv7yw\" src=\"https:\/\/static.xx.fbcdn.net\/images\/emoji.php\/v9\/tae\/1\/16\/1f435.png\" alt=\"\ud83d\udc35\" width=\"16\" height=\"16\" \/><\/span><\/div>\n<div dir=\"auto\">Irena<\/div>\n<\/div>\n","protected":false},"featured_media":16854,"template":"","meta":[],"product_cat":[1134,1061,904,949],"product_tag":[1183,1184,1188,692,1185,1189,1186,1001,1187],"class_list":{"0":"post-16853","1":"product","2":"type-product","3":"status-publish","4":"has-post-thumbnail","6":"product_cat-03-koledar-2026","7":"product_cat-majcke-v-akciji","8":"product_cat-bozicna-ponudba-in-akcije","9":"product_cat-za-otroke","10":"product_tag-domorodi-koledar","11":"product_tag-domorodna-izrocila","12":"product_tag-ljudsko-izrocilo","13":"product_tag-obredja","14":"product_tag-poganski-koledar","15":"product_tag-rodnoverje","16":"product_tag-slovenska-poganska-obredja","17":"product_tag-staroverski-koledar","18":"product_tag-vodic-skozi-staroversko-leto","20":"first","21":"instock","22":"sale","23":"purchasable","24":"product-type-simple"},"yoast_head":"<!-- This site is optimized with the Yoast SEO plugin v23.9 - https:\/\/yoast.com\/wordpress\/plugins\/seo\/ -->\n<title>Domorodni koledar 2026: Vodi\u010d po letnih obredjih rodnega cikla - Svarunica<\/title>\n<meta name=\"robots\" content=\"index, follow, max-snippet:-1, max-image-preview:large, max-video-preview:-1\" \/>\n<link rel=\"canonical\" href=\"https:\/\/svarunica.com\/sl\/izdelek\/druzinski-domorodni-koledar2026\/\" \/>\n<meta property=\"og:locale\" content=\"sl_SI\" \/>\n<meta property=\"og:type\" content=\"article\" \/>\n<meta property=\"og:title\" content=\"Domorodni koledar 2026: Vodi\u010d po letnih obredjih rodnega cikla - Svarunica\" \/>\n<meta property=\"og:description\" content=\"koledar 2026: VODI\u010c PO LETNIH OBREDJIH RODNEGA CIKLA  | | |     Vsebuje lastnoro\u010dne ilustracije, njegova zasnova pa je predvsem namenjena tistim odraslim, ki bi radi z otroki, naj bodo h\u010dere, sinovi, ne\u010daki, vnuki \u2013 skupaj obele\u017eili ritem narave po starem.   S pomo\u010djo poljudnih besedil se uporabnik spozna s klju\u010dnimi obredji skozi leto, z njihovim ozadjem, na koncu pa je pridanih nekaj skromnih gest oz. predlogov, kako lahko obredja na\u0161ih prednikov po\u010dastimo tudi dandanes v dru\u017einskem krogu.   Marsikatere domorodne teme dajejo nam, odraslim, povode za mnoge \u010dlanke, debate, projekte, poljudne in strokovne publikacije, strnjene ali precej zajetne ter razli\u010dne izobra\u017eevalne dogodke. Pred nekaj leti pa, ko sem postala mama, se je s tem v zvezi odprlo ve\u010d, sicer pozitivnih izzivov; kako nekaj, kar \u017ee dolgo preu\u010duje\u0161, diha\u0161, \u017eivi\u0161, predati pred\u0161olskemu otroku, ko za\u010dne z vpra\u0161anji \u00bbzakaj\u00ab, \u00bbkako\u00ab. Takrat je tako, kot da se sklene krog, ko si spet na za\u010detku.  Kako naj ne ostane le pri ljudski pravljici, \u2026ampak je nekaj ve\u010d.   Staroverje je neposredno povezano tudi s spo\u0161tovanjem Matere narave, lastne kulture, naroda, jezika, kjer je pomembno, da to ljubezen na nevsiljiv na\u010din prenesemo na naslednje generacije. Da znanja ne usahnejo, da ne ostane le pri besedah na papirju, marve\u010d prakti\u010dni utrip vsakdana. Le tako lahko med ljudmi domorodne tradicije tudi pri nas \u0161e naprej \u017eivijo. Ne le v folklori, tudi z globokim zavedanjem, razumevanjem in usidrane v na\u0161ih srcih.    Uradni izid koledarja je 22.11.2025. Mo\u017ena pa so \u017ee prednaro\u010dila, da si zagotovite svoj izvod, saj na\u0161a trgovinica deluje buti\u010dno.   Moji dru\u017eini hvala za podporo, Milanki \u0161e posebej za lekturo in hvala tiskarni Demat, ki vedno znova dokazujejo kako jim je mar, da soustvarjajo dobre izdelke in pri\u010darajo svojim strankam neizmerno zadovoljstvo.   Najve\u010dja hvala pa moji sedemletni (skoraj osemletni) \u017divi, ki me vedno znova u\u010di in navdihuje.   Irena\" \/>\n<meta property=\"og:url\" content=\"https:\/\/svarunica.com\/sl\/izdelek\/druzinski-domorodni-koledar2026\/\" \/>\n<meta property=\"og:site_name\" content=\"Svarunica\" \/>\n<meta property=\"article:modified_time\" content=\"2026-02-24T11:04:20+00:00\" \/>\n<meta property=\"og:image\" content=\"https:\/\/svarunica.com\/wp-content\/uploads\/2025\/11\/svarunica-koledar-druzinski-vodic_1_web.jpg\" \/>\n\t<meta property=\"og:image:width\" content=\"1500\" \/>\n\t<meta property=\"og:image:height\" content=\"1058\" \/>\n\t<meta property=\"og:image:type\" content=\"image\/jpeg\" \/>\n<meta name=\"twitter:card\" content=\"summary_large_image\" \/>\n<meta name=\"twitter:label1\" content=\"Est. reading time\" \/>\n\t<meta name=\"twitter:data1\" content=\"1 minuta\" \/>\n<script type=\"application\/ld+json\" class=\"yoast-schema-graph\">{\"@context\":\"https:\/\/schema.org\",\"@graph\":[{\"@type\":\"WebPage\",\"@id\":\"https:\/\/svarunica.com\/sl\/izdelek\/druzinski-domorodni-koledar2026\/\",\"url\":\"https:\/\/svarunica.com\/sl\/izdelek\/druzinski-domorodni-koledar2026\/\",\"name\":\"Domorodni koledar 2026: Vodi\u010d po letnih obredjih rodnega cikla - Svarunica\",\"isPartOf\":{\"@id\":\"https:\/\/svarunica.com\/#website\"},\"primaryImageOfPage\":{\"@id\":\"https:\/\/svarunica.com\/sl\/izdelek\/druzinski-domorodni-koledar2026\/#primaryimage\"},\"image\":{\"@id\":\"https:\/\/svarunica.com\/sl\/izdelek\/druzinski-domorodni-koledar2026\/#primaryimage\"},\"thumbnailUrl\":\"https:\/\/svarunica.com\/wp-content\/uploads\/2025\/11\/svarunica-koledar-druzinski-vodic_1_web.jpg\",\"datePublished\":\"2025-11-17T08:34:36+00:00\",\"dateModified\":\"2026-02-24T11:04:20+00:00\",\"breadcrumb\":{\"@id\":\"https:\/\/svarunica.com\/sl\/izdelek\/druzinski-domorodni-koledar2026\/#breadcrumb\"},\"inLanguage\":\"sl-SI\",\"potentialAction\":[{\"@type\":\"ReadAction\",\"target\":[\"https:\/\/svarunica.com\/sl\/izdelek\/druzinski-domorodni-koledar2026\/\"]}]},{\"@type\":\"ImageObject\",\"inLanguage\":\"sl-SI\",\"@id\":\"https:\/\/svarunica.com\/sl\/izdelek\/druzinski-domorodni-koledar2026\/#primaryimage\",\"url\":\"https:\/\/svarunica.com\/wp-content\/uploads\/2025\/11\/svarunica-koledar-druzinski-vodic_1_web.jpg\",\"contentUrl\":\"https:\/\/svarunica.com\/wp-content\/uploads\/2025\/11\/svarunica-koledar-druzinski-vodic_1_web.jpg\",\"width\":1500,\"height\":1058},{\"@type\":\"BreadcrumbList\",\"@id\":\"https:\/\/svarunica.com\/sl\/izdelek\/druzinski-domorodni-koledar2026\/#breadcrumb\",\"itemListElement\":[{\"@type\":\"ListItem\",\"position\":1,\"name\":\"Home\",\"item\":\"https:\/\/svarunica.com\/sl\/\"},{\"@type\":\"ListItem\",\"position\":2,\"name\":\"Trgovina\",\"item\":\"https:\/\/svarunica.com\/sl\/trgovina\/\"},{\"@type\":\"ListItem\",\"position\":3,\"name\":\"Domorodni koledar 2026: Vodi\u010d po letnih obredjih rodnega cikla\"}]},{\"@type\":\"WebSite\",\"@id\":\"https:\/\/svarunica.com\/#website\",\"url\":\"https:\/\/svarunica.com\/\",\"name\":\"Svarunica\",\"description\":\"\",\"publisher\":{\"@id\":\"https:\/\/svarunica.com\/#organization\"},\"potentialAction\":[{\"@type\":\"SearchAction\",\"target\":{\"@type\":\"EntryPoint\",\"urlTemplate\":\"https:\/\/svarunica.com\/?s={search_term_string}\"},\"query-input\":{\"@type\":\"PropertyValueSpecification\",\"valueRequired\":true,\"valueName\":\"search_term_string\"}}],\"inLanguage\":\"sl-SI\"},{\"@type\":\"Organization\",\"@id\":\"https:\/\/svarunica.com\/#organization\",\"name\":\"Svarunica\",\"url\":\"https:\/\/svarunica.com\/\",\"logo\":{\"@type\":\"ImageObject\",\"inLanguage\":\"sl-SI\",\"@id\":\"https:\/\/svarunica.com\/#\/schema\/logo\/image\/\",\"url\":\"https:\/\/svarunica.com\/wp-content\/uploads\/2021\/07\/cropped-cropped-svarunica-text-2.png\",\"contentUrl\":\"https:\/\/svarunica.com\/wp-content\/uploads\/2021\/07\/cropped-cropped-svarunica-text-2.png\",\"width\":676,\"height\":179,\"caption\":\"Svarunica\"},\"image\":{\"@id\":\"https:\/\/svarunica.com\/#\/schema\/logo\/image\/\"}}]}<\/script>\n<!-- \/ Yoast SEO plugin. -->","yoast_head_json":{"title":"Domorodni koledar 2026: Vodi\u010d po letnih obredjih rodnega cikla - Svarunica","robots":{"index":"index","follow":"follow","max-snippet":"max-snippet:-1","max-image-preview":"max-image-preview:large","max-video-preview":"max-video-preview:-1"},"canonical":"https:\/\/svarunica.com\/sl\/izdelek\/druzinski-domorodni-koledar2026\/","og_locale":"sl_SI","og_type":"article","og_title":"Domorodni koledar 2026: Vodi\u010d po letnih obredjih rodnega cikla - Svarunica","og_description":"koledar 2026: VODI\u010c PO LETNIH OBREDJIH RODNEGA CIKLA  | | |     Vsebuje lastnoro\u010dne ilustracije, njegova zasnova pa je predvsem namenjena tistim odraslim, ki bi radi z otroki, naj bodo h\u010dere, sinovi, ne\u010daki, vnuki \u2013 skupaj obele\u017eili ritem narave po starem.   S pomo\u010djo poljudnih besedil se uporabnik spozna s klju\u010dnimi obredji skozi leto, z njihovim ozadjem, na koncu pa je pridanih nekaj skromnih gest oz. predlogov, kako lahko obredja na\u0161ih prednikov po\u010dastimo tudi dandanes v dru\u017einskem krogu.   Marsikatere domorodne teme dajejo nam, odraslim, povode za mnoge \u010dlanke, debate, projekte, poljudne in strokovne publikacije, strnjene ali precej zajetne ter razli\u010dne izobra\u017eevalne dogodke. Pred nekaj leti pa, ko sem postala mama, se je s tem v zvezi odprlo ve\u010d, sicer pozitivnih izzivov; kako nekaj, kar \u017ee dolgo preu\u010duje\u0161, diha\u0161, \u017eivi\u0161, predati pred\u0161olskemu otroku, ko za\u010dne z vpra\u0161anji \u00bbzakaj\u00ab, \u00bbkako\u00ab. Takrat je tako, kot da se sklene krog, ko si spet na za\u010detku.  Kako naj ne ostane le pri ljudski pravljici, \u2026ampak je nekaj ve\u010d.   Staroverje je neposredno povezano tudi s spo\u0161tovanjem Matere narave, lastne kulture, naroda, jezika, kjer je pomembno, da to ljubezen na nevsiljiv na\u010din prenesemo na naslednje generacije. Da znanja ne usahnejo, da ne ostane le pri besedah na papirju, marve\u010d prakti\u010dni utrip vsakdana. Le tako lahko med ljudmi domorodne tradicije tudi pri nas \u0161e naprej \u017eivijo. Ne le v folklori, tudi z globokim zavedanjem, razumevanjem in usidrane v na\u0161ih srcih.    Uradni izid koledarja je 22.11.2025. Mo\u017ena pa so \u017ee prednaro\u010dila, da si zagotovite svoj izvod, saj na\u0161a trgovinica deluje buti\u010dno.   Moji dru\u017eini hvala za podporo, Milanki \u0161e posebej za lekturo in hvala tiskarni Demat, ki vedno znova dokazujejo kako jim je mar, da soustvarjajo dobre izdelke in pri\u010darajo svojim strankam neizmerno zadovoljstvo.   Najve\u010dja hvala pa moji sedemletni (skoraj osemletni) \u017divi, ki me vedno znova u\u010di in navdihuje.   Irena","og_url":"https:\/\/svarunica.com\/sl\/izdelek\/druzinski-domorodni-koledar2026\/","og_site_name":"Svarunica","article_modified_time":"2026-02-24T11:04:20+00:00","og_image":[{"width":1500,"height":1058,"url":"https:\/\/svarunica.com\/wp-content\/uploads\/2025\/11\/svarunica-koledar-druzinski-vodic_1_web.jpg","type":"image\/jpeg"}],"twitter_card":"summary_large_image","twitter_misc":{"Est. reading time":"1 minuta"},"schema":{"@context":"https:\/\/schema.org","@graph":[{"@type":"WebPage","@id":"https:\/\/svarunica.com\/sl\/izdelek\/druzinski-domorodni-koledar2026\/","url":"https:\/\/svarunica.com\/sl\/izdelek\/druzinski-domorodni-koledar2026\/","name":"Domorodni koledar 2026: Vodi\u010d po letnih obredjih rodnega cikla - Svarunica","isPartOf":{"@id":"https:\/\/svarunica.com\/#website"},"primaryImageOfPage":{"@id":"https:\/\/svarunica.com\/sl\/izdelek\/druzinski-domorodni-koledar2026\/#primaryimage"},"image":{"@id":"https:\/\/svarunica.com\/sl\/izdelek\/druzinski-domorodni-koledar2026\/#primaryimage"},"thumbnailUrl":"https:\/\/svarunica.com\/wp-content\/uploads\/2025\/11\/svarunica-koledar-druzinski-vodic_1_web.jpg","datePublished":"2025-11-17T08:34:36+00:00","dateModified":"2026-02-24T11:04:20+00:00","breadcrumb":{"@id":"https:\/\/svarunica.com\/sl\/izdelek\/druzinski-domorodni-koledar2026\/#breadcrumb"},"inLanguage":"sl-SI","potentialAction":[{"@type":"ReadAction","target":["https:\/\/svarunica.com\/sl\/izdelek\/druzinski-domorodni-koledar2026\/"]}]},{"@type":"ImageObject","inLanguage":"sl-SI","@id":"https:\/\/svarunica.com\/sl\/izdelek\/druzinski-domorodni-koledar2026\/#primaryimage","url":"https:\/\/svarunica.com\/wp-content\/uploads\/2025\/11\/svarunica-koledar-druzinski-vodic_1_web.jpg","contentUrl":"https:\/\/svarunica.com\/wp-content\/uploads\/2025\/11\/svarunica-koledar-druzinski-vodic_1_web.jpg","width":1500,"height":1058},{"@type":"BreadcrumbList","@id":"https:\/\/svarunica.com\/sl\/izdelek\/druzinski-domorodni-koledar2026\/#breadcrumb","itemListElement":[{"@type":"ListItem","position":1,"name":"Home","item":"https:\/\/svarunica.com\/sl\/"},{"@type":"ListItem","position":2,"name":"Trgovina","item":"https:\/\/svarunica.com\/sl\/trgovina\/"},{"@type":"ListItem","position":3,"name":"Domorodni koledar 2026: Vodi\u010d po letnih obredjih rodnega cikla"}]},{"@type":"WebSite","@id":"https:\/\/svarunica.com\/#website","url":"https:\/\/svarunica.com\/","name":"Svarunica","description":"","publisher":{"@id":"https:\/\/svarunica.com\/#organization"},"potentialAction":[{"@type":"SearchAction","target":{"@type":"EntryPoint","urlTemplate":"https:\/\/svarunica.com\/?s={search_term_string}"},"query-input":{"@type":"PropertyValueSpecification","valueRequired":true,"valueName":"search_term_string"}}],"inLanguage":"sl-SI"},{"@type":"Organization","@id":"https:\/\/svarunica.com\/#organization","name":"Svarunica","url":"https:\/\/svarunica.com\/","logo":{"@type":"ImageObject","inLanguage":"sl-SI","@id":"https:\/\/svarunica.com\/#\/schema\/logo\/image\/","url":"https:\/\/svarunica.com\/wp-content\/uploads\/2021\/07\/cropped-cropped-svarunica-text-2.png","contentUrl":"https:\/\/svarunica.com\/wp-content\/uploads\/2021\/07\/cropped-cropped-svarunica-text-2.png","width":676,"height":179,"caption":"Svarunica"},"image":{"@id":"https:\/\/svarunica.com\/#\/schema\/logo\/image\/"}}]}},"_links":{"self":[{"href":"https:\/\/svarunica.com\/sl\/wp-json\/wp\/v2\/product\/16853","targetHints":{"allow":["GET"]}}],"collection":[{"href":"https:\/\/svarunica.com\/sl\/wp-json\/wp\/v2\/product"}],"about":[{"href":"https:\/\/svarunica.com\/sl\/wp-json\/wp\/v2\/types\/product"}],"wp:featuredmedia":[{"embeddable":true,"href":"https:\/\/svarunica.com\/sl\/wp-json\/wp\/v2\/media\/16854"}],"wp:attachment":[{"href":"https:\/\/svarunica.com\/sl\/wp-json\/wp\/v2\/media?parent=16853"}],"wp:term":[{"taxonomy":"product_cat","embeddable":true,"href":"https:\/\/svarunica.com\/sl\/wp-json\/wp\/v2\/product_cat?post=16853"},{"taxonomy":"product_tag","embeddable":true,"href":"https:\/\/svarunica.com\/sl\/wp-json\/wp\/v2\/product_tag?post=16853"}],"curies":[{"name":"wp","href":"https:\/\/api.w.org\/{rel}","templated":true}]}}