{"id":2031,"date":"2021-07-26T13:14:29","date_gmt":"2021-07-26T11:14:29","guid":{"rendered":"https:\/\/svarunica.com\/product\/majica-s-kratkimi-rokavi-svetovid\/"},"modified":"2021-10-05T12:09:33","modified_gmt":"2021-10-05T10:09:33","slug":"majica-s-kratkimi-rokavi-svetovid","status":"publish","type":"product","link":"https:\/\/svarunica.com\/sl\/izdelek\/majica-s-kratkimi-rokavi-svetovid\/","title":{"rendered":"Majica s kratkimi rokavi: Svetovid"},"content":{"rendered":"<p>\u010crna visokokakovostna majica SOL\u2019S Imperial z odli\u010dnim tiskom DTG spredaj.<br \/>\nPred pranjem majico obrnite navznoter za dalj\u0161i rok uporabe.<\/p>\n<p>Cena je navedena za majico in tisk, dodatne stro\u0161ke po\u0161iljanja si oglejte <a href=\"https:\/\/svarunica.com\/sl\/dostava-in-stroski-dostave\/\">TUKAJ<\/a>.<br \/>\nMajica je izdelana s sistemom &#8220;print on demand&#8221; (tisk na zahtevo), datum izdelave je cca. 3-5 delovnih dni.<\/p>\n<p>Pla\u010dilo za majico je mo\u017eno po predra\u010dunu.<\/p>\n<p>Majica je unisex, na voljo v velikostih: S, M, L, XL in XXL.<\/p>\n<p>Oblikovanje: \u00a9 Irena Petri\u010d<br \/>\nVe\u010d informacij o vsebini majice ali naro\u010dilo dizajna po meri za va\u0161o majico pi\u0161ite na: <a href=\"mailto:irena.svarunica@gmail.com\">irena.svarunica@gmail.com<\/a><\/p>\n","protected":false},"excerpt":{"rendered":"<p>Dizajn na majici prikazuje vse \u0161tiri strani Svetovidovega idola (Sventevith, Suvid, Svantevit, Svantovit, Svantov\u00edt, Swantov\u00edt, Sventovit, &#8230;).<br \/>\nSvetovid ima \u0161tiri glave, ki gledajo na vse strani sveta, ponazarja vse \u0161tiri letne \u010dase in \u0161tiri bogove in boginje.<br \/>\nSvetovid je tudi bog svetlobe, \u017eetve, plodnosti, vojne.<br \/>\nEden njegovih najlep\u0161ih templjev je stal na Kap Arkoni. Sveti\u0161\u010de je bilo tudi najbolj prepoznaven kraj prerokovanja v Evropi, primerljiv z gr\u0161kimi Delfi.<\/p>\n","protected":false},"featured_media":1633,"template":"","meta":[],"product_cat":[456,457,466,458],"product_tag":[474,473,470,477,476,475,467,460,468,478,479,472,469,471],"class_list":{"0":"post-2031","1":"product","2":"type-product","3":"status-publish","4":"has-post-thumbnail","6":"product_cat-oblacila","7":"product_cat-majice","8":"product_cat-majice-simboli","9":"product_cat-majice-mitologija","10":"product_tag-bog-svetlobe","11":"product_tag-bog-vojne","12":"product_tag-kap-arkona-sl","13":"product_tag-prerocisce","14":"product_tag-prerok","15":"product_tag-prerokovanje","16":"product_tag-rodnoverstvo","17":"product_tag-slovanska-in-slovenska-dediscina","18":"product_tag-slovanski-bog","19":"product_tag-stiri-glave","20":"product_tag-stiriglav","21":"product_tag-svantevid-sl","22":"product_tag-svetovid-sl","23":"product_tag-swiatovit-sl","25":"first","26":"instock","27":"purchasable","28":"product-type-variable"},"yoast_head":"<!-- This site is optimized with the Yoast SEO plugin v23.9 - https:\/\/yoast.com\/wordpress\/plugins\/seo\/ -->\n<title>Majica s kratkimi rokavi: Svetovid - Svarunica<\/title>\n<meta name=\"robots\" content=\"index, follow, max-snippet:-1, max-image-preview:large, max-video-preview:-1\" \/>\n<link rel=\"canonical\" href=\"https:\/\/svarunica.com\/sl\/izdelek\/majica-s-kratkimi-rokavi-svetovid\/\" \/>\n<meta property=\"og:locale\" content=\"sl_SI\" \/>\n<meta property=\"og:type\" content=\"article\" \/>\n<meta property=\"og:title\" content=\"Majica s kratkimi rokavi: Svetovid - Svarunica\" \/>\n<meta property=\"og:description\" content=\"Dizajn na majici prikazuje vse \u0161tiri strani Svetovidovega idola (Sventevith, Suvid, Svantevit, Svantovit, Svantov\u00edt, Swantov\u00edt, Sventovit, ...). Svetovid ima \u0161tiri glave, ki gledajo na vse strani sveta, ponazarja vse \u0161tiri letne \u010dase in \u0161tiri bogove in boginje. Svetovid je tudi bog svetlobe, \u017eetve, plodnosti, vojne. Eden njegovih najlep\u0161ih templjev je stal na Kap Arkoni. Sveti\u0161\u010de je bilo tudi najbolj prepoznaven kraj prerokovanja v Evropi, primerljiv z gr\u0161kimi Delfi.\" \/>\n<meta property=\"og:url\" content=\"https:\/\/svarunica.com\/sl\/izdelek\/majica-s-kratkimi-rokavi-svetovid\/\" \/>\n<meta property=\"og:site_name\" content=\"Svarunica\" \/>\n<meta property=\"article:modified_time\" content=\"2021-10-05T10:09:33+00:00\" \/>\n<meta property=\"og:image\" content=\"https:\/\/svarunica.com\/wp-content\/uploads\/2021\/07\/svet1.jpg\" \/>\n\t<meta property=\"og:image:width\" content=\"1417\" \/>\n\t<meta property=\"og:image:height\" content=\"945\" \/>\n\t<meta property=\"og:image:type\" content=\"image\/jpeg\" \/>\n<meta name=\"twitter:card\" content=\"summary_large_image\" \/>\n<meta name=\"twitter:label1\" content=\"Est. reading time\" \/>\n\t<meta name=\"twitter:data1\" content=\"1 minuta\" \/>\n<script type=\"application\/ld+json\" class=\"yoast-schema-graph\">{\"@context\":\"https:\/\/schema.org\",\"@graph\":[{\"@type\":\"WebPage\",\"@id\":\"https:\/\/svarunica.com\/sl\/izdelek\/majica-s-kratkimi-rokavi-svetovid\/\",\"url\":\"https:\/\/svarunica.com\/sl\/izdelek\/majica-s-kratkimi-rokavi-svetovid\/\",\"name\":\"Majica s kratkimi rokavi: Svetovid - Svarunica\",\"isPartOf\":{\"@id\":\"https:\/\/svarunica.com\/#website\"},\"primaryImageOfPage\":{\"@id\":\"https:\/\/svarunica.com\/sl\/izdelek\/majica-s-kratkimi-rokavi-svetovid\/#primaryimage\"},\"image\":{\"@id\":\"https:\/\/svarunica.com\/sl\/izdelek\/majica-s-kratkimi-rokavi-svetovid\/#primaryimage\"},\"thumbnailUrl\":\"https:\/\/svarunica.com\/wp-content\/uploads\/2021\/07\/svet1.jpg\",\"datePublished\":\"2021-07-26T11:14:29+00:00\",\"dateModified\":\"2021-10-05T10:09:33+00:00\",\"breadcrumb\":{\"@id\":\"https:\/\/svarunica.com\/sl\/izdelek\/majica-s-kratkimi-rokavi-svetovid\/#breadcrumb\"},\"inLanguage\":\"sl-SI\",\"potentialAction\":[{\"@type\":\"ReadAction\",\"target\":[\"https:\/\/svarunica.com\/sl\/izdelek\/majica-s-kratkimi-rokavi-svetovid\/\"]}]},{\"@type\":\"ImageObject\",\"inLanguage\":\"sl-SI\",\"@id\":\"https:\/\/svarunica.com\/sl\/izdelek\/majica-s-kratkimi-rokavi-svetovid\/#primaryimage\",\"url\":\"https:\/\/svarunica.com\/wp-content\/uploads\/2021\/07\/svet1.jpg\",\"contentUrl\":\"https:\/\/svarunica.com\/wp-content\/uploads\/2021\/07\/svet1.jpg\",\"width\":1417,\"height\":945,\"caption\":\"svetovid shirt\"},{\"@type\":\"BreadcrumbList\",\"@id\":\"https:\/\/svarunica.com\/sl\/izdelek\/majica-s-kratkimi-rokavi-svetovid\/#breadcrumb\",\"itemListElement\":[{\"@type\":\"ListItem\",\"position\":1,\"name\":\"Home\",\"item\":\"https:\/\/svarunica.com\/sl\/\"},{\"@type\":\"ListItem\",\"position\":2,\"name\":\"Trgovina\",\"item\":\"https:\/\/svarunica.com\/sl\/trgovina\/\"},{\"@type\":\"ListItem\",\"position\":3,\"name\":\"Majica s kratkimi rokavi: Svetovid\"}]},{\"@type\":\"WebSite\",\"@id\":\"https:\/\/svarunica.com\/#website\",\"url\":\"https:\/\/svarunica.com\/\",\"name\":\"Svarunica\",\"description\":\"\",\"publisher\":{\"@id\":\"https:\/\/svarunica.com\/#organization\"},\"potentialAction\":[{\"@type\":\"SearchAction\",\"target\":{\"@type\":\"EntryPoint\",\"urlTemplate\":\"https:\/\/svarunica.com\/?s={search_term_string}\"},\"query-input\":{\"@type\":\"PropertyValueSpecification\",\"valueRequired\":true,\"valueName\":\"search_term_string\"}}],\"inLanguage\":\"sl-SI\"},{\"@type\":\"Organization\",\"@id\":\"https:\/\/svarunica.com\/#organization\",\"name\":\"Svarunica\",\"url\":\"https:\/\/svarunica.com\/\",\"logo\":{\"@type\":\"ImageObject\",\"inLanguage\":\"sl-SI\",\"@id\":\"https:\/\/svarunica.com\/#\/schema\/logo\/image\/\",\"url\":\"https:\/\/svarunica.com\/wp-content\/uploads\/2021\/07\/cropped-cropped-svarunica-text-2.png\",\"contentUrl\":\"https:\/\/svarunica.com\/wp-content\/uploads\/2021\/07\/cropped-cropped-svarunica-text-2.png\",\"width\":676,\"height\":179,\"caption\":\"Svarunica\"},\"image\":{\"@id\":\"https:\/\/svarunica.com\/#\/schema\/logo\/image\/\"}}]}<\/script>\n<!-- \/ Yoast SEO plugin. -->","yoast_head_json":{"title":"Majica s kratkimi rokavi: Svetovid - Svarunica","robots":{"index":"index","follow":"follow","max-snippet":"max-snippet:-1","max-image-preview":"max-image-preview:large","max-video-preview":"max-video-preview:-1"},"canonical":"https:\/\/svarunica.com\/sl\/izdelek\/majica-s-kratkimi-rokavi-svetovid\/","og_locale":"sl_SI","og_type":"article","og_title":"Majica s kratkimi rokavi: Svetovid - Svarunica","og_description":"Dizajn na majici prikazuje vse \u0161tiri strani Svetovidovega idola (Sventevith, Suvid, Svantevit, Svantovit, Svantov\u00edt, Swantov\u00edt, Sventovit, ...). Svetovid ima \u0161tiri glave, ki gledajo na vse strani sveta, ponazarja vse \u0161tiri letne \u010dase in \u0161tiri bogove in boginje. Svetovid je tudi bog svetlobe, \u017eetve, plodnosti, vojne. Eden njegovih najlep\u0161ih templjev je stal na Kap Arkoni. Sveti\u0161\u010de je bilo tudi najbolj prepoznaven kraj prerokovanja v Evropi, primerljiv z gr\u0161kimi Delfi.","og_url":"https:\/\/svarunica.com\/sl\/izdelek\/majica-s-kratkimi-rokavi-svetovid\/","og_site_name":"Svarunica","article_modified_time":"2021-10-05T10:09:33+00:00","og_image":[{"width":1417,"height":945,"url":"https:\/\/svarunica.com\/wp-content\/uploads\/2021\/07\/svet1.jpg","type":"image\/jpeg"}],"twitter_card":"summary_large_image","twitter_misc":{"Est. reading time":"1 minuta"},"schema":{"@context":"https:\/\/schema.org","@graph":[{"@type":"WebPage","@id":"https:\/\/svarunica.com\/sl\/izdelek\/majica-s-kratkimi-rokavi-svetovid\/","url":"https:\/\/svarunica.com\/sl\/izdelek\/majica-s-kratkimi-rokavi-svetovid\/","name":"Majica s kratkimi rokavi: Svetovid - Svarunica","isPartOf":{"@id":"https:\/\/svarunica.com\/#website"},"primaryImageOfPage":{"@id":"https:\/\/svarunica.com\/sl\/izdelek\/majica-s-kratkimi-rokavi-svetovid\/#primaryimage"},"image":{"@id":"https:\/\/svarunica.com\/sl\/izdelek\/majica-s-kratkimi-rokavi-svetovid\/#primaryimage"},"thumbnailUrl":"https:\/\/svarunica.com\/wp-content\/uploads\/2021\/07\/svet1.jpg","datePublished":"2021-07-26T11:14:29+00:00","dateModified":"2021-10-05T10:09:33+00:00","breadcrumb":{"@id":"https:\/\/svarunica.com\/sl\/izdelek\/majica-s-kratkimi-rokavi-svetovid\/#breadcrumb"},"inLanguage":"sl-SI","potentialAction":[{"@type":"ReadAction","target":["https:\/\/svarunica.com\/sl\/izdelek\/majica-s-kratkimi-rokavi-svetovid\/"]}]},{"@type":"ImageObject","inLanguage":"sl-SI","@id":"https:\/\/svarunica.com\/sl\/izdelek\/majica-s-kratkimi-rokavi-svetovid\/#primaryimage","url":"https:\/\/svarunica.com\/wp-content\/uploads\/2021\/07\/svet1.jpg","contentUrl":"https:\/\/svarunica.com\/wp-content\/uploads\/2021\/07\/svet1.jpg","width":1417,"height":945,"caption":"svetovid shirt"},{"@type":"BreadcrumbList","@id":"https:\/\/svarunica.com\/sl\/izdelek\/majica-s-kratkimi-rokavi-svetovid\/#breadcrumb","itemListElement":[{"@type":"ListItem","position":1,"name":"Home","item":"https:\/\/svarunica.com\/sl\/"},{"@type":"ListItem","position":2,"name":"Trgovina","item":"https:\/\/svarunica.com\/sl\/trgovina\/"},{"@type":"ListItem","position":3,"name":"Majica s kratkimi rokavi: Svetovid"}]},{"@type":"WebSite","@id":"https:\/\/svarunica.com\/#website","url":"https:\/\/svarunica.com\/","name":"Svarunica","description":"","publisher":{"@id":"https:\/\/svarunica.com\/#organization"},"potentialAction":[{"@type":"SearchAction","target":{"@type":"EntryPoint","urlTemplate":"https:\/\/svarunica.com\/?s={search_term_string}"},"query-input":{"@type":"PropertyValueSpecification","valueRequired":true,"valueName":"search_term_string"}}],"inLanguage":"sl-SI"},{"@type":"Organization","@id":"https:\/\/svarunica.com\/#organization","name":"Svarunica","url":"https:\/\/svarunica.com\/","logo":{"@type":"ImageObject","inLanguage":"sl-SI","@id":"https:\/\/svarunica.com\/#\/schema\/logo\/image\/","url":"https:\/\/svarunica.com\/wp-content\/uploads\/2021\/07\/cropped-cropped-svarunica-text-2.png","contentUrl":"https:\/\/svarunica.com\/wp-content\/uploads\/2021\/07\/cropped-cropped-svarunica-text-2.png","width":676,"height":179,"caption":"Svarunica"},"image":{"@id":"https:\/\/svarunica.com\/#\/schema\/logo\/image\/"}}]}},"_links":{"self":[{"href":"https:\/\/svarunica.com\/sl\/wp-json\/wp\/v2\/product\/2031","targetHints":{"allow":["GET"]}}],"collection":[{"href":"https:\/\/svarunica.com\/sl\/wp-json\/wp\/v2\/product"}],"about":[{"href":"https:\/\/svarunica.com\/sl\/wp-json\/wp\/v2\/types\/product"}],"wp:featuredmedia":[{"embeddable":true,"href":"https:\/\/svarunica.com\/sl\/wp-json\/wp\/v2\/media\/1633"}],"wp:attachment":[{"href":"https:\/\/svarunica.com\/sl\/wp-json\/wp\/v2\/media?parent=2031"}],"wp:term":[{"taxonomy":"product_cat","embeddable":true,"href":"https:\/\/svarunica.com\/sl\/wp-json\/wp\/v2\/product_cat?post=2031"},{"taxonomy":"product_tag","embeddable":true,"href":"https:\/\/svarunica.com\/sl\/wp-json\/wp\/v2\/product_tag?post=2031"}],"curies":[{"name":"wp","href":"https:\/\/api.w.org\/{rel}","templated":true}]}}