{"id":2037,"date":"2021-07-21T14:51:57","date_gmt":"2021-07-21T12:51:57","guid":{"rendered":"https:\/\/svarunica.com\/product\/majica-s-kratkimi-rokavi-konjska-svastika\/"},"modified":"2021-07-21T14:51:57","modified_gmt":"2021-07-21T12:51:57","slug":"majica-s-kratkimi-rokavi-konjska-svastika","status":"publish","type":"product","link":"https:\/\/svarunica.com\/sl\/izdelek\/majica-s-kratkimi-rokavi-konjska-svastika\/","title":{"rendered":"Majica s kratkimi rokavi: Konjska svastika"},"content":{"rendered":"<p>Bel ali \u010drna visokokakovostna majica SOL\u2019S Imperial z odli\u010dnim DTG tiskom spredaj.<br \/>\nPred pranjem majico obrnite navznoter za dalj\u0161o obstojnost.<\/p>\n<p>Cena je navedena za majico in tisk, dodatne stro\u0161ke po\u0161iljanja si oglejte <a href=\"https:\/\/svarunica.com\/sl\/dostava-in-stroski-dostave\/\">TUKAJ<\/a>.<br \/>\nMajica je izdelana s sistemom &#8220;print on demand&#8221; (tisk na zahtevo), datum izdelave je cca. 3-5 delovnih dni.<\/p>\n<p>Pla\u010dilo za majico je mo\u017eno po predra\u010dunu.<\/p>\n<p>Majica je unisex, na voljo v velikostih: S, M, L, XL in XXL.<\/p>\n<p>Oblikovanje: \u00a9 Irena Petri\u010d<br \/>\nVe\u010d informacij o vsebini majice ali naro\u010dilo dizajna po meri za va\u0161o majico pi\u0161ite na: <a href=\"mailto:irena.svarunica@gmail.com\">irena.svarunica@gmail.com<\/a><\/p>\n","protected":false},"excerpt":{"rendered":"<p>Svastika dobesedno povrtenja\/gibanja, mo\u010di, zmage in regeneracije.<br \/>\nZnana je po vsem svetu med \u0161tevilnimi staroselci a \u017eal ima \u0161e vedno slabo konotacijo zaradi uporabe v ne\u010dastne namane med drugo svetovno vojno.<\/p>\n<p>Svastika s konjsko glavo je znana iz vzhodnih delov Evrope, najdemo pa jo tudi v Sloveniji v enem najve\u010djih \u017eeleznodobnih naselij z avtohtonimi prebivalci &#8211; na Magdalenski gori.<br \/>\nZasnova izvira iz skitske kulture, vendar je raz\u0161irjena po vsej Evropi.<br \/>\nZdi se, da so kasneje Rimljani sprejeli za svojo. Simbol najdemo tudi med Mongoli.<\/p>\n<p>&#8211;<\/p>\n<p>Pri nas imam imamo na voljo tudi obesek s Kolovratom, ki je dvojna svastika &#8211; TUKAJ kot za\u0161\u010ditni amulet.<br \/>\nObesek ima certifikat Art &amp; Craft Slovenia, ki ga je leta 2013 izdala Obrtno-podjetni\u0161ka zbornica Slovenije.<br \/>\n*\u010ce \u017eelite naro\u010diti \u017eensko majico, oddajte naro\u010dilo na na\u0161 e-po\u0161tni naslov, saj zanjoveljajo druga\u010dne cene.<\/p>\n","protected":false},"featured_media":1626,"template":"","meta":[],"product_cat":[456,457,466],"product_tag":[493,503,504,496,507,499,498,505,506,492,495,494,497,500],"class_list":{"0":"post-2037","1":"product","2":"type-product","3":"status-publish","4":"has-post-thumbnail","6":"product_cat-oblacila","7":"product_cat-majice","8":"product_cat-majice-simboli","9":"product_tag-kolovrat-sl","10":"product_tag-konjska-glava","11":"product_tag-konjska-svastika","12":"product_tag-krozenje","13":"product_tag-magdalenska-gora-sl","14":"product_tag-moc","15":"product_tag-ogenj","16":"product_tag-simbol-zelezne-dobe","17":"product_tag-skiti","18":"product_tag-slovanski-simbol","19":"product_tag-sonce","20":"product_tag-svastika","21":"product_tag-vecnost","22":"product_tag-zmaga","24":"first","25":"instock","26":"purchasable","27":"product-type-variable"},"yoast_head":"<!-- This site is optimized with the Yoast SEO plugin v23.9 - https:\/\/yoast.com\/wordpress\/plugins\/seo\/ -->\n<title>Majica s kratkimi rokavi: Konjska svastika - Svarunica<\/title>\n<meta name=\"robots\" content=\"index, follow, max-snippet:-1, max-image-preview:large, max-video-preview:-1\" \/>\n<link rel=\"canonical\" href=\"https:\/\/svarunica.com\/sl\/izdelek\/majica-s-kratkimi-rokavi-konjska-svastika\/\" \/>\n<meta property=\"og:locale\" content=\"sl_SI\" \/>\n<meta property=\"og:type\" content=\"article\" \/>\n<meta property=\"og:title\" content=\"Majica s kratkimi rokavi: Konjska svastika - Svarunica\" \/>\n<meta property=\"og:description\" content=\"Svastika dobesedno povrtenja\/gibanja, mo\u010di, zmage in regeneracije. Znana je po vsem svetu med \u0161tevilnimi staroselci a \u017eal ima \u0161e vedno slabo konotacijo zaradi uporabe v ne\u010dastne namane med drugo svetovno vojno.  Svastika s konjsko glavo je znana iz vzhodnih delov Evrope, najdemo pa jo tudi v Sloveniji v enem najve\u010djih \u017eeleznodobnih naselij z avtohtonimi prebivalci - na Magdalenski gori. Zasnova izvira iz skitske kulture, vendar je raz\u0161irjena po vsej Evropi. Zdi se, da so kasneje Rimljani sprejeli za svojo. Simbol najdemo tudi med Mongoli.  -  Pri nas imam imamo na voljo tudi obesek s Kolovratom, ki je dvojna svastika - TUKAJ kot za\u0161\u010ditni amulet. Obesek ima certifikat Art &amp; Craft Slovenia, ki ga je leta 2013 izdala Obrtno-podjetni\u0161ka zbornica Slovenije. *\u010ce \u017eelite naro\u010diti \u017eensko majico, oddajte naro\u010dilo na na\u0161 e-po\u0161tni naslov, saj zanjoveljajo druga\u010dne cene.\" \/>\n<meta property=\"og:url\" content=\"https:\/\/svarunica.com\/sl\/izdelek\/majica-s-kratkimi-rokavi-konjska-svastika\/\" \/>\n<meta property=\"og:site_name\" content=\"Svarunica\" \/>\n<meta property=\"og:image\" content=\"https:\/\/svarunica.com\/wp-content\/uploads\/2021\/07\/horse1.jpg\" \/>\n\t<meta property=\"og:image:width\" content=\"1134\" \/>\n\t<meta property=\"og:image:height\" content=\"756\" \/>\n\t<meta property=\"og:image:type\" content=\"image\/jpeg\" \/>\n<meta name=\"twitter:card\" content=\"summary_large_image\" \/>\n<meta name=\"twitter:label1\" content=\"Est. reading time\" \/>\n\t<meta name=\"twitter:data1\" content=\"1 minuta\" \/>\n<script type=\"application\/ld+json\" class=\"yoast-schema-graph\">{\"@context\":\"https:\/\/schema.org\",\"@graph\":[{\"@type\":\"WebPage\",\"@id\":\"https:\/\/svarunica.com\/sl\/izdelek\/majica-s-kratkimi-rokavi-konjska-svastika\/\",\"url\":\"https:\/\/svarunica.com\/sl\/izdelek\/majica-s-kratkimi-rokavi-konjska-svastika\/\",\"name\":\"Majica s kratkimi rokavi: Konjska svastika - Svarunica\",\"isPartOf\":{\"@id\":\"https:\/\/svarunica.com\/#website\"},\"primaryImageOfPage\":{\"@id\":\"https:\/\/svarunica.com\/sl\/izdelek\/majica-s-kratkimi-rokavi-konjska-svastika\/#primaryimage\"},\"image\":{\"@id\":\"https:\/\/svarunica.com\/sl\/izdelek\/majica-s-kratkimi-rokavi-konjska-svastika\/#primaryimage\"},\"thumbnailUrl\":\"https:\/\/svarunica.com\/wp-content\/uploads\/2021\/07\/horse1.jpg\",\"datePublished\":\"2021-07-21T12:51:57+00:00\",\"dateModified\":\"2021-07-21T12:51:57+00:00\",\"breadcrumb\":{\"@id\":\"https:\/\/svarunica.com\/sl\/izdelek\/majica-s-kratkimi-rokavi-konjska-svastika\/#breadcrumb\"},\"inLanguage\":\"sl-SI\",\"potentialAction\":[{\"@type\":\"ReadAction\",\"target\":[\"https:\/\/svarunica.com\/sl\/izdelek\/majica-s-kratkimi-rokavi-konjska-svastika\/\"]}]},{\"@type\":\"ImageObject\",\"inLanguage\":\"sl-SI\",\"@id\":\"https:\/\/svarunica.com\/sl\/izdelek\/majica-s-kratkimi-rokavi-konjska-svastika\/#primaryimage\",\"url\":\"https:\/\/svarunica.com\/wp-content\/uploads\/2021\/07\/horse1.jpg\",\"contentUrl\":\"https:\/\/svarunica.com\/wp-content\/uploads\/2021\/07\/horse1.jpg\",\"width\":1134,\"height\":756,\"caption\":\"horse swastika slavic svarunica store\"},{\"@type\":\"BreadcrumbList\",\"@id\":\"https:\/\/svarunica.com\/sl\/izdelek\/majica-s-kratkimi-rokavi-konjska-svastika\/#breadcrumb\",\"itemListElement\":[{\"@type\":\"ListItem\",\"position\":1,\"name\":\"Home\",\"item\":\"https:\/\/svarunica.com\/sl\/\"},{\"@type\":\"ListItem\",\"position\":2,\"name\":\"Trgovina\",\"item\":\"https:\/\/svarunica.com\/sl\/trgovina\/\"},{\"@type\":\"ListItem\",\"position\":3,\"name\":\"Majica s kratkimi rokavi: Konjska svastika\"}]},{\"@type\":\"WebSite\",\"@id\":\"https:\/\/svarunica.com\/#website\",\"url\":\"https:\/\/svarunica.com\/\",\"name\":\"Svarunica\",\"description\":\"\",\"publisher\":{\"@id\":\"https:\/\/svarunica.com\/#organization\"},\"potentialAction\":[{\"@type\":\"SearchAction\",\"target\":{\"@type\":\"EntryPoint\",\"urlTemplate\":\"https:\/\/svarunica.com\/?s={search_term_string}\"},\"query-input\":{\"@type\":\"PropertyValueSpecification\",\"valueRequired\":true,\"valueName\":\"search_term_string\"}}],\"inLanguage\":\"sl-SI\"},{\"@type\":\"Organization\",\"@id\":\"https:\/\/svarunica.com\/#organization\",\"name\":\"Svarunica\",\"url\":\"https:\/\/svarunica.com\/\",\"logo\":{\"@type\":\"ImageObject\",\"inLanguage\":\"sl-SI\",\"@id\":\"https:\/\/svarunica.com\/#\/schema\/logo\/image\/\",\"url\":\"https:\/\/svarunica.com\/wp-content\/uploads\/2021\/07\/cropped-cropped-svarunica-text-2.png\",\"contentUrl\":\"https:\/\/svarunica.com\/wp-content\/uploads\/2021\/07\/cropped-cropped-svarunica-text-2.png\",\"width\":676,\"height\":179,\"caption\":\"Svarunica\"},\"image\":{\"@id\":\"https:\/\/svarunica.com\/#\/schema\/logo\/image\/\"}}]}<\/script>\n<!-- \/ Yoast SEO plugin. -->","yoast_head_json":{"title":"Majica s kratkimi rokavi: Konjska svastika - Svarunica","robots":{"index":"index","follow":"follow","max-snippet":"max-snippet:-1","max-image-preview":"max-image-preview:large","max-video-preview":"max-video-preview:-1"},"canonical":"https:\/\/svarunica.com\/sl\/izdelek\/majica-s-kratkimi-rokavi-konjska-svastika\/","og_locale":"sl_SI","og_type":"article","og_title":"Majica s kratkimi rokavi: Konjska svastika - Svarunica","og_description":"Svastika dobesedno povrtenja\/gibanja, mo\u010di, zmage in regeneracije. Znana je po vsem svetu med \u0161tevilnimi staroselci a \u017eal ima \u0161e vedno slabo konotacijo zaradi uporabe v ne\u010dastne namane med drugo svetovno vojno.  Svastika s konjsko glavo je znana iz vzhodnih delov Evrope, najdemo pa jo tudi v Sloveniji v enem najve\u010djih \u017eeleznodobnih naselij z avtohtonimi prebivalci - na Magdalenski gori. Zasnova izvira iz skitske kulture, vendar je raz\u0161irjena po vsej Evropi. Zdi se, da so kasneje Rimljani sprejeli za svojo. Simbol najdemo tudi med Mongoli.  -  Pri nas imam imamo na voljo tudi obesek s Kolovratom, ki je dvojna svastika - TUKAJ kot za\u0161\u010ditni amulet. Obesek ima certifikat Art &amp; Craft Slovenia, ki ga je leta 2013 izdala Obrtno-podjetni\u0161ka zbornica Slovenije. *\u010ce \u017eelite naro\u010diti \u017eensko majico, oddajte naro\u010dilo na na\u0161 e-po\u0161tni naslov, saj zanjoveljajo druga\u010dne cene.","og_url":"https:\/\/svarunica.com\/sl\/izdelek\/majica-s-kratkimi-rokavi-konjska-svastika\/","og_site_name":"Svarunica","og_image":[{"width":1134,"height":756,"url":"https:\/\/svarunica.com\/wp-content\/uploads\/2021\/07\/horse1.jpg","type":"image\/jpeg"}],"twitter_card":"summary_large_image","twitter_misc":{"Est. reading time":"1 minuta"},"schema":{"@context":"https:\/\/schema.org","@graph":[{"@type":"WebPage","@id":"https:\/\/svarunica.com\/sl\/izdelek\/majica-s-kratkimi-rokavi-konjska-svastika\/","url":"https:\/\/svarunica.com\/sl\/izdelek\/majica-s-kratkimi-rokavi-konjska-svastika\/","name":"Majica s kratkimi rokavi: Konjska svastika - Svarunica","isPartOf":{"@id":"https:\/\/svarunica.com\/#website"},"primaryImageOfPage":{"@id":"https:\/\/svarunica.com\/sl\/izdelek\/majica-s-kratkimi-rokavi-konjska-svastika\/#primaryimage"},"image":{"@id":"https:\/\/svarunica.com\/sl\/izdelek\/majica-s-kratkimi-rokavi-konjska-svastika\/#primaryimage"},"thumbnailUrl":"https:\/\/svarunica.com\/wp-content\/uploads\/2021\/07\/horse1.jpg","datePublished":"2021-07-21T12:51:57+00:00","dateModified":"2021-07-21T12:51:57+00:00","breadcrumb":{"@id":"https:\/\/svarunica.com\/sl\/izdelek\/majica-s-kratkimi-rokavi-konjska-svastika\/#breadcrumb"},"inLanguage":"sl-SI","potentialAction":[{"@type":"ReadAction","target":["https:\/\/svarunica.com\/sl\/izdelek\/majica-s-kratkimi-rokavi-konjska-svastika\/"]}]},{"@type":"ImageObject","inLanguage":"sl-SI","@id":"https:\/\/svarunica.com\/sl\/izdelek\/majica-s-kratkimi-rokavi-konjska-svastika\/#primaryimage","url":"https:\/\/svarunica.com\/wp-content\/uploads\/2021\/07\/horse1.jpg","contentUrl":"https:\/\/svarunica.com\/wp-content\/uploads\/2021\/07\/horse1.jpg","width":1134,"height":756,"caption":"horse swastika slavic svarunica store"},{"@type":"BreadcrumbList","@id":"https:\/\/svarunica.com\/sl\/izdelek\/majica-s-kratkimi-rokavi-konjska-svastika\/#breadcrumb","itemListElement":[{"@type":"ListItem","position":1,"name":"Home","item":"https:\/\/svarunica.com\/sl\/"},{"@type":"ListItem","position":2,"name":"Trgovina","item":"https:\/\/svarunica.com\/sl\/trgovina\/"},{"@type":"ListItem","position":3,"name":"Majica s kratkimi rokavi: Konjska svastika"}]},{"@type":"WebSite","@id":"https:\/\/svarunica.com\/#website","url":"https:\/\/svarunica.com\/","name":"Svarunica","description":"","publisher":{"@id":"https:\/\/svarunica.com\/#organization"},"potentialAction":[{"@type":"SearchAction","target":{"@type":"EntryPoint","urlTemplate":"https:\/\/svarunica.com\/?s={search_term_string}"},"query-input":{"@type":"PropertyValueSpecification","valueRequired":true,"valueName":"search_term_string"}}],"inLanguage":"sl-SI"},{"@type":"Organization","@id":"https:\/\/svarunica.com\/#organization","name":"Svarunica","url":"https:\/\/svarunica.com\/","logo":{"@type":"ImageObject","inLanguage":"sl-SI","@id":"https:\/\/svarunica.com\/#\/schema\/logo\/image\/","url":"https:\/\/svarunica.com\/wp-content\/uploads\/2021\/07\/cropped-cropped-svarunica-text-2.png","contentUrl":"https:\/\/svarunica.com\/wp-content\/uploads\/2021\/07\/cropped-cropped-svarunica-text-2.png","width":676,"height":179,"caption":"Svarunica"},"image":{"@id":"https:\/\/svarunica.com\/#\/schema\/logo\/image\/"}}]}},"_links":{"self":[{"href":"https:\/\/svarunica.com\/sl\/wp-json\/wp\/v2\/product\/2037","targetHints":{"allow":["GET"]}}],"collection":[{"href":"https:\/\/svarunica.com\/sl\/wp-json\/wp\/v2\/product"}],"about":[{"href":"https:\/\/svarunica.com\/sl\/wp-json\/wp\/v2\/types\/product"}],"wp:featuredmedia":[{"embeddable":true,"href":"https:\/\/svarunica.com\/sl\/wp-json\/wp\/v2\/media\/1626"}],"wp:attachment":[{"href":"https:\/\/svarunica.com\/sl\/wp-json\/wp\/v2\/media?parent=2037"}],"wp:term":[{"taxonomy":"product_cat","embeddable":true,"href":"https:\/\/svarunica.com\/sl\/wp-json\/wp\/v2\/product_cat?post=2037"},{"taxonomy":"product_tag","embeddable":true,"href":"https:\/\/svarunica.com\/sl\/wp-json\/wp\/v2\/product_tag?post=2037"}],"curies":[{"name":"wp","href":"https:\/\/api.w.org\/{rel}","templated":true}]}}