{"id":2039,"date":"2021-07-21T13:11:21","date_gmt":"2021-07-21T11:11:21","guid":{"rendered":"https:\/\/svarunica.com\/product\/majica-s-kratkimi-rokavi-perunov-gromovni-znak\/"},"modified":"2021-10-11T10:27:48","modified_gmt":"2021-10-11T08:27:48","slug":"majica-s-kratkimi-rokavi-perunov-gromovni-znak","status":"publish","type":"product","link":"https:\/\/svarunica.com\/sl\/izdelek\/majica-s-kratkimi-rokavi-perunov-gromovni-znak\/","title":{"rendered":"Majica s kratkimi rokavi: Perunov gromovni znak"},"content":{"rendered":"<p>\u010crna visokokakovostna majica SOL\u2019S Imperial z odli\u010dnim DTG tiskom spredaj.<br \/>\nPred pranjem majico obrnite navznoter za dalj\u0161o obstojnost.<\/p>\n<p>Cena je navedena za majico in tisk, dodatne stro\u0161ke po\u0161iljanja si oglejte <a href=\"https:\/\/svarunica.com\/sl\/dostava-in-stroski-dostave\/\">TUKAJ<\/a>.<br \/>\nMajica je izdelana s sistemom &#8220;print on demand&#8221; (tisk na zahtevo), datum izdelave je cca. 3-5 delovnih dni.<\/p>\n<p>Pla\u010dilo za majico je mo\u017eno po predra\u010dunu.<\/p>\n<p>Majica je unisex, na voljo v velikostih: S, M, L, XL in XXL.<\/p>\n<p>Oblikovanje: \u00a9 Irena Petri\u010d<br \/>\nVe\u010d informacij o vsebini majice ali naro\u010dilo dizajna po meri za va\u0161o majico pi\u0161ite na: <a href=\"mailto:irena.svarunica@gmail.com\">irena.svarunica@gmail.com<\/a><\/p>\n","protected":false},"excerpt":{"rendered":"<p>Simbol na \u010drni majici predstavlja Perunov grom, znak, ki je znan tudi kot &#8220;Perunova sne\u017einka&#8221;.<br \/>\nJe simbol pravice in za\u0161\u010dite.<br \/>\nPerun je slovanski bog groma, vojne in pravi\u010dnosti, vladar neba, podoben nordijskemu Thoru. S prvo strelo, ki jo Perun po\u0161lje na zemljo, jo naredi spet plodno v novem cikli\u010dnem letu.<br \/>\nPerun \u0161e danes \u017eivi v ljudskih izrekih, kot je &#8220;Perun hudo uro bije&#8221;, ko grmi.<br \/>\nNa slovenskem ozemlju je Kresnik prevzel Perunovo vlogo s podobnimi lastnostmi.<br \/>\nVe\u010d o Perunu si lahko preberete <a href=\"https:\/\/svarunica.com\/sl\/mali-srpan-julij-in-akcija-peruna\/\">TUKAJ<\/a>.<\/p>\n<p>Pri nas imamo na voljo tudi obesek s Gromovnim znakom &#8211; <a href=\"https:\/\/svarunica.com\/sl\/izdelek\/leseni-obesek-gromovni-znak-na-rjavi-bombazni-vrvici\/\" target=\"_blank\" rel=\"noopener\">TUKAJ<\/a> kot za\u0161\u010ditni amulet.<br \/>\nObesek ima certifikat Art &amp; Craft Slovenia, ki ga je leta 2013 izdala Obrtno-podjetni\u0161ka zbornica Slovenije.<\/p>\n<p><em>*\u010ce \u017eelite naro\u010diti \u017eensko majico, oddajte naro\u010dilo na na\u0161 e-po\u0161tni naslov, saj zanjo veljajo druga\u010dne cene.<\/em><\/p>\n","protected":false},"featured_media":1527,"template":"","meta":[],"product_cat":[456,457,466],"product_tag":[508,482,509,460,492,510],"class_list":{"0":"post-2039","1":"product","2":"type-product","3":"status-publish","4":"has-post-thumbnail","6":"product_cat-oblacila","7":"product_cat-majice","8":"product_cat-majice-simboli","9":"product_tag-majica-s-slovansko-tematiko","10":"product_tag-perun-sl","11":"product_tag-perunov-simbol","12":"product_tag-slovanska-in-slovenska-dediscina","13":"product_tag-slovanski-simbol","14":"product_tag-zascita","16":"first","17":"instock","18":"purchasable","19":"product-type-variable"},"yoast_head":"<!-- This site is optimized with the Yoast SEO plugin v23.9 - https:\/\/yoast.com\/wordpress\/plugins\/seo\/ -->\n<title>Majica s kratkimi rokavi: Perunov gromovni znak - Svarunica<\/title>\n<meta name=\"robots\" content=\"index, follow, max-snippet:-1, max-image-preview:large, max-video-preview:-1\" \/>\n<link rel=\"canonical\" href=\"https:\/\/svarunica.com\/sl\/izdelek\/majica-s-kratkimi-rokavi-perunov-gromovni-znak\/\" \/>\n<meta property=\"og:locale\" content=\"sl_SI\" \/>\n<meta property=\"og:type\" content=\"article\" \/>\n<meta property=\"og:title\" content=\"Majica s kratkimi rokavi: Perunov gromovni znak - Svarunica\" \/>\n<meta property=\"og:description\" content=\"Simbol na \u010drni majici predstavlja Perunov grom, znak, ki je znan tudi kot &quot;Perunova sne\u017einka&quot;. Je simbol pravice in za\u0161\u010dite. Perun je slovanski bog groma, vojne in pravi\u010dnosti, vladar neba, podoben nordijskemu Thoru. S prvo strelo, ki jo Perun po\u0161lje na zemljo, jo naredi spet plodno v novem cikli\u010dnem letu. Perun \u0161e danes \u017eivi v ljudskih izrekih, kot je &quot;Perun hudo uro bije&quot;, ko grmi. Na slovenskem ozemlju je Kresnik prevzel Perunovo vlogo s podobnimi lastnostmi. Ve\u010d o Perunu si lahko preberete TUKAJ.  Pri nas imamo na voljo tudi obesek s Gromovnim znakom - TUKAJ kot za\u0161\u010ditni amulet. Obesek ima certifikat Art &amp; Craft Slovenia, ki ga je leta 2013 izdala Obrtno-podjetni\u0161ka zbornica Slovenije.  *\u010ce \u017eelite naro\u010diti \u017eensko majico, oddajte naro\u010dilo na na\u0161 e-po\u0161tni naslov, saj zanjo veljajo druga\u010dne cene.\" \/>\n<meta property=\"og:url\" content=\"https:\/\/svarunica.com\/sl\/izdelek\/majica-s-kratkimi-rokavi-perunov-gromovni-znak\/\" \/>\n<meta property=\"og:site_name\" content=\"Svarunica\" \/>\n<meta property=\"article:modified_time\" content=\"2021-10-11T08:27:48+00:00\" \/>\n<meta property=\"og:image\" content=\"https:\/\/svarunica.com\/wp-content\/uploads\/2021\/07\/smartmockups_koyay367.jpg\" \/>\n\t<meta property=\"og:image:width\" content=\"1920\" \/>\n\t<meta property=\"og:image:height\" content=\"1271\" \/>\n\t<meta property=\"og:image:type\" content=\"image\/jpeg\" \/>\n<meta name=\"twitter:card\" content=\"summary_large_image\" \/>\n<meta name=\"twitter:label1\" content=\"Est. reading time\" \/>\n\t<meta name=\"twitter:data1\" content=\"1 minuta\" \/>\n<script type=\"application\/ld+json\" class=\"yoast-schema-graph\">{\"@context\":\"https:\/\/schema.org\",\"@graph\":[{\"@type\":\"WebPage\",\"@id\":\"https:\/\/svarunica.com\/sl\/izdelek\/majica-s-kratkimi-rokavi-perunov-gromovni-znak\/\",\"url\":\"https:\/\/svarunica.com\/sl\/izdelek\/majica-s-kratkimi-rokavi-perunov-gromovni-znak\/\",\"name\":\"Majica s kratkimi rokavi: Perunov gromovni znak - Svarunica\",\"isPartOf\":{\"@id\":\"https:\/\/svarunica.com\/#website\"},\"primaryImageOfPage\":{\"@id\":\"https:\/\/svarunica.com\/sl\/izdelek\/majica-s-kratkimi-rokavi-perunov-gromovni-znak\/#primaryimage\"},\"image\":{\"@id\":\"https:\/\/svarunica.com\/sl\/izdelek\/majica-s-kratkimi-rokavi-perunov-gromovni-znak\/#primaryimage\"},\"thumbnailUrl\":\"https:\/\/svarunica.com\/wp-content\/uploads\/2021\/07\/smartmockups_koyay367.jpg\",\"datePublished\":\"2021-07-21T11:11:21+00:00\",\"dateModified\":\"2021-10-11T08:27:48+00:00\",\"breadcrumb\":{\"@id\":\"https:\/\/svarunica.com\/sl\/izdelek\/majica-s-kratkimi-rokavi-perunov-gromovni-znak\/#breadcrumb\"},\"inLanguage\":\"sl-SI\",\"potentialAction\":[{\"@type\":\"ReadAction\",\"target\":[\"https:\/\/svarunica.com\/sl\/izdelek\/majica-s-kratkimi-rokavi-perunov-gromovni-znak\/\"]}]},{\"@type\":\"ImageObject\",\"inLanguage\":\"sl-SI\",\"@id\":\"https:\/\/svarunica.com\/sl\/izdelek\/majica-s-kratkimi-rokavi-perunov-gromovni-znak\/#primaryimage\",\"url\":\"https:\/\/svarunica.com\/wp-content\/uploads\/2021\/07\/smartmockups_koyay367.jpg\",\"contentUrl\":\"https:\/\/svarunica.com\/wp-content\/uploads\/2021\/07\/smartmockups_koyay367.jpg\",\"width\":1920,\"height\":1271,\"caption\":\"perun's mark svarunica store shirt\"},{\"@type\":\"BreadcrumbList\",\"@id\":\"https:\/\/svarunica.com\/sl\/izdelek\/majica-s-kratkimi-rokavi-perunov-gromovni-znak\/#breadcrumb\",\"itemListElement\":[{\"@type\":\"ListItem\",\"position\":1,\"name\":\"Home\",\"item\":\"https:\/\/svarunica.com\/sl\/\"},{\"@type\":\"ListItem\",\"position\":2,\"name\":\"Trgovina\",\"item\":\"https:\/\/svarunica.com\/sl\/trgovina\/\"},{\"@type\":\"ListItem\",\"position\":3,\"name\":\"Majica s kratkimi rokavi: Perunov gromovni znak\"}]},{\"@type\":\"WebSite\",\"@id\":\"https:\/\/svarunica.com\/#website\",\"url\":\"https:\/\/svarunica.com\/\",\"name\":\"Svarunica\",\"description\":\"\",\"publisher\":{\"@id\":\"https:\/\/svarunica.com\/#organization\"},\"potentialAction\":[{\"@type\":\"SearchAction\",\"target\":{\"@type\":\"EntryPoint\",\"urlTemplate\":\"https:\/\/svarunica.com\/?s={search_term_string}\"},\"query-input\":{\"@type\":\"PropertyValueSpecification\",\"valueRequired\":true,\"valueName\":\"search_term_string\"}}],\"inLanguage\":\"sl-SI\"},{\"@type\":\"Organization\",\"@id\":\"https:\/\/svarunica.com\/#organization\",\"name\":\"Svarunica\",\"url\":\"https:\/\/svarunica.com\/\",\"logo\":{\"@type\":\"ImageObject\",\"inLanguage\":\"sl-SI\",\"@id\":\"https:\/\/svarunica.com\/#\/schema\/logo\/image\/\",\"url\":\"https:\/\/svarunica.com\/wp-content\/uploads\/2021\/07\/cropped-cropped-svarunica-text-2.png\",\"contentUrl\":\"https:\/\/svarunica.com\/wp-content\/uploads\/2021\/07\/cropped-cropped-svarunica-text-2.png\",\"width\":676,\"height\":179,\"caption\":\"Svarunica\"},\"image\":{\"@id\":\"https:\/\/svarunica.com\/#\/schema\/logo\/image\/\"}}]}<\/script>\n<!-- \/ Yoast SEO plugin. -->","yoast_head_json":{"title":"Majica s kratkimi rokavi: Perunov gromovni znak - Svarunica","robots":{"index":"index","follow":"follow","max-snippet":"max-snippet:-1","max-image-preview":"max-image-preview:large","max-video-preview":"max-video-preview:-1"},"canonical":"https:\/\/svarunica.com\/sl\/izdelek\/majica-s-kratkimi-rokavi-perunov-gromovni-znak\/","og_locale":"sl_SI","og_type":"article","og_title":"Majica s kratkimi rokavi: Perunov gromovni znak - Svarunica","og_description":"Simbol na \u010drni majici predstavlja Perunov grom, znak, ki je znan tudi kot \"Perunova sne\u017einka\". Je simbol pravice in za\u0161\u010dite. Perun je slovanski bog groma, vojne in pravi\u010dnosti, vladar neba, podoben nordijskemu Thoru. S prvo strelo, ki jo Perun po\u0161lje na zemljo, jo naredi spet plodno v novem cikli\u010dnem letu. Perun \u0161e danes \u017eivi v ljudskih izrekih, kot je \"Perun hudo uro bije\", ko grmi. Na slovenskem ozemlju je Kresnik prevzel Perunovo vlogo s podobnimi lastnostmi. Ve\u010d o Perunu si lahko preberete TUKAJ.  Pri nas imamo na voljo tudi obesek s Gromovnim znakom - TUKAJ kot za\u0161\u010ditni amulet. Obesek ima certifikat Art &amp; Craft Slovenia, ki ga je leta 2013 izdala Obrtno-podjetni\u0161ka zbornica Slovenije.  *\u010ce \u017eelite naro\u010diti \u017eensko majico, oddajte naro\u010dilo na na\u0161 e-po\u0161tni naslov, saj zanjo veljajo druga\u010dne cene.","og_url":"https:\/\/svarunica.com\/sl\/izdelek\/majica-s-kratkimi-rokavi-perunov-gromovni-znak\/","og_site_name":"Svarunica","article_modified_time":"2021-10-11T08:27:48+00:00","og_image":[{"width":1920,"height":1271,"url":"https:\/\/svarunica.com\/wp-content\/uploads\/2021\/07\/smartmockups_koyay367.jpg","type":"image\/jpeg"}],"twitter_card":"summary_large_image","twitter_misc":{"Est. reading time":"1 minuta"},"schema":{"@context":"https:\/\/schema.org","@graph":[{"@type":"WebPage","@id":"https:\/\/svarunica.com\/sl\/izdelek\/majica-s-kratkimi-rokavi-perunov-gromovni-znak\/","url":"https:\/\/svarunica.com\/sl\/izdelek\/majica-s-kratkimi-rokavi-perunov-gromovni-znak\/","name":"Majica s kratkimi rokavi: Perunov gromovni znak - Svarunica","isPartOf":{"@id":"https:\/\/svarunica.com\/#website"},"primaryImageOfPage":{"@id":"https:\/\/svarunica.com\/sl\/izdelek\/majica-s-kratkimi-rokavi-perunov-gromovni-znak\/#primaryimage"},"image":{"@id":"https:\/\/svarunica.com\/sl\/izdelek\/majica-s-kratkimi-rokavi-perunov-gromovni-znak\/#primaryimage"},"thumbnailUrl":"https:\/\/svarunica.com\/wp-content\/uploads\/2021\/07\/smartmockups_koyay367.jpg","datePublished":"2021-07-21T11:11:21+00:00","dateModified":"2021-10-11T08:27:48+00:00","breadcrumb":{"@id":"https:\/\/svarunica.com\/sl\/izdelek\/majica-s-kratkimi-rokavi-perunov-gromovni-znak\/#breadcrumb"},"inLanguage":"sl-SI","potentialAction":[{"@type":"ReadAction","target":["https:\/\/svarunica.com\/sl\/izdelek\/majica-s-kratkimi-rokavi-perunov-gromovni-znak\/"]}]},{"@type":"ImageObject","inLanguage":"sl-SI","@id":"https:\/\/svarunica.com\/sl\/izdelek\/majica-s-kratkimi-rokavi-perunov-gromovni-znak\/#primaryimage","url":"https:\/\/svarunica.com\/wp-content\/uploads\/2021\/07\/smartmockups_koyay367.jpg","contentUrl":"https:\/\/svarunica.com\/wp-content\/uploads\/2021\/07\/smartmockups_koyay367.jpg","width":1920,"height":1271,"caption":"perun's mark svarunica store shirt"},{"@type":"BreadcrumbList","@id":"https:\/\/svarunica.com\/sl\/izdelek\/majica-s-kratkimi-rokavi-perunov-gromovni-znak\/#breadcrumb","itemListElement":[{"@type":"ListItem","position":1,"name":"Home","item":"https:\/\/svarunica.com\/sl\/"},{"@type":"ListItem","position":2,"name":"Trgovina","item":"https:\/\/svarunica.com\/sl\/trgovina\/"},{"@type":"ListItem","position":3,"name":"Majica s kratkimi rokavi: Perunov gromovni znak"}]},{"@type":"WebSite","@id":"https:\/\/svarunica.com\/#website","url":"https:\/\/svarunica.com\/","name":"Svarunica","description":"","publisher":{"@id":"https:\/\/svarunica.com\/#organization"},"potentialAction":[{"@type":"SearchAction","target":{"@type":"EntryPoint","urlTemplate":"https:\/\/svarunica.com\/?s={search_term_string}"},"query-input":{"@type":"PropertyValueSpecification","valueRequired":true,"valueName":"search_term_string"}}],"inLanguage":"sl-SI"},{"@type":"Organization","@id":"https:\/\/svarunica.com\/#organization","name":"Svarunica","url":"https:\/\/svarunica.com\/","logo":{"@type":"ImageObject","inLanguage":"sl-SI","@id":"https:\/\/svarunica.com\/#\/schema\/logo\/image\/","url":"https:\/\/svarunica.com\/wp-content\/uploads\/2021\/07\/cropped-cropped-svarunica-text-2.png","contentUrl":"https:\/\/svarunica.com\/wp-content\/uploads\/2021\/07\/cropped-cropped-svarunica-text-2.png","width":676,"height":179,"caption":"Svarunica"},"image":{"@id":"https:\/\/svarunica.com\/#\/schema\/logo\/image\/"}}]}},"_links":{"self":[{"href":"https:\/\/svarunica.com\/sl\/wp-json\/wp\/v2\/product\/2039","targetHints":{"allow":["GET"]}}],"collection":[{"href":"https:\/\/svarunica.com\/sl\/wp-json\/wp\/v2\/product"}],"about":[{"href":"https:\/\/svarunica.com\/sl\/wp-json\/wp\/v2\/types\/product"}],"wp:featuredmedia":[{"embeddable":true,"href":"https:\/\/svarunica.com\/sl\/wp-json\/wp\/v2\/media\/1527"}],"wp:attachment":[{"href":"https:\/\/svarunica.com\/sl\/wp-json\/wp\/v2\/media?parent=2039"}],"wp:term":[{"taxonomy":"product_cat","embeddable":true,"href":"https:\/\/svarunica.com\/sl\/wp-json\/wp\/v2\/product_cat?post=2039"},{"taxonomy":"product_tag","embeddable":true,"href":"https:\/\/svarunica.com\/sl\/wp-json\/wp\/v2\/product_tag?post=2039"}],"curies":[{"name":"wp","href":"https:\/\/api.w.org\/{rel}","templated":true}]}}