{"id":2080,"date":"2021-10-05T19:17:11","date_gmt":"2021-10-05T17:17:11","guid":{"rendered":"https:\/\/svarunica.com\/product\/branje-kart-osnovno\/"},"modified":"2024-09-26T18:16:36","modified_gmt":"2024-09-26T16:16:36","slug":"branje-kart-osnovno","status":"publish","type":"product","link":"https:\/\/svarunica.com\/sl\/izdelek\/branje-kart-osnovno\/","title":{"rendered":"Branje kart &#8211; osnovno"},"content":{"rendered":"<p>Set kart z staroslovensko in staroslovansko motiviko je sestavljen iz umetni\u0161kih del slovenske umetnice, oblikovalke in varuhinje tradicionalnih, rodnih izro\u010dil Irene Petri\u010d (rojene Urankar), ki je na tem podro\u010dju dejavna \u017ee ve\u010d kot desetletje; ustvarja in promovira slovansko dedi\u0161\u010dino skozi umetnost, prirejanje javnih dogodkov in letnih obredov, predavanj, delavnic. Napisala je veliko \u010dlankov za tiskane revije in za splet.<\/p>\n<p>Irena ima veliko izku\u0161enj tudi pri branju vikin\u0161kih run pri \u010demer se je njena pot za\u010dela pred 20 leti.<\/p>\n<p>Pri svojem delu sodeluje tudi z mo\u017eem, Erikom Petri\u010dem, hipnoterapevtom.<\/p>\n<p>Ve\u010d let se je naslanjala tudi na kitajsko medicino pri spopadanju z zdravstvenimi in drugimi te\u017eavami, leta 2018 pa je napisala knjigo Umetnost branja obraza, ki temelji na ve\u010d tiso\u010dletnemu znanju, ki se uporablja \u0161e danes.<\/p>\n<p>Imela je veliko predavanj in delavnic za osebno in poslovno rast s prakti\u010dno uporabo znanja o branju obrazov, da bi lahko bolje komunicirali in se tudi sami bolje razvijali v zavedanju svoje naravne predispozicij v \u017eivljenju.<\/p>\n<p>Je tudi mojstrica Reikija, predvsem pa \u017eena, mati stopajo\u010d po poti svojih rodnih prednikov.<\/p>\n<p>Njena notranja mo\u010d izvira iz njene dru\u017eine in matere narave; iz gozda, preko naravnega vrtnarjenja in glasbe.<\/p>\n","protected":false},"excerpt":{"rendered":"<p>Z vpogledom v ta edinstven, slovanski set kart, vam ponujamo \u0161tevilne, koristne nasvete o tem, kako nadaljevati svojo pot.<br \/>\nKarte povedo \u010desa morda \u0161e niste re\u0161ili iz svoje preteklosti in kam ste namenjeni, kako prestopite svoje prepreke in kako to dose\u010di.<br \/>\nKam in kako se obrnete po pomo\u010d, ki vam pomaga do cilja.<\/p>\n<p>Karte vam bodo razkrile kdo iz duhovnega sveta vas bo vodil po va\u0161i izbrani poti, glede va\u0161ega vpra\u0161anja, zato je pomembno, da se pove\u017eete z njim\/njo in da kar najbolje izkoristite situacijo. Dobili boste nasvet, kako to storiti.<\/p>\n<p>Bolj konkretno je vpra\u0161anje, ki ga postavite, bolj konkreten odgovor boste tudi dobili.<\/p>\n<p>&#8220;Osnovno branje&#8221; pomeni, da lahko zastavite eno konkretno vpra\u0161anje.<br \/>\nDobili boste razlago s smernicami na eni strani skupaj s predogledom postavitve kart.<\/p>\n<p>Cena: 35 eur.<br \/>\n<strong>Trenutno v akciji zaradi praznovanja na\u0161ega 10. rojstnega dne meseca Kimavca\/Septembra 2024: 25 eur!<\/strong><\/p>\n<p><strong>Storitev je izvedljiva zgolj z vnaprej\u0161njim pla\u010dilom.<\/strong><br \/>\nBranje preprosto naro\u010dite v trgovini in napi\u0161ete svoje vpra\u0161anje pod komentarji va\u0161ega naro\u010dila v fazi zaklju\u010dka naro\u010dila.<br \/>\nNa e-po\u0161to dobite poro\u010dilo v roku treh delovnih dni od transakcije.<\/p>\n<p>Z veseljem vam pomagamo.<\/p>\n","protected":false},"featured_media":2069,"template":"","meta":[],"product_cat":[523,359],"product_tag":[524,529,530,475,528,460,525],"class_list":{"0":"post-2080","1":"product","2":"type-product","3":"status-publish","4":"has-post-thumbnail","6":"product_cat-branje-iz-kart","7":"product_cat-uncategorized-sl","8":"product_tag-branje-iz-kart","9":"product_tag-duhovno-vodenje","10":"product_tag-onostranstvo","11":"product_tag-prerokovanje","12":"product_tag-slovanska-duhovnost","13":"product_tag-slovanska-in-slovenska-dediscina","14":"product_tag-slovansko-vedezevanje","16":"first","17":"instock","18":"sale","19":"downloadable","20":"virtual","21":"purchasable","22":"product-type-simple"},"yoast_head":"<!-- This site is optimized with the Yoast SEO plugin v23.9 - https:\/\/yoast.com\/wordpress\/plugins\/seo\/ -->\n<title>Branje kart - osnovno - Svarunica<\/title>\n<meta name=\"robots\" content=\"index, follow, max-snippet:-1, max-image-preview:large, max-video-preview:-1\" \/>\n<link rel=\"canonical\" href=\"https:\/\/svarunica.com\/sl\/izdelek\/branje-kart-osnovno\/\" \/>\n<meta property=\"og:locale\" content=\"sl_SI\" \/>\n<meta property=\"og:type\" content=\"article\" \/>\n<meta property=\"og:title\" content=\"Branje kart - osnovno - Svarunica\" \/>\n<meta property=\"og:description\" content=\"Z vpogledom v ta edinstven, slovanski set kart, vam ponujamo \u0161tevilne, koristne nasvete o tem, kako nadaljevati svojo pot. Karte povedo \u010desa morda \u0161e niste re\u0161ili iz svoje preteklosti in kam ste namenjeni, kako prestopite svoje prepreke in kako to dose\u010di. Kam in kako se obrnete po pomo\u010d, ki vam pomaga do cilja.  Karte vam bodo razkrile kdo iz duhovnega sveta vas bo vodil po va\u0161i izbrani poti, glede va\u0161ega vpra\u0161anja, zato je pomembno, da se pove\u017eete z njim\/njo in da kar najbolje izkoristite situacijo. Dobili boste nasvet, kako to storiti.  Bolj konkretno je vpra\u0161anje, ki ga postavite, bolj konkreten odgovor boste tudi dobili.  &quot;Osnovno branje&quot; pomeni, da lahko zastavite eno konkretno vpra\u0161anje. Dobili boste razlago s smernicami na eni strani skupaj s predogledom postavitve kart.  Cena: 35 eur. Trenutno v akciji zaradi praznovanja na\u0161ega 10. rojstnega dne meseca Kimavca\/Septembra 2024: 25 eur!  Storitev je izvedljiva zgolj z vnaprej\u0161njim pla\u010dilom. Branje preprosto naro\u010dite v trgovini in napi\u0161ete svoje vpra\u0161anje pod komentarji va\u0161ega naro\u010dila v fazi zaklju\u010dka naro\u010dila. Na e-po\u0161to dobite poro\u010dilo v roku treh delovnih dni od transakcije.  Z veseljem vam pomagamo.\" \/>\n<meta property=\"og:url\" content=\"https:\/\/svarunica.com\/sl\/izdelek\/branje-kart-osnovno\/\" \/>\n<meta property=\"og:site_name\" content=\"Svarunica\" \/>\n<meta property=\"article:modified_time\" content=\"2024-09-26T16:16:36+00:00\" \/>\n<meta property=\"og:image\" content=\"https:\/\/svarunica.com\/wp-content\/uploads\/2021\/10\/svarunica-vedezevanje-4-scaled.jpg\" \/>\n\t<meta property=\"og:image:width\" content=\"2560\" \/>\n\t<meta property=\"og:image:height\" content=\"1920\" \/>\n\t<meta property=\"og:image:type\" content=\"image\/jpeg\" \/>\n<meta name=\"twitter:card\" content=\"summary_large_image\" \/>\n<meta name=\"twitter:label1\" content=\"Est. reading time\" \/>\n\t<meta name=\"twitter:data1\" content=\"1 minuta\" \/>\n<script type=\"application\/ld+json\" class=\"yoast-schema-graph\">{\"@context\":\"https:\/\/schema.org\",\"@graph\":[{\"@type\":\"WebPage\",\"@id\":\"https:\/\/svarunica.com\/sl\/izdelek\/branje-kart-osnovno\/\",\"url\":\"https:\/\/svarunica.com\/sl\/izdelek\/branje-kart-osnovno\/\",\"name\":\"Branje kart - osnovno - Svarunica\",\"isPartOf\":{\"@id\":\"https:\/\/svarunica.com\/#website\"},\"primaryImageOfPage\":{\"@id\":\"https:\/\/svarunica.com\/sl\/izdelek\/branje-kart-osnovno\/#primaryimage\"},\"image\":{\"@id\":\"https:\/\/svarunica.com\/sl\/izdelek\/branje-kart-osnovno\/#primaryimage\"},\"thumbnailUrl\":\"https:\/\/svarunica.com\/wp-content\/uploads\/2021\/10\/svarunica-vedezevanje-4-scaled.jpg\",\"datePublished\":\"2021-10-05T17:17:11+00:00\",\"dateModified\":\"2024-09-26T16:16:36+00:00\",\"breadcrumb\":{\"@id\":\"https:\/\/svarunica.com\/sl\/izdelek\/branje-kart-osnovno\/#breadcrumb\"},\"inLanguage\":\"sl-SI\",\"potentialAction\":[{\"@type\":\"ReadAction\",\"target\":[\"https:\/\/svarunica.com\/sl\/izdelek\/branje-kart-osnovno\/\"]}]},{\"@type\":\"ImageObject\",\"inLanguage\":\"sl-SI\",\"@id\":\"https:\/\/svarunica.com\/sl\/izdelek\/branje-kart-osnovno\/#primaryimage\",\"url\":\"https:\/\/svarunica.com\/wp-content\/uploads\/2021\/10\/svarunica-vedezevanje-4-scaled.jpg\",\"contentUrl\":\"https:\/\/svarunica.com\/wp-content\/uploads\/2021\/10\/svarunica-vedezevanje-4-scaled.jpg\",\"width\":2560,\"height\":1920,\"caption\":\"slavic oracle\"},{\"@type\":\"BreadcrumbList\",\"@id\":\"https:\/\/svarunica.com\/sl\/izdelek\/branje-kart-osnovno\/#breadcrumb\",\"itemListElement\":[{\"@type\":\"ListItem\",\"position\":1,\"name\":\"Home\",\"item\":\"https:\/\/svarunica.com\/sl\/\"},{\"@type\":\"ListItem\",\"position\":2,\"name\":\"Trgovina\",\"item\":\"https:\/\/svarunica.com\/sl\/trgovina\/\"},{\"@type\":\"ListItem\",\"position\":3,\"name\":\"Branje kart &#8211; osnovno\"}]},{\"@type\":\"WebSite\",\"@id\":\"https:\/\/svarunica.com\/#website\",\"url\":\"https:\/\/svarunica.com\/\",\"name\":\"Svarunica\",\"description\":\"\",\"publisher\":{\"@id\":\"https:\/\/svarunica.com\/#organization\"},\"potentialAction\":[{\"@type\":\"SearchAction\",\"target\":{\"@type\":\"EntryPoint\",\"urlTemplate\":\"https:\/\/svarunica.com\/?s={search_term_string}\"},\"query-input\":{\"@type\":\"PropertyValueSpecification\",\"valueRequired\":true,\"valueName\":\"search_term_string\"}}],\"inLanguage\":\"sl-SI\"},{\"@type\":\"Organization\",\"@id\":\"https:\/\/svarunica.com\/#organization\",\"name\":\"Svarunica\",\"url\":\"https:\/\/svarunica.com\/\",\"logo\":{\"@type\":\"ImageObject\",\"inLanguage\":\"sl-SI\",\"@id\":\"https:\/\/svarunica.com\/#\/schema\/logo\/image\/\",\"url\":\"https:\/\/svarunica.com\/wp-content\/uploads\/2021\/07\/cropped-cropped-svarunica-text-2.png\",\"contentUrl\":\"https:\/\/svarunica.com\/wp-content\/uploads\/2021\/07\/cropped-cropped-svarunica-text-2.png\",\"width\":676,\"height\":179,\"caption\":\"Svarunica\"},\"image\":{\"@id\":\"https:\/\/svarunica.com\/#\/schema\/logo\/image\/\"}}]}<\/script>\n<!-- \/ Yoast SEO plugin. -->","yoast_head_json":{"title":"Branje kart - osnovno - Svarunica","robots":{"index":"index","follow":"follow","max-snippet":"max-snippet:-1","max-image-preview":"max-image-preview:large","max-video-preview":"max-video-preview:-1"},"canonical":"https:\/\/svarunica.com\/sl\/izdelek\/branje-kart-osnovno\/","og_locale":"sl_SI","og_type":"article","og_title":"Branje kart - osnovno - Svarunica","og_description":"Z vpogledom v ta edinstven, slovanski set kart, vam ponujamo \u0161tevilne, koristne nasvete o tem, kako nadaljevati svojo pot. Karte povedo \u010desa morda \u0161e niste re\u0161ili iz svoje preteklosti in kam ste namenjeni, kako prestopite svoje prepreke in kako to dose\u010di. Kam in kako se obrnete po pomo\u010d, ki vam pomaga do cilja.  Karte vam bodo razkrile kdo iz duhovnega sveta vas bo vodil po va\u0161i izbrani poti, glede va\u0161ega vpra\u0161anja, zato je pomembno, da se pove\u017eete z njim\/njo in da kar najbolje izkoristite situacijo. Dobili boste nasvet, kako to storiti.  Bolj konkretno je vpra\u0161anje, ki ga postavite, bolj konkreten odgovor boste tudi dobili.  \"Osnovno branje\" pomeni, da lahko zastavite eno konkretno vpra\u0161anje. Dobili boste razlago s smernicami na eni strani skupaj s predogledom postavitve kart.  Cena: 35 eur. Trenutno v akciji zaradi praznovanja na\u0161ega 10. rojstnega dne meseca Kimavca\/Septembra 2024: 25 eur!  Storitev je izvedljiva zgolj z vnaprej\u0161njim pla\u010dilom. Branje preprosto naro\u010dite v trgovini in napi\u0161ete svoje vpra\u0161anje pod komentarji va\u0161ega naro\u010dila v fazi zaklju\u010dka naro\u010dila. Na e-po\u0161to dobite poro\u010dilo v roku treh delovnih dni od transakcije.  Z veseljem vam pomagamo.","og_url":"https:\/\/svarunica.com\/sl\/izdelek\/branje-kart-osnovno\/","og_site_name":"Svarunica","article_modified_time":"2024-09-26T16:16:36+00:00","og_image":[{"width":2560,"height":1920,"url":"https:\/\/svarunica.com\/wp-content\/uploads\/2021\/10\/svarunica-vedezevanje-4-scaled.jpg","type":"image\/jpeg"}],"twitter_card":"summary_large_image","twitter_misc":{"Est. reading time":"1 minuta"},"schema":{"@context":"https:\/\/schema.org","@graph":[{"@type":"WebPage","@id":"https:\/\/svarunica.com\/sl\/izdelek\/branje-kart-osnovno\/","url":"https:\/\/svarunica.com\/sl\/izdelek\/branje-kart-osnovno\/","name":"Branje kart - osnovno - Svarunica","isPartOf":{"@id":"https:\/\/svarunica.com\/#website"},"primaryImageOfPage":{"@id":"https:\/\/svarunica.com\/sl\/izdelek\/branje-kart-osnovno\/#primaryimage"},"image":{"@id":"https:\/\/svarunica.com\/sl\/izdelek\/branje-kart-osnovno\/#primaryimage"},"thumbnailUrl":"https:\/\/svarunica.com\/wp-content\/uploads\/2021\/10\/svarunica-vedezevanje-4-scaled.jpg","datePublished":"2021-10-05T17:17:11+00:00","dateModified":"2024-09-26T16:16:36+00:00","breadcrumb":{"@id":"https:\/\/svarunica.com\/sl\/izdelek\/branje-kart-osnovno\/#breadcrumb"},"inLanguage":"sl-SI","potentialAction":[{"@type":"ReadAction","target":["https:\/\/svarunica.com\/sl\/izdelek\/branje-kart-osnovno\/"]}]},{"@type":"ImageObject","inLanguage":"sl-SI","@id":"https:\/\/svarunica.com\/sl\/izdelek\/branje-kart-osnovno\/#primaryimage","url":"https:\/\/svarunica.com\/wp-content\/uploads\/2021\/10\/svarunica-vedezevanje-4-scaled.jpg","contentUrl":"https:\/\/svarunica.com\/wp-content\/uploads\/2021\/10\/svarunica-vedezevanje-4-scaled.jpg","width":2560,"height":1920,"caption":"slavic oracle"},{"@type":"BreadcrumbList","@id":"https:\/\/svarunica.com\/sl\/izdelek\/branje-kart-osnovno\/#breadcrumb","itemListElement":[{"@type":"ListItem","position":1,"name":"Home","item":"https:\/\/svarunica.com\/sl\/"},{"@type":"ListItem","position":2,"name":"Trgovina","item":"https:\/\/svarunica.com\/sl\/trgovina\/"},{"@type":"ListItem","position":3,"name":"Branje kart &#8211; osnovno"}]},{"@type":"WebSite","@id":"https:\/\/svarunica.com\/#website","url":"https:\/\/svarunica.com\/","name":"Svarunica","description":"","publisher":{"@id":"https:\/\/svarunica.com\/#organization"},"potentialAction":[{"@type":"SearchAction","target":{"@type":"EntryPoint","urlTemplate":"https:\/\/svarunica.com\/?s={search_term_string}"},"query-input":{"@type":"PropertyValueSpecification","valueRequired":true,"valueName":"search_term_string"}}],"inLanguage":"sl-SI"},{"@type":"Organization","@id":"https:\/\/svarunica.com\/#organization","name":"Svarunica","url":"https:\/\/svarunica.com\/","logo":{"@type":"ImageObject","inLanguage":"sl-SI","@id":"https:\/\/svarunica.com\/#\/schema\/logo\/image\/","url":"https:\/\/svarunica.com\/wp-content\/uploads\/2021\/07\/cropped-cropped-svarunica-text-2.png","contentUrl":"https:\/\/svarunica.com\/wp-content\/uploads\/2021\/07\/cropped-cropped-svarunica-text-2.png","width":676,"height":179,"caption":"Svarunica"},"image":{"@id":"https:\/\/svarunica.com\/#\/schema\/logo\/image\/"}}]}},"_links":{"self":[{"href":"https:\/\/svarunica.com\/sl\/wp-json\/wp\/v2\/product\/2080","targetHints":{"allow":["GET"]}}],"collection":[{"href":"https:\/\/svarunica.com\/sl\/wp-json\/wp\/v2\/product"}],"about":[{"href":"https:\/\/svarunica.com\/sl\/wp-json\/wp\/v2\/types\/product"}],"wp:featuredmedia":[{"embeddable":true,"href":"https:\/\/svarunica.com\/sl\/wp-json\/wp\/v2\/media\/2069"}],"wp:attachment":[{"href":"https:\/\/svarunica.com\/sl\/wp-json\/wp\/v2\/media?parent=2080"}],"wp:term":[{"taxonomy":"product_cat","embeddable":true,"href":"https:\/\/svarunica.com\/sl\/wp-json\/wp\/v2\/product_cat?post=2080"},{"taxonomy":"product_tag","embeddable":true,"href":"https:\/\/svarunica.com\/sl\/wp-json\/wp\/v2\/product_tag?post=2080"}],"curies":[{"name":"wp","href":"https:\/\/api.w.org\/{rel}","templated":true}]}}