{"id":2088,"date":"2021-06-30T14:57:40","date_gmt":"2021-06-30T12:57:40","guid":{"rendered":"https:\/\/svarunica.com\/product\/2088\/"},"modified":"2021-10-07T12:57:56","modified_gmt":"2021-10-07T10:57:56","slug":"2088","status":"publish","type":"product","link":"https:\/\/svarunica.com\/sl\/izdelek\/2088\/","title":{"rendered":"Frizbi s kolovratom"},"content":{"rendered":"<p>Frizbijev premer meri 22,5 cm, rumeni Kolovrat je natisnjen neposredno na material.<br \/>\nOblikovanje: \u00a9 Irena Petri\u010d<\/p>\n","protected":false},"excerpt":{"rendered":"<p>Moder frizbi s odtisnjem rumenim Kolovratom direktno na material.<\/p>\n<p>Kolovrat je simbol sonca, ve\u010dnega kro\u017eenja, mo\u010di in zmage, sre\u010de in vsega dobrega (suasti=vse dobro).<\/p>\n<p>V na\u0161i ponudbi immao tudi druge izdelke s Kolovratom npr.:<\/p>\n<p>MAJICE ali OBESKE.<\/p>\n<p>Metanje frizbija je zabavno in krasna zunanja rekreacija za celo dru\u017eino in doma\u010de ljubljen\u010dke.<br \/>\nS kolovratom, ki prina\u0161a vsega dobrega &#8211; pa sploh. \ud83d\ude42<\/p>\n","protected":false},"featured_media":1612,"template":"","meta":[],"product_cat":[1061,537,949],"product_tag":[],"class_list":{"0":"post-2088","1":"product","2":"type-product","3":"status-publish","4":"has-post-thumbnail","6":"product_cat-majcke-v-akciji","7":"product_cat-igre","8":"product_cat-za-otroke","10":"first","11":"instock","12":"sale","13":"purchasable","14":"product-type-simple"},"yoast_head":"<!-- This site is optimized with the Yoast SEO plugin v23.9 - https:\/\/yoast.com\/wordpress\/plugins\/seo\/ -->\n<title>Frizbi s kolovratom - Svarunica<\/title>\n<meta name=\"robots\" content=\"index, follow, max-snippet:-1, max-image-preview:large, max-video-preview:-1\" \/>\n<link rel=\"canonical\" href=\"https:\/\/svarunica.com\/sl\/izdelek\/2088\/\" \/>\n<meta property=\"og:locale\" content=\"sl_SI\" \/>\n<meta property=\"og:type\" content=\"article\" \/>\n<meta property=\"og:title\" content=\"Frizbi s kolovratom - Svarunica\" \/>\n<meta property=\"og:description\" content=\"Moder frizbi s odtisnjem rumenim Kolovratom direktno na material.  Kolovrat je simbol sonca, ve\u010dnega kro\u017eenja, mo\u010di in zmage, sre\u010de in vsega dobrega (suasti=vse dobro).  V na\u0161i ponudbi immao tudi druge izdelke s Kolovratom npr.:  MAJICE ali OBESKE.  Metanje frizbija je zabavno in krasna zunanja rekreacija za celo dru\u017eino in doma\u010de ljubljen\u010dke. S kolovratom, ki prina\u0161a vsega dobrega - pa sploh. :)\" \/>\n<meta property=\"og:url\" content=\"https:\/\/svarunica.com\/sl\/izdelek\/2088\/\" \/>\n<meta property=\"og:site_name\" content=\"Svarunica\" \/>\n<meta property=\"article:modified_time\" content=\"2021-10-07T10:57:56+00:00\" \/>\n<meta property=\"og:image\" content=\"https:\/\/svarunica.com\/wp-content\/uploads\/2021\/06\/frizbi1.jpg\" \/>\n\t<meta property=\"og:image:width\" content=\"1984\" \/>\n\t<meta property=\"og:image:height\" content=\"1323\" \/>\n\t<meta property=\"og:image:type\" content=\"image\/jpeg\" \/>\n<meta name=\"twitter:card\" content=\"summary_large_image\" \/>\n<script type=\"application\/ld+json\" class=\"yoast-schema-graph\">{\"@context\":\"https:\/\/schema.org\",\"@graph\":[{\"@type\":\"WebPage\",\"@id\":\"https:\/\/svarunica.com\/sl\/izdelek\/2088\/\",\"url\":\"https:\/\/svarunica.com\/sl\/izdelek\/2088\/\",\"name\":\"Frizbi s kolovratom - Svarunica\",\"isPartOf\":{\"@id\":\"https:\/\/svarunica.com\/#website\"},\"primaryImageOfPage\":{\"@id\":\"https:\/\/svarunica.com\/sl\/izdelek\/2088\/#primaryimage\"},\"image\":{\"@id\":\"https:\/\/svarunica.com\/sl\/izdelek\/2088\/#primaryimage\"},\"thumbnailUrl\":\"https:\/\/svarunica.com\/wp-content\/uploads\/2021\/06\/frizbi1.jpg\",\"datePublished\":\"2021-06-30T12:57:40+00:00\",\"dateModified\":\"2021-10-07T10:57:56+00:00\",\"breadcrumb\":{\"@id\":\"https:\/\/svarunica.com\/sl\/izdelek\/2088\/#breadcrumb\"},\"inLanguage\":\"sl-SI\",\"potentialAction\":[{\"@type\":\"ReadAction\",\"target\":[\"https:\/\/svarunica.com\/sl\/izdelek\/2088\/\"]}]},{\"@type\":\"ImageObject\",\"inLanguage\":\"sl-SI\",\"@id\":\"https:\/\/svarunica.com\/sl\/izdelek\/2088\/#primaryimage\",\"url\":\"https:\/\/svarunica.com\/wp-content\/uploads\/2021\/06\/frizbi1.jpg\",\"contentUrl\":\"https:\/\/svarunica.com\/wp-content\/uploads\/2021\/06\/frizbi1.jpg\",\"width\":1984,\"height\":1323,\"caption\":\"frisbee with Kolovrat - svarunica store\"},{\"@type\":\"BreadcrumbList\",\"@id\":\"https:\/\/svarunica.com\/sl\/izdelek\/2088\/#breadcrumb\",\"itemListElement\":[{\"@type\":\"ListItem\",\"position\":1,\"name\":\"Home\",\"item\":\"https:\/\/svarunica.com\/sl\/\"},{\"@type\":\"ListItem\",\"position\":2,\"name\":\"Trgovina\",\"item\":\"https:\/\/svarunica.com\/sl\/trgovina\/\"},{\"@type\":\"ListItem\",\"position\":3,\"name\":\"Frizbi s kolovratom\"}]},{\"@type\":\"WebSite\",\"@id\":\"https:\/\/svarunica.com\/#website\",\"url\":\"https:\/\/svarunica.com\/\",\"name\":\"Svarunica\",\"description\":\"\",\"publisher\":{\"@id\":\"https:\/\/svarunica.com\/#organization\"},\"potentialAction\":[{\"@type\":\"SearchAction\",\"target\":{\"@type\":\"EntryPoint\",\"urlTemplate\":\"https:\/\/svarunica.com\/?s={search_term_string}\"},\"query-input\":{\"@type\":\"PropertyValueSpecification\",\"valueRequired\":true,\"valueName\":\"search_term_string\"}}],\"inLanguage\":\"sl-SI\"},{\"@type\":\"Organization\",\"@id\":\"https:\/\/svarunica.com\/#organization\",\"name\":\"Svarunica\",\"url\":\"https:\/\/svarunica.com\/\",\"logo\":{\"@type\":\"ImageObject\",\"inLanguage\":\"sl-SI\",\"@id\":\"https:\/\/svarunica.com\/#\/schema\/logo\/image\/\",\"url\":\"https:\/\/svarunica.com\/wp-content\/uploads\/2021\/07\/cropped-cropped-svarunica-text-2.png\",\"contentUrl\":\"https:\/\/svarunica.com\/wp-content\/uploads\/2021\/07\/cropped-cropped-svarunica-text-2.png\",\"width\":676,\"height\":179,\"caption\":\"Svarunica\"},\"image\":{\"@id\":\"https:\/\/svarunica.com\/#\/schema\/logo\/image\/\"}}]}<\/script>\n<!-- \/ Yoast SEO plugin. -->","yoast_head_json":{"title":"Frizbi s kolovratom - Svarunica","robots":{"index":"index","follow":"follow","max-snippet":"max-snippet:-1","max-image-preview":"max-image-preview:large","max-video-preview":"max-video-preview:-1"},"canonical":"https:\/\/svarunica.com\/sl\/izdelek\/2088\/","og_locale":"sl_SI","og_type":"article","og_title":"Frizbi s kolovratom - Svarunica","og_description":"Moder frizbi s odtisnjem rumenim Kolovratom direktno na material.  Kolovrat je simbol sonca, ve\u010dnega kro\u017eenja, mo\u010di in zmage, sre\u010de in vsega dobrega (suasti=vse dobro).  V na\u0161i ponudbi immao tudi druge izdelke s Kolovratom npr.:  MAJICE ali OBESKE.  Metanje frizbija je zabavno in krasna zunanja rekreacija za celo dru\u017eino in doma\u010de ljubljen\u010dke. S kolovratom, ki prina\u0161a vsega dobrega - pa sploh. :)","og_url":"https:\/\/svarunica.com\/sl\/izdelek\/2088\/","og_site_name":"Svarunica","article_modified_time":"2021-10-07T10:57:56+00:00","og_image":[{"width":1984,"height":1323,"url":"https:\/\/svarunica.com\/wp-content\/uploads\/2021\/06\/frizbi1.jpg","type":"image\/jpeg"}],"twitter_card":"summary_large_image","schema":{"@context":"https:\/\/schema.org","@graph":[{"@type":"WebPage","@id":"https:\/\/svarunica.com\/sl\/izdelek\/2088\/","url":"https:\/\/svarunica.com\/sl\/izdelek\/2088\/","name":"Frizbi s kolovratom - Svarunica","isPartOf":{"@id":"https:\/\/svarunica.com\/#website"},"primaryImageOfPage":{"@id":"https:\/\/svarunica.com\/sl\/izdelek\/2088\/#primaryimage"},"image":{"@id":"https:\/\/svarunica.com\/sl\/izdelek\/2088\/#primaryimage"},"thumbnailUrl":"https:\/\/svarunica.com\/wp-content\/uploads\/2021\/06\/frizbi1.jpg","datePublished":"2021-06-30T12:57:40+00:00","dateModified":"2021-10-07T10:57:56+00:00","breadcrumb":{"@id":"https:\/\/svarunica.com\/sl\/izdelek\/2088\/#breadcrumb"},"inLanguage":"sl-SI","potentialAction":[{"@type":"ReadAction","target":["https:\/\/svarunica.com\/sl\/izdelek\/2088\/"]}]},{"@type":"ImageObject","inLanguage":"sl-SI","@id":"https:\/\/svarunica.com\/sl\/izdelek\/2088\/#primaryimage","url":"https:\/\/svarunica.com\/wp-content\/uploads\/2021\/06\/frizbi1.jpg","contentUrl":"https:\/\/svarunica.com\/wp-content\/uploads\/2021\/06\/frizbi1.jpg","width":1984,"height":1323,"caption":"frisbee with Kolovrat - svarunica store"},{"@type":"BreadcrumbList","@id":"https:\/\/svarunica.com\/sl\/izdelek\/2088\/#breadcrumb","itemListElement":[{"@type":"ListItem","position":1,"name":"Home","item":"https:\/\/svarunica.com\/sl\/"},{"@type":"ListItem","position":2,"name":"Trgovina","item":"https:\/\/svarunica.com\/sl\/trgovina\/"},{"@type":"ListItem","position":3,"name":"Frizbi s kolovratom"}]},{"@type":"WebSite","@id":"https:\/\/svarunica.com\/#website","url":"https:\/\/svarunica.com\/","name":"Svarunica","description":"","publisher":{"@id":"https:\/\/svarunica.com\/#organization"},"potentialAction":[{"@type":"SearchAction","target":{"@type":"EntryPoint","urlTemplate":"https:\/\/svarunica.com\/?s={search_term_string}"},"query-input":{"@type":"PropertyValueSpecification","valueRequired":true,"valueName":"search_term_string"}}],"inLanguage":"sl-SI"},{"@type":"Organization","@id":"https:\/\/svarunica.com\/#organization","name":"Svarunica","url":"https:\/\/svarunica.com\/","logo":{"@type":"ImageObject","inLanguage":"sl-SI","@id":"https:\/\/svarunica.com\/#\/schema\/logo\/image\/","url":"https:\/\/svarunica.com\/wp-content\/uploads\/2021\/07\/cropped-cropped-svarunica-text-2.png","contentUrl":"https:\/\/svarunica.com\/wp-content\/uploads\/2021\/07\/cropped-cropped-svarunica-text-2.png","width":676,"height":179,"caption":"Svarunica"},"image":{"@id":"https:\/\/svarunica.com\/#\/schema\/logo\/image\/"}}]}},"_links":{"self":[{"href":"https:\/\/svarunica.com\/sl\/wp-json\/wp\/v2\/product\/2088","targetHints":{"allow":["GET"]}}],"collection":[{"href":"https:\/\/svarunica.com\/sl\/wp-json\/wp\/v2\/product"}],"about":[{"href":"https:\/\/svarunica.com\/sl\/wp-json\/wp\/v2\/types\/product"}],"wp:featuredmedia":[{"embeddable":true,"href":"https:\/\/svarunica.com\/sl\/wp-json\/wp\/v2\/media\/1612"}],"wp:attachment":[{"href":"https:\/\/svarunica.com\/sl\/wp-json\/wp\/v2\/media?parent=2088"}],"wp:term":[{"taxonomy":"product_cat","embeddable":true,"href":"https:\/\/svarunica.com\/sl\/wp-json\/wp\/v2\/product_cat?post=2088"},{"taxonomy":"product_tag","embeddable":true,"href":"https:\/\/svarunica.com\/sl\/wp-json\/wp\/v2\/product_tag?post=2088"}],"curies":[{"name":"wp","href":"https:\/\/api.w.org\/{rel}","templated":true}]}}