{"id":2104,"date":"2021-06-04T16:15:27","date_gmt":"2021-06-04T14:15:27","guid":{"rendered":"https:\/\/svarunica.com\/product\/mitoloske-karte-za-otroke\/"},"modified":"2026-04-06T16:39:09","modified_gmt":"2026-04-06T14:39:09","slug":"mitoloske-karte-za-otroke","status":"publish","type":"product","link":"https:\/\/svarunica.com\/sl\/izdelek\/mitoloske-karte-za-otroke\/","title":{"rendered":"Mitolo\u0161ke karte za otroke"},"content":{"rendered":"<p>Karte so natisnjene na 300 g premaznem papirju. Dimenzije: 63 x 85 mm<br \/>\nIlustracije so ro\u010dno narisane, karte so ro\u010dno izrezane in zaokro\u017eene.<br \/>\nVsebujejo ilustracije mitolo\u0161kih bitij, znanih v ljudskih pesmih, pravljicah in zgodovinskih zapisih.<br \/>\nKarte so plod slovenske umetnice in promotorke rodnih izro\u010dil: Irene Petri\u010d.<\/p>\n<p>Karte so polo\u017eene v simpati\u010dno \u0161katlico, dodana pa je \u0161e majhna informativna bro\u0161ura, kjer lahko najdete kratke in zelo uporabne informacije o vsakem bogu ali boginji iz na\u0161ega mitolo\u0161kega sveta.<\/p>\n<p>Igra se lahko od 2-6 igralcev in je primerna za otroke od 4 leta dalje.<\/p>\n<p>V na\u0161i buti\u010dni trgovini imamo le omejene zaloge, zato pohitite in si zagotovite svoj poseben paket kart.<br \/>\nO naslednji nakladi vas obvestimo \u017ee prej, da so mo\u017ena tudi prednaro\u010dila.<\/p>\n<p>Oblikovalka: \u00a9 Irena Petri\u010d<br \/>\nVe\u010d informacij o oblikovanju ali naro\u010dilo dizajna po meri za va\u0161e posebne ilustrirane kartice in druge tiskovine: irena.svarunica@gmail.com<\/p>\n<p>&nbsp;<\/p>\n<p>Poglej ve\u010d:<\/p>\n<p><iframe loading=\"lazy\" title=\"Mitolo\u0161ke karte\" width=\"640\" height=\"360\" src=\"https:\/\/www.youtube.com\/embed\/lFzObxdZgfg?feature=oembed\" frameborder=\"0\" allow=\"accelerometer; autoplay; clipboard-write; encrypted-media; gyroscope; picture-in-picture; web-share\" referrerpolicy=\"strict-origin-when-cross-origin\" allowfullscreen><\/iframe><\/p>\n","protected":false},"excerpt":{"rendered":"<p>Kdo ne pozna igre s kartami &#8220;\u010crni Peter&#8221;?<br \/>\nNo, tudi mi jo imamo, vendar ni povsem obi\u010dajna, kakr\u0161ne smo navajeni.<br \/>\nTa sve\u017eenj kart iz 45 kosov prikazuje slovanske bogove in boginje, mitolo\u0161ka bitja, nekatera nam znana \u017ee tiso\u010dletja.<br \/>\nSimpati\u010dne ilustracije bodo otrokom (in star\u0161em) olaj\u0161ale spoznavanje na\u0161e dedi\u0161\u010dine, skupaj z dodano informativno bro\u0161uro pa bo vse skupaj \u0161e toliko bolj zabavno.<\/p>\n<p>Mitolo\u0161ke karte za otroke prodajamo od leta 2015, junija 2021 pa smo jih obnovili!<br \/>\nMenimo, da so eden na\u0161ih najbolj\u0161ih izdelkov in \u010dudovito darilo za vse, ki jih zanima spoznavanje na\u0161e mitologije.<br \/>\nV tem setu kart Morana predstavlja \u010crnega Petra. I\u0161\u010demo pare, komur pa na koncu ostane v rokah zgolj Morana, ta izgubi.<\/p>\n<p>Pravila so zelo preprosta.<br \/>\n\u010ce jih slu\u010dajno ne poznate, jih lahko poi\u0161\u010dete <a href=\"https:\/\/en.wikipedia.org\/wiki\/Black_Peter_(card_game)\">TUKAJ<\/a>.<\/p>\n<p>\u010ce odstranite MORANO (ki predstavlja &#8220;\u010crnega Petra&#8221;), lahko igrate tudi dobro znano igro Spomin kar s temi kartami.<\/p>\n<p>&nbsp;<\/p>\n<p>&nbsp;<\/p>\n","protected":false},"featured_media":6625,"template":"","meta":[],"product_cat":[904,537,949],"product_tag":[577,580,576,575,579,467,460,459,581,578],"class_list":{"0":"post-2104","1":"product","2":"type-product","3":"status-publish","4":"has-post-thumbnail","6":"product_cat-bozicna-ponudba-in-akcije","7":"product_cat-igre","8":"product_cat-za-otroke","9":"product_tag-bogovi-in-boginje","10":"product_tag-darilo","11":"product_tag-karte","12":"product_tag-mitologija","13":"product_tag-otroci","14":"product_tag-rodnoverstvo","15":"product_tag-slovanska-in-slovenska-dediscina","16":"product_tag-slovenska-mitologija-sl","17":"product_tag-staroverci","18":"product_tag-ucenje","20":"first","21":"instock","22":"purchasable","23":"product-type-variable"},"yoast_head":"<!-- This site is optimized with the Yoast SEO plugin v23.9 - https:\/\/yoast.com\/wordpress\/plugins\/seo\/ -->\n<title>Mitolo\u0161ke karte za otroke - Svarunica<\/title>\n<meta name=\"robots\" content=\"index, follow, max-snippet:-1, max-image-preview:large, max-video-preview:-1\" \/>\n<link rel=\"canonical\" href=\"https:\/\/svarunica.com\/sl\/izdelek\/mitoloske-karte-za-otroke\/\" \/>\n<meta property=\"og:locale\" content=\"sl_SI\" \/>\n<meta property=\"og:type\" content=\"article\" \/>\n<meta property=\"og:title\" content=\"Mitolo\u0161ke karte za otroke - Svarunica\" \/>\n<meta property=\"og:description\" content=\"Kdo ne pozna igre s kartami &quot;\u010crni Peter&quot;? No, tudi mi jo imamo, vendar ni povsem obi\u010dajna, kakr\u0161ne smo navajeni. Ta sve\u017eenj kart iz 45 kosov prikazuje slovanske bogove in boginje, mitolo\u0161ka bitja, nekatera nam znana \u017ee tiso\u010dletja. Simpati\u010dne ilustracije bodo otrokom (in star\u0161em) olaj\u0161ale spoznavanje na\u0161e dedi\u0161\u010dine, skupaj z dodano informativno bro\u0161uro pa bo vse skupaj \u0161e toliko bolj zabavno.  Mitolo\u0161ke karte za otroke prodajamo od leta 2015, junija 2021 pa smo jih obnovili! Menimo, da so eden na\u0161ih najbolj\u0161ih izdelkov in \u010dudovito darilo za vse, ki jih zanima spoznavanje na\u0161e mitologije. V tem setu kart Morana predstavlja \u010crnega Petra. I\u0161\u010demo pare, komur pa na koncu ostane v rokah zgolj Morana, ta izgubi.  Pravila so zelo preprosta. \u010ce jih slu\u010dajno ne poznate, jih lahko poi\u0161\u010dete TUKAJ.  \u010ce odstranite MORANO (ki predstavlja &quot;\u010crnega Petra&quot;), lahko igrate tudi dobro znano igro Spomin kar s temi kartami.  &nbsp;  &nbsp;\" \/>\n<meta property=\"og:url\" content=\"https:\/\/svarunica.com\/sl\/izdelek\/mitoloske-karte-za-otroke\/\" \/>\n<meta property=\"og:site_name\" content=\"Svarunica\" \/>\n<meta property=\"article:modified_time\" content=\"2026-04-06T14:39:09+00:00\" \/>\n<meta property=\"og:image\" content=\"https:\/\/svarunica.com\/wp-content\/uploads\/2021\/06\/IMG_20221127_154953.jpg\" \/>\n\t<meta property=\"og:image:width\" content=\"1000\" \/>\n\t<meta property=\"og:image:height\" content=\"750\" \/>\n\t<meta property=\"og:image:type\" content=\"image\/jpeg\" \/>\n<meta name=\"twitter:card\" content=\"summary_large_image\" \/>\n<meta name=\"twitter:label1\" content=\"Est. reading time\" \/>\n\t<meta name=\"twitter:data1\" content=\"1 minuta\" \/>\n<script type=\"application\/ld+json\" class=\"yoast-schema-graph\">{\"@context\":\"https:\/\/schema.org\",\"@graph\":[{\"@type\":\"WebPage\",\"@id\":\"https:\/\/svarunica.com\/sl\/izdelek\/mitoloske-karte-za-otroke\/\",\"url\":\"https:\/\/svarunica.com\/sl\/izdelek\/mitoloske-karte-za-otroke\/\",\"name\":\"Mitolo\u0161ke karte za otroke - Svarunica\",\"isPartOf\":{\"@id\":\"https:\/\/svarunica.com\/#website\"},\"primaryImageOfPage\":{\"@id\":\"https:\/\/svarunica.com\/sl\/izdelek\/mitoloske-karte-za-otroke\/#primaryimage\"},\"image\":{\"@id\":\"https:\/\/svarunica.com\/sl\/izdelek\/mitoloske-karte-za-otroke\/#primaryimage\"},\"thumbnailUrl\":\"https:\/\/svarunica.com\/wp-content\/uploads\/2021\/06\/IMG_20221127_154953.jpg\",\"datePublished\":\"2021-06-04T14:15:27+00:00\",\"dateModified\":\"2026-04-06T14:39:09+00:00\",\"breadcrumb\":{\"@id\":\"https:\/\/svarunica.com\/sl\/izdelek\/mitoloske-karte-za-otroke\/#breadcrumb\"},\"inLanguage\":\"sl-SI\",\"potentialAction\":[{\"@type\":\"ReadAction\",\"target\":[\"https:\/\/svarunica.com\/sl\/izdelek\/mitoloske-karte-za-otroke\/\"]}]},{\"@type\":\"ImageObject\",\"inLanguage\":\"sl-SI\",\"@id\":\"https:\/\/svarunica.com\/sl\/izdelek\/mitoloske-karte-za-otroke\/#primaryimage\",\"url\":\"https:\/\/svarunica.com\/wp-content\/uploads\/2021\/06\/IMG_20221127_154953.jpg\",\"contentUrl\":\"https:\/\/svarunica.com\/wp-content\/uploads\/2021\/06\/IMG_20221127_154953.jpg\",\"width\":1000,\"height\":750,\"caption\":\"slavic cards for kids\"},{\"@type\":\"BreadcrumbList\",\"@id\":\"https:\/\/svarunica.com\/sl\/izdelek\/mitoloske-karte-za-otroke\/#breadcrumb\",\"itemListElement\":[{\"@type\":\"ListItem\",\"position\":1,\"name\":\"Home\",\"item\":\"https:\/\/svarunica.com\/sl\/\"},{\"@type\":\"ListItem\",\"position\":2,\"name\":\"Trgovina\",\"item\":\"https:\/\/svarunica.com\/sl\/trgovina\/\"},{\"@type\":\"ListItem\",\"position\":3,\"name\":\"Mitolo\u0161ke karte za otroke\"}]},{\"@type\":\"WebSite\",\"@id\":\"https:\/\/svarunica.com\/#website\",\"url\":\"https:\/\/svarunica.com\/\",\"name\":\"Svarunica\",\"description\":\"\",\"publisher\":{\"@id\":\"https:\/\/svarunica.com\/#organization\"},\"potentialAction\":[{\"@type\":\"SearchAction\",\"target\":{\"@type\":\"EntryPoint\",\"urlTemplate\":\"https:\/\/svarunica.com\/?s={search_term_string}\"},\"query-input\":{\"@type\":\"PropertyValueSpecification\",\"valueRequired\":true,\"valueName\":\"search_term_string\"}}],\"inLanguage\":\"sl-SI\"},{\"@type\":\"Organization\",\"@id\":\"https:\/\/svarunica.com\/#organization\",\"name\":\"Svarunica\",\"url\":\"https:\/\/svarunica.com\/\",\"logo\":{\"@type\":\"ImageObject\",\"inLanguage\":\"sl-SI\",\"@id\":\"https:\/\/svarunica.com\/#\/schema\/logo\/image\/\",\"url\":\"https:\/\/svarunica.com\/wp-content\/uploads\/2021\/07\/cropped-cropped-svarunica-text-2.png\",\"contentUrl\":\"https:\/\/svarunica.com\/wp-content\/uploads\/2021\/07\/cropped-cropped-svarunica-text-2.png\",\"width\":676,\"height\":179,\"caption\":\"Svarunica\"},\"image\":{\"@id\":\"https:\/\/svarunica.com\/#\/schema\/logo\/image\/\"}}]}<\/script>\n<!-- \/ Yoast SEO plugin. -->","yoast_head_json":{"title":"Mitolo\u0161ke karte za otroke - Svarunica","robots":{"index":"index","follow":"follow","max-snippet":"max-snippet:-1","max-image-preview":"max-image-preview:large","max-video-preview":"max-video-preview:-1"},"canonical":"https:\/\/svarunica.com\/sl\/izdelek\/mitoloske-karte-za-otroke\/","og_locale":"sl_SI","og_type":"article","og_title":"Mitolo\u0161ke karte za otroke - Svarunica","og_description":"Kdo ne pozna igre s kartami \"\u010crni Peter\"? No, tudi mi jo imamo, vendar ni povsem obi\u010dajna, kakr\u0161ne smo navajeni. Ta sve\u017eenj kart iz 45 kosov prikazuje slovanske bogove in boginje, mitolo\u0161ka bitja, nekatera nam znana \u017ee tiso\u010dletja. Simpati\u010dne ilustracije bodo otrokom (in star\u0161em) olaj\u0161ale spoznavanje na\u0161e dedi\u0161\u010dine, skupaj z dodano informativno bro\u0161uro pa bo vse skupaj \u0161e toliko bolj zabavno.  Mitolo\u0161ke karte za otroke prodajamo od leta 2015, junija 2021 pa smo jih obnovili! Menimo, da so eden na\u0161ih najbolj\u0161ih izdelkov in \u010dudovito darilo za vse, ki jih zanima spoznavanje na\u0161e mitologije. V tem setu kart Morana predstavlja \u010crnega Petra. I\u0161\u010demo pare, komur pa na koncu ostane v rokah zgolj Morana, ta izgubi.  Pravila so zelo preprosta. \u010ce jih slu\u010dajno ne poznate, jih lahko poi\u0161\u010dete TUKAJ.  \u010ce odstranite MORANO (ki predstavlja \"\u010crnega Petra\"), lahko igrate tudi dobro znano igro Spomin kar s temi kartami.  &nbsp;  &nbsp;","og_url":"https:\/\/svarunica.com\/sl\/izdelek\/mitoloske-karte-za-otroke\/","og_site_name":"Svarunica","article_modified_time":"2026-04-06T14:39:09+00:00","og_image":[{"width":1000,"height":750,"url":"https:\/\/svarunica.com\/wp-content\/uploads\/2021\/06\/IMG_20221127_154953.jpg","type":"image\/jpeg"}],"twitter_card":"summary_large_image","twitter_misc":{"Est. reading time":"1 minuta"},"schema":{"@context":"https:\/\/schema.org","@graph":[{"@type":"WebPage","@id":"https:\/\/svarunica.com\/sl\/izdelek\/mitoloske-karte-za-otroke\/","url":"https:\/\/svarunica.com\/sl\/izdelek\/mitoloske-karte-za-otroke\/","name":"Mitolo\u0161ke karte za otroke - Svarunica","isPartOf":{"@id":"https:\/\/svarunica.com\/#website"},"primaryImageOfPage":{"@id":"https:\/\/svarunica.com\/sl\/izdelek\/mitoloske-karte-za-otroke\/#primaryimage"},"image":{"@id":"https:\/\/svarunica.com\/sl\/izdelek\/mitoloske-karte-za-otroke\/#primaryimage"},"thumbnailUrl":"https:\/\/svarunica.com\/wp-content\/uploads\/2021\/06\/IMG_20221127_154953.jpg","datePublished":"2021-06-04T14:15:27+00:00","dateModified":"2026-04-06T14:39:09+00:00","breadcrumb":{"@id":"https:\/\/svarunica.com\/sl\/izdelek\/mitoloske-karte-za-otroke\/#breadcrumb"},"inLanguage":"sl-SI","potentialAction":[{"@type":"ReadAction","target":["https:\/\/svarunica.com\/sl\/izdelek\/mitoloske-karte-za-otroke\/"]}]},{"@type":"ImageObject","inLanguage":"sl-SI","@id":"https:\/\/svarunica.com\/sl\/izdelek\/mitoloske-karte-za-otroke\/#primaryimage","url":"https:\/\/svarunica.com\/wp-content\/uploads\/2021\/06\/IMG_20221127_154953.jpg","contentUrl":"https:\/\/svarunica.com\/wp-content\/uploads\/2021\/06\/IMG_20221127_154953.jpg","width":1000,"height":750,"caption":"slavic cards for kids"},{"@type":"BreadcrumbList","@id":"https:\/\/svarunica.com\/sl\/izdelek\/mitoloske-karte-za-otroke\/#breadcrumb","itemListElement":[{"@type":"ListItem","position":1,"name":"Home","item":"https:\/\/svarunica.com\/sl\/"},{"@type":"ListItem","position":2,"name":"Trgovina","item":"https:\/\/svarunica.com\/sl\/trgovina\/"},{"@type":"ListItem","position":3,"name":"Mitolo\u0161ke karte za otroke"}]},{"@type":"WebSite","@id":"https:\/\/svarunica.com\/#website","url":"https:\/\/svarunica.com\/","name":"Svarunica","description":"","publisher":{"@id":"https:\/\/svarunica.com\/#organization"},"potentialAction":[{"@type":"SearchAction","target":{"@type":"EntryPoint","urlTemplate":"https:\/\/svarunica.com\/?s={search_term_string}"},"query-input":{"@type":"PropertyValueSpecification","valueRequired":true,"valueName":"search_term_string"}}],"inLanguage":"sl-SI"},{"@type":"Organization","@id":"https:\/\/svarunica.com\/#organization","name":"Svarunica","url":"https:\/\/svarunica.com\/","logo":{"@type":"ImageObject","inLanguage":"sl-SI","@id":"https:\/\/svarunica.com\/#\/schema\/logo\/image\/","url":"https:\/\/svarunica.com\/wp-content\/uploads\/2021\/07\/cropped-cropped-svarunica-text-2.png","contentUrl":"https:\/\/svarunica.com\/wp-content\/uploads\/2021\/07\/cropped-cropped-svarunica-text-2.png","width":676,"height":179,"caption":"Svarunica"},"image":{"@id":"https:\/\/svarunica.com\/#\/schema\/logo\/image\/"}}]}},"_links":{"self":[{"href":"https:\/\/svarunica.com\/sl\/wp-json\/wp\/v2\/product\/2104","targetHints":{"allow":["GET"]}}],"collection":[{"href":"https:\/\/svarunica.com\/sl\/wp-json\/wp\/v2\/product"}],"about":[{"href":"https:\/\/svarunica.com\/sl\/wp-json\/wp\/v2\/types\/product"}],"wp:featuredmedia":[{"embeddable":true,"href":"https:\/\/svarunica.com\/sl\/wp-json\/wp\/v2\/media\/6625"}],"wp:attachment":[{"href":"https:\/\/svarunica.com\/sl\/wp-json\/wp\/v2\/media?parent=2104"}],"wp:term":[{"taxonomy":"product_cat","embeddable":true,"href":"https:\/\/svarunica.com\/sl\/wp-json\/wp\/v2\/product_cat?post=2104"},{"taxonomy":"product_tag","embeddable":true,"href":"https:\/\/svarunica.com\/sl\/wp-json\/wp\/v2\/product_tag?post=2104"}],"curies":[{"name":"wp","href":"https:\/\/api.w.org\/{rel}","templated":true}]}}