{"id":3094,"date":"2022-01-14T12:28:03","date_gmt":"2022-01-14T11:28:03","guid":{"rendered":"https:\/\/svarunica.com\/product\/knjiga-umetnost-branja-obraza\/"},"modified":"2022-01-14T13:03:09","modified_gmt":"2022-01-14T12:03:09","slug":"knjiga-umetnost-branja-obraza","status":"publish","type":"product","link":"https:\/\/svarunica.com\/sl\/izdelek\/knjiga-umetnost-branja-obraza\/","title":{"rendered":"Knjiga: Umetnost branja obraza"},"content":{"rendered":"<p><em>Irena se z razli\u010dnimi oblikami zdravljenja in tehnikami osebne rasti ukvarja \u017ee preko 20 let.<\/em><br \/>\n<em>S kitajsko medicino pa se je prvi\u010d konkretneje sre\u010dala leta 2004 in 2005, ko je delala v enem izmed slovenskih podjetjih kot svetovalka in pomo\u010dnica pri organizaciji dogodkov.<\/em><br \/>\n<em>Branje obraza po na\u010delih starodavnih modrosti tako kitajskih kot evropskih izro\u010dil, je rde\u010da nit mnogih predavanj in delavnic, ki jih je snovala skupaj z mo\u017eem, hipnoterapevtom Erikom Petri\u010dem.<\/em><br \/>\n<em>Na porodni\u0161kem dopustu pa se je nato leta 2018 rodila \u0161e knjiga &#8220;Umetnost branja obraza&#8221;.<br \/>\nOd takrat sta Erik in Irena, preko dogodkov in osebnih svetovanj, pomagala ljudem v poslovnem svetu, da la\u017eje razumejo svoje sogovornike, da se lahko bolje pripravijo na pomembne dogodke za zaklju\u010devanje poslov, za bolj\u0161e predstavitve in predvsem za bolj\u0161e razumevanje sodelavcev, kar vodi v bolj usklajen team.<\/em><br \/>\n<em>Obenem pa je branje obraza zelo pomembno tudi na osebnem nivoju, da razumemo dolo\u010dene vedenjske vzorce na\u0161ih partnerjev in si posledi\u010dno marsi\u010desa ne jemljemo ve\u010d tako k srcu.<br \/>\nTehnika branja obraza je tako namenjena tudi vsem, ki i\u0161\u010dejo bodo\u010de partnerje, da znajo resni\u010dno oceniti \u010dloveka, in si prihraniti morebitne slabe preizku\u0161nje.<\/em><\/p>\n","protected":false},"excerpt":{"rendered":"<p>Vsaka obrazna zna\u010dilnost od oblike glave, \u010dela, nosu, ust, &#8230;, tudi gube in znamenja, nam govorijo na\u0161o zgodbo in sestavljajo sestavljanko na\u0161ega resni\u010dnega jaza. Dajejo nam napotke, kako v \u017eivljenju dose\u010di VE\u010c z manj napora. Kje so na\u0161e vrline, kateri pa so tisti vzorci, ki jih moramo pri sebi spremeniti.<\/p>\n<p>Iz knjige:<\/p>\n<p><em>&#8220;Branje obraza, oz. Mien Shiang, je ena izmed najstarej\u0161ih vej starodavnih znanj, ki se ukvarja z branjem \u010dlovekove <\/em><em>obrazne fizionomije.<\/em><br \/>\n<em>S to tehniko lahko zelo hitro ocenimo \u010dloveka. Omogo\u010da nam razpoznavanje \u010dlovekove osebnosti, kako do njega sploh pristopiti.<\/em><br \/>\n<em>Tak\u0161no navezovanje prvega stika pa je klju\u010dnega pomena tako pri poslovnih kot pri osebnih prilo\u017enostih.<\/em><br \/>\n<em>Mien Shiang so uporabljali \u017ee na kitajskem cesarjevem dvoru 3000 let pr. n. \u0161t. tako, da so cesarjevi svetovalci ocenili obiskovalce, ter mu na podlagi prebranega obraza svetovali, kako naj se pogaja.<\/em><br \/>\n<em>V tej knjigi so zbrane najbolj razpoznavne obrazne zna\u010dilnosti. Ko boste njihov pomen usvojili, boste zagotovo zadihali novo \u017eivljenje.<\/em><br \/>\n<em>Le zato, ker vas bodo kon\u010dno razumeli.<\/em><br \/>\n<em>Ker boste vi razumeli njih.&#8221;<\/em><\/p>\n<p>Vse obrazne zna\u010dilnosti z opisi, slikami, primeri in \u0161e mnogo ve\u010d, skupaj z preglednicami in vajami, najdete v na\u0161i knjigi UMETNOST BRANJA OBRAZA.<br \/>\nve\u010d info na www.branjeobraza.net in branjeobraza@gmail.com.<\/p>\n","protected":false},"featured_media":3093,"template":"","meta":[],"product_cat":[667,359],"product_tag":[746,741,747,743,744,742,745],"class_list":{"0":"post-3094","1":"product","2":"type-product","3":"status-publish","4":"has-post-thumbnail","6":"product_cat-knjige","7":"product_cat-uncategorized-sl","8":"product_tag-boljsi-odnosi","9":"product_tag-branje-obraza","10":"product_tag-narediti-dober-prvi-vtis","11":"product_tag-obrazne-znacilnosti","12":"product_tag-osebna-rast","13":"product_tag-umetnost-branja-obraza","14":"product_tag-zdravljenje","16":"first","17":"outofstock","18":"purchasable","19":"product-type-simple"},"yoast_head":"<!-- This site is optimized with the Yoast SEO plugin v23.9 - https:\/\/yoast.com\/wordpress\/plugins\/seo\/ -->\n<title>Knjiga: Umetnost branja obraza - Svarunica<\/title>\n<meta name=\"robots\" content=\"index, follow, max-snippet:-1, max-image-preview:large, max-video-preview:-1\" \/>\n<link rel=\"canonical\" href=\"https:\/\/svarunica.com\/sl\/izdelek\/knjiga-umetnost-branja-obraza\/\" \/>\n<meta property=\"og:locale\" content=\"sl_SI\" \/>\n<meta property=\"og:type\" content=\"article\" \/>\n<meta property=\"og:title\" content=\"Knjiga: Umetnost branja obraza - Svarunica\" \/>\n<meta property=\"og:description\" content=\"Vsaka obrazna zna\u010dilnost od oblike glave, \u010dela, nosu, ust, ..., tudi gube in znamenja, nam govorijo na\u0161o zgodbo in sestavljajo sestavljanko na\u0161ega resni\u010dnega jaza. Dajejo nam napotke, kako v \u017eivljenju dose\u010di VE\u010c z manj napora. Kje so na\u0161e vrline, kateri pa so tisti vzorci, ki jih moramo pri sebi spremeniti.  Iz knjige:  &quot;Branje obraza, oz. Mien Shiang, je ena izmed najstarej\u0161ih vej starodavnih znanj, ki se ukvarja z branjem \u010dlovekove obrazne fizionomije. S to tehniko lahko zelo hitro ocenimo \u010dloveka. Omogo\u010da nam razpoznavanje \u010dlovekove osebnosti, kako do njega sploh pristopiti. Tak\u0161no navezovanje prvega stika pa je klju\u010dnega pomena tako pri poslovnih kot pri osebnih prilo\u017enostih. Mien Shiang so uporabljali \u017ee na kitajskem cesarjevem dvoru 3000 let pr. n. \u0161t. tako, da so cesarjevi svetovalci ocenili obiskovalce, ter mu na podlagi prebranega obraza svetovali, kako naj se pogaja. V tej knjigi so zbrane najbolj razpoznavne obrazne zna\u010dilnosti. Ko boste njihov pomen usvojili, boste zagotovo zadihali novo \u017eivljenje. Le zato, ker vas bodo kon\u010dno razumeli. Ker boste vi razumeli njih.&quot;  Vse obrazne zna\u010dilnosti z opisi, slikami, primeri in \u0161e mnogo ve\u010d, skupaj z preglednicami in vajami, najdete v na\u0161i knjigi UMETNOST BRANJA OBRAZA. ve\u010d info na www.branjeobraza.net in branjeobraza@gmail.com.\" \/>\n<meta property=\"og:url\" content=\"https:\/\/svarunica.com\/sl\/izdelek\/knjiga-umetnost-branja-obraza\/\" \/>\n<meta property=\"og:site_name\" content=\"Svarunica\" \/>\n<meta property=\"article:modified_time\" content=\"2022-01-14T12:03:09+00:00\" \/>\n<meta property=\"og:image\" content=\"https:\/\/svarunica.com\/wp-content\/uploads\/2022\/01\/objavaknjiga__2021.jpg\" \/>\n\t<meta property=\"og:image:width\" content=\"1014\" \/>\n\t<meta property=\"og:image:height\" content=\"932\" \/>\n\t<meta property=\"og:image:type\" content=\"image\/jpeg\" \/>\n<meta name=\"twitter:card\" content=\"summary_large_image\" \/>\n<meta name=\"twitter:label1\" content=\"Est. reading time\" \/>\n\t<meta name=\"twitter:data1\" content=\"1 minuta\" \/>\n<script type=\"application\/ld+json\" class=\"yoast-schema-graph\">{\"@context\":\"https:\/\/schema.org\",\"@graph\":[{\"@type\":\"WebPage\",\"@id\":\"https:\/\/svarunica.com\/sl\/izdelek\/knjiga-umetnost-branja-obraza\/\",\"url\":\"https:\/\/svarunica.com\/sl\/izdelek\/knjiga-umetnost-branja-obraza\/\",\"name\":\"Knjiga: Umetnost branja obraza - Svarunica\",\"isPartOf\":{\"@id\":\"https:\/\/svarunica.com\/#website\"},\"primaryImageOfPage\":{\"@id\":\"https:\/\/svarunica.com\/sl\/izdelek\/knjiga-umetnost-branja-obraza\/#primaryimage\"},\"image\":{\"@id\":\"https:\/\/svarunica.com\/sl\/izdelek\/knjiga-umetnost-branja-obraza\/#primaryimage\"},\"thumbnailUrl\":\"https:\/\/svarunica.com\/wp-content\/uploads\/2022\/01\/objavaknjiga__2021.jpg\",\"datePublished\":\"2022-01-14T11:28:03+00:00\",\"dateModified\":\"2022-01-14T12:03:09+00:00\",\"breadcrumb\":{\"@id\":\"https:\/\/svarunica.com\/sl\/izdelek\/knjiga-umetnost-branja-obraza\/#breadcrumb\"},\"inLanguage\":\"sl-SI\",\"potentialAction\":[{\"@type\":\"ReadAction\",\"target\":[\"https:\/\/svarunica.com\/sl\/izdelek\/knjiga-umetnost-branja-obraza\/\"]}]},{\"@type\":\"ImageObject\",\"inLanguage\":\"sl-SI\",\"@id\":\"https:\/\/svarunica.com\/sl\/izdelek\/knjiga-umetnost-branja-obraza\/#primaryimage\",\"url\":\"https:\/\/svarunica.com\/wp-content\/uploads\/2022\/01\/objavaknjiga__2021.jpg\",\"contentUrl\":\"https:\/\/svarunica.com\/wp-content\/uploads\/2022\/01\/objavaknjiga__2021.jpg\",\"width\":1014,\"height\":932,\"caption\":\"facereading irena petric\"},{\"@type\":\"BreadcrumbList\",\"@id\":\"https:\/\/svarunica.com\/sl\/izdelek\/knjiga-umetnost-branja-obraza\/#breadcrumb\",\"itemListElement\":[{\"@type\":\"ListItem\",\"position\":1,\"name\":\"Home\",\"item\":\"https:\/\/svarunica.com\/sl\/\"},{\"@type\":\"ListItem\",\"position\":2,\"name\":\"Trgovina\",\"item\":\"https:\/\/svarunica.com\/sl\/trgovina\/\"},{\"@type\":\"ListItem\",\"position\":3,\"name\":\"Knjiga: Umetnost branja obraza\"}]},{\"@type\":\"WebSite\",\"@id\":\"https:\/\/svarunica.com\/#website\",\"url\":\"https:\/\/svarunica.com\/\",\"name\":\"Svarunica\",\"description\":\"\",\"publisher\":{\"@id\":\"https:\/\/svarunica.com\/#organization\"},\"potentialAction\":[{\"@type\":\"SearchAction\",\"target\":{\"@type\":\"EntryPoint\",\"urlTemplate\":\"https:\/\/svarunica.com\/?s={search_term_string}\"},\"query-input\":{\"@type\":\"PropertyValueSpecification\",\"valueRequired\":true,\"valueName\":\"search_term_string\"}}],\"inLanguage\":\"sl-SI\"},{\"@type\":\"Organization\",\"@id\":\"https:\/\/svarunica.com\/#organization\",\"name\":\"Svarunica\",\"url\":\"https:\/\/svarunica.com\/\",\"logo\":{\"@type\":\"ImageObject\",\"inLanguage\":\"sl-SI\",\"@id\":\"https:\/\/svarunica.com\/#\/schema\/logo\/image\/\",\"url\":\"https:\/\/svarunica.com\/wp-content\/uploads\/2021\/07\/cropped-cropped-svarunica-text-2.png\",\"contentUrl\":\"https:\/\/svarunica.com\/wp-content\/uploads\/2021\/07\/cropped-cropped-svarunica-text-2.png\",\"width\":676,\"height\":179,\"caption\":\"Svarunica\"},\"image\":{\"@id\":\"https:\/\/svarunica.com\/#\/schema\/logo\/image\/\"}}]}<\/script>\n<!-- \/ Yoast SEO plugin. -->","yoast_head_json":{"title":"Knjiga: Umetnost branja obraza - Svarunica","robots":{"index":"index","follow":"follow","max-snippet":"max-snippet:-1","max-image-preview":"max-image-preview:large","max-video-preview":"max-video-preview:-1"},"canonical":"https:\/\/svarunica.com\/sl\/izdelek\/knjiga-umetnost-branja-obraza\/","og_locale":"sl_SI","og_type":"article","og_title":"Knjiga: Umetnost branja obraza - Svarunica","og_description":"Vsaka obrazna zna\u010dilnost od oblike glave, \u010dela, nosu, ust, ..., tudi gube in znamenja, nam govorijo na\u0161o zgodbo in sestavljajo sestavljanko na\u0161ega resni\u010dnega jaza. Dajejo nam napotke, kako v \u017eivljenju dose\u010di VE\u010c z manj napora. Kje so na\u0161e vrline, kateri pa so tisti vzorci, ki jih moramo pri sebi spremeniti.  Iz knjige:  \"Branje obraza, oz. Mien Shiang, je ena izmed najstarej\u0161ih vej starodavnih znanj, ki se ukvarja z branjem \u010dlovekove obrazne fizionomije. S to tehniko lahko zelo hitro ocenimo \u010dloveka. Omogo\u010da nam razpoznavanje \u010dlovekove osebnosti, kako do njega sploh pristopiti. Tak\u0161no navezovanje prvega stika pa je klju\u010dnega pomena tako pri poslovnih kot pri osebnih prilo\u017enostih. Mien Shiang so uporabljali \u017ee na kitajskem cesarjevem dvoru 3000 let pr. n. \u0161t. tako, da so cesarjevi svetovalci ocenili obiskovalce, ter mu na podlagi prebranega obraza svetovali, kako naj se pogaja. V tej knjigi so zbrane najbolj razpoznavne obrazne zna\u010dilnosti. Ko boste njihov pomen usvojili, boste zagotovo zadihali novo \u017eivljenje. Le zato, ker vas bodo kon\u010dno razumeli. Ker boste vi razumeli njih.\"  Vse obrazne zna\u010dilnosti z opisi, slikami, primeri in \u0161e mnogo ve\u010d, skupaj z preglednicami in vajami, najdete v na\u0161i knjigi UMETNOST BRANJA OBRAZA. ve\u010d info na www.branjeobraza.net in branjeobraza@gmail.com.","og_url":"https:\/\/svarunica.com\/sl\/izdelek\/knjiga-umetnost-branja-obraza\/","og_site_name":"Svarunica","article_modified_time":"2022-01-14T12:03:09+00:00","og_image":[{"width":1014,"height":932,"url":"https:\/\/svarunica.com\/wp-content\/uploads\/2022\/01\/objavaknjiga__2021.jpg","type":"image\/jpeg"}],"twitter_card":"summary_large_image","twitter_misc":{"Est. reading time":"1 minuta"},"schema":{"@context":"https:\/\/schema.org","@graph":[{"@type":"WebPage","@id":"https:\/\/svarunica.com\/sl\/izdelek\/knjiga-umetnost-branja-obraza\/","url":"https:\/\/svarunica.com\/sl\/izdelek\/knjiga-umetnost-branja-obraza\/","name":"Knjiga: Umetnost branja obraza - Svarunica","isPartOf":{"@id":"https:\/\/svarunica.com\/#website"},"primaryImageOfPage":{"@id":"https:\/\/svarunica.com\/sl\/izdelek\/knjiga-umetnost-branja-obraza\/#primaryimage"},"image":{"@id":"https:\/\/svarunica.com\/sl\/izdelek\/knjiga-umetnost-branja-obraza\/#primaryimage"},"thumbnailUrl":"https:\/\/svarunica.com\/wp-content\/uploads\/2022\/01\/objavaknjiga__2021.jpg","datePublished":"2022-01-14T11:28:03+00:00","dateModified":"2022-01-14T12:03:09+00:00","breadcrumb":{"@id":"https:\/\/svarunica.com\/sl\/izdelek\/knjiga-umetnost-branja-obraza\/#breadcrumb"},"inLanguage":"sl-SI","potentialAction":[{"@type":"ReadAction","target":["https:\/\/svarunica.com\/sl\/izdelek\/knjiga-umetnost-branja-obraza\/"]}]},{"@type":"ImageObject","inLanguage":"sl-SI","@id":"https:\/\/svarunica.com\/sl\/izdelek\/knjiga-umetnost-branja-obraza\/#primaryimage","url":"https:\/\/svarunica.com\/wp-content\/uploads\/2022\/01\/objavaknjiga__2021.jpg","contentUrl":"https:\/\/svarunica.com\/wp-content\/uploads\/2022\/01\/objavaknjiga__2021.jpg","width":1014,"height":932,"caption":"facereading irena petric"},{"@type":"BreadcrumbList","@id":"https:\/\/svarunica.com\/sl\/izdelek\/knjiga-umetnost-branja-obraza\/#breadcrumb","itemListElement":[{"@type":"ListItem","position":1,"name":"Home","item":"https:\/\/svarunica.com\/sl\/"},{"@type":"ListItem","position":2,"name":"Trgovina","item":"https:\/\/svarunica.com\/sl\/trgovina\/"},{"@type":"ListItem","position":3,"name":"Knjiga: Umetnost branja obraza"}]},{"@type":"WebSite","@id":"https:\/\/svarunica.com\/#website","url":"https:\/\/svarunica.com\/","name":"Svarunica","description":"","publisher":{"@id":"https:\/\/svarunica.com\/#organization"},"potentialAction":[{"@type":"SearchAction","target":{"@type":"EntryPoint","urlTemplate":"https:\/\/svarunica.com\/?s={search_term_string}"},"query-input":{"@type":"PropertyValueSpecification","valueRequired":true,"valueName":"search_term_string"}}],"inLanguage":"sl-SI"},{"@type":"Organization","@id":"https:\/\/svarunica.com\/#organization","name":"Svarunica","url":"https:\/\/svarunica.com\/","logo":{"@type":"ImageObject","inLanguage":"sl-SI","@id":"https:\/\/svarunica.com\/#\/schema\/logo\/image\/","url":"https:\/\/svarunica.com\/wp-content\/uploads\/2021\/07\/cropped-cropped-svarunica-text-2.png","contentUrl":"https:\/\/svarunica.com\/wp-content\/uploads\/2021\/07\/cropped-cropped-svarunica-text-2.png","width":676,"height":179,"caption":"Svarunica"},"image":{"@id":"https:\/\/svarunica.com\/#\/schema\/logo\/image\/"}}]}},"_links":{"self":[{"href":"https:\/\/svarunica.com\/sl\/wp-json\/wp\/v2\/product\/3094","targetHints":{"allow":["GET"]}}],"collection":[{"href":"https:\/\/svarunica.com\/sl\/wp-json\/wp\/v2\/product"}],"about":[{"href":"https:\/\/svarunica.com\/sl\/wp-json\/wp\/v2\/types\/product"}],"wp:featuredmedia":[{"embeddable":true,"href":"https:\/\/svarunica.com\/sl\/wp-json\/wp\/v2\/media\/3093"}],"wp:attachment":[{"href":"https:\/\/svarunica.com\/sl\/wp-json\/wp\/v2\/media?parent=3094"}],"wp:term":[{"taxonomy":"product_cat","embeddable":true,"href":"https:\/\/svarunica.com\/sl\/wp-json\/wp\/v2\/product_cat?post=3094"},{"taxonomy":"product_tag","embeddable":true,"href":"https:\/\/svarunica.com\/sl\/wp-json\/wp\/v2\/product_tag?post=3094"}],"curies":[{"name":"wp","href":"https:\/\/api.w.org\/{rel}","templated":true}]}}