{"id":3179,"date":"2022-02-03T14:06:55","date_gmt":"2022-02-03T13:06:55","guid":{"rendered":"https:\/\/svarunica.com\/product\/3179\/"},"modified":"2024-10-11T15:15:24","modified_gmt":"2024-10-11T13:15:24","slug":"3179","status":"publish","type":"product","link":"https:\/\/svarunica.com\/sl\/izdelek\/3179\/","title":{"rendered":"Leseni obesek Jutranjica \/ Alatyr na \u010drni, prepleteni vrvici (imitacija usnja)"},"content":{"rendered":"","protected":false},"excerpt":{"rendered":"<p>Leseni obesek s simbolom osemkrake zvezde jutranjice je za\u0161\u010ditni amulet, ki prina\u0161a svetlobo, ki premaga temo, daje nam mo\u010d za nove za\u010detke ter dolgo \u017eivljenje.<\/p>\n<p>Podoben obesek z gravuro najdete v na\u0161i trgovinici\u00a0<a href=\"https:\/\/svarunica.com\/sl\/izdelek\/leseni-obesek-jutranjica-na-crni-pleteni-usnjeni-vrvici\/\">TUKAJ.<\/a><\/p>\n<p>Izberite jezik mini letaka, ki je dodan v \u0161katlico z obeskom:<\/p>\n","protected":false},"featured_media":16759,"template":"","meta":[],"product_cat":[538],"product_tag":[749,554,611,555,573,751,492,556],"class_list":{"0":"post-3179","1":"product","2":"type-product","3":"status-publish","4":"has-post-thumbnail","6":"product_cat-obeski","7":"product_tag-alatyr-sl","8":"product_tag-auseklis-sl","9":"product_tag-jutranjica-sl-2","10":"product_tag-jutranjica-sl","11":"product_tag-osemkraka-zvezda-sl","12":"product_tag-pomladna-zvezda","13":"product_tag-slovanski-simbol","14":"product_tag-svetloba-nad-temo","16":"first","17":"instock","18":"purchasable","19":"product-type-variable"},"yoast_head":"<!-- This site is optimized with the Yoast SEO plugin v23.9 - https:\/\/yoast.com\/wordpress\/plugins\/seo\/ -->\n<title>Leseni obesek Jutranjica \/ Alatyr na \u010drni, prepleteni vrvici (imitacija usnja) - Svarunica<\/title>\n<meta name=\"robots\" content=\"index, follow, max-snippet:-1, max-image-preview:large, max-video-preview:-1\" \/>\n<link rel=\"canonical\" href=\"https:\/\/svarunica.com\/sl\/izdelek\/3179\/\" \/>\n<meta property=\"og:locale\" content=\"sl_SI\" \/>\n<meta property=\"og:type\" content=\"article\" \/>\n<meta property=\"og:title\" content=\"Leseni obesek Jutranjica \/ Alatyr na \u010drni, prepleteni vrvici (imitacija usnja) - Svarunica\" \/>\n<meta property=\"og:description\" content=\"Leseni obesek s simbolom osemkrake zvezde jutranjice je za\u0161\u010ditni amulet, ki prina\u0161a svetlobo, ki premaga temo, daje nam mo\u010d za nove za\u010detke ter dolgo \u017eivljenje.  Podoben obesek z gravuro najdete v na\u0161i trgovinici\u00a0TUKAJ.  Izberite jezik mini letaka, ki je dodan v \u0161katlico z obeskom:\" \/>\n<meta property=\"og:url\" content=\"https:\/\/svarunica.com\/sl\/izdelek\/3179\/\" \/>\n<meta property=\"og:site_name\" content=\"Svarunica\" \/>\n<meta property=\"article:modified_time\" content=\"2024-10-11T13:15:24+00:00\" \/>\n<meta property=\"og:image\" content=\"https:\/\/svarunica.com\/wp-content\/uploads\/2022\/02\/jutranjica-box-leather.jpg\" \/>\n\t<meta property=\"og:image:width\" content=\"1000\" \/>\n\t<meta property=\"og:image:height\" content=\"750\" \/>\n\t<meta property=\"og:image:type\" content=\"image\/jpeg\" \/>\n<meta name=\"twitter:card\" content=\"summary_large_image\" \/>\n<script type=\"application\/ld+json\" class=\"yoast-schema-graph\">{\"@context\":\"https:\/\/schema.org\",\"@graph\":[{\"@type\":\"WebPage\",\"@id\":\"https:\/\/svarunica.com\/sl\/izdelek\/3179\/\",\"url\":\"https:\/\/svarunica.com\/sl\/izdelek\/3179\/\",\"name\":\"Leseni obesek Jutranjica \/ Alatyr na \u010drni, prepleteni vrvici (imitacija usnja) - Svarunica\",\"isPartOf\":{\"@id\":\"https:\/\/svarunica.com\/#website\"},\"primaryImageOfPage\":{\"@id\":\"https:\/\/svarunica.com\/sl\/izdelek\/3179\/#primaryimage\"},\"image\":{\"@id\":\"https:\/\/svarunica.com\/sl\/izdelek\/3179\/#primaryimage\"},\"thumbnailUrl\":\"https:\/\/svarunica.com\/wp-content\/uploads\/2022\/02\/svarunica-leseni-amuleti-jutranjica-izrez-2.jpg\",\"datePublished\":\"2022-02-03T13:06:55+00:00\",\"dateModified\":\"2024-10-11T13:15:24+00:00\",\"breadcrumb\":{\"@id\":\"https:\/\/svarunica.com\/sl\/izdelek\/3179\/#breadcrumb\"},\"inLanguage\":\"sl-SI\",\"potentialAction\":[{\"@type\":\"ReadAction\",\"target\":[\"https:\/\/svarunica.com\/sl\/izdelek\/3179\/\"]}]},{\"@type\":\"ImageObject\",\"inLanguage\":\"sl-SI\",\"@id\":\"https:\/\/svarunica.com\/sl\/izdelek\/3179\/#primaryimage\",\"url\":\"https:\/\/svarunica.com\/wp-content\/uploads\/2022\/02\/svarunica-leseni-amuleti-jutranjica-izrez-2.jpg\",\"contentUrl\":\"https:\/\/svarunica.com\/wp-content\/uploads\/2022\/02\/svarunica-leseni-amuleti-jutranjica-izrez-2.jpg\",\"width\":800,\"height\":600},{\"@type\":\"BreadcrumbList\",\"@id\":\"https:\/\/svarunica.com\/sl\/izdelek\/3179\/#breadcrumb\",\"itemListElement\":[{\"@type\":\"ListItem\",\"position\":1,\"name\":\"Home\",\"item\":\"https:\/\/svarunica.com\/sl\/\"},{\"@type\":\"ListItem\",\"position\":2,\"name\":\"Trgovina\",\"item\":\"https:\/\/svarunica.com\/sl\/trgovina\/\"},{\"@type\":\"ListItem\",\"position\":3,\"name\":\"Leseni obesek Jutranjica \/ Alatyr na \u010drni, prepleteni vrvici (imitacija usnja)\"}]},{\"@type\":\"WebSite\",\"@id\":\"https:\/\/svarunica.com\/#website\",\"url\":\"https:\/\/svarunica.com\/\",\"name\":\"Svarunica\",\"description\":\"\",\"publisher\":{\"@id\":\"https:\/\/svarunica.com\/#organization\"},\"potentialAction\":[{\"@type\":\"SearchAction\",\"target\":{\"@type\":\"EntryPoint\",\"urlTemplate\":\"https:\/\/svarunica.com\/?s={search_term_string}\"},\"query-input\":{\"@type\":\"PropertyValueSpecification\",\"valueRequired\":true,\"valueName\":\"search_term_string\"}}],\"inLanguage\":\"sl-SI\"},{\"@type\":\"Organization\",\"@id\":\"https:\/\/svarunica.com\/#organization\",\"name\":\"Svarunica\",\"url\":\"https:\/\/svarunica.com\/\",\"logo\":{\"@type\":\"ImageObject\",\"inLanguage\":\"sl-SI\",\"@id\":\"https:\/\/svarunica.com\/#\/schema\/logo\/image\/\",\"url\":\"https:\/\/svarunica.com\/wp-content\/uploads\/2021\/07\/cropped-cropped-svarunica-text-2.png\",\"contentUrl\":\"https:\/\/svarunica.com\/wp-content\/uploads\/2021\/07\/cropped-cropped-svarunica-text-2.png\",\"width\":676,\"height\":179,\"caption\":\"Svarunica\"},\"image\":{\"@id\":\"https:\/\/svarunica.com\/#\/schema\/logo\/image\/\"}}]}<\/script>\n<!-- \/ Yoast SEO plugin. -->","yoast_head_json":{"title":"Leseni obesek Jutranjica \/ Alatyr na \u010drni, prepleteni vrvici (imitacija usnja) - Svarunica","robots":{"index":"index","follow":"follow","max-snippet":"max-snippet:-1","max-image-preview":"max-image-preview:large","max-video-preview":"max-video-preview:-1"},"canonical":"https:\/\/svarunica.com\/sl\/izdelek\/3179\/","og_locale":"sl_SI","og_type":"article","og_title":"Leseni obesek Jutranjica \/ Alatyr na \u010drni, prepleteni vrvici (imitacija usnja) - Svarunica","og_description":"Leseni obesek s simbolom osemkrake zvezde jutranjice je za\u0161\u010ditni amulet, ki prina\u0161a svetlobo, ki premaga temo, daje nam mo\u010d za nove za\u010detke ter dolgo \u017eivljenje.  Podoben obesek z gravuro najdete v na\u0161i trgovinici\u00a0TUKAJ.  Izberite jezik mini letaka, ki je dodan v \u0161katlico z obeskom:","og_url":"https:\/\/svarunica.com\/sl\/izdelek\/3179\/","og_site_name":"Svarunica","article_modified_time":"2024-10-11T13:15:24+00:00","og_image":[{"width":1000,"height":750,"url":"https:\/\/svarunica.com\/wp-content\/uploads\/2022\/02\/jutranjica-box-leather.jpg","type":"image\/jpeg"}],"twitter_card":"summary_large_image","schema":{"@context":"https:\/\/schema.org","@graph":[{"@type":"WebPage","@id":"https:\/\/svarunica.com\/sl\/izdelek\/3179\/","url":"https:\/\/svarunica.com\/sl\/izdelek\/3179\/","name":"Leseni obesek Jutranjica \/ Alatyr na \u010drni, prepleteni vrvici (imitacija usnja) - Svarunica","isPartOf":{"@id":"https:\/\/svarunica.com\/#website"},"primaryImageOfPage":{"@id":"https:\/\/svarunica.com\/sl\/izdelek\/3179\/#primaryimage"},"image":{"@id":"https:\/\/svarunica.com\/sl\/izdelek\/3179\/#primaryimage"},"thumbnailUrl":"https:\/\/svarunica.com\/wp-content\/uploads\/2022\/02\/svarunica-leseni-amuleti-jutranjica-izrez-2.jpg","datePublished":"2022-02-03T13:06:55+00:00","dateModified":"2024-10-11T13:15:24+00:00","breadcrumb":{"@id":"https:\/\/svarunica.com\/sl\/izdelek\/3179\/#breadcrumb"},"inLanguage":"sl-SI","potentialAction":[{"@type":"ReadAction","target":["https:\/\/svarunica.com\/sl\/izdelek\/3179\/"]}]},{"@type":"ImageObject","inLanguage":"sl-SI","@id":"https:\/\/svarunica.com\/sl\/izdelek\/3179\/#primaryimage","url":"https:\/\/svarunica.com\/wp-content\/uploads\/2022\/02\/svarunica-leseni-amuleti-jutranjica-izrez-2.jpg","contentUrl":"https:\/\/svarunica.com\/wp-content\/uploads\/2022\/02\/svarunica-leseni-amuleti-jutranjica-izrez-2.jpg","width":800,"height":600},{"@type":"BreadcrumbList","@id":"https:\/\/svarunica.com\/sl\/izdelek\/3179\/#breadcrumb","itemListElement":[{"@type":"ListItem","position":1,"name":"Home","item":"https:\/\/svarunica.com\/sl\/"},{"@type":"ListItem","position":2,"name":"Trgovina","item":"https:\/\/svarunica.com\/sl\/trgovina\/"},{"@type":"ListItem","position":3,"name":"Leseni obesek Jutranjica \/ Alatyr na \u010drni, prepleteni vrvici (imitacija usnja)"}]},{"@type":"WebSite","@id":"https:\/\/svarunica.com\/#website","url":"https:\/\/svarunica.com\/","name":"Svarunica","description":"","publisher":{"@id":"https:\/\/svarunica.com\/#organization"},"potentialAction":[{"@type":"SearchAction","target":{"@type":"EntryPoint","urlTemplate":"https:\/\/svarunica.com\/?s={search_term_string}"},"query-input":{"@type":"PropertyValueSpecification","valueRequired":true,"valueName":"search_term_string"}}],"inLanguage":"sl-SI"},{"@type":"Organization","@id":"https:\/\/svarunica.com\/#organization","name":"Svarunica","url":"https:\/\/svarunica.com\/","logo":{"@type":"ImageObject","inLanguage":"sl-SI","@id":"https:\/\/svarunica.com\/#\/schema\/logo\/image\/","url":"https:\/\/svarunica.com\/wp-content\/uploads\/2021\/07\/cropped-cropped-svarunica-text-2.png","contentUrl":"https:\/\/svarunica.com\/wp-content\/uploads\/2021\/07\/cropped-cropped-svarunica-text-2.png","width":676,"height":179,"caption":"Svarunica"},"image":{"@id":"https:\/\/svarunica.com\/#\/schema\/logo\/image\/"}}]}},"_links":{"self":[{"href":"https:\/\/svarunica.com\/sl\/wp-json\/wp\/v2\/product\/3179","targetHints":{"allow":["GET"]}}],"collection":[{"href":"https:\/\/svarunica.com\/sl\/wp-json\/wp\/v2\/product"}],"about":[{"href":"https:\/\/svarunica.com\/sl\/wp-json\/wp\/v2\/types\/product"}],"wp:featuredmedia":[{"embeddable":true,"href":"https:\/\/svarunica.com\/sl\/wp-json\/wp\/v2\/media\/16759"}],"wp:attachment":[{"href":"https:\/\/svarunica.com\/sl\/wp-json\/wp\/v2\/media?parent=3179"}],"wp:term":[{"taxonomy":"product_cat","embeddable":true,"href":"https:\/\/svarunica.com\/sl\/wp-json\/wp\/v2\/product_cat?post=3179"},{"taxonomy":"product_tag","embeddable":true,"href":"https:\/\/svarunica.com\/sl\/wp-json\/wp\/v2\/product_tag?post=3179"}],"curies":[{"name":"wp","href":"https:\/\/api.w.org\/{rel}","templated":true}]}}