{"id":3301,"date":"2022-03-07T17:08:46","date_gmt":"2022-03-07T16:08:46","guid":{"rendered":"https:\/\/svarunica.com\/?post_type=product&#038;p=3301"},"modified":"2025-12-08T14:08:22","modified_gmt":"2025-12-08T13:08:22","slug":"knjiga-zvezda-ki-vodi-v-vecnost","status":"publish","type":"product","link":"https:\/\/svarunica.com\/sl\/izdelek\/knjiga-zvezda-ki-vodi-v-vecnost\/","title":{"rendered":"Knjiga: Zvezda, ki vodi v ve\u010dnost"},"content":{"rendered":"<p>Knjiga, 112 strani,<br \/>\nmehke platnice, plastifikacija mat,<br \/>\nformat A5<\/p>\n<p>avtorica: Irena Petri\u010d<br \/>\nzalo\u017eil: Klub VELES, center vse\u017eivljenjskega u\u010denja in povezovanja s predniki, marec 2022<\/p>\n<p>video predstavitev:<br \/>\n<iframe loading=\"lazy\" title=\"Zvezda, ki vodi v ve\u010dnost: predstavitev knjige o tradicionalnem simbolu osemkrake zvezde\" width=\"640\" height=\"360\" src=\"https:\/\/www.youtube.com\/embed\/RqJxua8TI-A?feature=oembed\" frameborder=\"0\" allow=\"accelerometer; autoplay; clipboard-write; encrypted-media; gyroscope; picture-in-picture; web-share\" referrerpolicy=\"strict-origin-when-cross-origin\" allowfullscreen><\/iframe><\/p>\n<p>&nbsp;<\/p>\n","protected":false},"excerpt":{"rendered":"<div dir=\"auto\">Zvezda nas spremlja na vsakem koraku in je eden izmed najbolj prepoznavnih simbolov stare vere, ki se je v enaki obliki ohranjal vse do danes \u0161irom Evrope in celotnega sveta tako na vezeninah &#8211; oblekah, prtih, pisanicah, uporabnih in okrasnih predmetih, na posteljah itd.<\/div>\n<div dir=\"auto\">\n<p>Glavne teme v knjigi so simbolni pomen osemkrake zvezde skozi zgodovino in prostor, za\u0161\u010ditna funkcija neko\u010d in danes,\u00a0 podro\u010dja uporabe, njena magi\u010dnost in mitolo\u0161ko ozadje.<\/p>\n<p>&nbsp;<\/p>\n<\/div>\n<div dir=\"auto\"><\/div>\n","protected":false},"featured_media":3345,"template":"","meta":[],"product_cat":[667,359],"product_tag":[749,554,555,796,557,798,793,799,531,492,791,792,797,795,558,794,790],"class_list":{"0":"post-3301","1":"product","2":"type-product","3":"status-publish","4":"has-post-thumbnail","6":"product_cat-knjige","7":"product_cat-uncategorized-sl","8":"product_tag-alatyr-sl","9":"product_tag-auseklis-sl","10":"product_tag-jutranjica-sl","11":"product_tag-ljudski-vzorec","12":"product_tag-osemkraka-zvezda","13":"product_tag-pomladni-simbol","14":"product_tag-povezava-z-onostranstvom","15":"product_tag-premoc-svetlobe","16":"product_tag-slovanska-boginja","17":"product_tag-slovanski-simbol","18":"product_tag-slovenski-simbol","19":"product_tag-svetloba","20":"product_tag-visimka","21":"product_tag-zarika","22":"product_tag-zarja","23":"product_tag-zorja","24":"product_tag-zvezda","26":"first","27":"instock","28":"purchasable","29":"product-type-simple"},"yoast_head":"<!-- This site is optimized with the Yoast SEO plugin v23.9 - https:\/\/yoast.com\/wordpress\/plugins\/seo\/ -->\n<title>Knjiga: Zvezda, ki vodi v ve\u010dnost - Svarunica<\/title>\n<meta name=\"robots\" content=\"index, follow, max-snippet:-1, max-image-preview:large, max-video-preview:-1\" \/>\n<link rel=\"canonical\" href=\"https:\/\/svarunica.com\/sl\/izdelek\/knjiga-zvezda-ki-vodi-v-vecnost\/\" \/>\n<meta property=\"og:locale\" content=\"sl_SI\" \/>\n<meta property=\"og:type\" content=\"article\" \/>\n<meta property=\"og:title\" content=\"Knjiga: Zvezda, ki vodi v ve\u010dnost - Svarunica\" \/>\n<meta property=\"og:description\" content=\"Zvezda nas spremlja na vsakem koraku in je eden izmed najbolj prepoznavnih simbolov stare vere, ki se je v enaki obliki ohranjal vse do danes \u0161irom Evrope in celotnega sveta tako na vezeninah - oblekah, prtih, pisanicah, uporabnih in okrasnih predmetih, na posteljah itd.   Glavne teme v knjigi so simbolni pomen osemkrake zvezde skozi zgodovino in prostor, za\u0161\u010ditna funkcija neko\u010d in danes,\u00a0 podro\u010dja uporabe, njena magi\u010dnost in mitolo\u0161ko ozadje.  &nbsp;\" \/>\n<meta property=\"og:url\" content=\"https:\/\/svarunica.com\/sl\/izdelek\/knjiga-zvezda-ki-vodi-v-vecnost\/\" \/>\n<meta property=\"og:site_name\" content=\"Svarunica\" \/>\n<meta property=\"article:modified_time\" content=\"2025-12-08T13:08:22+00:00\" \/>\n<meta property=\"og:image\" content=\"https:\/\/svarunica.com\/wp-content\/uploads\/2022\/03\/zvezda-4-1.jpg\" \/>\n\t<meta property=\"og:image:width\" content=\"1000\" \/>\n\t<meta property=\"og:image:height\" content=\"750\" \/>\n\t<meta property=\"og:image:type\" content=\"image\/jpeg\" \/>\n<meta name=\"twitter:card\" content=\"summary_large_image\" \/>\n<meta name=\"twitter:label1\" content=\"Est. reading time\" \/>\n\t<meta name=\"twitter:data1\" content=\"1 minuta\" \/>\n<script type=\"application\/ld+json\" class=\"yoast-schema-graph\">{\"@context\":\"https:\/\/schema.org\",\"@graph\":[{\"@type\":\"WebPage\",\"@id\":\"https:\/\/svarunica.com\/sl\/izdelek\/knjiga-zvezda-ki-vodi-v-vecnost\/\",\"url\":\"https:\/\/svarunica.com\/sl\/izdelek\/knjiga-zvezda-ki-vodi-v-vecnost\/\",\"name\":\"Knjiga: Zvezda, ki vodi v ve\u010dnost - Svarunica\",\"isPartOf\":{\"@id\":\"https:\/\/svarunica.com\/#website\"},\"primaryImageOfPage\":{\"@id\":\"https:\/\/svarunica.com\/sl\/izdelek\/knjiga-zvezda-ki-vodi-v-vecnost\/#primaryimage\"},\"image\":{\"@id\":\"https:\/\/svarunica.com\/sl\/izdelek\/knjiga-zvezda-ki-vodi-v-vecnost\/#primaryimage\"},\"thumbnailUrl\":\"https:\/\/svarunica.com\/wp-content\/uploads\/2022\/03\/zvezda-4-1.jpg\",\"datePublished\":\"2022-03-07T16:08:46+00:00\",\"dateModified\":\"2025-12-08T13:08:22+00:00\",\"breadcrumb\":{\"@id\":\"https:\/\/svarunica.com\/sl\/izdelek\/knjiga-zvezda-ki-vodi-v-vecnost\/#breadcrumb\"},\"inLanguage\":\"sl-SI\",\"potentialAction\":[{\"@type\":\"ReadAction\",\"target\":[\"https:\/\/svarunica.com\/sl\/izdelek\/knjiga-zvezda-ki-vodi-v-vecnost\/\"]}]},{\"@type\":\"ImageObject\",\"inLanguage\":\"sl-SI\",\"@id\":\"https:\/\/svarunica.com\/sl\/izdelek\/knjiga-zvezda-ki-vodi-v-vecnost\/#primaryimage\",\"url\":\"https:\/\/svarunica.com\/wp-content\/uploads\/2022\/03\/zvezda-4-1.jpg\",\"contentUrl\":\"https:\/\/svarunica.com\/wp-content\/uploads\/2022\/03\/zvezda-4-1.jpg\",\"width\":1000,\"height\":750,\"caption\":\"fbt\"},{\"@type\":\"BreadcrumbList\",\"@id\":\"https:\/\/svarunica.com\/sl\/izdelek\/knjiga-zvezda-ki-vodi-v-vecnost\/#breadcrumb\",\"itemListElement\":[{\"@type\":\"ListItem\",\"position\":1,\"name\":\"Home\",\"item\":\"https:\/\/svarunica.com\/sl\/\"},{\"@type\":\"ListItem\",\"position\":2,\"name\":\"Trgovina\",\"item\":\"https:\/\/svarunica.com\/sl\/trgovina\/\"},{\"@type\":\"ListItem\",\"position\":3,\"name\":\"Knjiga: Zvezda, ki vodi v ve\u010dnost\"}]},{\"@type\":\"WebSite\",\"@id\":\"https:\/\/svarunica.com\/#website\",\"url\":\"https:\/\/svarunica.com\/\",\"name\":\"Svarunica\",\"description\":\"\",\"publisher\":{\"@id\":\"https:\/\/svarunica.com\/#organization\"},\"potentialAction\":[{\"@type\":\"SearchAction\",\"target\":{\"@type\":\"EntryPoint\",\"urlTemplate\":\"https:\/\/svarunica.com\/?s={search_term_string}\"},\"query-input\":{\"@type\":\"PropertyValueSpecification\",\"valueRequired\":true,\"valueName\":\"search_term_string\"}}],\"inLanguage\":\"sl-SI\"},{\"@type\":\"Organization\",\"@id\":\"https:\/\/svarunica.com\/#organization\",\"name\":\"Svarunica\",\"url\":\"https:\/\/svarunica.com\/\",\"logo\":{\"@type\":\"ImageObject\",\"inLanguage\":\"sl-SI\",\"@id\":\"https:\/\/svarunica.com\/#\/schema\/logo\/image\/\",\"url\":\"https:\/\/svarunica.com\/wp-content\/uploads\/2021\/07\/cropped-cropped-svarunica-text-2.png\",\"contentUrl\":\"https:\/\/svarunica.com\/wp-content\/uploads\/2021\/07\/cropped-cropped-svarunica-text-2.png\",\"width\":676,\"height\":179,\"caption\":\"Svarunica\"},\"image\":{\"@id\":\"https:\/\/svarunica.com\/#\/schema\/logo\/image\/\"}}]}<\/script>\n<!-- \/ Yoast SEO plugin. -->","yoast_head_json":{"title":"Knjiga: Zvezda, ki vodi v ve\u010dnost - Svarunica","robots":{"index":"index","follow":"follow","max-snippet":"max-snippet:-1","max-image-preview":"max-image-preview:large","max-video-preview":"max-video-preview:-1"},"canonical":"https:\/\/svarunica.com\/sl\/izdelek\/knjiga-zvezda-ki-vodi-v-vecnost\/","og_locale":"sl_SI","og_type":"article","og_title":"Knjiga: Zvezda, ki vodi v ve\u010dnost - Svarunica","og_description":"Zvezda nas spremlja na vsakem koraku in je eden izmed najbolj prepoznavnih simbolov stare vere, ki se je v enaki obliki ohranjal vse do danes \u0161irom Evrope in celotnega sveta tako na vezeninah - oblekah, prtih, pisanicah, uporabnih in okrasnih predmetih, na posteljah itd.   Glavne teme v knjigi so simbolni pomen osemkrake zvezde skozi zgodovino in prostor, za\u0161\u010ditna funkcija neko\u010d in danes,\u00a0 podro\u010dja uporabe, njena magi\u010dnost in mitolo\u0161ko ozadje.  &nbsp;","og_url":"https:\/\/svarunica.com\/sl\/izdelek\/knjiga-zvezda-ki-vodi-v-vecnost\/","og_site_name":"Svarunica","article_modified_time":"2025-12-08T13:08:22+00:00","og_image":[{"width":1000,"height":750,"url":"https:\/\/svarunica.com\/wp-content\/uploads\/2022\/03\/zvezda-4-1.jpg","type":"image\/jpeg"}],"twitter_card":"summary_large_image","twitter_misc":{"Est. reading time":"1 minuta"},"schema":{"@context":"https:\/\/schema.org","@graph":[{"@type":"WebPage","@id":"https:\/\/svarunica.com\/sl\/izdelek\/knjiga-zvezda-ki-vodi-v-vecnost\/","url":"https:\/\/svarunica.com\/sl\/izdelek\/knjiga-zvezda-ki-vodi-v-vecnost\/","name":"Knjiga: Zvezda, ki vodi v ve\u010dnost - Svarunica","isPartOf":{"@id":"https:\/\/svarunica.com\/#website"},"primaryImageOfPage":{"@id":"https:\/\/svarunica.com\/sl\/izdelek\/knjiga-zvezda-ki-vodi-v-vecnost\/#primaryimage"},"image":{"@id":"https:\/\/svarunica.com\/sl\/izdelek\/knjiga-zvezda-ki-vodi-v-vecnost\/#primaryimage"},"thumbnailUrl":"https:\/\/svarunica.com\/wp-content\/uploads\/2022\/03\/zvezda-4-1.jpg","datePublished":"2022-03-07T16:08:46+00:00","dateModified":"2025-12-08T13:08:22+00:00","breadcrumb":{"@id":"https:\/\/svarunica.com\/sl\/izdelek\/knjiga-zvezda-ki-vodi-v-vecnost\/#breadcrumb"},"inLanguage":"sl-SI","potentialAction":[{"@type":"ReadAction","target":["https:\/\/svarunica.com\/sl\/izdelek\/knjiga-zvezda-ki-vodi-v-vecnost\/"]}]},{"@type":"ImageObject","inLanguage":"sl-SI","@id":"https:\/\/svarunica.com\/sl\/izdelek\/knjiga-zvezda-ki-vodi-v-vecnost\/#primaryimage","url":"https:\/\/svarunica.com\/wp-content\/uploads\/2022\/03\/zvezda-4-1.jpg","contentUrl":"https:\/\/svarunica.com\/wp-content\/uploads\/2022\/03\/zvezda-4-1.jpg","width":1000,"height":750,"caption":"fbt"},{"@type":"BreadcrumbList","@id":"https:\/\/svarunica.com\/sl\/izdelek\/knjiga-zvezda-ki-vodi-v-vecnost\/#breadcrumb","itemListElement":[{"@type":"ListItem","position":1,"name":"Home","item":"https:\/\/svarunica.com\/sl\/"},{"@type":"ListItem","position":2,"name":"Trgovina","item":"https:\/\/svarunica.com\/sl\/trgovina\/"},{"@type":"ListItem","position":3,"name":"Knjiga: Zvezda, ki vodi v ve\u010dnost"}]},{"@type":"WebSite","@id":"https:\/\/svarunica.com\/#website","url":"https:\/\/svarunica.com\/","name":"Svarunica","description":"","publisher":{"@id":"https:\/\/svarunica.com\/#organization"},"potentialAction":[{"@type":"SearchAction","target":{"@type":"EntryPoint","urlTemplate":"https:\/\/svarunica.com\/?s={search_term_string}"},"query-input":{"@type":"PropertyValueSpecification","valueRequired":true,"valueName":"search_term_string"}}],"inLanguage":"sl-SI"},{"@type":"Organization","@id":"https:\/\/svarunica.com\/#organization","name":"Svarunica","url":"https:\/\/svarunica.com\/","logo":{"@type":"ImageObject","inLanguage":"sl-SI","@id":"https:\/\/svarunica.com\/#\/schema\/logo\/image\/","url":"https:\/\/svarunica.com\/wp-content\/uploads\/2021\/07\/cropped-cropped-svarunica-text-2.png","contentUrl":"https:\/\/svarunica.com\/wp-content\/uploads\/2021\/07\/cropped-cropped-svarunica-text-2.png","width":676,"height":179,"caption":"Svarunica"},"image":{"@id":"https:\/\/svarunica.com\/#\/schema\/logo\/image\/"}}]}},"_links":{"self":[{"href":"https:\/\/svarunica.com\/sl\/wp-json\/wp\/v2\/product\/3301","targetHints":{"allow":["GET"]}}],"collection":[{"href":"https:\/\/svarunica.com\/sl\/wp-json\/wp\/v2\/product"}],"about":[{"href":"https:\/\/svarunica.com\/sl\/wp-json\/wp\/v2\/types\/product"}],"wp:featuredmedia":[{"embeddable":true,"href":"https:\/\/svarunica.com\/sl\/wp-json\/wp\/v2\/media\/3345"}],"wp:attachment":[{"href":"https:\/\/svarunica.com\/sl\/wp-json\/wp\/v2\/media?parent=3301"}],"wp:term":[{"taxonomy":"product_cat","embeddable":true,"href":"https:\/\/svarunica.com\/sl\/wp-json\/wp\/v2\/product_cat?post=3301"},{"taxonomy":"product_tag","embeddable":true,"href":"https:\/\/svarunica.com\/sl\/wp-json\/wp\/v2\/product_tag?post=3301"}],"curies":[{"name":"wp","href":"https:\/\/api.w.org\/{rel}","templated":true}]}}