{"id":6510,"date":"2022-11-21T17:13:00","date_gmt":"2022-11-21T16:13:00","guid":{"rendered":"https:\/\/svarunica.com\/product\/bozanskost-zelezne-dobe\/"},"modified":"2024-10-11T15:11:25","modified_gmt":"2024-10-11T13:11:25","slug":"bozanskost-zelezne-dobe","status":"publish","type":"product","link":"https:\/\/svarunica.com\/sl\/izdelek\/bozanskost-zelezne-dobe\/","title":{"rendered":"Koledar 2023: Bo\u017eanskost \u017eelezne dobe in sveto rastlinje v na\u0161ih krajih"},"content":{"rendered":"<p>Po enem letu lahko \u0161tevil\u010dnico odre\u017eete in izdelek spravite kot brez\u010dasno informativno knji\u017eico.<\/p>\n<p>Koledar je natisnjen na 150 g premaznem papirju.<br \/>\nVelikost: 21x42cm.<\/p>\n<p>&nbsp;<\/p>\n","protected":false},"excerpt":{"rendered":"<p>Edinstveni, letni, stenski koledarji,<br \/>\nz vpogledom v kulturno preteklost,<br \/>\nmitolo\u0161ki in obredni svet na\u0161ih prednikov.<br \/>\nNarejeni s sr\u010dno predanostjo<br \/>\nTokrat so posebni, ker gremo \u0161e dlje nazaj v \u010das.<br \/>\nV bo\u017eanskost \u017eelezne dobe.<\/p>\n<p>Zajadramo tja dale\u010d nazaj v prvo tiso\u010dletje pred na\u0161im \u0161tetjem, to 15. leto, odkar smo prvi\u010d izdali<br \/>\ntovrsten koledar!<\/p>\n<p>Koledar vsebuje avtorske ilustracije, spremne opise in \u0161tevil\u010dnico z ozna\u010denimi tako aktualnimi, dr\u017eavnimi, kot<br \/>\ndomorodnimi prazniki ter luninimi menami.<\/p>\n<p>Podprimo slovensko ustvarjalnost in ozave\u0161\u010danje o na\u0161ih koreninah!<br \/>\nVe\u010d o koledarju si lahko preberete tukaj:<br \/>\n<a href=\"https:\/\/svarunica.com\/sl\/koledar-2023-bozanskost-zelezne-dobe-in-sveto-rastlinje-v-nasih-krajih\/\">https:\/\/svarunica.com\/sl\/koledar-2023-bozanskost-zelezne-dobe-in-sveto-rastlinje-v-nasih-krajih\/<\/a><\/p>\n<p>Prevzem je mo\u017een od 5.12.2022 dalje!<\/p>\n<p>Na voljo je tudi knjiga z raz\u0161irjeno vsebino &#8211; z enakim naslovom v e-obliki.<\/p>\n<p>12 bo\u017eanstev v koledarju in knjigi:<br \/>\nBaba, Kurent, Tana, Vidas, Noreja, Kresnik (romaniziran Jupiter Depulsor), Reitija, Istra, Belin, Ekorna, Labur, Trimuzjat.<\/p>\n","protected":false},"featured_media":6783,"template":"","meta":[],"product_cat":[1007,667,359],"product_tag":[900,684,459,875,874],"class_list":{"0":"post-6510","1":"product","2":"type-product","3":"status-publish","4":"has-post-thumbnail","6":"product_cat-arhivski-koledarji","7":"product_cat-knjige","8":"product_cat-uncategorized-sl","9":"product_tag-domorodna-vera","10":"product_tag-slovanska-tradicija","11":"product_tag-slovenska-mitologija-sl","12":"product_tag-zeleznodobna-obredja","13":"product_tag-zeleznodobni-bogovi","15":"first","16":"instock","17":"sale","18":"featured","19":"purchasable","20":"product-type-simple"},"yoast_head":"<!-- This site is optimized with the Yoast SEO plugin v23.9 - https:\/\/yoast.com\/wordpress\/plugins\/seo\/ -->\n<title>Koledar 2023: Bo\u017eanskost \u017eelezne dobe in sveto rastlinje v na\u0161ih krajih - Svarunica<\/title>\n<meta name=\"description\" content=\"Koledar prikazuje boginje in bogove iz \u010dasa \u017eelezne dobe na slovenskem\" \/>\n<meta name=\"robots\" content=\"index, follow, max-snippet:-1, max-image-preview:large, max-video-preview:-1\" \/>\n<link rel=\"canonical\" href=\"https:\/\/svarunica.com\/sl\/izdelek\/bozanskost-zelezne-dobe\/\" \/>\n<meta property=\"og:locale\" content=\"sl_SI\" \/>\n<meta property=\"og:type\" content=\"article\" \/>\n<meta property=\"og:title\" content=\"Koledar 2023: Bo\u017eanskost \u017eelezne dobe in sveto rastlinje v na\u0161ih krajih - Svarunica\" \/>\n<meta property=\"og:description\" content=\"Koledar prikazuje boginje in bogove iz \u010dasa \u017eelezne dobe na slovenskem\" \/>\n<meta property=\"og:url\" content=\"https:\/\/svarunica.com\/sl\/izdelek\/bozanskost-zelezne-dobe\/\" \/>\n<meta property=\"og:site_name\" content=\"Svarunica\" \/>\n<meta property=\"article:modified_time\" content=\"2024-10-11T13:11:25+00:00\" \/>\n<meta property=\"og:image\" content=\"https:\/\/svarunica.com\/wp-content\/uploads\/2022\/11\/koledar-2023-mockup-zelezni-5a.jpg\" \/>\n\t<meta property=\"og:image:width\" content=\"894\" \/>\n\t<meta property=\"og:image:height\" content=\"1200\" \/>\n\t<meta property=\"og:image:type\" content=\"image\/jpeg\" \/>\n<meta name=\"twitter:card\" content=\"summary_large_image\" \/>\n<script type=\"application\/ld+json\" class=\"yoast-schema-graph\">{\"@context\":\"https:\/\/schema.org\",\"@graph\":[{\"@type\":\"WebPage\",\"@id\":\"https:\/\/svarunica.com\/sl\/izdelek\/bozanskost-zelezne-dobe\/\",\"url\":\"https:\/\/svarunica.com\/sl\/izdelek\/bozanskost-zelezne-dobe\/\",\"name\":\"Koledar 2023: Bo\u017eanskost \u017eelezne dobe in sveto rastlinje v na\u0161ih krajih - Svarunica\",\"isPartOf\":{\"@id\":\"https:\/\/svarunica.com\/#website\"},\"primaryImageOfPage\":{\"@id\":\"https:\/\/svarunica.com\/sl\/izdelek\/bozanskost-zelezne-dobe\/#primaryimage\"},\"image\":{\"@id\":\"https:\/\/svarunica.com\/sl\/izdelek\/bozanskost-zelezne-dobe\/#primaryimage\"},\"thumbnailUrl\":\"https:\/\/svarunica.com\/wp-content\/uploads\/2022\/11\/koledar-2023-mockup-zelezni-5a.jpg\",\"datePublished\":\"2022-11-21T16:13:00+00:00\",\"dateModified\":\"2024-10-11T13:11:25+00:00\",\"description\":\"Koledar prikazuje boginje in bogove iz \u010dasa \u017eelezne dobe na slovenskem\",\"breadcrumb\":{\"@id\":\"https:\/\/svarunica.com\/sl\/izdelek\/bozanskost-zelezne-dobe\/#breadcrumb\"},\"inLanguage\":\"sl-SI\",\"potentialAction\":[{\"@type\":\"ReadAction\",\"target\":[\"https:\/\/svarunica.com\/sl\/izdelek\/bozanskost-zelezne-dobe\/\"]}]},{\"@type\":\"ImageObject\",\"inLanguage\":\"sl-SI\",\"@id\":\"https:\/\/svarunica.com\/sl\/izdelek\/bozanskost-zelezne-dobe\/#primaryimage\",\"url\":\"https:\/\/svarunica.com\/wp-content\/uploads\/2022\/11\/koledar-2023-mockup-zelezni-5a.jpg\",\"contentUrl\":\"https:\/\/svarunica.com\/wp-content\/uploads\/2022\/11\/koledar-2023-mockup-zelezni-5a.jpg\",\"width\":894,\"height\":1200},{\"@type\":\"BreadcrumbList\",\"@id\":\"https:\/\/svarunica.com\/sl\/izdelek\/bozanskost-zelezne-dobe\/#breadcrumb\",\"itemListElement\":[{\"@type\":\"ListItem\",\"position\":1,\"name\":\"Home\",\"item\":\"https:\/\/svarunica.com\/sl\/\"},{\"@type\":\"ListItem\",\"position\":2,\"name\":\"Trgovina\",\"item\":\"https:\/\/svarunica.com\/sl\/trgovina\/\"},{\"@type\":\"ListItem\",\"position\":3,\"name\":\"Koledar 2023: Bo\u017eanskost \u017eelezne dobe in sveto rastlinje v na\u0161ih krajih\"}]},{\"@type\":\"WebSite\",\"@id\":\"https:\/\/svarunica.com\/#website\",\"url\":\"https:\/\/svarunica.com\/\",\"name\":\"Svarunica\",\"description\":\"\",\"publisher\":{\"@id\":\"https:\/\/svarunica.com\/#organization\"},\"potentialAction\":[{\"@type\":\"SearchAction\",\"target\":{\"@type\":\"EntryPoint\",\"urlTemplate\":\"https:\/\/svarunica.com\/?s={search_term_string}\"},\"query-input\":{\"@type\":\"PropertyValueSpecification\",\"valueRequired\":true,\"valueName\":\"search_term_string\"}}],\"inLanguage\":\"sl-SI\"},{\"@type\":\"Organization\",\"@id\":\"https:\/\/svarunica.com\/#organization\",\"name\":\"Svarunica\",\"url\":\"https:\/\/svarunica.com\/\",\"logo\":{\"@type\":\"ImageObject\",\"inLanguage\":\"sl-SI\",\"@id\":\"https:\/\/svarunica.com\/#\/schema\/logo\/image\/\",\"url\":\"https:\/\/svarunica.com\/wp-content\/uploads\/2021\/07\/cropped-cropped-svarunica-text-2.png\",\"contentUrl\":\"https:\/\/svarunica.com\/wp-content\/uploads\/2021\/07\/cropped-cropped-svarunica-text-2.png\",\"width\":676,\"height\":179,\"caption\":\"Svarunica\"},\"image\":{\"@id\":\"https:\/\/svarunica.com\/#\/schema\/logo\/image\/\"}}]}<\/script>\n<!-- \/ Yoast SEO plugin. -->","yoast_head_json":{"title":"Koledar 2023: Bo\u017eanskost \u017eelezne dobe in sveto rastlinje v na\u0161ih krajih - Svarunica","description":"Koledar prikazuje boginje in bogove iz \u010dasa \u017eelezne dobe na slovenskem","robots":{"index":"index","follow":"follow","max-snippet":"max-snippet:-1","max-image-preview":"max-image-preview:large","max-video-preview":"max-video-preview:-1"},"canonical":"https:\/\/svarunica.com\/sl\/izdelek\/bozanskost-zelezne-dobe\/","og_locale":"sl_SI","og_type":"article","og_title":"Koledar 2023: Bo\u017eanskost \u017eelezne dobe in sveto rastlinje v na\u0161ih krajih - Svarunica","og_description":"Koledar prikazuje boginje in bogove iz \u010dasa \u017eelezne dobe na slovenskem","og_url":"https:\/\/svarunica.com\/sl\/izdelek\/bozanskost-zelezne-dobe\/","og_site_name":"Svarunica","article_modified_time":"2024-10-11T13:11:25+00:00","og_image":[{"width":894,"height":1200,"url":"https:\/\/svarunica.com\/wp-content\/uploads\/2022\/11\/koledar-2023-mockup-zelezni-5a.jpg","type":"image\/jpeg"}],"twitter_card":"summary_large_image","schema":{"@context":"https:\/\/schema.org","@graph":[{"@type":"WebPage","@id":"https:\/\/svarunica.com\/sl\/izdelek\/bozanskost-zelezne-dobe\/","url":"https:\/\/svarunica.com\/sl\/izdelek\/bozanskost-zelezne-dobe\/","name":"Koledar 2023: Bo\u017eanskost \u017eelezne dobe in sveto rastlinje v na\u0161ih krajih - Svarunica","isPartOf":{"@id":"https:\/\/svarunica.com\/#website"},"primaryImageOfPage":{"@id":"https:\/\/svarunica.com\/sl\/izdelek\/bozanskost-zelezne-dobe\/#primaryimage"},"image":{"@id":"https:\/\/svarunica.com\/sl\/izdelek\/bozanskost-zelezne-dobe\/#primaryimage"},"thumbnailUrl":"https:\/\/svarunica.com\/wp-content\/uploads\/2022\/11\/koledar-2023-mockup-zelezni-5a.jpg","datePublished":"2022-11-21T16:13:00+00:00","dateModified":"2024-10-11T13:11:25+00:00","description":"Koledar prikazuje boginje in bogove iz \u010dasa \u017eelezne dobe na slovenskem","breadcrumb":{"@id":"https:\/\/svarunica.com\/sl\/izdelek\/bozanskost-zelezne-dobe\/#breadcrumb"},"inLanguage":"sl-SI","potentialAction":[{"@type":"ReadAction","target":["https:\/\/svarunica.com\/sl\/izdelek\/bozanskost-zelezne-dobe\/"]}]},{"@type":"ImageObject","inLanguage":"sl-SI","@id":"https:\/\/svarunica.com\/sl\/izdelek\/bozanskost-zelezne-dobe\/#primaryimage","url":"https:\/\/svarunica.com\/wp-content\/uploads\/2022\/11\/koledar-2023-mockup-zelezni-5a.jpg","contentUrl":"https:\/\/svarunica.com\/wp-content\/uploads\/2022\/11\/koledar-2023-mockup-zelezni-5a.jpg","width":894,"height":1200},{"@type":"BreadcrumbList","@id":"https:\/\/svarunica.com\/sl\/izdelek\/bozanskost-zelezne-dobe\/#breadcrumb","itemListElement":[{"@type":"ListItem","position":1,"name":"Home","item":"https:\/\/svarunica.com\/sl\/"},{"@type":"ListItem","position":2,"name":"Trgovina","item":"https:\/\/svarunica.com\/sl\/trgovina\/"},{"@type":"ListItem","position":3,"name":"Koledar 2023: Bo\u017eanskost \u017eelezne dobe in sveto rastlinje v na\u0161ih krajih"}]},{"@type":"WebSite","@id":"https:\/\/svarunica.com\/#website","url":"https:\/\/svarunica.com\/","name":"Svarunica","description":"","publisher":{"@id":"https:\/\/svarunica.com\/#organization"},"potentialAction":[{"@type":"SearchAction","target":{"@type":"EntryPoint","urlTemplate":"https:\/\/svarunica.com\/?s={search_term_string}"},"query-input":{"@type":"PropertyValueSpecification","valueRequired":true,"valueName":"search_term_string"}}],"inLanguage":"sl-SI"},{"@type":"Organization","@id":"https:\/\/svarunica.com\/#organization","name":"Svarunica","url":"https:\/\/svarunica.com\/","logo":{"@type":"ImageObject","inLanguage":"sl-SI","@id":"https:\/\/svarunica.com\/#\/schema\/logo\/image\/","url":"https:\/\/svarunica.com\/wp-content\/uploads\/2021\/07\/cropped-cropped-svarunica-text-2.png","contentUrl":"https:\/\/svarunica.com\/wp-content\/uploads\/2021\/07\/cropped-cropped-svarunica-text-2.png","width":676,"height":179,"caption":"Svarunica"},"image":{"@id":"https:\/\/svarunica.com\/#\/schema\/logo\/image\/"}}]}},"_links":{"self":[{"href":"https:\/\/svarunica.com\/sl\/wp-json\/wp\/v2\/product\/6510","targetHints":{"allow":["GET"]}}],"collection":[{"href":"https:\/\/svarunica.com\/sl\/wp-json\/wp\/v2\/product"}],"about":[{"href":"https:\/\/svarunica.com\/sl\/wp-json\/wp\/v2\/types\/product"}],"wp:featuredmedia":[{"embeddable":true,"href":"https:\/\/svarunica.com\/sl\/wp-json\/wp\/v2\/media\/6783"}],"wp:attachment":[{"href":"https:\/\/svarunica.com\/sl\/wp-json\/wp\/v2\/media?parent=6510"}],"wp:term":[{"taxonomy":"product_cat","embeddable":true,"href":"https:\/\/svarunica.com\/sl\/wp-json\/wp\/v2\/product_cat?post=6510"},{"taxonomy":"product_tag","embeddable":true,"href":"https:\/\/svarunica.com\/sl\/wp-json\/wp\/v2\/product_tag?post=6510"}],"curies":[{"name":"wp","href":"https:\/\/api.w.org\/{rel}","templated":true}]}}