{"id":6643,"date":"2022-11-28T15:04:22","date_gmt":"2022-11-28T14:04:22","guid":{"rendered":"https:\/\/svarunica.com\/product\/mini-mitoloski-spomin-s-staroslovanskimi-bogovi\/"},"modified":"2024-10-11T15:10:02","modified_gmt":"2024-10-11T13:10:02","slug":"mini-mitoloski-spomin-s-staroslovanskimi-bogovi","status":"publish","type":"product","link":"https:\/\/svarunica.com\/sl\/izdelek\/mini-mitoloski-spomin-s-staroslovanskimi-bogovi\/","title":{"rendered":"Mini mitolo\u0161ki spomin s staroslovanskimi bogovi"},"content":{"rendered":"<p>Grafike na karticah \u00bbSpomina\u00ab so avtorsko delo, tiskano na 350g premaznem papirju\/kartonu, ro\u010dno zaobljene. Vsaka kartica je veliko 5x5cm.<br \/>\nV embala\u017enem mo\u0161nji\u010dku iz blaga se nahaja \u0161e informativna bro\u0161ura na A4 listu z obojestransko vsebino, ki ponuja krake opise starodavnih bogov.<\/p>\n","protected":false},"excerpt":{"rendered":"<p>Mini mitolo\u0161ki spomin vsebuje grafike iz na\u0161ih koledarjev, tako za 2023 kot starej\u0161ih. Vsebuje glavna bo\u017eanstva vseslovanske mitolo\u0161ke zakladnice.<br \/>\nIgra se igra kot klasi\u010dni spomin, igro pa lahko za\u010dinimo tako \u2013 da igralec na svoj kup\u010dek najdenih parov pospravi nov najdeni par zgolj, \u010de zna na glas povedati ime bo\u017eanstva, sicer prepusti par naslednjemu igralcu v smeri urinega kazalca (le \u010de si zapomni lokacijo po tem, ko se kartice spet polo\u017eijo s sliko navzdol).<\/p>\n<p>Igro izdelujemo buti\u010dno, v malih nakladah, je pa mo\u017een dogovor za ve\u010dje koli\u010dine za namen komisijske prodaje, pri \u010demer je rok izdelave najmanj en teden.<br \/>\nPolovica grafik v tej igri se nahaja tudi v na\u0161em mitolo\u0161kem koledarju 2023.<\/p>\n","protected":false},"featured_media":6635,"template":"","meta":[],"product_cat":[904,537,359],"product_tag":[535,894,891,893,895,896,526,596,892,459,897],"class_list":{"0":"post-6643","1":"product","2":"type-product","3":"status-publish","4":"has-post-thumbnail","6":"product_cat-bozicna-ponudba-in-akcije","7":"product_cat-igre","8":"product_cat-uncategorized-sl","9":"product_tag-darlo-s-slovansko-tematiko","10":"product_tag-igra-slovanska-dediscina","11":"product_tag-slovanska-igra","12":"product_tag-slovanska-igra-spomina","13":"product_tag-slovanska-igra-za-otroke","14":"product_tag-slovanska-igra-za-otroke-sl","15":"product_tag-slovanske-karte","16":"product_tag-slovanski-bogovi","17":"product_tag-slovanski-spomin","18":"product_tag-slovenska-mitologija-sl","19":"product_tag-zabava-s-slovansko-vsebino","21":"first","22":"instock","23":"sale","24":"purchasable","25":"product-type-simple"},"yoast_head":"<!-- This site is optimized with the Yoast SEO plugin v23.9 - https:\/\/yoast.com\/wordpress\/plugins\/seo\/ -->\n<title>Mini mitolo\u0161ki spomin s staroslovanskimi bogovi - Svarunica<\/title>\n<meta name=\"robots\" content=\"index, follow, max-snippet:-1, max-image-preview:large, max-video-preview:-1\" \/>\n<link rel=\"canonical\" href=\"https:\/\/svarunica.com\/sl\/izdelek\/mini-mitoloski-spomin-s-staroslovanskimi-bogovi\/\" \/>\n<meta property=\"og:locale\" content=\"sl_SI\" \/>\n<meta property=\"og:type\" content=\"article\" \/>\n<meta property=\"og:title\" content=\"Mini mitolo\u0161ki spomin s staroslovanskimi bogovi - Svarunica\" \/>\n<meta property=\"og:description\" content=\"Mini mitolo\u0161ki spomin vsebuje grafike iz na\u0161ih koledarjev, tako za 2023 kot starej\u0161ih. Vsebuje glavna bo\u017eanstva vseslovanske mitolo\u0161ke zakladnice. Igra se igra kot klasi\u010dni spomin, igro pa lahko za\u010dinimo tako \u2013 da igralec na svoj kup\u010dek najdenih parov pospravi nov najdeni par zgolj, \u010de zna na glas povedati ime bo\u017eanstva, sicer prepusti par naslednjemu igralcu v smeri urinega kazalca (le \u010de si zapomni lokacijo po tem, ko se kartice spet polo\u017eijo s sliko navzdol).  Igro izdelujemo buti\u010dno, v malih nakladah, je pa mo\u017een dogovor za ve\u010dje koli\u010dine za namen komisijske prodaje, pri \u010demer je rok izdelave najmanj en teden. Polovica grafik v tej igri se nahaja tudi v na\u0161em mitolo\u0161kem koledarju 2023.\" \/>\n<meta property=\"og:url\" content=\"https:\/\/svarunica.com\/sl\/izdelek\/mini-mitoloski-spomin-s-staroslovanskimi-bogovi\/\" \/>\n<meta property=\"og:site_name\" content=\"Svarunica\" \/>\n<meta property=\"article:modified_time\" content=\"2024-10-11T13:10:02+00:00\" \/>\n<meta property=\"og:image\" content=\"https:\/\/svarunica.com\/wp-content\/uploads\/2022\/11\/IMG_20221127_125043.jpg\" \/>\n\t<meta property=\"og:image:width\" content=\"1000\" \/>\n\t<meta property=\"og:image:height\" content=\"750\" \/>\n\t<meta property=\"og:image:type\" content=\"image\/jpeg\" \/>\n<meta name=\"twitter:card\" content=\"summary_large_image\" \/>\n<meta name=\"twitter:label1\" content=\"Est. reading time\" \/>\n\t<meta name=\"twitter:data1\" content=\"1 minuta\" \/>\n<script type=\"application\/ld+json\" class=\"yoast-schema-graph\">{\"@context\":\"https:\/\/schema.org\",\"@graph\":[{\"@type\":\"WebPage\",\"@id\":\"https:\/\/svarunica.com\/sl\/izdelek\/mini-mitoloski-spomin-s-staroslovanskimi-bogovi\/\",\"url\":\"https:\/\/svarunica.com\/sl\/izdelek\/mini-mitoloski-spomin-s-staroslovanskimi-bogovi\/\",\"name\":\"Mini mitolo\u0161ki spomin s staroslovanskimi bogovi - Svarunica\",\"isPartOf\":{\"@id\":\"https:\/\/svarunica.com\/#website\"},\"primaryImageOfPage\":{\"@id\":\"https:\/\/svarunica.com\/sl\/izdelek\/mini-mitoloski-spomin-s-staroslovanskimi-bogovi\/#primaryimage\"},\"image\":{\"@id\":\"https:\/\/svarunica.com\/sl\/izdelek\/mini-mitoloski-spomin-s-staroslovanskimi-bogovi\/#primaryimage\"},\"thumbnailUrl\":\"https:\/\/svarunica.com\/wp-content\/uploads\/2022\/11\/IMG_20221127_125043.jpg\",\"datePublished\":\"2022-11-28T14:04:22+00:00\",\"dateModified\":\"2024-10-11T13:10:02+00:00\",\"breadcrumb\":{\"@id\":\"https:\/\/svarunica.com\/sl\/izdelek\/mini-mitoloski-spomin-s-staroslovanskimi-bogovi\/#breadcrumb\"},\"inLanguage\":\"sl-SI\",\"potentialAction\":[{\"@type\":\"ReadAction\",\"target\":[\"https:\/\/svarunica.com\/sl\/izdelek\/mini-mitoloski-spomin-s-staroslovanskimi-bogovi\/\"]}]},{\"@type\":\"ImageObject\",\"inLanguage\":\"sl-SI\",\"@id\":\"https:\/\/svarunica.com\/sl\/izdelek\/mini-mitoloski-spomin-s-staroslovanskimi-bogovi\/#primaryimage\",\"url\":\"https:\/\/svarunica.com\/wp-content\/uploads\/2022\/11\/IMG_20221127_125043.jpg\",\"contentUrl\":\"https:\/\/svarunica.com\/wp-content\/uploads\/2022\/11\/IMG_20221127_125043.jpg\",\"width\":1000,\"height\":750,\"caption\":\"slavic mythology memory game\"},{\"@type\":\"BreadcrumbList\",\"@id\":\"https:\/\/svarunica.com\/sl\/izdelek\/mini-mitoloski-spomin-s-staroslovanskimi-bogovi\/#breadcrumb\",\"itemListElement\":[{\"@type\":\"ListItem\",\"position\":1,\"name\":\"Home\",\"item\":\"https:\/\/svarunica.com\/sl\/\"},{\"@type\":\"ListItem\",\"position\":2,\"name\":\"Trgovina\",\"item\":\"https:\/\/svarunica.com\/sl\/trgovina\/\"},{\"@type\":\"ListItem\",\"position\":3,\"name\":\"Mini mitolo\u0161ki spomin s staroslovanskimi bogovi\"}]},{\"@type\":\"WebSite\",\"@id\":\"https:\/\/svarunica.com\/#website\",\"url\":\"https:\/\/svarunica.com\/\",\"name\":\"Svarunica\",\"description\":\"\",\"publisher\":{\"@id\":\"https:\/\/svarunica.com\/#organization\"},\"potentialAction\":[{\"@type\":\"SearchAction\",\"target\":{\"@type\":\"EntryPoint\",\"urlTemplate\":\"https:\/\/svarunica.com\/?s={search_term_string}\"},\"query-input\":{\"@type\":\"PropertyValueSpecification\",\"valueRequired\":true,\"valueName\":\"search_term_string\"}}],\"inLanguage\":\"sl-SI\"},{\"@type\":\"Organization\",\"@id\":\"https:\/\/svarunica.com\/#organization\",\"name\":\"Svarunica\",\"url\":\"https:\/\/svarunica.com\/\",\"logo\":{\"@type\":\"ImageObject\",\"inLanguage\":\"sl-SI\",\"@id\":\"https:\/\/svarunica.com\/#\/schema\/logo\/image\/\",\"url\":\"https:\/\/svarunica.com\/wp-content\/uploads\/2021\/07\/cropped-cropped-svarunica-text-2.png\",\"contentUrl\":\"https:\/\/svarunica.com\/wp-content\/uploads\/2021\/07\/cropped-cropped-svarunica-text-2.png\",\"width\":676,\"height\":179,\"caption\":\"Svarunica\"},\"image\":{\"@id\":\"https:\/\/svarunica.com\/#\/schema\/logo\/image\/\"}}]}<\/script>\n<!-- \/ Yoast SEO plugin. -->","yoast_head_json":{"title":"Mini mitolo\u0161ki spomin s staroslovanskimi bogovi - Svarunica","robots":{"index":"index","follow":"follow","max-snippet":"max-snippet:-1","max-image-preview":"max-image-preview:large","max-video-preview":"max-video-preview:-1"},"canonical":"https:\/\/svarunica.com\/sl\/izdelek\/mini-mitoloski-spomin-s-staroslovanskimi-bogovi\/","og_locale":"sl_SI","og_type":"article","og_title":"Mini mitolo\u0161ki spomin s staroslovanskimi bogovi - Svarunica","og_description":"Mini mitolo\u0161ki spomin vsebuje grafike iz na\u0161ih koledarjev, tako za 2023 kot starej\u0161ih. Vsebuje glavna bo\u017eanstva vseslovanske mitolo\u0161ke zakladnice. Igra se igra kot klasi\u010dni spomin, igro pa lahko za\u010dinimo tako \u2013 da igralec na svoj kup\u010dek najdenih parov pospravi nov najdeni par zgolj, \u010de zna na glas povedati ime bo\u017eanstva, sicer prepusti par naslednjemu igralcu v smeri urinega kazalca (le \u010de si zapomni lokacijo po tem, ko se kartice spet polo\u017eijo s sliko navzdol).  Igro izdelujemo buti\u010dno, v malih nakladah, je pa mo\u017een dogovor za ve\u010dje koli\u010dine za namen komisijske prodaje, pri \u010demer je rok izdelave najmanj en teden. Polovica grafik v tej igri se nahaja tudi v na\u0161em mitolo\u0161kem koledarju 2023.","og_url":"https:\/\/svarunica.com\/sl\/izdelek\/mini-mitoloski-spomin-s-staroslovanskimi-bogovi\/","og_site_name":"Svarunica","article_modified_time":"2024-10-11T13:10:02+00:00","og_image":[{"width":1000,"height":750,"url":"https:\/\/svarunica.com\/wp-content\/uploads\/2022\/11\/IMG_20221127_125043.jpg","type":"image\/jpeg"}],"twitter_card":"summary_large_image","twitter_misc":{"Est. reading time":"1 minuta"},"schema":{"@context":"https:\/\/schema.org","@graph":[{"@type":"WebPage","@id":"https:\/\/svarunica.com\/sl\/izdelek\/mini-mitoloski-spomin-s-staroslovanskimi-bogovi\/","url":"https:\/\/svarunica.com\/sl\/izdelek\/mini-mitoloski-spomin-s-staroslovanskimi-bogovi\/","name":"Mini mitolo\u0161ki spomin s staroslovanskimi bogovi - Svarunica","isPartOf":{"@id":"https:\/\/svarunica.com\/#website"},"primaryImageOfPage":{"@id":"https:\/\/svarunica.com\/sl\/izdelek\/mini-mitoloski-spomin-s-staroslovanskimi-bogovi\/#primaryimage"},"image":{"@id":"https:\/\/svarunica.com\/sl\/izdelek\/mini-mitoloski-spomin-s-staroslovanskimi-bogovi\/#primaryimage"},"thumbnailUrl":"https:\/\/svarunica.com\/wp-content\/uploads\/2022\/11\/IMG_20221127_125043.jpg","datePublished":"2022-11-28T14:04:22+00:00","dateModified":"2024-10-11T13:10:02+00:00","breadcrumb":{"@id":"https:\/\/svarunica.com\/sl\/izdelek\/mini-mitoloski-spomin-s-staroslovanskimi-bogovi\/#breadcrumb"},"inLanguage":"sl-SI","potentialAction":[{"@type":"ReadAction","target":["https:\/\/svarunica.com\/sl\/izdelek\/mini-mitoloski-spomin-s-staroslovanskimi-bogovi\/"]}]},{"@type":"ImageObject","inLanguage":"sl-SI","@id":"https:\/\/svarunica.com\/sl\/izdelek\/mini-mitoloski-spomin-s-staroslovanskimi-bogovi\/#primaryimage","url":"https:\/\/svarunica.com\/wp-content\/uploads\/2022\/11\/IMG_20221127_125043.jpg","contentUrl":"https:\/\/svarunica.com\/wp-content\/uploads\/2022\/11\/IMG_20221127_125043.jpg","width":1000,"height":750,"caption":"slavic mythology memory game"},{"@type":"BreadcrumbList","@id":"https:\/\/svarunica.com\/sl\/izdelek\/mini-mitoloski-spomin-s-staroslovanskimi-bogovi\/#breadcrumb","itemListElement":[{"@type":"ListItem","position":1,"name":"Home","item":"https:\/\/svarunica.com\/sl\/"},{"@type":"ListItem","position":2,"name":"Trgovina","item":"https:\/\/svarunica.com\/sl\/trgovina\/"},{"@type":"ListItem","position":3,"name":"Mini mitolo\u0161ki spomin s staroslovanskimi bogovi"}]},{"@type":"WebSite","@id":"https:\/\/svarunica.com\/#website","url":"https:\/\/svarunica.com\/","name":"Svarunica","description":"","publisher":{"@id":"https:\/\/svarunica.com\/#organization"},"potentialAction":[{"@type":"SearchAction","target":{"@type":"EntryPoint","urlTemplate":"https:\/\/svarunica.com\/?s={search_term_string}"},"query-input":{"@type":"PropertyValueSpecification","valueRequired":true,"valueName":"search_term_string"}}],"inLanguage":"sl-SI"},{"@type":"Organization","@id":"https:\/\/svarunica.com\/#organization","name":"Svarunica","url":"https:\/\/svarunica.com\/","logo":{"@type":"ImageObject","inLanguage":"sl-SI","@id":"https:\/\/svarunica.com\/#\/schema\/logo\/image\/","url":"https:\/\/svarunica.com\/wp-content\/uploads\/2021\/07\/cropped-cropped-svarunica-text-2.png","contentUrl":"https:\/\/svarunica.com\/wp-content\/uploads\/2021\/07\/cropped-cropped-svarunica-text-2.png","width":676,"height":179,"caption":"Svarunica"},"image":{"@id":"https:\/\/svarunica.com\/#\/schema\/logo\/image\/"}}]}},"_links":{"self":[{"href":"https:\/\/svarunica.com\/sl\/wp-json\/wp\/v2\/product\/6643","targetHints":{"allow":["GET"]}}],"collection":[{"href":"https:\/\/svarunica.com\/sl\/wp-json\/wp\/v2\/product"}],"about":[{"href":"https:\/\/svarunica.com\/sl\/wp-json\/wp\/v2\/types\/product"}],"wp:featuredmedia":[{"embeddable":true,"href":"https:\/\/svarunica.com\/sl\/wp-json\/wp\/v2\/media\/6635"}],"wp:attachment":[{"href":"https:\/\/svarunica.com\/sl\/wp-json\/wp\/v2\/media?parent=6643"}],"wp:term":[{"taxonomy":"product_cat","embeddable":true,"href":"https:\/\/svarunica.com\/sl\/wp-json\/wp\/v2\/product_cat?post=6643"},{"taxonomy":"product_tag","embeddable":true,"href":"https:\/\/svarunica.com\/sl\/wp-json\/wp\/v2\/product_tag?post=6643"}],"curies":[{"name":"wp","href":"https:\/\/api.w.org\/{rel}","templated":true}]}}