{"id":7691,"date":"2023-03-31T14:02:45","date_gmt":"2023-03-31T12:02:45","guid":{"rendered":"https:\/\/svarunica.com\/?post_type=product&#038;p=7691"},"modified":"2023-03-31T14:02:45","modified_gmt":"2023-03-31T12:02:45","slug":"majica-s-kratkimi-rokavi-morca-kovinski-dizajn","status":"publish","type":"product","link":"https:\/\/svarunica.com\/sl\/izdelek\/majica-s-kratkimi-rokavi-morca-kovinski-dizajn\/","title":{"rendered":"Majica s kratkimi rokavi: Morca \/kovinski dizajn"},"content":{"rendered":"<p>\u010crna visokokakovostna majica SOL\u2019S Imperial z odli\u010dnim DTG tiskom spredaj.<br \/>\nPred pranjem majico obrnite navznoter za dalj\u0161o obstojnost.<\/p>\n<p>Cena je navedena za majico in tisk, dodatne stro\u0161ke po\u0161iljanja si oglejte\u00a0<a href=\"https:\/\/svarunica.com\/sl\/dostava-in-stroski-dostave\/\">TUKAJ<\/a>.<br \/>\nMajica je izdelana s sistemom \u201cprint on demand\u201d (tisk na zahtevo), datum izdelave je cca. 3-5 delovnih dni.<\/p>\n<p>Pla\u010dilo majice je mo\u017eno po predra\u010dunu ali s pla\u010dilom po povzetju oz. po predhodnem dogovoru tudi osebno na na\u0161em naslovu Magajnova 1, \u010crnu\u010de-LJ.<\/p>\n<p>Majica je unisex, na voljo v velikostih: S, M, L, XL in XXL.<\/p>\n<p>Oblikovanje: \u00a9 Irena Petri\u010d<br \/>\nVe\u010d informacij o vsebini majice ali naro\u010dilo dizajna po meri za va\u0161o majico pi\u0161ite na:\u00a0<a href=\"mailto:irena.svarunica@gmail.com\">irena.svarunica@gmail.com<\/a><\/p>\n","protected":false},"excerpt":{"rendered":"<p>Unisex majica predstavlja stari simbol, znan v mnogih de\u017eelah po svetu.<br \/>\nV slovanski dedi\u0161\u010dini so ga uporabljali na obla\u010dilih, zgradbah in razli\u010dnih predmetih za za\u0161\u010dito pred nesre\u010do, pred strelo in smrtjo.<br \/>\nPredstavlja tudi svetovno os \u2013 drevesno os \u201caxix mundi\u201d.<\/p>\n<p><a href=\"https:\/\/svarunica.com\/sl\/izdelek\/leseni-obesek-perunica-morca\/\">TUKAJ<\/a>\u00a0imamo naprodaj tudi lesen obesek z istim simbolom kot za\u0161\u010ditni amulet.<br \/>\nObesek ima certifikat Art &amp; Craft Slovenia, ki ga je leta 2013 izdala Obrtno \u2013 podjetni\u0161ka zbornica Slovenije.<\/p>\n<p><em>*\u010de \u017eelite naro\u010diti \u017eensko majico, oddajte naro\u010dilo na na\u0161 e-po\u0161tni naslov in potem, ko potrdite novo ceno in uredite pla\u010dilo, bomo naro\u010dilo izvr\u0161ili.<\/em><\/p>\n","protected":false},"featured_media":7678,"template":"","meta":[],"product_cat":[456,457,466,359],"product_tag":[539,540,990,541,711,492,791,991,989],"class_list":{"0":"post-7691","1":"product","2":"type-product","3":"status-publish","4":"has-post-thumbnail","6":"product_cat-oblacila","7":"product_cat-majice","8":"product_cat-majice-simboli","9":"product_cat-uncategorized-sl","10":"product_tag-morca-sl","11":"product_tag-perunica-sl","12":"product_tag-poganski-simbol","13":"product_tag-roza-zivljenja","14":"product_tag-slovanska-mitologija-sl","15":"product_tag-slovanski-simbol","16":"product_tag-slovenski-simbol","17":"product_tag-zascitno-znamenje","18":"product_tag-zivina-roza","20":"first","21":"instock","22":"purchasable","23":"product-type-simple"},"yoast_head":"<!-- This site is optimized with the Yoast SEO plugin v23.9 - https:\/\/yoast.com\/wordpress\/plugins\/seo\/ -->\n<title>Majica s kratkimi rokavi: Morca \/kovinski dizajn - Svarunica<\/title>\n<meta name=\"robots\" content=\"index, follow, max-snippet:-1, max-image-preview:large, max-video-preview:-1\" \/>\n<link rel=\"canonical\" href=\"https:\/\/svarunica.com\/sl\/izdelek\/majica-s-kratkimi-rokavi-morca-kovinski-dizajn\/\" \/>\n<meta property=\"og:locale\" content=\"sl_SI\" \/>\n<meta property=\"og:type\" content=\"article\" \/>\n<meta property=\"og:title\" content=\"Majica s kratkimi rokavi: Morca \/kovinski dizajn - Svarunica\" \/>\n<meta property=\"og:description\" content=\"Unisex majica predstavlja stari simbol, znan v mnogih de\u017eelah po svetu. V slovanski dedi\u0161\u010dini so ga uporabljali na obla\u010dilih, zgradbah in razli\u010dnih predmetih za za\u0161\u010dito pred nesre\u010do, pred strelo in smrtjo. Predstavlja tudi svetovno os \u2013 drevesno os \u201caxix mundi\u201d.  TUKAJ\u00a0imamo naprodaj tudi lesen obesek z istim simbolom kot za\u0161\u010ditni amulet. Obesek ima certifikat Art &amp; Craft Slovenia, ki ga je leta 2013 izdala Obrtno \u2013 podjetni\u0161ka zbornica Slovenije.  *\u010de \u017eelite naro\u010diti \u017eensko majico, oddajte naro\u010dilo na na\u0161 e-po\u0161tni naslov in potem, ko potrdite novo ceno in uredite pla\u010dilo, bomo naro\u010dilo izvr\u0161ili.\" \/>\n<meta property=\"og:url\" content=\"https:\/\/svarunica.com\/sl\/izdelek\/majica-s-kratkimi-rokavi-morca-kovinski-dizajn\/\" \/>\n<meta property=\"og:site_name\" content=\"Svarunica\" \/>\n<meta property=\"og:image\" content=\"https:\/\/svarunica.com\/wp-content\/uploads\/2023\/03\/smartmockups_lb2d9por.jpg\" \/>\n\t<meta property=\"og:image:width\" content=\"1280\" \/>\n\t<meta property=\"og:image:height\" content=\"896\" \/>\n\t<meta property=\"og:image:type\" content=\"image\/jpeg\" \/>\n<meta name=\"twitter:card\" content=\"summary_large_image\" \/>\n<meta name=\"twitter:label1\" content=\"Est. reading time\" \/>\n\t<meta name=\"twitter:data1\" content=\"1 minuta\" \/>\n<script type=\"application\/ld+json\" class=\"yoast-schema-graph\">{\"@context\":\"https:\/\/schema.org\",\"@graph\":[{\"@type\":\"WebPage\",\"@id\":\"https:\/\/svarunica.com\/sl\/izdelek\/majica-s-kratkimi-rokavi-morca-kovinski-dizajn\/\",\"url\":\"https:\/\/svarunica.com\/sl\/izdelek\/majica-s-kratkimi-rokavi-morca-kovinski-dizajn\/\",\"name\":\"Majica s kratkimi rokavi: Morca \/kovinski dizajn - Svarunica\",\"isPartOf\":{\"@id\":\"https:\/\/svarunica.com\/#website\"},\"primaryImageOfPage\":{\"@id\":\"https:\/\/svarunica.com\/sl\/izdelek\/majica-s-kratkimi-rokavi-morca-kovinski-dizajn\/#primaryimage\"},\"image\":{\"@id\":\"https:\/\/svarunica.com\/sl\/izdelek\/majica-s-kratkimi-rokavi-morca-kovinski-dizajn\/#primaryimage\"},\"thumbnailUrl\":\"https:\/\/svarunica.com\/wp-content\/uploads\/2023\/03\/smartmockups_lb2d9por.jpg\",\"datePublished\":\"2023-03-31T12:02:45+00:00\",\"dateModified\":\"2023-03-31T12:02:45+00:00\",\"breadcrumb\":{\"@id\":\"https:\/\/svarunica.com\/sl\/izdelek\/majica-s-kratkimi-rokavi-morca-kovinski-dizajn\/#breadcrumb\"},\"inLanguage\":\"sl-SI\",\"potentialAction\":[{\"@type\":\"ReadAction\",\"target\":[\"https:\/\/svarunica.com\/sl\/izdelek\/majica-s-kratkimi-rokavi-morca-kovinski-dizajn\/\"]}]},{\"@type\":\"ImageObject\",\"inLanguage\":\"sl-SI\",\"@id\":\"https:\/\/svarunica.com\/sl\/izdelek\/majica-s-kratkimi-rokavi-morca-kovinski-dizajn\/#primaryimage\",\"url\":\"https:\/\/svarunica.com\/wp-content\/uploads\/2023\/03\/smartmockups_lb2d9por.jpg\",\"contentUrl\":\"https:\/\/svarunica.com\/wp-content\/uploads\/2023\/03\/smartmockups_lb2d9por.jpg\",\"width\":1280,\"height\":896},{\"@type\":\"BreadcrumbList\",\"@id\":\"https:\/\/svarunica.com\/sl\/izdelek\/majica-s-kratkimi-rokavi-morca-kovinski-dizajn\/#breadcrumb\",\"itemListElement\":[{\"@type\":\"ListItem\",\"position\":1,\"name\":\"Home\",\"item\":\"https:\/\/svarunica.com\/sl\/\"},{\"@type\":\"ListItem\",\"position\":2,\"name\":\"Trgovina\",\"item\":\"https:\/\/svarunica.com\/sl\/trgovina\/\"},{\"@type\":\"ListItem\",\"position\":3,\"name\":\"Majica s kratkimi rokavi: Morca \/kovinski dizajn\"}]},{\"@type\":\"WebSite\",\"@id\":\"https:\/\/svarunica.com\/#website\",\"url\":\"https:\/\/svarunica.com\/\",\"name\":\"Svarunica\",\"description\":\"\",\"publisher\":{\"@id\":\"https:\/\/svarunica.com\/#organization\"},\"potentialAction\":[{\"@type\":\"SearchAction\",\"target\":{\"@type\":\"EntryPoint\",\"urlTemplate\":\"https:\/\/svarunica.com\/?s={search_term_string}\"},\"query-input\":{\"@type\":\"PropertyValueSpecification\",\"valueRequired\":true,\"valueName\":\"search_term_string\"}}],\"inLanguage\":\"sl-SI\"},{\"@type\":\"Organization\",\"@id\":\"https:\/\/svarunica.com\/#organization\",\"name\":\"Svarunica\",\"url\":\"https:\/\/svarunica.com\/\",\"logo\":{\"@type\":\"ImageObject\",\"inLanguage\":\"sl-SI\",\"@id\":\"https:\/\/svarunica.com\/#\/schema\/logo\/image\/\",\"url\":\"https:\/\/svarunica.com\/wp-content\/uploads\/2021\/07\/cropped-cropped-svarunica-text-2.png\",\"contentUrl\":\"https:\/\/svarunica.com\/wp-content\/uploads\/2021\/07\/cropped-cropped-svarunica-text-2.png\",\"width\":676,\"height\":179,\"caption\":\"Svarunica\"},\"image\":{\"@id\":\"https:\/\/svarunica.com\/#\/schema\/logo\/image\/\"}}]}<\/script>\n<!-- \/ Yoast SEO plugin. -->","yoast_head_json":{"title":"Majica s kratkimi rokavi: Morca \/kovinski dizajn - Svarunica","robots":{"index":"index","follow":"follow","max-snippet":"max-snippet:-1","max-image-preview":"max-image-preview:large","max-video-preview":"max-video-preview:-1"},"canonical":"https:\/\/svarunica.com\/sl\/izdelek\/majica-s-kratkimi-rokavi-morca-kovinski-dizajn\/","og_locale":"sl_SI","og_type":"article","og_title":"Majica s kratkimi rokavi: Morca \/kovinski dizajn - Svarunica","og_description":"Unisex majica predstavlja stari simbol, znan v mnogih de\u017eelah po svetu. V slovanski dedi\u0161\u010dini so ga uporabljali na obla\u010dilih, zgradbah in razli\u010dnih predmetih za za\u0161\u010dito pred nesre\u010do, pred strelo in smrtjo. Predstavlja tudi svetovno os \u2013 drevesno os \u201caxix mundi\u201d.  TUKAJ\u00a0imamo naprodaj tudi lesen obesek z istim simbolom kot za\u0161\u010ditni amulet. Obesek ima certifikat Art &amp; Craft Slovenia, ki ga je leta 2013 izdala Obrtno \u2013 podjetni\u0161ka zbornica Slovenije.  *\u010de \u017eelite naro\u010diti \u017eensko majico, oddajte naro\u010dilo na na\u0161 e-po\u0161tni naslov in potem, ko potrdite novo ceno in uredite pla\u010dilo, bomo naro\u010dilo izvr\u0161ili.","og_url":"https:\/\/svarunica.com\/sl\/izdelek\/majica-s-kratkimi-rokavi-morca-kovinski-dizajn\/","og_site_name":"Svarunica","og_image":[{"width":1280,"height":896,"url":"https:\/\/svarunica.com\/wp-content\/uploads\/2023\/03\/smartmockups_lb2d9por.jpg","type":"image\/jpeg"}],"twitter_card":"summary_large_image","twitter_misc":{"Est. reading time":"1 minuta"},"schema":{"@context":"https:\/\/schema.org","@graph":[{"@type":"WebPage","@id":"https:\/\/svarunica.com\/sl\/izdelek\/majica-s-kratkimi-rokavi-morca-kovinski-dizajn\/","url":"https:\/\/svarunica.com\/sl\/izdelek\/majica-s-kratkimi-rokavi-morca-kovinski-dizajn\/","name":"Majica s kratkimi rokavi: Morca \/kovinski dizajn - Svarunica","isPartOf":{"@id":"https:\/\/svarunica.com\/#website"},"primaryImageOfPage":{"@id":"https:\/\/svarunica.com\/sl\/izdelek\/majica-s-kratkimi-rokavi-morca-kovinski-dizajn\/#primaryimage"},"image":{"@id":"https:\/\/svarunica.com\/sl\/izdelek\/majica-s-kratkimi-rokavi-morca-kovinski-dizajn\/#primaryimage"},"thumbnailUrl":"https:\/\/svarunica.com\/wp-content\/uploads\/2023\/03\/smartmockups_lb2d9por.jpg","datePublished":"2023-03-31T12:02:45+00:00","dateModified":"2023-03-31T12:02:45+00:00","breadcrumb":{"@id":"https:\/\/svarunica.com\/sl\/izdelek\/majica-s-kratkimi-rokavi-morca-kovinski-dizajn\/#breadcrumb"},"inLanguage":"sl-SI","potentialAction":[{"@type":"ReadAction","target":["https:\/\/svarunica.com\/sl\/izdelek\/majica-s-kratkimi-rokavi-morca-kovinski-dizajn\/"]}]},{"@type":"ImageObject","inLanguage":"sl-SI","@id":"https:\/\/svarunica.com\/sl\/izdelek\/majica-s-kratkimi-rokavi-morca-kovinski-dizajn\/#primaryimage","url":"https:\/\/svarunica.com\/wp-content\/uploads\/2023\/03\/smartmockups_lb2d9por.jpg","contentUrl":"https:\/\/svarunica.com\/wp-content\/uploads\/2023\/03\/smartmockups_lb2d9por.jpg","width":1280,"height":896},{"@type":"BreadcrumbList","@id":"https:\/\/svarunica.com\/sl\/izdelek\/majica-s-kratkimi-rokavi-morca-kovinski-dizajn\/#breadcrumb","itemListElement":[{"@type":"ListItem","position":1,"name":"Home","item":"https:\/\/svarunica.com\/sl\/"},{"@type":"ListItem","position":2,"name":"Trgovina","item":"https:\/\/svarunica.com\/sl\/trgovina\/"},{"@type":"ListItem","position":3,"name":"Majica s kratkimi rokavi: Morca \/kovinski dizajn"}]},{"@type":"WebSite","@id":"https:\/\/svarunica.com\/#website","url":"https:\/\/svarunica.com\/","name":"Svarunica","description":"","publisher":{"@id":"https:\/\/svarunica.com\/#organization"},"potentialAction":[{"@type":"SearchAction","target":{"@type":"EntryPoint","urlTemplate":"https:\/\/svarunica.com\/?s={search_term_string}"},"query-input":{"@type":"PropertyValueSpecification","valueRequired":true,"valueName":"search_term_string"}}],"inLanguage":"sl-SI"},{"@type":"Organization","@id":"https:\/\/svarunica.com\/#organization","name":"Svarunica","url":"https:\/\/svarunica.com\/","logo":{"@type":"ImageObject","inLanguage":"sl-SI","@id":"https:\/\/svarunica.com\/#\/schema\/logo\/image\/","url":"https:\/\/svarunica.com\/wp-content\/uploads\/2021\/07\/cropped-cropped-svarunica-text-2.png","contentUrl":"https:\/\/svarunica.com\/wp-content\/uploads\/2021\/07\/cropped-cropped-svarunica-text-2.png","width":676,"height":179,"caption":"Svarunica"},"image":{"@id":"https:\/\/svarunica.com\/#\/schema\/logo\/image\/"}}]}},"_links":{"self":[{"href":"https:\/\/svarunica.com\/sl\/wp-json\/wp\/v2\/product\/7691","targetHints":{"allow":["GET"]}}],"collection":[{"href":"https:\/\/svarunica.com\/sl\/wp-json\/wp\/v2\/product"}],"about":[{"href":"https:\/\/svarunica.com\/sl\/wp-json\/wp\/v2\/types\/product"}],"wp:featuredmedia":[{"embeddable":true,"href":"https:\/\/svarunica.com\/sl\/wp-json\/wp\/v2\/media\/7678"}],"wp:attachment":[{"href":"https:\/\/svarunica.com\/sl\/wp-json\/wp\/v2\/media?parent=7691"}],"wp:term":[{"taxonomy":"product_cat","embeddable":true,"href":"https:\/\/svarunica.com\/sl\/wp-json\/wp\/v2\/product_cat?post=7691"},{"taxonomy":"product_tag","embeddable":true,"href":"https:\/\/svarunica.com\/sl\/wp-json\/wp\/v2\/product_tag?post=7691"}],"curies":[{"name":"wp","href":"https:\/\/api.w.org\/{rel}","templated":true}]}}