{"id":9447,"date":"2023-10-09T19:02:34","date_gmt":"2023-10-09T17:02:34","guid":{"rendered":"https:\/\/svarunica.com\/product\/poster-a3-kolo-leta-v-rodnem-izrocilu\/"},"modified":"2025-10-22T13:19:48","modified_gmt":"2025-10-22T11:19:48","slug":"poster-a3-kolo-leta-v-rodnem-izrocilu","status":"publish","type":"product","link":"https:\/\/svarunica.com\/sl\/izdelek\/poster-a3-kolo-leta-v-rodnem-izrocilu\/","title":{"rendered":"Poster A3: kolo leta v rodnem izro\u010dilu"},"content":{"rendered":"<p>Poster A3, tiskano na 150g premazni papir.<br \/>\nPlakat po \u017eelji sami uokvirite. Slike z okvirji so simboli\u010dne.<br \/>\nAvtor grafike: Irena Petri\u010d<\/p>\n","protected":false},"excerpt":{"rendered":"<p>Poster prikazuje tokokrog leta skozi domorodna izro\u010dila Slovenije z ve\u010d poudarki na povsem avtohtoni, predkr\u0161\u010danski dedi\u0161\u010dini na\u0161ih prednikov. Poleg vizualnih reprezentacij poosebljenih mese\u010dnih energij ter z njimi, to\u010dno dolo\u010denih povezanih specifikacij, so na voljo tudi kratki povzetki z opisi.<br \/>\nPoster je na voljo od: 16.10.2023<\/p>\n<p>Mo\u017enosti pla\u010dila in prevzema:<br \/>\n1. pla\u010dilo po predra\u010dunu + po\u0161ta<br \/>\n2. pla\u010dilo po predra\u010dunu + osebni prevzem pred objektom po predhodnem dogovoru<br \/>\n3. po\u0161iljanje s pla\u010dilom ob prevzemu (odkupnina)<br \/>\n4. osebni prevzemi z gotovinskim pla\u010dilom so do nadaljnjega\u00a0 onemogo\u010deni zaradi masovne prenove objekta, kjer deluje na\u0161a trgovina<\/p>\n","protected":false},"featured_media":9446,"template":"","meta":[],"product_cat":[904,1019],"product_tag":[1028,1022,1023,1020,1029,1027,602,1026,1024,1025,1021],"class_list":{"0":"post-9447","1":"product","2":"type-product","3":"status-publish","4":"has-post-thumbnail","6":"product_cat-bozicna-ponudba-in-akcije","7":"product_cat-posterji","8":"product_tag-domorodna-kultura","9":"product_tag-poganski-bogovi","10":"product_tag-poganski-prazniki","11":"product_tag-pogansko-leto","12":"product_tag-praznicno-leto-slovenije","13":"product_tag-slovanski-prazniki","14":"product_tag-slovanski-simboli-sl","15":"product_tag-slovenski-in-slovanski-bogovi","16":"product_tag-slovensko-staroverje","17":"product_tag-staroverje-sl","18":"product_tag-staroverskoletno-kolo","20":"first","21":"instock","22":"purchasable","23":"product-type-simple"},"yoast_head":"<!-- This site is optimized with the Yoast SEO plugin v23.9 - https:\/\/yoast.com\/wordpress\/plugins\/seo\/ -->\n<title>Poster A3: kolo leta v rodnem izro\u010dilu - Svarunica<\/title>\n<meta name=\"robots\" content=\"index, follow, max-snippet:-1, max-image-preview:large, max-video-preview:-1\" \/>\n<link rel=\"canonical\" href=\"https:\/\/svarunica.com\/sl\/izdelek\/poster-a3-kolo-leta-v-rodnem-izrocilu\/\" \/>\n<meta property=\"og:locale\" content=\"sl_SI\" \/>\n<meta property=\"og:type\" content=\"article\" \/>\n<meta property=\"og:title\" content=\"Poster A3: kolo leta v rodnem izro\u010dilu - Svarunica\" \/>\n<meta property=\"og:description\" content=\"Poster prikazuje tokokrog leta skozi domorodna izro\u010dila Slovenije z ve\u010d poudarki na povsem avtohtoni, predkr\u0161\u010danski dedi\u0161\u010dini na\u0161ih prednikov. Poleg vizualnih reprezentacij poosebljenih mese\u010dnih energij ter z njimi, to\u010dno dolo\u010denih povezanih specifikacij, so na voljo tudi kratki povzetki z opisi. Poster je na voljo od: 16.10.2023  Mo\u017enosti pla\u010dila in prevzema: 1. pla\u010dilo po predra\u010dunu + po\u0161ta 2. pla\u010dilo po predra\u010dunu + osebni prevzem pred objektom po predhodnem dogovoru 3. po\u0161iljanje s pla\u010dilom ob prevzemu (odkupnina) 4. osebni prevzemi z gotovinskim pla\u010dilom so do nadaljnjega\u00a0 onemogo\u010deni zaradi masovne prenove objekta, kjer deluje na\u0161a trgovina\" \/>\n<meta property=\"og:url\" content=\"https:\/\/svarunica.com\/sl\/izdelek\/poster-a3-kolo-leta-v-rodnem-izrocilu\/\" \/>\n<meta property=\"og:site_name\" content=\"Svarunica\" \/>\n<meta property=\"article:modified_time\" content=\"2025-10-22T11:19:48+00:00\" \/>\n<meta property=\"og:image\" content=\"https:\/\/svarunica.com\/wp-content\/uploads\/2023\/10\/plakat-a3-pogansko-leto-staroversko-domorodno-svarunica-4.jpg\" \/>\n\t<meta property=\"og:image:width\" content=\"1063\" \/>\n\t<meta property=\"og:image:height\" content=\"1500\" \/>\n\t<meta property=\"og:image:type\" content=\"image\/jpeg\" \/>\n<meta name=\"twitter:card\" content=\"summary_large_image\" \/>\n<meta name=\"twitter:label1\" content=\"Est. reading time\" \/>\n\t<meta name=\"twitter:data1\" content=\"1 minuta\" \/>\n<script type=\"application\/ld+json\" class=\"yoast-schema-graph\">{\"@context\":\"https:\/\/schema.org\",\"@graph\":[{\"@type\":\"WebPage\",\"@id\":\"https:\/\/svarunica.com\/sl\/izdelek\/poster-a3-kolo-leta-v-rodnem-izrocilu\/\",\"url\":\"https:\/\/svarunica.com\/sl\/izdelek\/poster-a3-kolo-leta-v-rodnem-izrocilu\/\",\"name\":\"Poster A3: kolo leta v rodnem izro\u010dilu - Svarunica\",\"isPartOf\":{\"@id\":\"https:\/\/svarunica.com\/#website\"},\"primaryImageOfPage\":{\"@id\":\"https:\/\/svarunica.com\/sl\/izdelek\/poster-a3-kolo-leta-v-rodnem-izrocilu\/#primaryimage\"},\"image\":{\"@id\":\"https:\/\/svarunica.com\/sl\/izdelek\/poster-a3-kolo-leta-v-rodnem-izrocilu\/#primaryimage\"},\"thumbnailUrl\":\"https:\/\/svarunica.com\/wp-content\/uploads\/2023\/10\/plakat-a3-pogansko-leto-staroversko-domorodno-svarunica-4.jpg\",\"datePublished\":\"2023-10-09T17:02:34+00:00\",\"dateModified\":\"2025-10-22T11:19:48+00:00\",\"breadcrumb\":{\"@id\":\"https:\/\/svarunica.com\/sl\/izdelek\/poster-a3-kolo-leta-v-rodnem-izrocilu\/#breadcrumb\"},\"inLanguage\":\"sl-SI\",\"potentialAction\":[{\"@type\":\"ReadAction\",\"target\":[\"https:\/\/svarunica.com\/sl\/izdelek\/poster-a3-kolo-leta-v-rodnem-izrocilu\/\"]}]},{\"@type\":\"ImageObject\",\"inLanguage\":\"sl-SI\",\"@id\":\"https:\/\/svarunica.com\/sl\/izdelek\/poster-a3-kolo-leta-v-rodnem-izrocilu\/#primaryimage\",\"url\":\"https:\/\/svarunica.com\/wp-content\/uploads\/2023\/10\/plakat-a3-pogansko-leto-staroversko-domorodno-svarunica-4.jpg\",\"contentUrl\":\"https:\/\/svarunica.com\/wp-content\/uploads\/2023\/10\/plakat-a3-pogansko-leto-staroversko-domorodno-svarunica-4.jpg\",\"width\":1063,\"height\":1500},{\"@type\":\"BreadcrumbList\",\"@id\":\"https:\/\/svarunica.com\/sl\/izdelek\/poster-a3-kolo-leta-v-rodnem-izrocilu\/#breadcrumb\",\"itemListElement\":[{\"@type\":\"ListItem\",\"position\":1,\"name\":\"Home\",\"item\":\"https:\/\/svarunica.com\/sl\/\"},{\"@type\":\"ListItem\",\"position\":2,\"name\":\"Trgovina\",\"item\":\"https:\/\/svarunica.com\/sl\/trgovina\/\"},{\"@type\":\"ListItem\",\"position\":3,\"name\":\"Poster A3: kolo leta v rodnem izro\u010dilu\"}]},{\"@type\":\"WebSite\",\"@id\":\"https:\/\/svarunica.com\/#website\",\"url\":\"https:\/\/svarunica.com\/\",\"name\":\"Svarunica\",\"description\":\"\",\"publisher\":{\"@id\":\"https:\/\/svarunica.com\/#organization\"},\"potentialAction\":[{\"@type\":\"SearchAction\",\"target\":{\"@type\":\"EntryPoint\",\"urlTemplate\":\"https:\/\/svarunica.com\/?s={search_term_string}\"},\"query-input\":{\"@type\":\"PropertyValueSpecification\",\"valueRequired\":true,\"valueName\":\"search_term_string\"}}],\"inLanguage\":\"sl-SI\"},{\"@type\":\"Organization\",\"@id\":\"https:\/\/svarunica.com\/#organization\",\"name\":\"Svarunica\",\"url\":\"https:\/\/svarunica.com\/\",\"logo\":{\"@type\":\"ImageObject\",\"inLanguage\":\"sl-SI\",\"@id\":\"https:\/\/svarunica.com\/#\/schema\/logo\/image\/\",\"url\":\"https:\/\/svarunica.com\/wp-content\/uploads\/2021\/07\/cropped-cropped-svarunica-text-2.png\",\"contentUrl\":\"https:\/\/svarunica.com\/wp-content\/uploads\/2021\/07\/cropped-cropped-svarunica-text-2.png\",\"width\":676,\"height\":179,\"caption\":\"Svarunica\"},\"image\":{\"@id\":\"https:\/\/svarunica.com\/#\/schema\/logo\/image\/\"}}]}<\/script>\n<!-- \/ Yoast SEO plugin. -->","yoast_head_json":{"title":"Poster A3: kolo leta v rodnem izro\u010dilu - Svarunica","robots":{"index":"index","follow":"follow","max-snippet":"max-snippet:-1","max-image-preview":"max-image-preview:large","max-video-preview":"max-video-preview:-1"},"canonical":"https:\/\/svarunica.com\/sl\/izdelek\/poster-a3-kolo-leta-v-rodnem-izrocilu\/","og_locale":"sl_SI","og_type":"article","og_title":"Poster A3: kolo leta v rodnem izro\u010dilu - Svarunica","og_description":"Poster prikazuje tokokrog leta skozi domorodna izro\u010dila Slovenije z ve\u010d poudarki na povsem avtohtoni, predkr\u0161\u010danski dedi\u0161\u010dini na\u0161ih prednikov. Poleg vizualnih reprezentacij poosebljenih mese\u010dnih energij ter z njimi, to\u010dno dolo\u010denih povezanih specifikacij, so na voljo tudi kratki povzetki z opisi. Poster je na voljo od: 16.10.2023  Mo\u017enosti pla\u010dila in prevzema: 1. pla\u010dilo po predra\u010dunu + po\u0161ta 2. pla\u010dilo po predra\u010dunu + osebni prevzem pred objektom po predhodnem dogovoru 3. po\u0161iljanje s pla\u010dilom ob prevzemu (odkupnina) 4. osebni prevzemi z gotovinskim pla\u010dilom so do nadaljnjega\u00a0 onemogo\u010deni zaradi masovne prenove objekta, kjer deluje na\u0161a trgovina","og_url":"https:\/\/svarunica.com\/sl\/izdelek\/poster-a3-kolo-leta-v-rodnem-izrocilu\/","og_site_name":"Svarunica","article_modified_time":"2025-10-22T11:19:48+00:00","og_image":[{"width":1063,"height":1500,"url":"https:\/\/svarunica.com\/wp-content\/uploads\/2023\/10\/plakat-a3-pogansko-leto-staroversko-domorodno-svarunica-4.jpg","type":"image\/jpeg"}],"twitter_card":"summary_large_image","twitter_misc":{"Est. reading time":"1 minuta"},"schema":{"@context":"https:\/\/schema.org","@graph":[{"@type":"WebPage","@id":"https:\/\/svarunica.com\/sl\/izdelek\/poster-a3-kolo-leta-v-rodnem-izrocilu\/","url":"https:\/\/svarunica.com\/sl\/izdelek\/poster-a3-kolo-leta-v-rodnem-izrocilu\/","name":"Poster A3: kolo leta v rodnem izro\u010dilu - Svarunica","isPartOf":{"@id":"https:\/\/svarunica.com\/#website"},"primaryImageOfPage":{"@id":"https:\/\/svarunica.com\/sl\/izdelek\/poster-a3-kolo-leta-v-rodnem-izrocilu\/#primaryimage"},"image":{"@id":"https:\/\/svarunica.com\/sl\/izdelek\/poster-a3-kolo-leta-v-rodnem-izrocilu\/#primaryimage"},"thumbnailUrl":"https:\/\/svarunica.com\/wp-content\/uploads\/2023\/10\/plakat-a3-pogansko-leto-staroversko-domorodno-svarunica-4.jpg","datePublished":"2023-10-09T17:02:34+00:00","dateModified":"2025-10-22T11:19:48+00:00","breadcrumb":{"@id":"https:\/\/svarunica.com\/sl\/izdelek\/poster-a3-kolo-leta-v-rodnem-izrocilu\/#breadcrumb"},"inLanguage":"sl-SI","potentialAction":[{"@type":"ReadAction","target":["https:\/\/svarunica.com\/sl\/izdelek\/poster-a3-kolo-leta-v-rodnem-izrocilu\/"]}]},{"@type":"ImageObject","inLanguage":"sl-SI","@id":"https:\/\/svarunica.com\/sl\/izdelek\/poster-a3-kolo-leta-v-rodnem-izrocilu\/#primaryimage","url":"https:\/\/svarunica.com\/wp-content\/uploads\/2023\/10\/plakat-a3-pogansko-leto-staroversko-domorodno-svarunica-4.jpg","contentUrl":"https:\/\/svarunica.com\/wp-content\/uploads\/2023\/10\/plakat-a3-pogansko-leto-staroversko-domorodno-svarunica-4.jpg","width":1063,"height":1500},{"@type":"BreadcrumbList","@id":"https:\/\/svarunica.com\/sl\/izdelek\/poster-a3-kolo-leta-v-rodnem-izrocilu\/#breadcrumb","itemListElement":[{"@type":"ListItem","position":1,"name":"Home","item":"https:\/\/svarunica.com\/sl\/"},{"@type":"ListItem","position":2,"name":"Trgovina","item":"https:\/\/svarunica.com\/sl\/trgovina\/"},{"@type":"ListItem","position":3,"name":"Poster A3: kolo leta v rodnem izro\u010dilu"}]},{"@type":"WebSite","@id":"https:\/\/svarunica.com\/#website","url":"https:\/\/svarunica.com\/","name":"Svarunica","description":"","publisher":{"@id":"https:\/\/svarunica.com\/#organization"},"potentialAction":[{"@type":"SearchAction","target":{"@type":"EntryPoint","urlTemplate":"https:\/\/svarunica.com\/?s={search_term_string}"},"query-input":{"@type":"PropertyValueSpecification","valueRequired":true,"valueName":"search_term_string"}}],"inLanguage":"sl-SI"},{"@type":"Organization","@id":"https:\/\/svarunica.com\/#organization","name":"Svarunica","url":"https:\/\/svarunica.com\/","logo":{"@type":"ImageObject","inLanguage":"sl-SI","@id":"https:\/\/svarunica.com\/#\/schema\/logo\/image\/","url":"https:\/\/svarunica.com\/wp-content\/uploads\/2021\/07\/cropped-cropped-svarunica-text-2.png","contentUrl":"https:\/\/svarunica.com\/wp-content\/uploads\/2021\/07\/cropped-cropped-svarunica-text-2.png","width":676,"height":179,"caption":"Svarunica"},"image":{"@id":"https:\/\/svarunica.com\/#\/schema\/logo\/image\/"}}]}},"_links":{"self":[{"href":"https:\/\/svarunica.com\/sl\/wp-json\/wp\/v2\/product\/9447","targetHints":{"allow":["GET"]}}],"collection":[{"href":"https:\/\/svarunica.com\/sl\/wp-json\/wp\/v2\/product"}],"about":[{"href":"https:\/\/svarunica.com\/sl\/wp-json\/wp\/v2\/types\/product"}],"wp:featuredmedia":[{"embeddable":true,"href":"https:\/\/svarunica.com\/sl\/wp-json\/wp\/v2\/media\/9446"}],"wp:attachment":[{"href":"https:\/\/svarunica.com\/sl\/wp-json\/wp\/v2\/media?parent=9447"}],"wp:term":[{"taxonomy":"product_cat","embeddable":true,"href":"https:\/\/svarunica.com\/sl\/wp-json\/wp\/v2\/product_cat?post=9447"},{"taxonomy":"product_tag","embeddable":true,"href":"https:\/\/svarunica.com\/sl\/wp-json\/wp\/v2\/product_tag?post=9447"}],"curies":[{"name":"wp","href":"https:\/\/api.w.org\/{rel}","templated":true}]}}